{"id":1912,"date":"2024-09-25T08:16:40","date_gmt":"2024-09-25T07:16:40","guid":{"rendered":"https:\/\/test-technique-ski.fr\/test-teknik-ski-alpin-menuires\/"},"modified":"2026-01-29T11:54:22","modified_gmt":"2026-01-29T11:54:22","slug":"test-teknik-ski-alpin-menuires","status":"publish","type":"page","link":"https:\/\/test-technique-ski.fr\/da\/test-teknik-ski-alpin-menuires\/","title":{"rendered":"Teknisk test af alpint skil\u00f8b i Les M\u00e9nuires"},"content":{"rendered":"\n<h1 class=\"wp-block-heading\">Teknisk test af alpint skil\u00f8b i Les Menuires (73)<\/h1>\n\n<p>Hvert \u00e5r arrangerer Les Menuires en eller flere sessioner af den tekniske test for alpine skil\u00f8bere som en del af <a href=\"https:\/\/test-technique-ski.fr\/da\/formation-moniteur-de-ski-alpin\/\">uddannelsen til alpin skiinstrukt\u00f8r<\/a>.<\/p>\n\n<h2 class=\"wp-block-heading\">Datoer for den tekniske test i alpint skil\u00f8b i Les Menuires<\/h2>\n\n<ul class=\"wp-block-list\">\n<li>Testene i Les Menuires til den f\u00f8rste session af den tekniske test fandt sted fra den 5. til den 9. januar 2026;<\/li>\n\n\n\n<li>Testene i Les Menuires til 1. session af CTT Technical Test fandt sted fra 22. til 24. januar 2026.<\/li>\n<\/ul>\n\n<div style=\"height:10px\" aria-hidden=\"true\" class=\"wp-block-spacer\"><\/div>\n\n<h2 class=\"wp-block-heading\">Kursus i teknisk test i Les Menuires<\/h2>\n\n<p>ESF Academy i Les Menuires arrangerer flere <a href=\"https:\/\/test-technique-ski.fr\/da\/forberedelseskursus-til-teknisk-test-i-alpint-skilob\/\">tekniske testkurser<\/a> p\u00e5 slalomstadionet i Les M\u00e9nuires:<\/p>\n\n<ul class=\"wp-block-list\">\n<li>Teknisk testkursus f\u00f8r den tekniske test i Les Menuires;<\/li>\n\n\n\n<li>Forberedelseskursus til den tekniske CTT-test.<\/li>\n<\/ul>\n\n<div style=\"height:10px\" aria-hidden=\"true\" class=\"wp-block-spacer\"><\/div>\n\n<p>For at deltage i de forberedende kurser skal du <strong>kontakte Nicolas Flage<\/strong> p\u00e5 <a href=\"tel:+33625690113\">06 25 69 01 13.<\/a><\/p>\n\n<div style=\"height:20px\" aria-hidden=\"true\" class=\"wp-block-spacer\"><\/div>\n\n<h2 class=\"wp-block-heading\">Hvordan tilmelder jeg mig Les Menuires&#8217; tekniske test?<\/h2>\n\n<p>Hele <a href=\"https:\/\/test-technique-ski.fr\/da\/registrering-af-skiteknisk-proeve\/\">tilmeldingsproceduren til den tekniske skitest<\/a> foreg\u00e5r online p\u00e5 GEPAFO&#8217;s officielle hjemmeside.<\/p>\n\n<h2 class=\"wp-block-heading\">Tilmeldingsfrist til den tekniske test i Les M\u00e9nuires<\/h2>\n\n<p>Her er tilmeldingsfristerne for den tekniske test, der afholdes i Les Menuires:<\/p>\n\n<ul class=\"wp-block-list\">\n<li>Tilmeldingsfrist: 13\/10\/2025<\/li>\n\n\n\n<li>Sidste frist for ans\u00f8gninger: 21\/11\/2025<\/li>\n<\/ul>\n\n<p>For CTT var sidste frist for registrering den 21\/12\/2025.<\/p>\n","protected":false},"excerpt":{"rendered":"<p>Teknisk test af alpint skil\u00f8b i Les Menuires (73) Hvert \u00e5r arrangerer Les Menuires en eller flere sessioner af den tekniske test for alpine skil\u00f8bere som en del af uddannelsen til alpin skiinstrukt\u00f8r. Datoer for den tekniske test i alpint skil\u00f8b i Les Menuires Kursus i teknisk test i Les Menuires ESF Academy i Les [&hellip;]<\/p>\n","protected":false},"author":1,"featured_media":0,"parent":0,"menu_order":0,"comment_status":"closed","ping_status":"closed","template":"","meta":{"footnotes":""},"class_list":["post-1912","page","type-page","status-publish","hentry"],"yoast_head":"<!-- This site is optimized with the Yoast SEO plugin v27.3 - https:\/\/yoast.com\/product\/yoast-seo-wordpress\/ -->\n<title>Teknisk test af alpint skil\u00f8b i Les M\u00e9nuires - TEST TECHNIQUE SKI<\/title>\n<meta name=\"description\" content=\"En del af den tekniske test i alpint skil\u00f8b finder sted i Les Menuires. Deltag i det forberedende kursus i Les Menuires\" \/>\n<meta name=\"robots\" content=\"index, follow, max-snippet:-1, max-image-preview:large, max-video-preview:-1\" \/>\n<link rel=\"canonical\" href=\"https:\/\/test-technique-ski.fr\/da\/test-teknik-ski-alpin-menuires\/\" \/>\n<meta property=\"og:locale\" content=\"da_DK\" \/>\n<meta property=\"og:type\" content=\"article\" \/>\n<meta property=\"og:title\" content=\"Teknisk test af alpint skil\u00f8b i Les M\u00e9nuires - TEST TECHNIQUE SKI\" \/>\n<meta property=\"og:description\" content=\"En del af den tekniske test i alpint skil\u00f8b finder sted i Les Menuires. Deltag i det forberedende kursus i Les Menuires\" \/>\n<meta property=\"og:url\" content=\"https:\/\/test-technique-ski.fr\/da\/test-teknik-ski-alpin-menuires\/\" \/>\n<meta property=\"og:site_name\" content=\"TEST TECHNIQUE SKI\" \/>\n<meta property=\"article:modified_time\" content=\"2026-01-29T11:54:22+00:00\" \/>\n<meta name=\"twitter:card\" content=\"summary_large_image\" \/>\n<meta name=\"twitter:label1\" content=\"Estimeret l\u00e6setid\" \/>\n\t<meta name=\"twitter:data1\" content=\"1 minut\" \/>\n<script type=\"application\/ld+json\" class=\"yoast-schema-graph\">{\"@context\":\"https:\\\/\\\/schema.org\",\"@graph\":[{\"@type\":\"WebPage\",\"@id\":\"https:\\\/\\\/test-technique-ski.fr\\\/da\\\/test-teknik-ski-alpin-menuires\\\/\",\"url\":\"https:\\\/\\\/test-technique-ski.fr\\\/da\\\/test-teknik-ski-alpin-menuires\\\/\",\"name\":\"Teknisk test af alpint skil\u00f8b i Les M\u00e9nuires - TEST TECHNIQUE SKI\",\"isPartOf\":{\"@id\":\"https:\\\/\\\/test-technique-ski.fr\\\/da\\\/#website\"},\"datePublished\":\"2024-09-25T07:16:40+00:00\",\"dateModified\":\"2026-01-29T11:54:22+00:00\",\"description\":\"En del af den tekniske test i alpint skil\u00f8b finder sted i Les Menuires. Deltag i det forberedende kursus i Les Menuires\",\"inLanguage\":\"da-DK\",\"potentialAction\":[{\"@type\":\"ReadAction\",\"target\":[\"https:\\\/\\\/test-technique-ski.fr\\\/da\\\/test-teknik-ski-alpin-menuires\\\/\"]}]},{\"@type\":\"WebSite\",\"@id\":\"https:\\\/\\\/test-technique-ski.fr\\\/da\\\/#website\",\"url\":\"https:\\\/\\\/test-technique-ski.fr\\\/da\\\/\",\"name\":\"TEST TECHNIQUE SKI\",\"description\":\"\",\"potentialAction\":[{\"@type\":\"SearchAction\",\"target\":{\"@type\":\"EntryPoint\",\"urlTemplate\":\"https:\\\/\\\/test-technique-ski.fr\\\/da\\\/?s={search_term_string}\"},\"query-input\":{\"@type\":\"PropertyValueSpecification\",\"valueRequired\":true,\"valueName\":\"search_term_string\"}}],\"inLanguage\":\"da-DK\"}]}<\/script>\n<!-- \/ Yoast SEO plugin. -->","yoast_head_json":{"title":"Teknisk test af alpint skil\u00f8b i Les M\u00e9nuires - TEST TECHNIQUE SKI","description":"En del af den tekniske test i alpint skil\u00f8b finder sted i Les Menuires. Deltag i det forberedende kursus i Les Menuires","robots":{"index":"index","follow":"follow","max-snippet":"max-snippet:-1","max-image-preview":"max-image-preview:large","max-video-preview":"max-video-preview:-1"},"canonical":"https:\/\/test-technique-ski.fr\/da\/test-teknik-ski-alpin-menuires\/","og_locale":"da_DK","og_type":"article","og_title":"Teknisk test af alpint skil\u00f8b i Les M\u00e9nuires - TEST TECHNIQUE SKI","og_description":"En del af den tekniske test i alpint skil\u00f8b finder sted i Les Menuires. Deltag i det forberedende kursus i Les Menuires","og_url":"https:\/\/test-technique-ski.fr\/da\/test-teknik-ski-alpin-menuires\/","og_site_name":"TEST TECHNIQUE SKI","article_modified_time":"2026-01-29T11:54:22+00:00","twitter_card":"summary_large_image","twitter_misc":{"Estimeret l\u00e6setid":"1 minut"},"schema":{"@context":"https:\/\/schema.org","@graph":[{"@type":"WebPage","@id":"https:\/\/test-technique-ski.fr\/da\/test-teknik-ski-alpin-menuires\/","url":"https:\/\/test-technique-ski.fr\/da\/test-teknik-ski-alpin-menuires\/","name":"Teknisk test af alpint skil\u00f8b i Les M\u00e9nuires - TEST TECHNIQUE SKI","isPartOf":{"@id":"https:\/\/test-technique-ski.fr\/da\/#website"},"datePublished":"2024-09-25T07:16:40+00:00","dateModified":"2026-01-29T11:54:22+00:00","description":"En del af den tekniske test i alpint skil\u00f8b finder sted i Les Menuires. Deltag i det forberedende kursus i Les Menuires","inLanguage":"da-DK","potentialAction":[{"@type":"ReadAction","target":["https:\/\/test-technique-ski.fr\/da\/test-teknik-ski-alpin-menuires\/"]}]},{"@type":"WebSite","@id":"https:\/\/test-technique-ski.fr\/da\/#website","url":"https:\/\/test-technique-ski.fr\/da\/","name":"TEST TECHNIQUE SKI","description":"","potentialAction":[{"@type":"SearchAction","target":{"@type":"EntryPoint","urlTemplate":"https:\/\/test-technique-ski.fr\/da\/?s={search_term_string}"},"query-input":{"@type":"PropertyValueSpecification","valueRequired":true,"valueName":"search_term_string"}}],"inLanguage":"da-DK"}]}},"_links":{"self":[{"href":"https:\/\/test-technique-ski.fr\/da\/wp-json\/wp\/v2\/pages\/1912","targetHints":{"allow":["GET"]}}],"collection":[{"href":"https:\/\/test-technique-ski.fr\/da\/wp-json\/wp\/v2\/pages"}],"about":[{"href":"https:\/\/test-technique-ski.fr\/da\/wp-json\/wp\/v2\/types\/page"}],"author":[{"embeddable":true,"href":"https:\/\/test-technique-ski.fr\/da\/wp-json\/wp\/v2\/users\/1"}],"replies":[{"embeddable":true,"href":"https:\/\/test-technique-ski.fr\/da\/wp-json\/wp\/v2\/comments?post=1912"}],"version-history":[{"count":9,"href":"https:\/\/test-technique-ski.fr\/da\/wp-json\/wp\/v2\/pages\/1912\/revisions"}],"predecessor-version":[{"id":3738,"href":"https:\/\/test-technique-ski.fr\/da\/wp-json\/wp\/v2\/pages\/1912\/revisions\/3738"}],"wp:attachment":[{"href":"https:\/\/test-technique-ski.fr\/da\/wp-json\/wp\/v2\/media?parent=1912"}],"curies":[{"name":"wp","href":"https:\/\/api.w.org\/{rel}","templated":true}]}}