{"id":2424,"date":"2025-03-31T12:53:37","date_gmt":"2025-03-31T11:53:37","guid":{"rendered":"https:\/\/test-technique-ski.fr\/stage-ski-ete\/"},"modified":"2026-02-28T10:02:02","modified_gmt":"2026-02-28T10:02:02","slug":"stage-ski-slalom-ete","status":"publish","type":"page","link":"https:\/\/test-technique-ski.fr\/da\/stage-ski-slalom-ete\/","title":{"rendered":"Sommerkursus i skil\u00f8b"},"content":{"rendered":"\n<h1 class=\"wp-block-heading\">Slalomkursus denne sommer i Tignes<\/h1>\n\n<h2 class=\"wp-block-heading\">Oplev den unikke oplevelse af et sommerkursus p\u00e5 Tignes-gletsjeren<\/h2>\n\n<p>Deltag i vores specialiserede slalomskikurser, der afholdes hver sommer p\u00e5 Tignes-gletsjeren i Frankrig. Disse kurser henvender sig til konkurrencedygtige skil\u00f8bere, der \u00f8nsker at perfektionere deres teknik under optimale forhold uden for s\u00e6sonen.  Deltagerne omfatter unge konkurrenter i alderen 12 til 18 \u00e5r og voksne, der forbereder sig til tekniske pr\u00f8ver for at blive skiinstrukt\u00f8rer.<\/p>\n\n<p><strong>Kontakt til Tignes Sommer 2026-kurset<\/strong>: Nicolas p\u00e5 <a href=\"tel:0033625690113\">06 25 69 01 13<\/a><\/p>\n\n<div style=\"height:30px\" aria-hidden=\"true\" class=\"wp-block-spacer\"><\/div>\n\n<h2 class=\"wp-block-heading\">Hvorfor v\u00e6lge et slalomkursus i Tignes om sommeren?<\/h2>\n\n<p>Tignes-gletsjeren, som ligger i over 3000 meters h\u00f8jde, byder p\u00e5 enest\u00e5ende forhold hele sommeren og garanterer kvalitetssne og en uforlignelig oplevelse. Vores professionelle tr\u00e6nere arbejder med hver enkelt deltager for at udvikle deres tekniske og fysiske f\u00e6rdigheder, som er specifikke for slalom. <\/p>\n\n<h2 class=\"wp-block-heading\">Datoer for slalomskikurserne i Tignes i sommeren 2026<\/h2>\n\n<ul class=\"wp-block-list\">\n<li>Kursus fra <strong>29. juni (kl. 16.30) til 4. juli 2026 i Tignes<\/strong>: 5 dage \/ \u20ac870 alt inklusive<\/li>\n\n\n\n<li>Kursus fra <strong>4. til 9. juli 2026 i Tignes<\/strong>: 5 dage \/ \u20ac870 alt inklusive<\/li>\n<\/ul>\n\n<div style=\"height:20px\" aria-hidden=\"true\" class=\"wp-block-spacer\"><\/div>\n\n<p>Vi tilbyder ogs\u00e5 <a href=\"https:\/\/test-technique-ski.fr\/da\/stage-ski-slalom-automne\/\">slalomkurser om efter\u00e5ret<\/a> i Amn\u00e9ville, f\u00f8r de alpine skisportssteder \u00e5bner.<\/p>\n\n<h2 class=\"wp-block-heading\">Intensivt, personligt tilpasset program<\/h2>\n\n<p>Vores sommerkurser tilbyder intensiv tr\u00e6ning med fokus p\u00e5 :<\/p>\n\n<ul class=\"wp-block-list\">\n<li><strong>Slalomteknik<\/strong>: forbedring af baner, styring af porte, acceleration i sving.<\/li>\n\n\n\n<li><strong>Videoanalyse<\/strong>: personlig daglig debriefing for at identificere omr\u00e5der, der kan forbedres.<\/li>\n\n\n\n<li><strong>Fysisk forberedelse<\/strong>: specifikke \u00f8velser for at styrke dine muskler og forbedre din generelle kondition.<\/li>\n\n\n\n<li><strong>Mental coaching<\/strong>: udvikling af koncentration, h\u00e5ndtering af stress i konkurrence og forbedring af selvtillid.<\/li>\n<\/ul>\n\n<div style=\"height:20px\" aria-hidden=\"true\" class=\"wp-block-spacer\"><\/div>\n\n<figure class=\"wp-block-image size-large\"><img fetchpriority=\"high\" decoding=\"async\" width=\"1024\" height=\"771\" src=\"https:\/\/test-technique-ski.fr\/wp-content\/uploads\/2025\/03\/ski-tignes-1024x771.jpeg\" alt=\"\" class=\"wp-image-2437\" srcset=\"https:\/\/test-technique-ski.fr\/wp-content\/uploads\/2025\/03\/ski-tignes-1024x771.jpeg 1024w, https:\/\/test-technique-ski.fr\/wp-content\/uploads\/2025\/03\/ski-tignes-300x226.jpeg 300w, https:\/\/test-technique-ski.fr\/wp-content\/uploads\/2025\/03\/ski-tignes-768x578.jpeg 768w, https:\/\/test-technique-ski.fr\/wp-content\/uploads\/2025\/03\/ski-tignes.jpeg 1108w\" sizes=\"(max-width: 1024px) 100vw, 1024px\" \/><figcaption class=\"wp-element-caption\">Alpint skil\u00f8b om sommeren p\u00e5 Tignes-gletsjeren<\/figcaption><\/figure>\n\n<h2 class=\"wp-block-heading\">Tr\u00e6ningsprogram i enest\u00e5ende omgivelser i Tignes<\/h2>\n\n<p>Tignes er et internationalt benchmark for sommerskil\u00f8b med betagende panoramaudsigter og topmoderne faciliteter.  <\/p>\n\n<ul class=\"wp-block-list\">\n<li><strong>Skil\u00f8b p\u00e5 Tignes-gletsjeren<\/strong> om morgenen: Grande Motte-gletsjeren giver sportsfolk mulighed for at st\u00e5 p\u00e5 ski tidligt om morgenen under optimale sneforhold.<\/li>\n\n\n\n<li><strong>Fysisk forberedelse om eftermiddagen<\/strong>: specifikke sessioner med muskelstyrke, balance- og koordinationsarbejde, plyometriske \u00f8velser for eksplosivitet og kardiovaskul\u00e6r tr\u00e6ning for at forbedre den udholdenhed, der er n\u00f8dvendig til slalomkonkurrencer.<\/li>\n<\/ul>\n\n<div style=\"height:20px\" aria-hidden=\"true\" class=\"wp-block-spacer\"><\/div>\n\n<h2 class=\"wp-block-heading\">Et team af erfarne tr\u00e6nere<\/h2>\n\n<p>Vores tr\u00e6nere er alle erfarne konkurrencetr\u00e6nere ved <a href=\"https:\/\/www.esf-lesmenuires.fr\/les-menuires\/\">ESF des Menuires<\/a> i vinters\u00e6sonen. De er passionerede og professionelle og bidrager med deres ekspertise og anerkendte undervisningsevner til at guide hver enkelt atlet mod succes og personlige resultater. <\/p>\n\n<h2 class=\"wp-block-heading\">Hvem er vores kurser for?<\/h2>\n\n<p>Vores kurser henvender sig til juniorer og voksne, som \u00f8nsker at optimere deres off-season, s\u00e5 de kan pr\u00e6stere godt i vinterens konkurrencer. Vi byder ogs\u00e5 velkommen til skil\u00f8bere med dokumenteret slalomerfaring, som \u00f8nsker at tage deres konkurrencem\u00e6ssige f\u00e6rdigheder til det n\u00e6ste niveau. <\/p>\n\n<ul class=\"wp-block-list\">\n<li>Unge mellem 10 og 20 \u00e5r p\u00e5 konkurrencekurser eller i en vintersportsklub.<\/li>\n\n\n\n<li>Voksne over 18 \u00e5r, der forbereder sig til <a href=\"https:\/\/test-technique-ski.fr\/da\/\">Alpine Ski Technical Test<\/a> eller <a href=\"https:\/\/test-technique-ski.fr\/da\/ctt-common-training-test-eurotest\/\">Eurotest<\/a>.<\/li>\n<\/ul>\n\n<div style=\"height:20px\" aria-hidden=\"true\" class=\"wp-block-spacer\"><\/div>\n\n<h2 class=\"wp-block-heading\">Book dit kursus nu!<\/h2>\n\n<p>Pladserne p\u00e5 vores sommerslalomkurser p\u00e5 Tignes-gletsjeren er begr\u00e6nsede for at sikre optimal opsyn.  <\/p>\n\n<p><strong>Kontakt Nicolas p\u00e5<\/strong> <a href=\"tel:0033625690113\">06 25 69 01 13<\/a> i dag for at bestille dit kursus og drage fordel af denne unikke mulighed for at forbedre din pr\u00e6station p\u00e5 pisterne.<\/p>\n","protected":false},"excerpt":{"rendered":"<p>Slalomkursus denne sommer i Tignes Oplev den unikke oplevelse af et sommerkursus p\u00e5 Tignes-gletsjeren Deltag i vores specialiserede slalomskikurser, der afholdes hver sommer p\u00e5 Tignes-gletsjeren i Frankrig. Disse kurser henvender sig til konkurrencedygtige skil\u00f8bere, der \u00f8nsker at perfektionere deres teknik under optimale forhold uden for s\u00e6sonen. Deltagerne omfatter unge konkurrenter i alderen 12 til 18 [&hellip;]<\/p>\n","protected":false},"author":1,"featured_media":0,"parent":0,"menu_order":0,"comment_status":"closed","ping_status":"closed","template":"","meta":{"footnotes":""},"class_list":["post-2424","page","type-page","status-publish","hentry"],"yoast_head":"<!-- This site is optimized with the Yoast SEO plugin v27.3 - https:\/\/yoast.com\/product\/yoast-seo-wordpress\/ -->\n<title>Sommerkursus i skil\u00f8b - TEST TECHNIQUE SKI<\/title>\n<meta name=\"description\" content=\"Deltag i vores sommerkurser i slalomski for at forberede dig til vinters\u00e6sonen. Skikonkurrencekurser for unge og voksne\" \/>\n<meta name=\"robots\" content=\"index, follow, max-snippet:-1, max-image-preview:large, max-video-preview:-1\" \/>\n<link rel=\"canonical\" href=\"https:\/\/test-technique-ski.fr\/da\/stage-ski-slalom-ete\/\" \/>\n<meta property=\"og:locale\" content=\"da_DK\" \/>\n<meta property=\"og:type\" content=\"article\" \/>\n<meta property=\"og:title\" content=\"Sommerkursus i skil\u00f8b - TEST TECHNIQUE SKI\" \/>\n<meta property=\"og:description\" content=\"Deltag i vores sommerkurser i slalomski for at forberede dig til vinters\u00e6sonen. Skikonkurrencekurser for unge og voksne\" \/>\n<meta property=\"og:url\" content=\"https:\/\/test-technique-ski.fr\/da\/stage-ski-slalom-ete\/\" \/>\n<meta property=\"og:site_name\" content=\"TEST TECHNIQUE SKI\" \/>\n<meta property=\"article:modified_time\" content=\"2026-02-28T10:02:02+00:00\" \/>\n<meta property=\"og:image\" content=\"https:\/\/test-technique-ski.fr\/wp-content\/uploads\/2025\/03\/ski-tignes.jpeg\" \/>\n\t<meta property=\"og:image:width\" content=\"1108\" \/>\n\t<meta property=\"og:image:height\" content=\"834\" \/>\n\t<meta property=\"og:image:type\" content=\"image\/jpeg\" \/>\n<meta name=\"twitter:card\" content=\"summary_large_image\" \/>\n<meta name=\"twitter:label1\" content=\"Estimeret l\u00e6setid\" \/>\n\t<meta name=\"twitter:data1\" content=\"2 minutter\" \/>\n<script type=\"application\/ld+json\" class=\"yoast-schema-graph\">{\"@context\":\"https:\\\/\\\/schema.org\",\"@graph\":[{\"@type\":\"WebPage\",\"@id\":\"https:\\\/\\\/test-technique-ski.fr\\\/da\\\/stage-ski-slalom-ete\\\/\",\"url\":\"https:\\\/\\\/test-technique-ski.fr\\\/da\\\/stage-ski-slalom-ete\\\/\",\"name\":\"Sommerkursus i skil\u00f8b - TEST TECHNIQUE SKI\",\"isPartOf\":{\"@id\":\"https:\\\/\\\/test-technique-ski.fr\\\/da\\\/#website\"},\"primaryImageOfPage\":{\"@id\":\"https:\\\/\\\/test-technique-ski.fr\\\/da\\\/stage-ski-slalom-ete\\\/#primaryimage\"},\"image\":{\"@id\":\"https:\\\/\\\/test-technique-ski.fr\\\/da\\\/stage-ski-slalom-ete\\\/#primaryimage\"},\"thumbnailUrl\":\"https:\\\/\\\/test-technique-ski.fr\\\/wp-content\\\/uploads\\\/2025\\\/03\\\/ski-tignes-1024x771.jpeg\",\"datePublished\":\"2025-03-31T11:53:37+00:00\",\"dateModified\":\"2026-02-28T10:02:02+00:00\",\"description\":\"Deltag i vores sommerkurser i slalomski for at forberede dig til vinters\u00e6sonen. Skikonkurrencekurser for unge og voksne\",\"inLanguage\":\"da-DK\",\"potentialAction\":[{\"@type\":\"ReadAction\",\"target\":[\"https:\\\/\\\/test-technique-ski.fr\\\/da\\\/stage-ski-slalom-ete\\\/\"]}]},{\"@type\":\"ImageObject\",\"inLanguage\":\"da-DK\",\"@id\":\"https:\\\/\\\/test-technique-ski.fr\\\/da\\\/stage-ski-slalom-ete\\\/#primaryimage\",\"url\":\"https:\\\/\\\/test-technique-ski.fr\\\/wp-content\\\/uploads\\\/2025\\\/03\\\/ski-tignes-1024x771.jpeg\",\"contentUrl\":\"https:\\\/\\\/test-technique-ski.fr\\\/wp-content\\\/uploads\\\/2025\\\/03\\\/ski-tignes-1024x771.jpeg\"},{\"@type\":\"WebSite\",\"@id\":\"https:\\\/\\\/test-technique-ski.fr\\\/da\\\/#website\",\"url\":\"https:\\\/\\\/test-technique-ski.fr\\\/da\\\/\",\"name\":\"TEST TECHNIQUE SKI\",\"description\":\"\",\"potentialAction\":[{\"@type\":\"SearchAction\",\"target\":{\"@type\":\"EntryPoint\",\"urlTemplate\":\"https:\\\/\\\/test-technique-ski.fr\\\/da\\\/?s={search_term_string}\"},\"query-input\":{\"@type\":\"PropertyValueSpecification\",\"valueRequired\":true,\"valueName\":\"search_term_string\"}}],\"inLanguage\":\"da-DK\"}]}<\/script>\n<!-- \/ Yoast SEO plugin. -->","yoast_head_json":{"title":"Sommerkursus i skil\u00f8b - TEST TECHNIQUE SKI","description":"Deltag i vores sommerkurser i slalomski for at forberede dig til vinters\u00e6sonen. Skikonkurrencekurser for unge og voksne","robots":{"index":"index","follow":"follow","max-snippet":"max-snippet:-1","max-image-preview":"max-image-preview:large","max-video-preview":"max-video-preview:-1"},"canonical":"https:\/\/test-technique-ski.fr\/da\/stage-ski-slalom-ete\/","og_locale":"da_DK","og_type":"article","og_title":"Sommerkursus i skil\u00f8b - TEST TECHNIQUE SKI","og_description":"Deltag i vores sommerkurser i slalomski for at forberede dig til vinters\u00e6sonen. Skikonkurrencekurser for unge og voksne","og_url":"https:\/\/test-technique-ski.fr\/da\/stage-ski-slalom-ete\/","og_site_name":"TEST TECHNIQUE SKI","article_modified_time":"2026-02-28T10:02:02+00:00","og_image":[{"width":1108,"height":834,"url":"https:\/\/test-technique-ski.fr\/wp-content\/uploads\/2025\/03\/ski-tignes.jpeg","type":"image\/jpeg"}],"twitter_card":"summary_large_image","twitter_misc":{"Estimeret l\u00e6setid":"2 minutter"},"schema":{"@context":"https:\/\/schema.org","@graph":[{"@type":"WebPage","@id":"https:\/\/test-technique-ski.fr\/da\/stage-ski-slalom-ete\/","url":"https:\/\/test-technique-ski.fr\/da\/stage-ski-slalom-ete\/","name":"Sommerkursus i skil\u00f8b - TEST TECHNIQUE SKI","isPartOf":{"@id":"https:\/\/test-technique-ski.fr\/da\/#website"},"primaryImageOfPage":{"@id":"https:\/\/test-technique-ski.fr\/da\/stage-ski-slalom-ete\/#primaryimage"},"image":{"@id":"https:\/\/test-technique-ski.fr\/da\/stage-ski-slalom-ete\/#primaryimage"},"thumbnailUrl":"https:\/\/test-technique-ski.fr\/wp-content\/uploads\/2025\/03\/ski-tignes-1024x771.jpeg","datePublished":"2025-03-31T11:53:37+00:00","dateModified":"2026-02-28T10:02:02+00:00","description":"Deltag i vores sommerkurser i slalomski for at forberede dig til vinters\u00e6sonen. Skikonkurrencekurser for unge og voksne","inLanguage":"da-DK","potentialAction":[{"@type":"ReadAction","target":["https:\/\/test-technique-ski.fr\/da\/stage-ski-slalom-ete\/"]}]},{"@type":"ImageObject","inLanguage":"da-DK","@id":"https:\/\/test-technique-ski.fr\/da\/stage-ski-slalom-ete\/#primaryimage","url":"https:\/\/test-technique-ski.fr\/wp-content\/uploads\/2025\/03\/ski-tignes-1024x771.jpeg","contentUrl":"https:\/\/test-technique-ski.fr\/wp-content\/uploads\/2025\/03\/ski-tignes-1024x771.jpeg"},{"@type":"WebSite","@id":"https:\/\/test-technique-ski.fr\/da\/#website","url":"https:\/\/test-technique-ski.fr\/da\/","name":"TEST TECHNIQUE SKI","description":"","potentialAction":[{"@type":"SearchAction","target":{"@type":"EntryPoint","urlTemplate":"https:\/\/test-technique-ski.fr\/da\/?s={search_term_string}"},"query-input":{"@type":"PropertyValueSpecification","valueRequired":true,"valueName":"search_term_string"}}],"inLanguage":"da-DK"}]}},"_links":{"self":[{"href":"https:\/\/test-technique-ski.fr\/da\/wp-json\/wp\/v2\/pages\/2424","targetHints":{"allow":["GET"]}}],"collection":[{"href":"https:\/\/test-technique-ski.fr\/da\/wp-json\/wp\/v2\/pages"}],"about":[{"href":"https:\/\/test-technique-ski.fr\/da\/wp-json\/wp\/v2\/types\/page"}],"author":[{"embeddable":true,"href":"https:\/\/test-technique-ski.fr\/da\/wp-json\/wp\/v2\/users\/1"}],"replies":[{"embeddable":true,"href":"https:\/\/test-technique-ski.fr\/da\/wp-json\/wp\/v2\/comments?post=2424"}],"version-history":[{"count":3,"href":"https:\/\/test-technique-ski.fr\/da\/wp-json\/wp\/v2\/pages\/2424\/revisions"}],"predecessor-version":[{"id":3814,"href":"https:\/\/test-technique-ski.fr\/da\/wp-json\/wp\/v2\/pages\/2424\/revisions\/3814"}],"wp:attachment":[{"href":"https:\/\/test-technique-ski.fr\/da\/wp-json\/wp\/v2\/media?parent=2424"}],"curies":[{"name":"wp","href":"https:\/\/api.w.org\/{rel}","templated":true}]}}