{"id":2534,"date":"2025-03-31T14:35:08","date_gmt":"2025-03-31T13:35:08","guid":{"rendered":"https:\/\/test-technique-ski.fr\/stage-ski-slalom-automne\/"},"modified":"2026-01-05T20:11:00","modified_gmt":"2026-01-05T20:11:00","slug":"stage-ski-slalom-automne","status":"publish","type":"page","link":"https:\/\/test-technique-ski.fr\/da\/stage-ski-slalom-automne\/","title":{"rendered":"Efter\u00e5rskursus i slalomski"},"content":{"rendered":"\n<h1 class=\"wp-block-heading\">Skil\u00f8bstr\u00e6ningskursus p\u00e5 Allehelgensdag<\/h1>\n\n<h2 class=\"wp-block-heading\">Efter\u00e5rskursus i alpint skil\u00f8b p\u00e5 SnowWorld d&#8217;Amn\u00e9ville<\/h2>\n\n<p>Deltag i vores <a href=\"https:\/\/test-technique-ski.fr\/da\/stage-ski-slalom-amneville\/\">slalomkurser i Amn\u00e9ville<\/a>. Vores intensive skil\u00f8bskurser afholdes p\u00e5 det indend\u00f8rs SnowWorld-center i Amn\u00e9ville, Frankrig. Ligesom vores <a href=\"https:\/\/test-technique-ski.fr\/da\/stage-ski-slalom-ete\/\">sommerslalomkurser i Tignes<\/a> er disse kurser en fremragende forberedelse til vinters\u00e6sonen. De giver skil\u00f8bere mulighed for at arbejde med deres teknik under optimale forhold i oktober, hvor skisportsstederne endnu ikke er \u00e5bne.<\/p>\n\n<h2 class=\"wp-block-heading\">Hvorfor v\u00e6lge et skikursus i Amn\u00e9ville p\u00e5 Allehelgensdag?<\/h2>\n\n<p>Den indend\u00f8rs kuppel <a href=\"https:\/\/www.snowworld.com\/amneville\/fr\">SnowWorld i Amn\u00e9ville<\/a> byder p\u00e5 perfekte forhold med sned\u00e6kkede pister hele \u00e5ret rundt. Vi reserverer og privatiserer baner specielt til vores slalomtr\u00e6ning, hvilket garanterer de ideelle rammer for effektiv fremgang.<\/p>\n\n<p><strong>Efter\u00e5r 2026 skikursus kontakt<\/strong>: Nicolas p\u00e5 <a href=\"tel:0033625690113\">06 25 69 01 13<\/a><\/p>\n\n<div style=\"height:30px\" aria-hidden=\"true\" class=\"wp-block-spacer\"><\/div>\n\n<figure class=\"wp-block-image size-large\"><img fetchpriority=\"high\" decoding=\"async\" width=\"1024\" height=\"865\" src=\"https:\/\/test-technique-ski.fr\/wp-content\/uploads\/2025\/03\/IMG_1992-1024x865.jpg\" alt=\"\" class=\"wp-image-2667\" srcset=\"https:\/\/test-technique-ski.fr\/wp-content\/uploads\/2025\/03\/IMG_1992-1024x865.jpg 1024w, https:\/\/test-technique-ski.fr\/wp-content\/uploads\/2025\/03\/IMG_1992-300x253.jpg 300w, https:\/\/test-technique-ski.fr\/wp-content\/uploads\/2025\/03\/IMG_1992-768x649.jpg 768w, https:\/\/test-technique-ski.fr\/wp-content\/uploads\/2025\/03\/IMG_1992.jpg 1290w\" sizes=\"(max-width: 1024px) 100vw, 1024px\" \/><figcaption class=\"wp-element-caption\">indend\u00f8rs slalomkursus i oktober i Amn\u00e9ville<\/figcaption><\/figure>\n\n<h2 class=\"wp-block-heading\">Et intensivt og omfattende program<\/h2>\n\n<p>Vores kurser omfatter flere timers slalomskil\u00f8b hver dag, efterfulgt af grundige fysiske forberedelser for at sikre maksimal fremgang:<\/p>\n\n<ul class=\"wp-block-list\">\n<li><strong>Intensiv slalomtr\u00e6ning<\/strong>: pr\u00e6cist teknisk arbejde p\u00e5 private baner, m\u00e5lrettede og tidsbestemte \u00f8velser.<\/li>\n\n\n\n<li><strong>Fysisk forberedelse<\/strong>: konkurrencespecifik tr\u00e6ning, muskelstyrke, plyometri, udholdenhedsarbejde og koordinations\u00f8velser.<\/li>\n\n\n\n<li><strong>Videoanalyse <\/strong>: personlig debriefing for hurtigt at identificere omr\u00e5der, der kan forbedres.<\/li>\n<\/ul>\n\n<div style=\"height:20px\" aria-hidden=\"true\" class=\"wp-block-spacer\"><\/div>\n\n<h2 class=\"wp-block-heading\">Datoer og priser for vores efter\u00e5rskurser i Amn\u00e9ville<\/h2>\n\n<ul class=\"wp-block-list\">\n<li><strong>Fra 18. oktober til 22. oktober 2026<\/strong>: 4 dage \/ \u20ac790 alt inklusive (undtagen bustransport*)<\/li>\n\n\n\n<li><strong>Fra 22. oktober til 26. oktober 2026<\/strong>: 4 dage \/ \u20ac790 alt inklusive (undtagen bustransport*)<\/li>\n<\/ul>\n\n<div style=\"height:10px\" aria-hidden=\"true\" class=\"wp-block-spacer\"><\/div>\n\n<p><strong>Disse priser inkluderer indkvartering, m\u00e5ltider, liftkort og professionel vejledning.<\/strong><\/p>\n\n<div style=\"height:20px\" aria-hidden=\"true\" class=\"wp-block-spacer\"><\/div>\n\n<h2 class=\"wp-block-heading\">Supervision af anerkendte fagfolk<\/h2>\n\n<p>Vores team af professionelle tr\u00e6nere, der kommer fra nationale konkurrencer og <a href=\"https:\/\/www.esf-lesmenuires.fr\/les-menuires\/\">Menuires ESF<\/a>, vil give dig personlig teknisk st\u00f8tte under hele kurset. Deres ekspertise og r\u00e5d vil hj\u00e6lpe dig med at f\u00e5 selvtillid og blive klar til vinterens konkurrencer.<\/p>\n\n<h2 class=\"wp-block-heading\">Book dit efter\u00e5rsforberedelseskursus i Amn\u00e9ville nu!<\/h2>\n\n<p>Pladserne er begr\u00e6nsede for at garantere kvaliteten af vores tr\u00e6ning, s\u00e5 vent ikke l\u00e6ngere med at booke din plads og optimere din forberedelse til vinterens konkurrences\u00e6son.<\/p>\n\n<p><strong>Efter\u00e5r 2026 skikursus kontakt<\/strong>: Nicolas p\u00e5 <a href=\"tel:0033625690113\">06 25 69 01 13<\/a><\/p>\n","protected":false},"excerpt":{"rendered":"<p>Skil\u00f8bstr\u00e6ningskursus p\u00e5 Allehelgensdag Efter\u00e5rskursus i alpint skil\u00f8b p\u00e5 SnowWorld d&#8217;Amn\u00e9ville Deltag i vores slalomkurser i Amn\u00e9ville. Vores intensive skil\u00f8bskurser afholdes p\u00e5 det indend\u00f8rs SnowWorld-center i Amn\u00e9ville, Frankrig. Ligesom vores sommerslalomkurser i Tignes er disse kurser en fremragende forberedelse til vinters\u00e6sonen. De giver skil\u00f8bere mulighed for at arbejde med deres teknik under optimale forhold i oktober, [&hellip;]<\/p>\n","protected":false},"author":1,"featured_media":0,"parent":0,"menu_order":0,"comment_status":"closed","ping_status":"closed","template":"","meta":{"footnotes":""},"class_list":["post-2534","page","type-page","status-publish","hentry"],"yoast_head":"<!-- This site is optimized with the Yoast SEO plugin v27.3 - https:\/\/yoast.com\/product\/yoast-seo-wordpress\/ -->\n<title>Efter\u00e5rskursus i slalomski - TEST TECHNIQUE SKI<\/title>\n<meta name=\"description\" content=\"Deltag i vores efter\u00e5rsskikonkurrencekurser i Amn\u00e9ville for at forberede dig til vinters\u00e6sonen. Slalomkurser for unge og voksne\" \/>\n<meta name=\"robots\" content=\"index, follow, max-snippet:-1, max-image-preview:large, max-video-preview:-1\" \/>\n<link rel=\"canonical\" href=\"https:\/\/test-technique-ski.fr\/da\/stage-ski-slalom-automne\/\" \/>\n<meta property=\"og:locale\" content=\"da_DK\" \/>\n<meta property=\"og:type\" content=\"article\" \/>\n<meta property=\"og:title\" content=\"Efter\u00e5rskursus i slalomski - TEST TECHNIQUE SKI\" \/>\n<meta property=\"og:description\" content=\"Deltag i vores efter\u00e5rsskikonkurrencekurser i Amn\u00e9ville for at forberede dig til vinters\u00e6sonen. Slalomkurser for unge og voksne\" \/>\n<meta property=\"og:url\" content=\"https:\/\/test-technique-ski.fr\/da\/stage-ski-slalom-automne\/\" \/>\n<meta property=\"og:site_name\" content=\"TEST TECHNIQUE SKI\" \/>\n<meta property=\"article:modified_time\" content=\"2026-01-05T20:11:00+00:00\" \/>\n<meta property=\"og:image\" content=\"https:\/\/test-technique-ski.fr\/wp-content\/uploads\/2025\/03\/IMG_1992.jpg\" \/>\n\t<meta property=\"og:image:width\" content=\"1290\" \/>\n\t<meta property=\"og:image:height\" content=\"1090\" \/>\n\t<meta property=\"og:image:type\" content=\"image\/jpeg\" \/>\n<meta name=\"twitter:card\" content=\"summary_large_image\" \/>\n<meta name=\"twitter:label1\" content=\"Estimeret l\u00e6setid\" \/>\n\t<meta name=\"twitter:data1\" content=\"2 minutter\" \/>\n<script type=\"application\/ld+json\" class=\"yoast-schema-graph\">{\"@context\":\"https:\\\/\\\/schema.org\",\"@graph\":[{\"@type\":\"WebPage\",\"@id\":\"https:\\\/\\\/test-technique-ski.fr\\\/da\\\/stage-ski-slalom-automne\\\/\",\"url\":\"https:\\\/\\\/test-technique-ski.fr\\\/da\\\/stage-ski-slalom-automne\\\/\",\"name\":\"Efter\u00e5rskursus i slalomski - TEST TECHNIQUE SKI\",\"isPartOf\":{\"@id\":\"https:\\\/\\\/test-technique-ski.fr\\\/da\\\/#website\"},\"primaryImageOfPage\":{\"@id\":\"https:\\\/\\\/test-technique-ski.fr\\\/da\\\/stage-ski-slalom-automne\\\/#primaryimage\"},\"image\":{\"@id\":\"https:\\\/\\\/test-technique-ski.fr\\\/da\\\/stage-ski-slalom-automne\\\/#primaryimage\"},\"thumbnailUrl\":\"https:\\\/\\\/test-technique-ski.fr\\\/wp-content\\\/uploads\\\/2025\\\/03\\\/IMG_1992-1024x865.jpg\",\"datePublished\":\"2025-03-31T13:35:08+00:00\",\"dateModified\":\"2026-01-05T20:11:00+00:00\",\"description\":\"Deltag i vores efter\u00e5rsskikonkurrencekurser i Amn\u00e9ville for at forberede dig til vinters\u00e6sonen. Slalomkurser for unge og voksne\",\"inLanguage\":\"da-DK\",\"potentialAction\":[{\"@type\":\"ReadAction\",\"target\":[\"https:\\\/\\\/test-technique-ski.fr\\\/da\\\/stage-ski-slalom-automne\\\/\"]}]},{\"@type\":\"ImageObject\",\"inLanguage\":\"da-DK\",\"@id\":\"https:\\\/\\\/test-technique-ski.fr\\\/da\\\/stage-ski-slalom-automne\\\/#primaryimage\",\"url\":\"https:\\\/\\\/test-technique-ski.fr\\\/wp-content\\\/uploads\\\/2025\\\/03\\\/IMG_1992-1024x865.jpg\",\"contentUrl\":\"https:\\\/\\\/test-technique-ski.fr\\\/wp-content\\\/uploads\\\/2025\\\/03\\\/IMG_1992-1024x865.jpg\"},{\"@type\":\"WebSite\",\"@id\":\"https:\\\/\\\/test-technique-ski.fr\\\/da\\\/#website\",\"url\":\"https:\\\/\\\/test-technique-ski.fr\\\/da\\\/\",\"name\":\"TEST TECHNIQUE SKI\",\"description\":\"\",\"potentialAction\":[{\"@type\":\"SearchAction\",\"target\":{\"@type\":\"EntryPoint\",\"urlTemplate\":\"https:\\\/\\\/test-technique-ski.fr\\\/da\\\/?s={search_term_string}\"},\"query-input\":{\"@type\":\"PropertyValueSpecification\",\"valueRequired\":true,\"valueName\":\"search_term_string\"}}],\"inLanguage\":\"da-DK\"}]}<\/script>\n<!-- \/ Yoast SEO plugin. -->","yoast_head_json":{"title":"Efter\u00e5rskursus i slalomski - TEST TECHNIQUE SKI","description":"Deltag i vores efter\u00e5rsskikonkurrencekurser i Amn\u00e9ville for at forberede dig til vinters\u00e6sonen. Slalomkurser for unge og voksne","robots":{"index":"index","follow":"follow","max-snippet":"max-snippet:-1","max-image-preview":"max-image-preview:large","max-video-preview":"max-video-preview:-1"},"canonical":"https:\/\/test-technique-ski.fr\/da\/stage-ski-slalom-automne\/","og_locale":"da_DK","og_type":"article","og_title":"Efter\u00e5rskursus i slalomski - TEST TECHNIQUE SKI","og_description":"Deltag i vores efter\u00e5rsskikonkurrencekurser i Amn\u00e9ville for at forberede dig til vinters\u00e6sonen. Slalomkurser for unge og voksne","og_url":"https:\/\/test-technique-ski.fr\/da\/stage-ski-slalom-automne\/","og_site_name":"TEST TECHNIQUE SKI","article_modified_time":"2026-01-05T20:11:00+00:00","og_image":[{"width":1290,"height":1090,"url":"https:\/\/test-technique-ski.fr\/wp-content\/uploads\/2025\/03\/IMG_1992.jpg","type":"image\/jpeg"}],"twitter_card":"summary_large_image","twitter_misc":{"Estimeret l\u00e6setid":"2 minutter"},"schema":{"@context":"https:\/\/schema.org","@graph":[{"@type":"WebPage","@id":"https:\/\/test-technique-ski.fr\/da\/stage-ski-slalom-automne\/","url":"https:\/\/test-technique-ski.fr\/da\/stage-ski-slalom-automne\/","name":"Efter\u00e5rskursus i slalomski - TEST TECHNIQUE SKI","isPartOf":{"@id":"https:\/\/test-technique-ski.fr\/da\/#website"},"primaryImageOfPage":{"@id":"https:\/\/test-technique-ski.fr\/da\/stage-ski-slalom-automne\/#primaryimage"},"image":{"@id":"https:\/\/test-technique-ski.fr\/da\/stage-ski-slalom-automne\/#primaryimage"},"thumbnailUrl":"https:\/\/test-technique-ski.fr\/wp-content\/uploads\/2025\/03\/IMG_1992-1024x865.jpg","datePublished":"2025-03-31T13:35:08+00:00","dateModified":"2026-01-05T20:11:00+00:00","description":"Deltag i vores efter\u00e5rsskikonkurrencekurser i Amn\u00e9ville for at forberede dig til vinters\u00e6sonen. Slalomkurser for unge og voksne","inLanguage":"da-DK","potentialAction":[{"@type":"ReadAction","target":["https:\/\/test-technique-ski.fr\/da\/stage-ski-slalom-automne\/"]}]},{"@type":"ImageObject","inLanguage":"da-DK","@id":"https:\/\/test-technique-ski.fr\/da\/stage-ski-slalom-automne\/#primaryimage","url":"https:\/\/test-technique-ski.fr\/wp-content\/uploads\/2025\/03\/IMG_1992-1024x865.jpg","contentUrl":"https:\/\/test-technique-ski.fr\/wp-content\/uploads\/2025\/03\/IMG_1992-1024x865.jpg"},{"@type":"WebSite","@id":"https:\/\/test-technique-ski.fr\/da\/#website","url":"https:\/\/test-technique-ski.fr\/da\/","name":"TEST TECHNIQUE SKI","description":"","potentialAction":[{"@type":"SearchAction","target":{"@type":"EntryPoint","urlTemplate":"https:\/\/test-technique-ski.fr\/da\/?s={search_term_string}"},"query-input":{"@type":"PropertyValueSpecification","valueRequired":true,"valueName":"search_term_string"}}],"inLanguage":"da-DK"}]}},"_links":{"self":[{"href":"https:\/\/test-technique-ski.fr\/da\/wp-json\/wp\/v2\/pages\/2534","targetHints":{"allow":["GET"]}}],"collection":[{"href":"https:\/\/test-technique-ski.fr\/da\/wp-json\/wp\/v2\/pages"}],"about":[{"href":"https:\/\/test-technique-ski.fr\/da\/wp-json\/wp\/v2\/types\/page"}],"author":[{"embeddable":true,"href":"https:\/\/test-technique-ski.fr\/da\/wp-json\/wp\/v2\/users\/1"}],"replies":[{"embeddable":true,"href":"https:\/\/test-technique-ski.fr\/da\/wp-json\/wp\/v2\/comments?post=2534"}],"version-history":[{"count":4,"href":"https:\/\/test-technique-ski.fr\/da\/wp-json\/wp\/v2\/pages\/2534\/revisions"}],"predecessor-version":[{"id":3612,"href":"https:\/\/test-technique-ski.fr\/da\/wp-json\/wp\/v2\/pages\/2534\/revisions\/3612"}],"wp:attachment":[{"href":"https:\/\/test-technique-ski.fr\/da\/wp-json\/wp\/v2\/media?parent=2534"}],"curies":[{"name":"wp","href":"https:\/\/api.w.org\/{rel}","templated":true}]}}