{"id":2824,"date":"2025-08-29T12:49:59","date_gmt":"2025-08-29T11:49:59","guid":{"rendered":"https:\/\/test-technique-ski.fr\/formation-moniteur-de-ski-alpin\/"},"modified":"2025-08-29T13:10:51","modified_gmt":"2025-08-29T12:10:51","slug":"formation-moniteur-de-ski-alpin","status":"publish","type":"page","link":"https:\/\/test-technique-ski.fr\/da\/formation-moniteur-de-ski-alpin\/","title":{"rendered":"Vekseluddannelse til Dipl\u00f4me d&#8217;\u00c9tat Moniteur National de Ski Alpin (nationalt skiinstrukt\u00f8rdiplom)"},"content":{"rendered":"\n<h1 class=\"wp-block-heading\">Uddannelse til at opn\u00e5 Dipl\u00f4me d&#8217;Etat de moniteur de ski alpin i Frankrig<\/h1>\n\n<p>Vekseluddannelse for at opn\u00e5 <strong>Dipl\u00f4me d&#8217;Etat de Moniteur National de Ski Alpin (DE Ski Alpin)<\/strong> giver dig mulighed for at tilegne dig tekniske, p\u00e6dagogiske og faglige f\u00e6rdigheder, mens du arbejder i marken. For at f\u00e5 succes med dette kr\u00e6vende kursus er det vigtigt at vide, hvilke <strong>organisationer og skiskoler man skal kontakte<\/strong> for at forberede sig ordentligt til pr\u00f8verne, modulerne og arbejdsstudieperioderne. <\/p>\n\n<h2 class=\"wp-block-heading\">Hvorfor v\u00e6lge et sandwichkursus til DE Ski Alpin?<\/h2>\n\n<ul class=\"wp-block-list\">\n<li>Umiddelbar erhvervserfaring: arbejde p\u00e5 en skiskole sidel\u00f8bende med kurset.<\/li>\n\n\n\n<li>Finansiering og afl\u00f8nning: En del af omkostningerne kan blive d\u00e6kket, og vekseluddannelse giver en indkomst.<\/li>\n\n\n\n<li>Supervision af erfarne fagfolk: Fordybelse i den daglige drift af en ESF, en klub eller en godkendt organisation.<\/li>\n\n\n\n<li>Direkte integration i netv\u00e6rket af franske og internationale skiinstrukt\u00f8rer.<\/li>\n<\/ul>\n\n<div style=\"height:10px\" aria-hidden=\"true\" class=\"wp-block-spacer\"><\/div>\n\n<h2 class=\"wp-block-heading\">Foretrukken partner: ESF Les Menuires<\/h2>\n\n<p>Den franske skiskole Les Menuires er en vigtig akt\u00f8r i st\u00f8tten til fremtidige arbejdsrelaterede instrukt\u00f8rer. Den tilbyder et ideelt milj\u00f8 til at kombinere praksis, undervisning og forberedelse til DE Alpine Skiing-tr\u00e6ningsenhederne. <\/p>\n\n<p><strong>Hovedkontakt:<\/strong><br\/>\ud83d\udc64 Nicolas Flage<br\/>\ud83d\udcf1 Mobil: 06 25 69 01 13<br\/>\ud83d\udccd Les Menuires &#8211; Domaine skiable des 3 Vall\u00e9es<\/p>\n\n<p><a href=\"https:\/\/www.esf-lesmenuires.fr\/produits-saison\/devenir-moniteur\/\">ESF Les Menuires<\/a> byder dig velkommen som et sandwichkursus og guider dig gennem de forskellige faser af at <a href=\"https:\/\/test-technique-ski.fr\/da\/blive-alpinskilaerer\/\">blive alpin skiinstrukt\u00f8r<\/a>.<\/p>\n\n<h2 class=\"wp-block-heading\">Hvordan fungerer sandwichkurset?<\/h2>\n\n<p>Sandwichkurset til Dipl\u00f4me d&#8217;Etat Moniteur National de Ski Alpin veksler mellem perioder med teoretisk og praktisk undervisning p\u00e5 <a href=\"http:\/\/ensm.sports.gouv.fr\">ENSA Chamonix<\/a> og perioder med undervisning p\u00e5 en skiskole som ESF Les Menuires. De studerende arbejder som ansatte eller praktikanter i en partnerorganisation, hvilket giver dem mulighed for straks at oms\u00e6tte de f\u00e6rdigheder, de har tilegnet sig i l\u00f8bet af deres tr\u00e6ningsenheder (UF), i praksis. Sandwichkurset er progressivt: I begyndelsen fokuseres der p\u00e5 at perfektionere teknik og grundl\u00e6ggende undervisningsf\u00e6rdigheder, og det udvikler sig til total selvst\u00e6ndighed i vejledningen af grupper p\u00e5 alle niveauer.  <\/p>\n\n<h2 class=\"wp-block-heading\">Hvor l\u00e6nge varer kurset?<\/h2>\n\n<p>Tiden varierer alt efter kandidatens baggrund og startniveau. I gennemsnit tager det mellem 4 og 7 \u00e5r at opn\u00e5 et fuldt diplom, med et lovbestemt maksimum p\u00e5 10 \u00e5r. Nogle sportsfolk p\u00e5 h\u00f8jt niveau eller indehavere af besl\u00e6gtede eksamensbeviser (BEES, DE i andre discipliner) kan have gavn af kortere perioder. Vekseluddannelse fremskynder ofte professionaliseringsprocessen, da den kombinerer akademisk uddannelse med betalt erfaring i marken.   <\/p>\n\n<h2 class=\"wp-block-heading\">Hvorn\u00e5r finder tr\u00e6ningen sted?<\/h2>\n\n<p>Uddannelsen er fordelt over flere vinters\u00e6soner, normalt fra december til april, hvor den kommende instrukt\u00f8r arbejder i en partner-ESF, f.eks. i <a href=\"https:\/\/www.esf-lesmenuires.fr\/\">ESF Les Menuires<\/a>. Uddannelsesenhederne organiseret af ENSA finder sted i sessioner planlagt i l\u00f8bet af \u00e5ret, ofte mellem s\u00e6sonerne (for\u00e5r og efter\u00e5r), for at g\u00f8re det muligt for deltagerne at arbejde i marken om vinteren. Denne rytme g\u00f8r det muligt at fordybe sig fuldt ud i en skiinstrukt\u00f8rs professionelle liv, samtidig med at man validerer de forskriftsm\u00e6ssige stadier af eksamensbeviset.  <\/p>\n\n<h2 class=\"wp-block-heading\">De vigtigste organisationer at kontakte<\/h2>\n\n<h3 class=\"wp-block-heading\">Den nationale ski- og bjergbestigningsskole (ENSA \/ ENSM)<\/h3>\n\n<ul class=\"wp-block-list\">\n<li>Adresse: 35 route du Bouchet, 74400 Chamonix-Mont-Blanc<\/li>\n\n\n\n<li>Tlf. reception: 04 50 55 30 30<\/li>\n\n\n\n<li>E-mail: ensa.accueil@ensm.sports.gouv.fr<\/li>\n\n\n\n<li>Kontakter efter uddannelsesmodul (UF): UF1, UF2, Eurotest, genopfriskningskurser, SHN osv.<\/li>\n\n\n\n<li>Officiel hjemmeside: <a href=\"http:\/\/ensm.sports.gouv.fr\">ensm.sports.gouv.fr<\/a><\/li>\n<\/ul>\n\n<div style=\"height:10px\" aria-hidden=\"true\" class=\"wp-block-spacer\"><\/div>\n\n<h3 class=\"wp-block-heading\">Det franske skiforbund (FFS)<\/h3>\n\n<p>FFS superviserer konkurrencem\u00e6ssige tr\u00e6ningsmoduler, is\u00e6r for atleter p\u00e5 topniveau. Hjemmeside: <a href=\"https:\/\/ffs.fr\/\">ffs.fr<\/a> <\/p>\n\n<h3 class=\"wp-block-heading\">Den nationale sammenslutning af franske skiinstrukt\u00f8rer (SNMSF)<\/h3>\n\n<p>Det er fagforeningsstrukturen for ESF-undervisere og koordinerer det nationale netv\u00e6rk. Hjemmesiden er <a href=\"https:\/\/www.esf.net\/\">esf<\/a>.net. <\/p>\n\n<h2 class=\"wp-block-heading\">Start din tr\u00e6ning nu<\/h2>\n\n<p>Sandwichkurset er den bedste m\u00e5de at gennemf\u00f8re <strong>National Alpine Ski Instructor Diploma<\/strong> p\u00e5: direkte fordybelse, superviseret erfaring og fuld forberedelse.<\/p>\n\n<p>For praktisk og personlig st\u00f8tte kan du <strong>kontakte Les Menuires ESF og Nicolas Flage (06 25 69 01 13) direkte<\/strong> for at f\u00e5 den bedst mulige start p\u00e5 dit kursus.<\/p>\n\n<p><\/p>\n","protected":false},"excerpt":{"rendered":"<p>Uddannelse til at opn\u00e5 Dipl\u00f4me d&#8217;Etat de moniteur de ski alpin i Frankrig Vekseluddannelse for at opn\u00e5 Dipl\u00f4me d&#8217;Etat de Moniteur National de Ski Alpin (DE Ski Alpin) giver dig mulighed for at tilegne dig tekniske, p\u00e6dagogiske og faglige f\u00e6rdigheder, mens du arbejder i marken. For at f\u00e5 succes med dette kr\u00e6vende kursus er det [&hellip;]<\/p>\n","protected":false},"author":1,"featured_media":0,"parent":0,"menu_order":0,"comment_status":"closed","ping_status":"closed","template":"","meta":{"footnotes":""},"class_list":["post-2824","page","type-page","status-publish","hentry"],"yoast_head":"<!-- This site is optimized with the Yoast SEO plugin v27.3 - https:\/\/yoast.com\/product\/yoast-seo-wordpress\/ -->\n<title>Vekseluddannelse til Dipl\u00f4me d&#039;\u00c9tat Moniteur National de Ski Alpin (nationalt skiinstrukt\u00f8rdiplom) - TEST TECHNIQUE SKI<\/title>\n<meta name=\"description\" content=\"Nyttige kontakter til vekseluddannelse for DE Moniteur National Ski Alpin: ENSA, ESF Les Menuires, SNMSF, FFS.\" \/>\n<meta name=\"robots\" content=\"index, follow, max-snippet:-1, max-image-preview:large, max-video-preview:-1\" \/>\n<link rel=\"canonical\" href=\"https:\/\/test-technique-ski.fr\/da\/formation-moniteur-de-ski-alpin\/\" \/>\n<meta property=\"og:locale\" content=\"da_DK\" \/>\n<meta property=\"og:type\" content=\"article\" \/>\n<meta property=\"og:title\" content=\"Vekseluddannelse til Dipl\u00f4me d&#039;\u00c9tat Moniteur National de Ski Alpin (nationalt skiinstrukt\u00f8rdiplom) - TEST TECHNIQUE SKI\" \/>\n<meta property=\"og:description\" content=\"Nyttige kontakter til vekseluddannelse for DE Moniteur National Ski Alpin: ENSA, ESF Les Menuires, SNMSF, FFS.\" \/>\n<meta property=\"og:url\" content=\"https:\/\/test-technique-ski.fr\/da\/formation-moniteur-de-ski-alpin\/\" \/>\n<meta property=\"og:site_name\" content=\"TEST TECHNIQUE SKI\" \/>\n<meta property=\"article:modified_time\" content=\"2025-08-29T12:10:51+00:00\" \/>\n<meta name=\"twitter:card\" content=\"summary_large_image\" \/>\n<meta name=\"twitter:label1\" content=\"Estimeret l\u00e6setid\" \/>\n\t<meta name=\"twitter:data1\" content=\"3 minutter\" \/>\n<script type=\"application\/ld+json\" class=\"yoast-schema-graph\">{\"@context\":\"https:\\\/\\\/schema.org\",\"@graph\":[{\"@type\":\"WebPage\",\"@id\":\"https:\\\/\\\/test-technique-ski.fr\\\/da\\\/formation-moniteur-de-ski-alpin\\\/\",\"url\":\"https:\\\/\\\/test-technique-ski.fr\\\/da\\\/formation-moniteur-de-ski-alpin\\\/\",\"name\":\"Vekseluddannelse til Dipl\u00f4me d'\u00c9tat Moniteur National de Ski Alpin (nationalt skiinstrukt\u00f8rdiplom) - TEST TECHNIQUE SKI\",\"isPartOf\":{\"@id\":\"https:\\\/\\\/test-technique-ski.fr\\\/da\\\/#website\"},\"datePublished\":\"2025-08-29T11:49:59+00:00\",\"dateModified\":\"2025-08-29T12:10:51+00:00\",\"description\":\"Nyttige kontakter til vekseluddannelse for DE Moniteur National Ski Alpin: ENSA, ESF Les Menuires, SNMSF, FFS.\",\"inLanguage\":\"da-DK\",\"potentialAction\":[{\"@type\":\"ReadAction\",\"target\":[\"https:\\\/\\\/test-technique-ski.fr\\\/da\\\/formation-moniteur-de-ski-alpin\\\/\"]}]},{\"@type\":\"WebSite\",\"@id\":\"https:\\\/\\\/test-technique-ski.fr\\\/da\\\/#website\",\"url\":\"https:\\\/\\\/test-technique-ski.fr\\\/da\\\/\",\"name\":\"TEST TECHNIQUE SKI\",\"description\":\"\",\"potentialAction\":[{\"@type\":\"SearchAction\",\"target\":{\"@type\":\"EntryPoint\",\"urlTemplate\":\"https:\\\/\\\/test-technique-ski.fr\\\/da\\\/?s={search_term_string}\"},\"query-input\":{\"@type\":\"PropertyValueSpecification\",\"valueRequired\":true,\"valueName\":\"search_term_string\"}}],\"inLanguage\":\"da-DK\"}]}<\/script>\n<!-- \/ Yoast SEO plugin. -->","yoast_head_json":{"title":"Vekseluddannelse til Dipl\u00f4me d'\u00c9tat Moniteur National de Ski Alpin (nationalt skiinstrukt\u00f8rdiplom) - TEST TECHNIQUE SKI","description":"Nyttige kontakter til vekseluddannelse for DE Moniteur National Ski Alpin: ENSA, ESF Les Menuires, SNMSF, FFS.","robots":{"index":"index","follow":"follow","max-snippet":"max-snippet:-1","max-image-preview":"max-image-preview:large","max-video-preview":"max-video-preview:-1"},"canonical":"https:\/\/test-technique-ski.fr\/da\/formation-moniteur-de-ski-alpin\/","og_locale":"da_DK","og_type":"article","og_title":"Vekseluddannelse til Dipl\u00f4me d'\u00c9tat Moniteur National de Ski Alpin (nationalt skiinstrukt\u00f8rdiplom) - TEST TECHNIQUE SKI","og_description":"Nyttige kontakter til vekseluddannelse for DE Moniteur National Ski Alpin: ENSA, ESF Les Menuires, SNMSF, FFS.","og_url":"https:\/\/test-technique-ski.fr\/da\/formation-moniteur-de-ski-alpin\/","og_site_name":"TEST TECHNIQUE SKI","article_modified_time":"2025-08-29T12:10:51+00:00","twitter_card":"summary_large_image","twitter_misc":{"Estimeret l\u00e6setid":"3 minutter"},"schema":{"@context":"https:\/\/schema.org","@graph":[{"@type":"WebPage","@id":"https:\/\/test-technique-ski.fr\/da\/formation-moniteur-de-ski-alpin\/","url":"https:\/\/test-technique-ski.fr\/da\/formation-moniteur-de-ski-alpin\/","name":"Vekseluddannelse til Dipl\u00f4me d'\u00c9tat Moniteur National de Ski Alpin (nationalt skiinstrukt\u00f8rdiplom) - TEST TECHNIQUE SKI","isPartOf":{"@id":"https:\/\/test-technique-ski.fr\/da\/#website"},"datePublished":"2025-08-29T11:49:59+00:00","dateModified":"2025-08-29T12:10:51+00:00","description":"Nyttige kontakter til vekseluddannelse for DE Moniteur National Ski Alpin: ENSA, ESF Les Menuires, SNMSF, FFS.","inLanguage":"da-DK","potentialAction":[{"@type":"ReadAction","target":["https:\/\/test-technique-ski.fr\/da\/formation-moniteur-de-ski-alpin\/"]}]},{"@type":"WebSite","@id":"https:\/\/test-technique-ski.fr\/da\/#website","url":"https:\/\/test-technique-ski.fr\/da\/","name":"TEST TECHNIQUE SKI","description":"","potentialAction":[{"@type":"SearchAction","target":{"@type":"EntryPoint","urlTemplate":"https:\/\/test-technique-ski.fr\/da\/?s={search_term_string}"},"query-input":{"@type":"PropertyValueSpecification","valueRequired":true,"valueName":"search_term_string"}}],"inLanguage":"da-DK"}]}},"_links":{"self":[{"href":"https:\/\/test-technique-ski.fr\/da\/wp-json\/wp\/v2\/pages\/2824","targetHints":{"allow":["GET"]}}],"collection":[{"href":"https:\/\/test-technique-ski.fr\/da\/wp-json\/wp\/v2\/pages"}],"about":[{"href":"https:\/\/test-technique-ski.fr\/da\/wp-json\/wp\/v2\/types\/page"}],"author":[{"embeddable":true,"href":"https:\/\/test-technique-ski.fr\/da\/wp-json\/wp\/v2\/users\/1"}],"replies":[{"embeddable":true,"href":"https:\/\/test-technique-ski.fr\/da\/wp-json\/wp\/v2\/comments?post=2824"}],"version-history":[{"count":0,"href":"https:\/\/test-technique-ski.fr\/da\/wp-json\/wp\/v2\/pages\/2824\/revisions"}],"wp:attachment":[{"href":"https:\/\/test-technique-ski.fr\/da\/wp-json\/wp\/v2\/media?parent=2824"}],"curies":[{"name":"wp","href":"https:\/\/api.w.org\/{rel}","templated":true}]}}