{"id":3821,"date":"2026-02-28T10:07:27","date_gmt":"2026-02-28T10:07:27","guid":{"rendered":"https:\/\/test-technique-ski.fr\/val-thorens\/"},"modified":"2026-03-04T09:21:31","modified_gmt":"2026-03-04T09:21:31","slug":"val-thorens","status":"publish","type":"page","link":"https:\/\/test-technique-ski.fr\/da\/val-thorens\/","title":{"rendered":"Teknisk test af alpint skil\u00f8b Val Thorens"},"content":{"rendered":"\n<h1 class=\"wp-block-heading\">Deltag i den tekniske test af alpint skil\u00f8b i Val Thorens<\/h1>\n\n<p>Hvert \u00e5r arrangerer skisportsstedet Val Thorens en eller flere sessioner, hvor man kan tage den tekniske pr\u00f8ve i alpint skil\u00f8b som en del af <a href=\"https:\/\/test-technique-ski.fr\/da\/formation-moniteur-de-ski-alpin\/\">uddannelsen til alpin skiinstrukt\u00f8r<\/a>.<\/p>\n\n<h2 class=\"wp-block-heading\">Datoer for den tekniske test i alpint skil\u00f8b i Val Thorens<\/h2>\n\n<p>Den 2. session af den tekniske test i Val Thorens finder sted fra den 20. til den 22. april 2026.<\/p>\n\n<h2 class=\"wp-block-heading\">Kursus i teknisk test i Les Menuires<\/h2>\n\n<p><strong>Fra den 9. marts til den 27. marts kan du sammen med ESF Academy forberede<\/strong> dig til Val Thorens&#8217; tekniske testslalom p\u00e5 Les Menuires&#8217; slalomstadion.<\/p>\n\n<p><strong>Pris: \u20ac55 pr. dag + stadionpas  <\/strong><\/p>\n\n<p><strong>Kontakt Nicolas Flage<\/strong> p\u00e5 <a href=\"tel:+33625690113\">06 25 69 01 13.<\/a><\/p>\n\n<div style=\"height:20px\" aria-hidden=\"true\" class=\"wp-block-spacer\"><\/div>\n\n<h2 class=\"wp-block-heading\">Hvordan tilmelder jeg mig den tekniske test i Val Thorens?<\/h2>\n\n<p>Hele <a href=\"https:\/\/test-technique-ski.fr\/da\/registrering-af-skiteknisk-proeve\/\">tilmeldingsproceduren til den tekniske skitest<\/a> foreg\u00e5r online p\u00e5 GEPAFO&#8217;s officielle hjemmeside.<\/p>\n\n<h2 class=\"wp-block-heading\">Tilmeldingsfrist til den tekniske test i Val Thorens<\/h2>\n\n<p>Her er tilmeldingsfristerne for den tekniske test i Val Thorens:<\/p>\n\n<ul class=\"wp-block-list\">\n<li>Tilmeldingsfrist: 09\/02\/2026<\/li>\n\n\n\n<li>Sidste frist for tilmelding: 27\/02\/2026<\/li>\n<\/ul>\n\n<p><\/p>\n","protected":false},"excerpt":{"rendered":"<p>Deltag i den tekniske test af alpint skil\u00f8b i Val Thorens Hvert \u00e5r arrangerer skisportsstedet Val Thorens en eller flere sessioner, hvor man kan tage den tekniske pr\u00f8ve i alpint skil\u00f8b som en del af uddannelsen til alpin skiinstrukt\u00f8r. Datoer for den tekniske test i alpint skil\u00f8b i Val Thorens Den 2. session af den [&hellip;]<\/p>\n","protected":false},"author":1,"featured_media":0,"parent":0,"menu_order":0,"comment_status":"closed","ping_status":"closed","template":"","meta":{"footnotes":""},"class_list":["post-3821","page","type-page","status-publish","hentry"],"yoast_head":"<!-- This site is optimized with the Yoast SEO plugin v27.3 - https:\/\/yoast.com\/product\/yoast-seo-wordpress\/ -->\n<title>Teknisk test af alpint skil\u00f8b Val Thorens - TEST TECHNIQUE SKI<\/title>\n<meta name=\"description\" content=\"Forbered dig p\u00e5 den tekniske test i alpint skil\u00f8b, som finder sted i Val Thorens under de bedst mulige forhold p\u00e5 slalomstadionet Les Menuires.\" \/>\n<meta name=\"robots\" content=\"index, follow, max-snippet:-1, max-image-preview:large, max-video-preview:-1\" \/>\n<link rel=\"canonical\" href=\"https:\/\/test-technique-ski.fr\/da\/val-thorens\/\" \/>\n<meta property=\"og:locale\" content=\"da_DK\" \/>\n<meta property=\"og:type\" content=\"article\" \/>\n<meta property=\"og:title\" content=\"Teknisk test af alpint skil\u00f8b Val Thorens - TEST TECHNIQUE SKI\" \/>\n<meta property=\"og:description\" content=\"Forbered dig p\u00e5 den tekniske test i alpint skil\u00f8b, som finder sted i Val Thorens under de bedst mulige forhold p\u00e5 slalomstadionet Les Menuires.\" \/>\n<meta property=\"og:url\" content=\"https:\/\/test-technique-ski.fr\/da\/val-thorens\/\" \/>\n<meta property=\"og:site_name\" content=\"TEST TECHNIQUE SKI\" \/>\n<meta property=\"article:modified_time\" content=\"2026-03-04T09:21:31+00:00\" \/>\n<meta name=\"twitter:card\" content=\"summary_large_image\" \/>\n<meta name=\"twitter:label1\" content=\"Estimeret l\u00e6setid\" \/>\n\t<meta name=\"twitter:data1\" content=\"1 minut\" \/>\n<script type=\"application\/ld+json\" class=\"yoast-schema-graph\">{\"@context\":\"https:\\\/\\\/schema.org\",\"@graph\":[{\"@type\":\"WebPage\",\"@id\":\"https:\\\/\\\/test-technique-ski.fr\\\/da\\\/val-thorens\\\/\",\"url\":\"https:\\\/\\\/test-technique-ski.fr\\\/da\\\/val-thorens\\\/\",\"name\":\"Teknisk test af alpint skil\u00f8b Val Thorens - TEST TECHNIQUE SKI\",\"isPartOf\":{\"@id\":\"https:\\\/\\\/test-technique-ski.fr\\\/da\\\/#website\"},\"datePublished\":\"2026-02-28T10:07:27+00:00\",\"dateModified\":\"2026-03-04T09:21:31+00:00\",\"description\":\"Forbered dig p\u00e5 den tekniske test i alpint skil\u00f8b, som finder sted i Val Thorens under de bedst mulige forhold p\u00e5 slalomstadionet Les Menuires.\",\"inLanguage\":\"da-DK\",\"potentialAction\":[{\"@type\":\"ReadAction\",\"target\":[\"https:\\\/\\\/test-technique-ski.fr\\\/da\\\/val-thorens\\\/\"]}]},{\"@type\":\"WebSite\",\"@id\":\"https:\\\/\\\/test-technique-ski.fr\\\/da\\\/#website\",\"url\":\"https:\\\/\\\/test-technique-ski.fr\\\/da\\\/\",\"name\":\"TEST TECHNIQUE SKI\",\"description\":\"\",\"potentialAction\":[{\"@type\":\"SearchAction\",\"target\":{\"@type\":\"EntryPoint\",\"urlTemplate\":\"https:\\\/\\\/test-technique-ski.fr\\\/da\\\/?s={search_term_string}\"},\"query-input\":{\"@type\":\"PropertyValueSpecification\",\"valueRequired\":true,\"valueName\":\"search_term_string\"}}],\"inLanguage\":\"da-DK\"}]}<\/script>\n<!-- \/ Yoast SEO plugin. -->","yoast_head_json":{"title":"Teknisk test af alpint skil\u00f8b Val Thorens - TEST TECHNIQUE SKI","description":"Forbered dig p\u00e5 den tekniske test i alpint skil\u00f8b, som finder sted i Val Thorens under de bedst mulige forhold p\u00e5 slalomstadionet Les Menuires.","robots":{"index":"index","follow":"follow","max-snippet":"max-snippet:-1","max-image-preview":"max-image-preview:large","max-video-preview":"max-video-preview:-1"},"canonical":"https:\/\/test-technique-ski.fr\/da\/val-thorens\/","og_locale":"da_DK","og_type":"article","og_title":"Teknisk test af alpint skil\u00f8b Val Thorens - TEST TECHNIQUE SKI","og_description":"Forbered dig p\u00e5 den tekniske test i alpint skil\u00f8b, som finder sted i Val Thorens under de bedst mulige forhold p\u00e5 slalomstadionet Les Menuires.","og_url":"https:\/\/test-technique-ski.fr\/da\/val-thorens\/","og_site_name":"TEST TECHNIQUE SKI","article_modified_time":"2026-03-04T09:21:31+00:00","twitter_card":"summary_large_image","twitter_misc":{"Estimeret l\u00e6setid":"1 minut"},"schema":{"@context":"https:\/\/schema.org","@graph":[{"@type":"WebPage","@id":"https:\/\/test-technique-ski.fr\/da\/val-thorens\/","url":"https:\/\/test-technique-ski.fr\/da\/val-thorens\/","name":"Teknisk test af alpint skil\u00f8b Val Thorens - TEST TECHNIQUE SKI","isPartOf":{"@id":"https:\/\/test-technique-ski.fr\/da\/#website"},"datePublished":"2026-02-28T10:07:27+00:00","dateModified":"2026-03-04T09:21:31+00:00","description":"Forbered dig p\u00e5 den tekniske test i alpint skil\u00f8b, som finder sted i Val Thorens under de bedst mulige forhold p\u00e5 slalomstadionet Les Menuires.","inLanguage":"da-DK","potentialAction":[{"@type":"ReadAction","target":["https:\/\/test-technique-ski.fr\/da\/val-thorens\/"]}]},{"@type":"WebSite","@id":"https:\/\/test-technique-ski.fr\/da\/#website","url":"https:\/\/test-technique-ski.fr\/da\/","name":"TEST TECHNIQUE SKI","description":"","potentialAction":[{"@type":"SearchAction","target":{"@type":"EntryPoint","urlTemplate":"https:\/\/test-technique-ski.fr\/da\/?s={search_term_string}"},"query-input":{"@type":"PropertyValueSpecification","valueRequired":true,"valueName":"search_term_string"}}],"inLanguage":"da-DK"}]}},"_links":{"self":[{"href":"https:\/\/test-technique-ski.fr\/da\/wp-json\/wp\/v2\/pages\/3821","targetHints":{"allow":["GET"]}}],"collection":[{"href":"https:\/\/test-technique-ski.fr\/da\/wp-json\/wp\/v2\/pages"}],"about":[{"href":"https:\/\/test-technique-ski.fr\/da\/wp-json\/wp\/v2\/types\/page"}],"author":[{"embeddable":true,"href":"https:\/\/test-technique-ski.fr\/da\/wp-json\/wp\/v2\/users\/1"}],"replies":[{"embeddable":true,"href":"https:\/\/test-technique-ski.fr\/da\/wp-json\/wp\/v2\/comments?post=3821"}],"version-history":[{"count":3,"href":"https:\/\/test-technique-ski.fr\/da\/wp-json\/wp\/v2\/pages\/3821\/revisions"}],"predecessor-version":[{"id":3912,"href":"https:\/\/test-technique-ski.fr\/da\/wp-json\/wp\/v2\/pages\/3821\/revisions\/3912"}],"wp:attachment":[{"href":"https:\/\/test-technique-ski.fr\/da\/wp-json\/wp\/v2\/media?parent=3821"}],"curies":[{"name":"wp","href":"https:\/\/api.w.org\/{rel}","templated":true}]}}