{"id":4057,"date":"2026-03-28T18:03:13","date_gmt":"2026-03-28T18:03:13","guid":{"rendered":"https:\/\/test-technique-ski.fr\/juridisk-meddelelse\/"},"modified":"2026-03-28T18:12:51","modified_gmt":"2026-03-28T18:12:51","slug":"juridisk-meddelelse","status":"publish","type":"page","link":"https:\/\/test-technique-ski.fr\/da\/juridisk-meddelelse\/","title":{"rendered":"Juridisk information"},"content":{"rendered":"\n<h1 class=\"wp-block-heading\">Juridisk information<\/h1>\n\n<p>Vores informationswebsted udgives af <a href=\"https:\/\/alma-consulting.org\/\">Alma Consulting<\/a>.<\/p>\n\n<p>Vi udgiver information om den tekniske test af alpint skil\u00f8b i Frankrig. Vores side er helt gratis og oversat til flere sprog. Vi er uafh\u00e6ngige af enhver offentlig administration.    <\/p>\n\n<p>Vores private informationsportal er designet til at informere internetbrugere og tilbyder ikke yderligere tjenester. Vi har ingen formularer p\u00e5 siden og registrerer ingen personlige data.   <\/p>\n\n<p>Den ansvarlige for udgivelsen er <a href=\"mailto:bastien.fauck@gmail.com\">Bastien Fauck<\/a>.<\/p>\n\n<p>Vi g\u00f8r vores yderste for at holde den s\u00e5 opdateret som muligt. Bes\u00f8g <a href=\"http:\/\/gepafom.fr\">GEPAFO&#8217;<\/a>s hjemmeside for mere information. <\/p>\n","protected":false},"excerpt":{"rendered":"<p>Juridisk information Vores informationswebsted udgives af Alma Consulting. Vi udgiver information om den tekniske test af alpint skil\u00f8b i Frankrig. Vores side er helt gratis og oversat til flere sprog. Vi er uafh\u00e6ngige af enhver offentlig administration. Vores private informationsportal er designet til at informere internetbrugere og tilbyder ikke yderligere tjenester. Vi har ingen formularer [&hellip;]<\/p>\n","protected":false},"author":1,"featured_media":0,"parent":0,"menu_order":0,"comment_status":"closed","ping_status":"closed","template":"","meta":{"footnotes":""},"class_list":["post-4057","page","type-page","status-publish","hentry"],"yoast_head":"<!-- This site is optimized with the Yoast SEO plugin v27.3 - https:\/\/yoast.com\/product\/yoast-seo-wordpress\/ -->\n<title>Juridisk information - TEST TECHNIQUE SKI<\/title>\n<meta name=\"description\" content=\"Juridisk meddelelse og ansvarlig for offentligg\u00f8relsen af informationswebstedet om den franske alpine skitest\" \/>\n<meta name=\"robots\" content=\"noindex, nofollow\" \/>\n<meta property=\"og:locale\" content=\"da_DK\" \/>\n<meta property=\"og:type\" content=\"article\" \/>\n<meta property=\"og:title\" content=\"Juridisk information - TEST TECHNIQUE SKI\" \/>\n<meta property=\"og:description\" content=\"Juridisk meddelelse og ansvarlig for offentligg\u00f8relsen af informationswebstedet om den franske alpine skitest\" \/>\n<meta property=\"og:url\" content=\"https:\/\/test-technique-ski.fr\/da\/juridisk-meddelelse\/\" \/>\n<meta property=\"og:site_name\" content=\"TEST TECHNIQUE SKI\" \/>\n<meta property=\"article:modified_time\" content=\"2026-03-28T18:12:51+00:00\" \/>\n<meta name=\"twitter:card\" content=\"summary_large_image\" \/>\n<script type=\"application\/ld+json\" class=\"yoast-schema-graph\">{\"@context\":\"https:\\\/\\\/schema.org\",\"@graph\":[{\"@type\":\"WebPage\",\"@id\":\"https:\\\/\\\/test-technique-ski.fr\\\/da\\\/juridisk-meddelelse\\\/\",\"url\":\"https:\\\/\\\/test-technique-ski.fr\\\/da\\\/juridisk-meddelelse\\\/\",\"name\":\"Juridisk information - TEST TECHNIQUE SKI\",\"isPartOf\":{\"@id\":\"https:\\\/\\\/test-technique-ski.fr\\\/da\\\/#website\"},\"datePublished\":\"2026-03-28T18:03:13+00:00\",\"dateModified\":\"2026-03-28T18:12:51+00:00\",\"description\":\"Juridisk meddelelse og ansvarlig for offentligg\u00f8relsen af informationswebstedet om den franske alpine skitest\",\"inLanguage\":\"da-DK\",\"potentialAction\":[{\"@type\":\"ReadAction\",\"target\":[\"https:\\\/\\\/test-technique-ski.fr\\\/da\\\/juridisk-meddelelse\\\/\"]}]},{\"@type\":\"WebSite\",\"@id\":\"https:\\\/\\\/test-technique-ski.fr\\\/da\\\/#website\",\"url\":\"https:\\\/\\\/test-technique-ski.fr\\\/da\\\/\",\"name\":\"TEST TECHNIQUE SKI\",\"description\":\"\",\"potentialAction\":[{\"@type\":\"SearchAction\",\"target\":{\"@type\":\"EntryPoint\",\"urlTemplate\":\"https:\\\/\\\/test-technique-ski.fr\\\/da\\\/?s={search_term_string}\"},\"query-input\":{\"@type\":\"PropertyValueSpecification\",\"valueRequired\":true,\"valueName\":\"search_term_string\"}}],\"inLanguage\":\"da-DK\"}]}<\/script>\n<!-- \/ Yoast SEO plugin. -->","yoast_head_json":{"title":"Juridisk information - TEST TECHNIQUE SKI","description":"Juridisk meddelelse og ansvarlig for offentligg\u00f8relsen af informationswebstedet om den franske alpine skitest","robots":{"index":"noindex","follow":"nofollow"},"og_locale":"da_DK","og_type":"article","og_title":"Juridisk information - TEST TECHNIQUE SKI","og_description":"Juridisk meddelelse og ansvarlig for offentligg\u00f8relsen af informationswebstedet om den franske alpine skitest","og_url":"https:\/\/test-technique-ski.fr\/da\/juridisk-meddelelse\/","og_site_name":"TEST TECHNIQUE SKI","article_modified_time":"2026-03-28T18:12:51+00:00","twitter_card":"summary_large_image","schema":{"@context":"https:\/\/schema.org","@graph":[{"@type":"WebPage","@id":"https:\/\/test-technique-ski.fr\/da\/juridisk-meddelelse\/","url":"https:\/\/test-technique-ski.fr\/da\/juridisk-meddelelse\/","name":"Juridisk information - TEST TECHNIQUE SKI","isPartOf":{"@id":"https:\/\/test-technique-ski.fr\/da\/#website"},"datePublished":"2026-03-28T18:03:13+00:00","dateModified":"2026-03-28T18:12:51+00:00","description":"Juridisk meddelelse og ansvarlig for offentligg\u00f8relsen af informationswebstedet om den franske alpine skitest","inLanguage":"da-DK","potentialAction":[{"@type":"ReadAction","target":["https:\/\/test-technique-ski.fr\/da\/juridisk-meddelelse\/"]}]},{"@type":"WebSite","@id":"https:\/\/test-technique-ski.fr\/da\/#website","url":"https:\/\/test-technique-ski.fr\/da\/","name":"TEST TECHNIQUE SKI","description":"","potentialAction":[{"@type":"SearchAction","target":{"@type":"EntryPoint","urlTemplate":"https:\/\/test-technique-ski.fr\/da\/?s={search_term_string}"},"query-input":{"@type":"PropertyValueSpecification","valueRequired":true,"valueName":"search_term_string"}}],"inLanguage":"da-DK"}]}},"_links":{"self":[{"href":"https:\/\/test-technique-ski.fr\/da\/wp-json\/wp\/v2\/pages\/4057","targetHints":{"allow":["GET"]}}],"collection":[{"href":"https:\/\/test-technique-ski.fr\/da\/wp-json\/wp\/v2\/pages"}],"about":[{"href":"https:\/\/test-technique-ski.fr\/da\/wp-json\/wp\/v2\/types\/page"}],"author":[{"embeddable":true,"href":"https:\/\/test-technique-ski.fr\/da\/wp-json\/wp\/v2\/users\/1"}],"replies":[{"embeddable":true,"href":"https:\/\/test-technique-ski.fr\/da\/wp-json\/wp\/v2\/comments?post=4057"}],"version-history":[{"count":2,"href":"https:\/\/test-technique-ski.fr\/da\/wp-json\/wp\/v2\/pages\/4057\/revisions"}],"predecessor-version":[{"id":4074,"href":"https:\/\/test-technique-ski.fr\/da\/wp-json\/wp\/v2\/pages\/4057\/revisions\/4074"}],"wp:attachment":[{"href":"https:\/\/test-technique-ski.fr\/da\/wp-json\/wp\/v2\/media?parent=4057"}],"curies":[{"name":"wp","href":"https:\/\/api.w.org\/{rel}","templated":true}]}}