{"id":480,"date":"2023-01-05T13:50:17","date_gmt":"2023-01-05T13:50:17","guid":{"rendered":"https:\/\/test-technique-ski.fr\/test-technique-of-ski-alpin\/"},"modified":"2025-10-24T18:33:06","modified_gmt":"2025-10-24T17:33:06","slug":"alpint-ski-teknik-test","status":"publish","type":"page","link":"https:\/\/test-technique-ski.fr\/da\/","title":{"rendered":"Teknikpr\u00f8ve i alpint skil\u00f8b"},"content":{"rendered":"\n<h1 class=\"wp-block-heading\">Teknisk skil\u00f8bspr\u00f8ve for at blive instrukt\u00f8r<\/h1>\n\n<p>Find alle de oplysninger, du har brug for at vide om den tekniske skitest for at begynde at <a href=\"https:\/\/test-technique-ski.fr\/da\/formation-moniteur-de-ski-alpin\/\">uddanne dig til skiinstrukt\u00f8r<\/a> i Frankrig.<\/p>\n\n<div style=\"height:10px\" aria-hidden=\"true\" class=\"wp-block-spacer\"><\/div>\n\n<h2 class=\"wp-block-heading\">Hvad er den tekniske test for alpint skil\u00f8b?<\/h2>\n\n<p>Den tekniske skitest er det f\u00f8rste trin <a href=\"https:\/\/test-technique-ski.fr\/da\/formation-moniteur-de-ski-alpin\/\">i skiinstrukt\u00f8ruddannelsen i Frankrig.<\/a> Dette er en test i alpint skil\u00f8b p\u00e5 tid, som validerer skiniveauet for en person, der \u00f8nsker at blive skil\u00e6rer. Den tekniske test er en s\u00e6rlig slalom med en kvalificerende tid.<\/p>\n\n<p>Den kandidat, der \u00f8nsker at <a href=\"https:\/\/test-technique-ski.fr\/da\/blive-alpinskilaerer\/\">blive skil\u00e6rer<\/a>, skal opn\u00e5 en maksimal tid for at best\u00e5 den tekniske pr\u00f8ve. Kvalifikationstiden til den tekniske pr\u00f8ve beregnes i forhold til den indledende tid p\u00e5 f\u00f8lgende m\u00e5de: <\/p>\n\n<ul class=\"wp-block-list\">\n<li>For mandlige kandidater i den tekniske pr\u00f8ve: Tiden i den tidsbestemte slalom skal v\u00e6re mindre end den tid, der er opn\u00e5et af \u00e5bningsl\u00f8beren + 20 %;<\/li>\n\n\n\n<li>For kvindelige kandidater i den tekniske pr\u00f8ve: Tiden i den tidskr\u00e6vede slalom skal v\u00e6re mindre end den tid, som den f\u00f8rste deltager opn\u00e5r + 25 %.<\/li>\n<\/ul>\n\n<p>N\u00e5r den tekniske pr\u00f8ve er best\u00e5et, kan kandidaten begynde p\u00e5 skilejeruddannelsen p\u00e5 den nationale ski- og alpinskole.<\/p>\n\n<div style=\"height:10px\" aria-hidden=\"true\" class=\"wp-block-spacer\"><\/div>\n\n<h2 class=\"wp-block-heading\">Hvordan tilmelder man sig til den tekniske skitest?<\/h2>\n\n<p>En <a href=\"https:\/\/test-technique-ski.fr\/da\/registrering-af-skiteknisk-proeve\/\">tilmelding til den tekniske pr\u00f8ve i alpint skil\u00f8b<\/a> foreg\u00e5r i flere trin. For at tilmelde dig skal du oprette en konto p\u00e5 det franske sportsministeriums <a href=\"https:\/\/test-technique-ski.fr\/da\/gepafo-montagne\/\">GEPAFO-platform<\/a>. Vi vil forklare proceduren i detaljer. <\/p>\n\n<h2 class=\"wp-block-heading\">Forberedelse til den tekniske skitest uden for vinters\u00e6sonen<\/h2>\n\n<p>Vinters\u00e6sonen er kort, s\u00e5 det er vigtigt at forberede sig til den tekniske skitest uden for vinters\u00e6sonen. For at vedligeholde din slalomtr\u00e6ning og forbedre dit skil\u00f8b uden for vinters\u00e6sonen tilbyder vi slalomkurser hele \u00e5ret: <\/p>\n\n<ul class=\"wp-block-list\">\n<li><a href=\"https:\/\/test-technique-ski.fr\/da\/stage-ski-slalom-ete\/\">Slalomkursus i juli i Tignes<\/a><\/li>\n\n\n\n<li><a href=\"https:\/\/test-technique-ski.fr\/da\/stage-ski-slalom-automne\/\">Indend\u00f8rs slalomkursus i oktober<\/a><\/li>\n\n\n\n<li><a href=\"https:\/\/test-technique-ski.fr\/da\/stage-ski-slalom-amneville\/\">Slalomkursus i Amn\u00e9ville<\/a><\/li>\n<\/ul>\n\n<div style=\"height:10px\" aria-hidden=\"true\" class=\"wp-block-spacer\"><\/div>\n\n<h2 class=\"wp-block-heading\">Hvorn\u00e5r kan jeg tage den tekniske test i alpint skil\u00f8b i 2025 &#8211; 2026?<\/h2>\n\n<p>Hvert \u00e5r afholdes der 2 tekniske pr\u00f8ver i Frankrig:<\/p>\n\n<ul class=\"wp-block-list\">\n<li>Den f\u00f8rste testsession l\u00f8ber fra december til februar;<\/li>\n\n\n\n<li>Den anden runde af pr\u00f8verne finder sted i marts og april.<\/li>\n<\/ul>\n\n<div style=\"height:10px\" aria-hidden=\"true\" class=\"wp-block-spacer\"><\/div>\n\n<p>Klik her for at se <a href=\"https:\/\/test-technique-ski.fr\/da\/datoer-test-teknik-skiloeb\/\">datoerne for den tekniske test.<\/a> V\u00e6r meget opm\u00e6rksom p\u00e5 \u00e5bnings- og lukningsdatoerne for tilmeldinger.<\/p>\n\n<p><strong>Den 1. session af 2026 Alpine Ski Technical Test finder sted i december 2025.<\/strong> Det vil v\u00e6re muligt at tilmelde sig fra den 13. oktober 2025. <\/p>\n\n<div style=\"height:10px\" aria-hidden=\"true\" class=\"wp-block-spacer\"><\/div>\n\n<h2 class=\"wp-block-heading\">Hvem kan deltage i den tekniske test?<\/h2>\n\n<p>Den tekniske pr\u00f8ve er \u00e5ben for alle over 17 \u00e5r. Hver kandidat kan kun tilmelde sig \u00e9n gang til hver session. Kandidaten kan derfor kun afl\u00e6gge den tekniske pr\u00f8ve to gange om \u00e5ret.<\/p>\n\n<div style=\"height:10px\" aria-hidden=\"true\" class=\"wp-block-spacer\"><\/div>\n\n<h2 class=\"wp-block-heading\">Hvad er prisen for den tekniske test?<\/h2>\n\n<p>Tilmeldingsgebyret til den tekniske pr\u00f8ve er 80 \u20ac. Denne pris omfatter kun tilmelding til slalom med tidtagning. Alle rejse- og opholdsudgifter afholdes af ans\u00f8geren selv. Tilmeldingsgebyret refunderes ikke, hvis kandidaten ikke best\u00e5r den tekniske pr\u00f8ve.<\/p>\n\n<div style=\"height:10px\" aria-hidden=\"true\" class=\"wp-block-spacer\"><\/div>\n\n<h2 class=\"wp-block-heading\">Foto af en tr\u00e6ner ved den tekniske skitest<\/h2>\n\n<figure class=\"wp-block-image size-large\" id=\"Slalom-chronom&#xE9;tr&#xE9;-du-test-technique\"><img fetchpriority=\"high\" decoding=\"async\" width=\"1024\" height=\"747\" src=\"https:\/\/test-technique-ski.fr\/wp-content\/uploads\/2023\/01\/Ski-Test-Technique-1-1024x747.jpg\" alt=\"Foto af den tekniske test i alpint skil&#xF8;b\" class=\"wp-image-297\" title=\"Teknisk testkonkurrence p&#xE5; ski\" srcset=\"https:\/\/test-technique-ski.fr\/wp-content\/uploads\/2023\/01\/Ski-Test-Technique-1-1024x747.jpg 1024w, https:\/\/test-technique-ski.fr\/wp-content\/uploads\/2023\/01\/Ski-Test-Technique-1-300x219.jpg 300w, https:\/\/test-technique-ski.fr\/wp-content\/uploads\/2023\/01\/Ski-Test-Technique-1-768x560.jpg 768w, https:\/\/test-technique-ski.fr\/wp-content\/uploads\/2023\/01\/Ski-Test-Technique-1-1536x1121.jpg 1536w, https:\/\/test-technique-ski.fr\/wp-content\/uploads\/2023\/01\/Ski-Test-Technique-1-2048x1494.jpg 2048w\" sizes=\"(max-width: 1024px) 100vw, 1024px\" \/><figcaption class=\"wp-element-caption\">Slalom p\u00e5 tid i den tekniske skitest for at blive instrukt\u00f8r <\/figcaption><\/figure>\n\n<div style=\"height:10px\" aria-hidden=\"true\" class=\"wp-block-spacer\"><\/div>\n\n<h2 class=\"wp-block-heading\">Hvordan f\u00e5r jeg resultaterne af den tekniske skitest?<\/h2>\n\n<p>Resultaterne er tilg\u00e6ngelige direkte p\u00e5 internettet. Klik p\u00e5 <a href=\"https:\/\/test-technique-ski.fr\/da\/resultater-tekniske-test-alpint-skiloeb\/\">Skitekniktestresultater<\/a> for at finde ud af, hvordan du f\u00e5r 2026-resultaterne for Skitekniktestpr\u00f8ven.<\/p>\n\n<p><\/p>\n","protected":false},"excerpt":{"rendered":"<p>Teknisk skil\u00f8bspr\u00f8ve for at blive instrukt\u00f8r Find alle de oplysninger, du har brug for at vide om den tekniske skitest for at begynde at uddanne dig til skiinstrukt\u00f8r i Frankrig. Hvad er den tekniske test for alpint skil\u00f8b? Den tekniske skitest er det f\u00f8rste trin i skiinstrukt\u00f8ruddannelsen i Frankrig. Dette er en test i alpint [&hellip;]<\/p>\n","protected":false},"author":1,"featured_media":0,"parent":0,"menu_order":0,"comment_status":"closed","ping_status":"closed","template":"","meta":{"footnotes":""},"class_list":["post-480","page","type-page","status-publish","hentry"],"yoast_head":"<!-- This site is optimized with the Yoast SEO plugin v27.3 - https:\/\/yoast.com\/product\/yoast-seo-wordpress\/ -->\n<title>Teknikpr\u00f8ve i alpint skil\u00f8b<\/title>\n<meta name=\"description\" content=\"Den tekniske pr\u00f8ve i alpint skil\u00f8b giver dig mulighed for at p\u00e5begynde uddannelsen til skil\u00e6rer i Frankrig. Online tilmelding til den tekniske pr\u00f8ve\" \/>\n<meta name=\"robots\" content=\"index, follow, max-snippet:-1, max-image-preview:large, max-video-preview:-1\" \/>\n<link rel=\"canonical\" href=\"https:\/\/test-technique-ski.fr\/da\/\" \/>\n<meta property=\"og:locale\" content=\"da_DK\" \/>\n<meta property=\"og:type\" content=\"article\" \/>\n<meta property=\"og:title\" content=\"Teknikpr\u00f8ve i alpint skil\u00f8b\" \/>\n<meta property=\"og:description\" content=\"Den tekniske pr\u00f8ve i alpint skil\u00f8b giver dig mulighed for at p\u00e5begynde uddannelsen til skil\u00e6rer i Frankrig. Online tilmelding til den tekniske pr\u00f8ve\" \/>\n<meta property=\"og:url\" content=\"https:\/\/test-technique-ski.fr\/da\/\" \/>\n<meta property=\"og:site_name\" content=\"TEST TECHNIQUE SKI\" \/>\n<meta property=\"article:modified_time\" content=\"2025-10-24T17:33:06+00:00\" \/>\n<meta property=\"og:image\" content=\"https:\/\/test-technique-ski.fr\/wp-content\/uploads\/2023\/01\/Ski-Test-Technique-1-scaled.jpg\" \/>\n\t<meta property=\"og:image:width\" content=\"2560\" \/>\n\t<meta property=\"og:image:height\" content=\"1868\" \/>\n\t<meta property=\"og:image:type\" content=\"image\/jpeg\" \/>\n<meta name=\"twitter:card\" content=\"summary_large_image\" \/>\n<meta name=\"twitter:label1\" content=\"Estimeret l\u00e6setid\" \/>\n\t<meta name=\"twitter:data1\" content=\"3 minutter\" \/>\n<script type=\"application\/ld+json\" class=\"yoast-schema-graph\">{\"@context\":\"https:\\\/\\\/schema.org\",\"@graph\":[{\"@type\":\"WebPage\",\"@id\":\"https:\\\/\\\/test-technique-ski.fr\\\/da\\\/\",\"url\":\"https:\\\/\\\/test-technique-ski.fr\\\/da\\\/\",\"name\":\"Teknikpr\u00f8ve i alpint skil\u00f8b\",\"isPartOf\":{\"@id\":\"https:\\\/\\\/test-technique-ski.fr\\\/da\\\/#website\"},\"primaryImageOfPage\":{\"@id\":\"https:\\\/\\\/test-technique-ski.fr\\\/da\\\/#primaryimage\"},\"image\":{\"@id\":\"https:\\\/\\\/test-technique-ski.fr\\\/da\\\/#primaryimage\"},\"thumbnailUrl\":\"https:\\\/\\\/test-technique-ski.fr\\\/wp-content\\\/uploads\\\/2023\\\/01\\\/Ski-Test-Technique-1-1024x747.jpg\",\"datePublished\":\"2023-01-05T13:50:17+00:00\",\"dateModified\":\"2025-10-24T17:33:06+00:00\",\"description\":\"Den tekniske pr\u00f8ve i alpint skil\u00f8b giver dig mulighed for at p\u00e5begynde uddannelsen til skil\u00e6rer i Frankrig. Online tilmelding til den tekniske pr\u00f8ve\",\"inLanguage\":\"da-DK\",\"potentialAction\":[{\"@type\":\"ReadAction\",\"target\":[\"https:\\\/\\\/test-technique-ski.fr\\\/da\\\/\"]}]},{\"@type\":\"ImageObject\",\"inLanguage\":\"da-DK\",\"@id\":\"https:\\\/\\\/test-technique-ski.fr\\\/da\\\/#primaryimage\",\"url\":\"https:\\\/\\\/test-technique-ski.fr\\\/wp-content\\\/uploads\\\/2023\\\/01\\\/Ski-Test-Technique-1-1024x747.jpg\",\"contentUrl\":\"https:\\\/\\\/test-technique-ski.fr\\\/wp-content\\\/uploads\\\/2023\\\/01\\\/Ski-Test-Technique-1-1024x747.jpg\"},{\"@type\":\"WebSite\",\"@id\":\"https:\\\/\\\/test-technique-ski.fr\\\/da\\\/#website\",\"url\":\"https:\\\/\\\/test-technique-ski.fr\\\/da\\\/\",\"name\":\"TEST TECHNIQUE SKI\",\"description\":\"\",\"potentialAction\":[{\"@type\":\"SearchAction\",\"target\":{\"@type\":\"EntryPoint\",\"urlTemplate\":\"https:\\\/\\\/test-technique-ski.fr\\\/da\\\/?s={search_term_string}\"},\"query-input\":{\"@type\":\"PropertyValueSpecification\",\"valueRequired\":true,\"valueName\":\"search_term_string\"}}],\"inLanguage\":\"da-DK\"}]}<\/script>\n<!-- \/ Yoast SEO plugin. -->","yoast_head_json":{"title":"Teknikpr\u00f8ve i alpint skil\u00f8b","description":"Den tekniske pr\u00f8ve i alpint skil\u00f8b giver dig mulighed for at p\u00e5begynde uddannelsen til skil\u00e6rer i Frankrig. Online tilmelding til den tekniske pr\u00f8ve","robots":{"index":"index","follow":"follow","max-snippet":"max-snippet:-1","max-image-preview":"max-image-preview:large","max-video-preview":"max-video-preview:-1"},"canonical":"https:\/\/test-technique-ski.fr\/da\/","og_locale":"da_DK","og_type":"article","og_title":"Teknikpr\u00f8ve i alpint skil\u00f8b","og_description":"Den tekniske pr\u00f8ve i alpint skil\u00f8b giver dig mulighed for at p\u00e5begynde uddannelsen til skil\u00e6rer i Frankrig. Online tilmelding til den tekniske pr\u00f8ve","og_url":"https:\/\/test-technique-ski.fr\/da\/","og_site_name":"TEST TECHNIQUE SKI","article_modified_time":"2025-10-24T17:33:06+00:00","og_image":[{"width":2560,"height":1868,"url":"https:\/\/test-technique-ski.fr\/wp-content\/uploads\/2023\/01\/Ski-Test-Technique-1-scaled.jpg","type":"image\/jpeg"}],"twitter_card":"summary_large_image","twitter_misc":{"Estimeret l\u00e6setid":"3 minutter"},"schema":{"@context":"https:\/\/schema.org","@graph":[{"@type":"WebPage","@id":"https:\/\/test-technique-ski.fr\/da\/","url":"https:\/\/test-technique-ski.fr\/da\/","name":"Teknikpr\u00f8ve i alpint skil\u00f8b","isPartOf":{"@id":"https:\/\/test-technique-ski.fr\/da\/#website"},"primaryImageOfPage":{"@id":"https:\/\/test-technique-ski.fr\/da\/#primaryimage"},"image":{"@id":"https:\/\/test-technique-ski.fr\/da\/#primaryimage"},"thumbnailUrl":"https:\/\/test-technique-ski.fr\/wp-content\/uploads\/2023\/01\/Ski-Test-Technique-1-1024x747.jpg","datePublished":"2023-01-05T13:50:17+00:00","dateModified":"2025-10-24T17:33:06+00:00","description":"Den tekniske pr\u00f8ve i alpint skil\u00f8b giver dig mulighed for at p\u00e5begynde uddannelsen til skil\u00e6rer i Frankrig. Online tilmelding til den tekniske pr\u00f8ve","inLanguage":"da-DK","potentialAction":[{"@type":"ReadAction","target":["https:\/\/test-technique-ski.fr\/da\/"]}]},{"@type":"ImageObject","inLanguage":"da-DK","@id":"https:\/\/test-technique-ski.fr\/da\/#primaryimage","url":"https:\/\/test-technique-ski.fr\/wp-content\/uploads\/2023\/01\/Ski-Test-Technique-1-1024x747.jpg","contentUrl":"https:\/\/test-technique-ski.fr\/wp-content\/uploads\/2023\/01\/Ski-Test-Technique-1-1024x747.jpg"},{"@type":"WebSite","@id":"https:\/\/test-technique-ski.fr\/da\/#website","url":"https:\/\/test-technique-ski.fr\/da\/","name":"TEST TECHNIQUE SKI","description":"","potentialAction":[{"@type":"SearchAction","target":{"@type":"EntryPoint","urlTemplate":"https:\/\/test-technique-ski.fr\/da\/?s={search_term_string}"},"query-input":{"@type":"PropertyValueSpecification","valueRequired":true,"valueName":"search_term_string"}}],"inLanguage":"da-DK"}]}},"_links":{"self":[{"href":"https:\/\/test-technique-ski.fr\/da\/wp-json\/wp\/v2\/pages\/480","targetHints":{"allow":["GET"]}}],"collection":[{"href":"https:\/\/test-technique-ski.fr\/da\/wp-json\/wp\/v2\/pages"}],"about":[{"href":"https:\/\/test-technique-ski.fr\/da\/wp-json\/wp\/v2\/types\/page"}],"author":[{"embeddable":true,"href":"https:\/\/test-technique-ski.fr\/da\/wp-json\/wp\/v2\/users\/1"}],"replies":[{"embeddable":true,"href":"https:\/\/test-technique-ski.fr\/da\/wp-json\/wp\/v2\/comments?post=480"}],"version-history":[{"count":3,"href":"https:\/\/test-technique-ski.fr\/da\/wp-json\/wp\/v2\/pages\/480\/revisions"}],"predecessor-version":[{"id":3538,"href":"https:\/\/test-technique-ski.fr\/da\/wp-json\/wp\/v2\/pages\/480\/revisions\/3538"}],"wp:attachment":[{"href":"https:\/\/test-technique-ski.fr\/da\/wp-json\/wp\/v2\/media?parent=480"}],"curies":[{"name":"wp","href":"https:\/\/api.w.org\/{rel}","templated":true}]}}