{"id":484,"date":"2023-01-05T13:51:44","date_gmt":"2023-01-05T13:51:44","guid":{"rendered":"https:\/\/test-technique-ski.fr\/registration-technical-test-ski\/"},"modified":"2026-02-12T11:38:19","modified_gmt":"2026-02-12T11:38:19","slug":"registrering-af-skiteknisk-proeve","status":"publish","type":"page","link":"https:\/\/test-technique-ski.fr\/da\/registrering-af-skiteknisk-proeve\/","title":{"rendered":"Tilmelding til den tekniske pr\u00f8ve i alpint skil\u00f8b"},"content":{"rendered":"\n<h1 class=\"wp-block-heading\">Tilmelding til den tekniske skitest 2026<\/h1>\n\n<p>Hele tilmeldingsprocessen til den tekniske skitest foreg\u00e5r online.<\/p>\n\n<h2 class=\"wp-block-heading\">Tilmeldingsdatoer for den tekniske test i alpint skil\u00f8b<\/h2>\n\n<p>Tilmeldingsdatoerne er forskellige for de to tekniske testsessioner, der afholdes i Frankrig:<\/p>\n\n<ul class=\"wp-block-list\">\n<li>Tilmeldingsdatoer for 1. session: fra <strong>13\/10\/2025 til 21\/11\/2025<\/strong><\/li>\n\n\n\n<li>Tilmeldingsdatoer for 2. session i marts og april: fra <strong>09. til 27. februar 2026<\/strong><\/li>\n<\/ul>\n\n<div style=\"height:25px\" aria-hidden=\"true\" class=\"wp-block-spacer\"><\/div>\n\n<h2 class=\"wp-block-heading\">Hvordan tilmelder man sig til den tekniske skitest?<\/h2>\n\n<p>For at tilmelde dig til den <a href=\"https:\/\/test-technique-ski.fr\/da\/\">tekniske skitest<\/a> skal du oprette en konto p\u00e5 det franske sportsministeriums platform for forvaltning af tr\u00e6ningsforl\u00f8b. GEPAFO Montagne-webstedet findes p\u00e5 adressen <a href=\"https:\/\/gepafom.fr\/\">gepafom.fr<\/a>.<\/p>\n\n<figure class=\"wp-block-image size-full\"><img fetchpriority=\"high\" decoding=\"async\" width=\"962\" height=\"508\" src=\"https:\/\/test-technique-ski.fr\/wp-content\/uploads\/2023\/01\/Inscription-test-technique-gepafom.jpg\" alt=\"Tilmeldingsside for teknisk test\" class=\"wp-image-340\" title=\"Tilmelding til den tekniske pr&#xF8;ve p&#xE5; GEPAFO's websted\" srcset=\"https:\/\/test-technique-ski.fr\/wp-content\/uploads\/2023\/01\/Inscription-test-technique-gepafom.jpg 962w, https:\/\/test-technique-ski.fr\/wp-content\/uploads\/2023\/01\/Inscription-test-technique-gepafom-300x158.jpg 300w, https:\/\/test-technique-ski.fr\/wp-content\/uploads\/2023\/01\/Inscription-test-technique-gepafom-768x406.jpg 768w\" sizes=\"(max-width: 962px) 100vw, 962px\" \/><figcaption class=\"wp-element-caption\">Tilmeldingssiden til den tekniske pr\u00f8ve p\u00e5 GEPAFO Montagne-webstedet<\/figcaption><\/figure>\n\n<p><strong>Registreringswebstedet for eksamen som alpin skiinstrukt\u00f8r A<\/strong> kr\u00e6ver, at du opretter en konto for at f\u00e5 adgang til dit kandidatomr\u00e5de. Du skal udfylde online-registreringsformularen for at validere din profil som eksamenskandidat.<\/p>\n\n<p>Denne konto p\u00e5 sportsministeriets websted giver dig mulighed for at f\u00f8lge alle trin i din ans\u00f8gning til eksamen som alpint skil\u00e6rer A.<\/p>\n\n<h2 class=\"wp-block-heading\">Tilmeldingsformular til den tekniske pr\u00f8ve i alpint skil\u00f8b<\/h2>\n\n<p>N\u00e5r du klikker p\u00e5 <strong>opret en konto<\/strong> p\u00e5 gepafom.fr&#8217;s hjemmeside for<strong>tilmelding til den tekniske skitest<\/strong>, kommer du til registreringsformularen, som du skal udfylde online. <\/p>\n\n<p>Her er et sk\u00e6rmbillede af registreringsformularen:<\/p>\n\n<figure class=\"wp-block-image size-full\"><img decoding=\"async\" width=\"843\" height=\"886\" src=\"https:\/\/test-technique-ski.fr\/wp-content\/uploads\/2023\/01\/formulaire-inscription-test-technique-ski-gepafom.jpg\" alt=\"Tilmeldingsblanket til skiteknikpr&#xF8;ven p&#xE5; internettet\" class=\"wp-image-343\" title=\"Tilmeldingsformular til den tekniske skitest\" srcset=\"https:\/\/test-technique-ski.fr\/wp-content\/uploads\/2023\/01\/formulaire-inscription-test-technique-ski-gepafom.jpg 843w, https:\/\/test-technique-ski.fr\/wp-content\/uploads\/2023\/01\/formulaire-inscription-test-technique-ski-gepafom-285x300.jpg 285w, https:\/\/test-technique-ski.fr\/wp-content\/uploads\/2023\/01\/formulaire-inscription-test-technique-ski-gepafom-768x807.jpg 768w\" sizes=\"(max-width: 843px) 100vw, 843px\" \/><figcaption class=\"wp-element-caption\">Tilmeldingsblanket til den tekniske skitest p\u00e5 sportsministeriets websted gepafom.fr<\/figcaption><\/figure>\n","protected":false},"excerpt":{"rendered":"<p>Tilmelding til den tekniske skitest 2026 Hele tilmeldingsprocessen til den tekniske skitest foreg\u00e5r online. Tilmeldingsdatoer for den tekniske test i alpint skil\u00f8b Tilmeldingsdatoerne er forskellige for de to tekniske testsessioner, der afholdes i Frankrig: Hvordan tilmelder man sig til den tekniske skitest? For at tilmelde dig til den tekniske skitest skal du oprette en konto [&hellip;]<\/p>\n","protected":false},"author":1,"featured_media":0,"parent":0,"menu_order":0,"comment_status":"closed","ping_status":"closed","template":"","meta":{"footnotes":""},"class_list":["post-484","page","type-page","status-publish","hentry"],"yoast_head":"<!-- This site is optimized with the Yoast SEO plugin v27.3 - https:\/\/yoast.com\/product\/yoast-seo-wordpress\/ -->\n<title>Tilmelding til den tekniske pr\u00f8ve i alpint skil\u00f8b<\/title>\n<meta name=\"description\" content=\"Alle de oplysninger, du skal bruge for at tilmelde dig den franske tekniske pr\u00f8ve i alpint skil\u00f8b. Alle trin for en vellykket registrering\" \/>\n<meta name=\"robots\" content=\"index, follow, max-snippet:-1, max-image-preview:large, max-video-preview:-1\" \/>\n<link rel=\"canonical\" href=\"https:\/\/test-technique-ski.fr\/da\/registrering-af-skiteknisk-proeve\/\" \/>\n<meta property=\"og:locale\" content=\"da_DK\" \/>\n<meta property=\"og:type\" content=\"article\" \/>\n<meta property=\"og:title\" content=\"Tilmelding til den tekniske pr\u00f8ve i alpint skil\u00f8b\" \/>\n<meta property=\"og:description\" content=\"Alle de oplysninger, du skal bruge for at tilmelde dig den franske tekniske pr\u00f8ve i alpint skil\u00f8b. Alle trin for en vellykket registrering\" \/>\n<meta property=\"og:url\" content=\"https:\/\/test-technique-ski.fr\/da\/registrering-af-skiteknisk-proeve\/\" \/>\n<meta property=\"og:site_name\" content=\"TEST TECHNIQUE SKI\" \/>\n<meta property=\"article:modified_time\" content=\"2026-02-12T11:38:19+00:00\" \/>\n<meta property=\"og:image\" content=\"https:\/\/test-technique-ski.fr\/wp-content\/uploads\/2023\/01\/Inscription-test-technique-gepafom.jpg\" \/>\n\t<meta property=\"og:image:width\" content=\"962\" \/>\n\t<meta property=\"og:image:height\" content=\"508\" \/>\n\t<meta property=\"og:image:type\" content=\"image\/jpeg\" \/>\n<meta name=\"twitter:card\" content=\"summary_large_image\" \/>\n<meta name=\"twitter:label1\" content=\"Estimeret l\u00e6setid\" \/>\n\t<meta name=\"twitter:data1\" content=\"1 minut\" \/>\n<script type=\"application\/ld+json\" class=\"yoast-schema-graph\">{\"@context\":\"https:\\\/\\\/schema.org\",\"@graph\":[{\"@type\":\"WebPage\",\"@id\":\"https:\\\/\\\/test-technique-ski.fr\\\/da\\\/registrering-af-skiteknisk-proeve\\\/\",\"url\":\"https:\\\/\\\/test-technique-ski.fr\\\/da\\\/registrering-af-skiteknisk-proeve\\\/\",\"name\":\"Tilmelding til den tekniske pr\u00f8ve i alpint skil\u00f8b\",\"isPartOf\":{\"@id\":\"https:\\\/\\\/test-technique-ski.fr\\\/da\\\/#website\"},\"primaryImageOfPage\":{\"@id\":\"https:\\\/\\\/test-technique-ski.fr\\\/da\\\/registrering-af-skiteknisk-proeve\\\/#primaryimage\"},\"image\":{\"@id\":\"https:\\\/\\\/test-technique-ski.fr\\\/da\\\/registrering-af-skiteknisk-proeve\\\/#primaryimage\"},\"thumbnailUrl\":\"https:\\\/\\\/test-technique-ski.fr\\\/wp-content\\\/uploads\\\/2023\\\/01\\\/Inscription-test-technique-gepafom.jpg\",\"datePublished\":\"2023-01-05T13:51:44+00:00\",\"dateModified\":\"2026-02-12T11:38:19+00:00\",\"description\":\"Alle de oplysninger, du skal bruge for at tilmelde dig den franske tekniske pr\u00f8ve i alpint skil\u00f8b. Alle trin for en vellykket registrering\",\"inLanguage\":\"da-DK\",\"potentialAction\":[{\"@type\":\"ReadAction\",\"target\":[\"https:\\\/\\\/test-technique-ski.fr\\\/da\\\/registrering-af-skiteknisk-proeve\\\/\"]}]},{\"@type\":\"ImageObject\",\"inLanguage\":\"da-DK\",\"@id\":\"https:\\\/\\\/test-technique-ski.fr\\\/da\\\/registrering-af-skiteknisk-proeve\\\/#primaryimage\",\"url\":\"https:\\\/\\\/test-technique-ski.fr\\\/wp-content\\\/uploads\\\/2023\\\/01\\\/Inscription-test-technique-gepafom.jpg\",\"contentUrl\":\"https:\\\/\\\/test-technique-ski.fr\\\/wp-content\\\/uploads\\\/2023\\\/01\\\/Inscription-test-technique-gepafom.jpg\"},{\"@type\":\"WebSite\",\"@id\":\"https:\\\/\\\/test-technique-ski.fr\\\/da\\\/#website\",\"url\":\"https:\\\/\\\/test-technique-ski.fr\\\/da\\\/\",\"name\":\"TEST TECHNIQUE SKI\",\"description\":\"\",\"potentialAction\":[{\"@type\":\"SearchAction\",\"target\":{\"@type\":\"EntryPoint\",\"urlTemplate\":\"https:\\\/\\\/test-technique-ski.fr\\\/da\\\/?s={search_term_string}\"},\"query-input\":{\"@type\":\"PropertyValueSpecification\",\"valueRequired\":true,\"valueName\":\"search_term_string\"}}],\"inLanguage\":\"da-DK\"}]}<\/script>\n<!-- \/ Yoast SEO plugin. -->","yoast_head_json":{"title":"Tilmelding til den tekniske pr\u00f8ve i alpint skil\u00f8b","description":"Alle de oplysninger, du skal bruge for at tilmelde dig den franske tekniske pr\u00f8ve i alpint skil\u00f8b. Alle trin for en vellykket registrering","robots":{"index":"index","follow":"follow","max-snippet":"max-snippet:-1","max-image-preview":"max-image-preview:large","max-video-preview":"max-video-preview:-1"},"canonical":"https:\/\/test-technique-ski.fr\/da\/registrering-af-skiteknisk-proeve\/","og_locale":"da_DK","og_type":"article","og_title":"Tilmelding til den tekniske pr\u00f8ve i alpint skil\u00f8b","og_description":"Alle de oplysninger, du skal bruge for at tilmelde dig den franske tekniske pr\u00f8ve i alpint skil\u00f8b. Alle trin for en vellykket registrering","og_url":"https:\/\/test-technique-ski.fr\/da\/registrering-af-skiteknisk-proeve\/","og_site_name":"TEST TECHNIQUE SKI","article_modified_time":"2026-02-12T11:38:19+00:00","og_image":[{"width":962,"height":508,"url":"https:\/\/test-technique-ski.fr\/wp-content\/uploads\/2023\/01\/Inscription-test-technique-gepafom.jpg","type":"image\/jpeg"}],"twitter_card":"summary_large_image","twitter_misc":{"Estimeret l\u00e6setid":"1 minut"},"schema":{"@context":"https:\/\/schema.org","@graph":[{"@type":"WebPage","@id":"https:\/\/test-technique-ski.fr\/da\/registrering-af-skiteknisk-proeve\/","url":"https:\/\/test-technique-ski.fr\/da\/registrering-af-skiteknisk-proeve\/","name":"Tilmelding til den tekniske pr\u00f8ve i alpint skil\u00f8b","isPartOf":{"@id":"https:\/\/test-technique-ski.fr\/da\/#website"},"primaryImageOfPage":{"@id":"https:\/\/test-technique-ski.fr\/da\/registrering-af-skiteknisk-proeve\/#primaryimage"},"image":{"@id":"https:\/\/test-technique-ski.fr\/da\/registrering-af-skiteknisk-proeve\/#primaryimage"},"thumbnailUrl":"https:\/\/test-technique-ski.fr\/wp-content\/uploads\/2023\/01\/Inscription-test-technique-gepafom.jpg","datePublished":"2023-01-05T13:51:44+00:00","dateModified":"2026-02-12T11:38:19+00:00","description":"Alle de oplysninger, du skal bruge for at tilmelde dig den franske tekniske pr\u00f8ve i alpint skil\u00f8b. Alle trin for en vellykket registrering","inLanguage":"da-DK","potentialAction":[{"@type":"ReadAction","target":["https:\/\/test-technique-ski.fr\/da\/registrering-af-skiteknisk-proeve\/"]}]},{"@type":"ImageObject","inLanguage":"da-DK","@id":"https:\/\/test-technique-ski.fr\/da\/registrering-af-skiteknisk-proeve\/#primaryimage","url":"https:\/\/test-technique-ski.fr\/wp-content\/uploads\/2023\/01\/Inscription-test-technique-gepafom.jpg","contentUrl":"https:\/\/test-technique-ski.fr\/wp-content\/uploads\/2023\/01\/Inscription-test-technique-gepafom.jpg"},{"@type":"WebSite","@id":"https:\/\/test-technique-ski.fr\/da\/#website","url":"https:\/\/test-technique-ski.fr\/da\/","name":"TEST TECHNIQUE SKI","description":"","potentialAction":[{"@type":"SearchAction","target":{"@type":"EntryPoint","urlTemplate":"https:\/\/test-technique-ski.fr\/da\/?s={search_term_string}"},"query-input":{"@type":"PropertyValueSpecification","valueRequired":true,"valueName":"search_term_string"}}],"inLanguage":"da-DK"}]}},"_links":{"self":[{"href":"https:\/\/test-technique-ski.fr\/da\/wp-json\/wp\/v2\/pages\/484","targetHints":{"allow":["GET"]}}],"collection":[{"href":"https:\/\/test-technique-ski.fr\/da\/wp-json\/wp\/v2\/pages"}],"about":[{"href":"https:\/\/test-technique-ski.fr\/da\/wp-json\/wp\/v2\/types\/page"}],"author":[{"embeddable":true,"href":"https:\/\/test-technique-ski.fr\/da\/wp-json\/wp\/v2\/users\/1"}],"replies":[{"embeddable":true,"href":"https:\/\/test-technique-ski.fr\/da\/wp-json\/wp\/v2\/comments?post=484"}],"version-history":[{"count":3,"href":"https:\/\/test-technique-ski.fr\/da\/wp-json\/wp\/v2\/pages\/484\/revisions"}],"predecessor-version":[{"id":3793,"href":"https:\/\/test-technique-ski.fr\/da\/wp-json\/wp\/v2\/pages\/484\/revisions\/3793"}],"wp:attachment":[{"href":"https:\/\/test-technique-ski.fr\/da\/wp-json\/wp\/v2\/media?parent=484"}],"curies":[{"name":"wp","href":"https:\/\/api.w.org\/{rel}","templated":true}]}}