{"id":574,"date":"2023-01-07T08:50:20","date_gmt":"2023-01-07T08:50:20","guid":{"rendered":"https:\/\/test-technique-ski.fr\/blive-alpinskilaerer\/"},"modified":"2025-08-29T13:14:41","modified_gmt":"2025-08-29T12:14:41","slug":"blive-alpinskilaerer","status":"publish","type":"page","link":"https:\/\/test-technique-ski.fr\/da\/blive-alpinskilaerer\/","title":{"rendered":"At blive skil\u00e6rer"},"content":{"rendered":"\n<h1 class=\"wp-block-heading\">Hvordan bliver man skil\u00e6rer?<\/h1>\n\n<p>Her er de generelle trin, du skal f\u00f8lge for at blive skil\u00e6rer i Frankrig:<\/p>\n\n<ol class=\"wp-block-list\">\n<li>S\u00f8rg for, at du opfylder de grundl\u00e6ggende krav: For at blive skil\u00e6rer skal du v\u00e6re mindst 18 \u00e5r og have k\u00f8rekort. Du skal ogs\u00e5 v\u00e6re i god fysisk form og kunne st\u00e5 p\u00e5 ski p\u00e5 et avanceret niveau.<\/li>\n\n\n\n<li>Tag et kursus: Der er flere skiskoler i Frankrig, som tilbyder <a href=\"https:\/\/test-technique-ski.fr\/da\/formation-moniteur-de-ski-alpin\/\">kurser for at blive skiinstrukt\u00f8rer<\/a>. Du kan v\u00e6lge et sandwichkursus, hvor du kan arbejde og studere p\u00e5 samme tid, eller et blokkursus, som finder sted over en koncentreret periode. Uddannelsen omfatter teoretiske og praktiske kurser i skiteknik, skil\u00e6re, sikkerhed i bjergene og meget mere.<\/li>\n\n\n\n<li>F\u00e5 et diplom: For at blive kvalificeret skiinstrukt\u00f8r skal du best\u00e5 en afsluttende eksamen arrangeret af <a href=\"http:\/\/ensm.sports.gouv.fr\">\u00c9cole Nationale de Ski et d&#8217;Alpinisme<\/a> (ENSA). Denne eksamen omfatter en praktisk skipr\u00f8ve og en teoretisk pr\u00f8ve om den viden, der kr\u00e6ves for at blive skil\u00e6rer.<\/li>\n<\/ol>\n\n<div style=\"height:10px\" aria-hidden=\"true\" class=\"wp-block-spacer\"><\/div>\n\n<p><strong>For at blive skiinstrukt\u00f8r<\/strong> er det vigtigt at have et godt niveau p\u00e5 ski, men der er ogs\u00e5 andre vigtige kvaliteter og f\u00e6rdigheder, man skal tilegne sig:<\/p>\n\n<ul class=\"wp-block-list\">\n<li>Fremragende kommunikationsevner: Du skal v\u00e6re i stand til at formidle dine instruktioner klart og kommunikere effektivt med dine elever.<\/li>\n\n\n\n<li>God fysisk form: Som skiinstrukt\u00f8r er du ofte p\u00e5 bjerget hele dagen, s\u00e5 det er vigtigt at v\u00e6re i god fysisk form for at kunne f\u00f8lge med tempoet.<\/li>\n\n\n\n<li>Organisationsevner: Du vil v\u00e6re ansvarlig for at organisere lektioner og skirejser for dine elever, s\u00e5 det er vigtigt, at du har gode organisatoriske evner.<\/li>\n\n\n\n<li>God pr\u00e6sentation: Som repr\u00e6sentant for din skiskole eller dit skisportssted er det vigtigt at have en god personlig pr\u00e6sentation og at repr\u00e6sentere din virksomhed godt.<\/li>\n\n\n\n<li>Ansvarsf\u00f8lelse: Som skil\u00e6rer er du ansvarlig for dine elevers sikkerhed under undervisningen og p\u00e5 skiture. Det er vigtigt at have en h\u00f8j grad af ansvarsf\u00f8lelse og tr\u00e6ffe de n\u00f8dvendige beslutninger for at sikre alles sikkerhed.<\/li>\n<\/ul>\n\n<p><\/p>\n","protected":false},"excerpt":{"rendered":"<p>Hvordan bliver man skil\u00e6rer? Her er de generelle trin, du skal f\u00f8lge for at blive skil\u00e6rer i Frankrig: For at blive skiinstrukt\u00f8r er det vigtigt at have et godt niveau p\u00e5 ski, men der er ogs\u00e5 andre vigtige kvaliteter og f\u00e6rdigheder, man skal tilegne sig:<\/p>\n","protected":false},"author":1,"featured_media":0,"parent":0,"menu_order":0,"comment_status":"closed","ping_status":"closed","template":"","meta":{"footnotes":""},"class_list":["post-574","page","type-page","status-publish","hentry"],"yoast_head":"<!-- This site is optimized with the Yoast SEO plugin v27.3 - https:\/\/yoast.com\/product\/yoast-seo-wordpress\/ -->\n<title>At blive skil\u00e6rer<\/title>\n<meta name=\"description\" content=\"S\u00e5dan bliver du skil\u00e6rer i Frankrig. Hvilke kvaliteter og f\u00e6rdigheder skal man have for at f\u00e5 succes som A\" \/>\n<meta name=\"robots\" content=\"index, follow, max-snippet:-1, max-image-preview:large, max-video-preview:-1\" \/>\n<link rel=\"canonical\" href=\"https:\/\/test-technique-ski.fr\/da\/blive-alpinskilaerer\/\" \/>\n<meta property=\"og:locale\" content=\"da_DK\" \/>\n<meta property=\"og:type\" content=\"article\" \/>\n<meta property=\"og:title\" content=\"At blive skil\u00e6rer\" \/>\n<meta property=\"og:description\" content=\"S\u00e5dan bliver du skil\u00e6rer i Frankrig. Hvilke kvaliteter og f\u00e6rdigheder skal man have for at f\u00e5 succes som A\" \/>\n<meta property=\"og:url\" content=\"https:\/\/test-technique-ski.fr\/da\/blive-alpinskilaerer\/\" \/>\n<meta property=\"og:site_name\" content=\"TEST TECHNIQUE SKI\" \/>\n<meta property=\"article:modified_time\" content=\"2025-08-29T12:14:41+00:00\" \/>\n<meta name=\"twitter:card\" content=\"summary_large_image\" \/>\n<meta name=\"twitter:label1\" content=\"Estimeret l\u00e6setid\" \/>\n\t<meta name=\"twitter:data1\" content=\"2 minutter\" \/>\n<script type=\"application\/ld+json\" class=\"yoast-schema-graph\">{\"@context\":\"https:\\\/\\\/schema.org\",\"@graph\":[{\"@type\":\"WebPage\",\"@id\":\"https:\\\/\\\/test-technique-ski.fr\\\/da\\\/blive-alpinskilaerer\\\/\",\"url\":\"https:\\\/\\\/test-technique-ski.fr\\\/da\\\/blive-alpinskilaerer\\\/\",\"name\":\"At blive skil\u00e6rer\",\"isPartOf\":{\"@id\":\"https:\\\/\\\/test-technique-ski.fr\\\/da\\\/#website\"},\"datePublished\":\"2023-01-07T08:50:20+00:00\",\"dateModified\":\"2025-08-29T12:14:41+00:00\",\"description\":\"S\u00e5dan bliver du skil\u00e6rer i Frankrig. Hvilke kvaliteter og f\u00e6rdigheder skal man have for at f\u00e5 succes som A\",\"inLanguage\":\"da-DK\",\"potentialAction\":[{\"@type\":\"ReadAction\",\"target\":[\"https:\\\/\\\/test-technique-ski.fr\\\/da\\\/blive-alpinskilaerer\\\/\"]}]},{\"@type\":\"WebSite\",\"@id\":\"https:\\\/\\\/test-technique-ski.fr\\\/da\\\/#website\",\"url\":\"https:\\\/\\\/test-technique-ski.fr\\\/da\\\/\",\"name\":\"TEST TECHNIQUE SKI\",\"description\":\"\",\"potentialAction\":[{\"@type\":\"SearchAction\",\"target\":{\"@type\":\"EntryPoint\",\"urlTemplate\":\"https:\\\/\\\/test-technique-ski.fr\\\/da\\\/?s={search_term_string}\"},\"query-input\":{\"@type\":\"PropertyValueSpecification\",\"valueRequired\":true,\"valueName\":\"search_term_string\"}}],\"inLanguage\":\"da-DK\"}]}<\/script>\n<!-- \/ Yoast SEO plugin. -->","yoast_head_json":{"title":"At blive skil\u00e6rer","description":"S\u00e5dan bliver du skil\u00e6rer i Frankrig. Hvilke kvaliteter og f\u00e6rdigheder skal man have for at f\u00e5 succes som A","robots":{"index":"index","follow":"follow","max-snippet":"max-snippet:-1","max-image-preview":"max-image-preview:large","max-video-preview":"max-video-preview:-1"},"canonical":"https:\/\/test-technique-ski.fr\/da\/blive-alpinskilaerer\/","og_locale":"da_DK","og_type":"article","og_title":"At blive skil\u00e6rer","og_description":"S\u00e5dan bliver du skil\u00e6rer i Frankrig. Hvilke kvaliteter og f\u00e6rdigheder skal man have for at f\u00e5 succes som A","og_url":"https:\/\/test-technique-ski.fr\/da\/blive-alpinskilaerer\/","og_site_name":"TEST TECHNIQUE SKI","article_modified_time":"2025-08-29T12:14:41+00:00","twitter_card":"summary_large_image","twitter_misc":{"Estimeret l\u00e6setid":"2 minutter"},"schema":{"@context":"https:\/\/schema.org","@graph":[{"@type":"WebPage","@id":"https:\/\/test-technique-ski.fr\/da\/blive-alpinskilaerer\/","url":"https:\/\/test-technique-ski.fr\/da\/blive-alpinskilaerer\/","name":"At blive skil\u00e6rer","isPartOf":{"@id":"https:\/\/test-technique-ski.fr\/da\/#website"},"datePublished":"2023-01-07T08:50:20+00:00","dateModified":"2025-08-29T12:14:41+00:00","description":"S\u00e5dan bliver du skil\u00e6rer i Frankrig. Hvilke kvaliteter og f\u00e6rdigheder skal man have for at f\u00e5 succes som A","inLanguage":"da-DK","potentialAction":[{"@type":"ReadAction","target":["https:\/\/test-technique-ski.fr\/da\/blive-alpinskilaerer\/"]}]},{"@type":"WebSite","@id":"https:\/\/test-technique-ski.fr\/da\/#website","url":"https:\/\/test-technique-ski.fr\/da\/","name":"TEST TECHNIQUE SKI","description":"","potentialAction":[{"@type":"SearchAction","target":{"@type":"EntryPoint","urlTemplate":"https:\/\/test-technique-ski.fr\/da\/?s={search_term_string}"},"query-input":{"@type":"PropertyValueSpecification","valueRequired":true,"valueName":"search_term_string"}}],"inLanguage":"da-DK"}]}},"_links":{"self":[{"href":"https:\/\/test-technique-ski.fr\/da\/wp-json\/wp\/v2\/pages\/574","targetHints":{"allow":["GET"]}}],"collection":[{"href":"https:\/\/test-technique-ski.fr\/da\/wp-json\/wp\/v2\/pages"}],"about":[{"href":"https:\/\/test-technique-ski.fr\/da\/wp-json\/wp\/v2\/types\/page"}],"author":[{"embeddable":true,"href":"https:\/\/test-technique-ski.fr\/da\/wp-json\/wp\/v2\/users\/1"}],"replies":[{"embeddable":true,"href":"https:\/\/test-technique-ski.fr\/da\/wp-json\/wp\/v2\/comments?post=574"}],"version-history":[{"count":0,"href":"https:\/\/test-technique-ski.fr\/da\/wp-json\/wp\/v2\/pages\/574\/revisions"}],"wp:attachment":[{"href":"https:\/\/test-technique-ski.fr\/da\/wp-json\/wp\/v2\/media?parent=574"}],"curies":[{"name":"wp","href":"https:\/\/api.w.org\/{rel}","templated":true}]}}