{"id":577,"date":"2023-01-06T08:40:08","date_gmt":"2023-01-06T08:40:08","guid":{"rendered":"https:\/\/test-technique-ski.fr\/results-test-technical-ski-alpin\/"},"modified":"2026-01-31T09:21:07","modified_gmt":"2026-01-31T09:21:07","slug":"resultater-tekniske-test-alpint-skiloeb","status":"publish","type":"page","link":"https:\/\/test-technique-ski.fr\/da\/resultater-tekniske-test-alpint-skiloeb\/","title":{"rendered":"Resultater af den tekniske test i alpint skil\u00f8b"},"content":{"rendered":"\n<h1 class=\"wp-block-heading\">Resultater af skitekniktesten<\/h1>\n\n<p>Resultaterne af den <a href=\"https:\/\/test-technique-ski.fr\/da\/\">tekniske pr\u00f8ve i alpint skil\u00f8b<\/a> er tilg\u00e6ngelige p\u00e5 internettet p\u00e5 det franske sportsministeriums platform for forvaltning af uddannelsesforl\u00f8b.<\/p>\n\n<h2 class=\"wp-block-heading\">Hvordan f\u00e5r jeg resultaterne af den tekniske skitest?<\/h2>\n\n<p>For at se resultaterne skal du logge ind p\u00e5 <a href=\"https:\/\/www.gepafom.fr\/jsra\/login\">gepafom.fr.<\/a> <\/p>\n\n<p>Hvis du ikke har en konto p\u00e5 GEPAFO Montagnes hjemmeside, skal du blot oprette en konto for at <a href=\"https:\/\/test-technique-ski.fr\/da\/registrering-af-skiteknisk-proeve\/\">tilmelde dig den tekniske skitest<\/a>.<\/p>\n\n<p>N\u00e5r du er logget ind p\u00e5 din GEPAFO-konto, skal du klikke p\u00e5 RESULTAT som vist p\u00e5 billedet nedenfor:<\/p>\n\n<figure class=\"wp-block-image size-full\"><img fetchpriority=\"high\" decoding=\"async\" width=\"944\" height=\"448\" src=\"https:\/\/test-technique-ski.fr\/wp-content\/uploads\/2023\/01\/resultats-test-technique-ski.jpg\" alt=\"Resultater af den tekniske test i alpint skil&#xF8;b\" class=\"wp-image-350\" title=\"Resultater af den tekniske test i alpint skil&#xF8;b\" srcset=\"https:\/\/test-technique-ski.fr\/wp-content\/uploads\/2023\/01\/resultats-test-technique-ski.jpg 944w, https:\/\/test-technique-ski.fr\/wp-content\/uploads\/2023\/01\/resultats-test-technique-ski-300x142.jpg 300w, https:\/\/test-technique-ski.fr\/wp-content\/uploads\/2023\/01\/resultats-test-technique-ski-768x364.jpg 768w\" sizes=\"(max-width: 944px) 100vw, 944px\" \/><figcaption class=\"wp-element-caption\">Ski 2026 Tekniske testresultater<\/figcaption><\/figure>\n\n<p>Resultaterne af den tekniske test for alpint skil\u00f8b er tilg\u00e6ngelige efter hver af de to \u00e5rlige tekniske testsessioner. Klik her for at se <a href=\"https:\/\/test-technique-ski.fr\/da\/datoer-test-teknik-skiloeb\/\">datoerne for den tekniske skitest i 2026<\/a>.<\/p>\n","protected":false},"excerpt":{"rendered":"<p>Resultater af skitekniktesten Resultaterne af den tekniske pr\u00f8ve i alpint skil\u00f8b er tilg\u00e6ngelige p\u00e5 internettet p\u00e5 det franske sportsministeriums platform for forvaltning af uddannelsesforl\u00f8b. Hvordan f\u00e5r jeg resultaterne af den tekniske skitest? For at se resultaterne skal du logge ind p\u00e5 gepafom.fr. Hvis du ikke har en konto p\u00e5 GEPAFO Montagnes hjemmeside, skal du blot [&hellip;]<\/p>\n","protected":false},"author":1,"featured_media":0,"parent":0,"menu_order":0,"comment_status":"closed","ping_status":"closed","template":"","meta":{"footnotes":""},"class_list":["post-577","page","type-page","status-publish","hentry"],"yoast_head":"<!-- This site is optimized with the Yoast SEO plugin v27.3 - https:\/\/yoast.com\/product\/yoast-seo-wordpress\/ -->\n<title>Resultater af den tekniske test i alpint skil\u00f8b<\/title>\n<meta name=\"description\" content=\"Resultaterne af den tekniske pr\u00f8ve i alpint skil\u00f8b kan findes direkte p\u00e5 internettet. Disse resultater er tilg\u00e6ngelige online.\" \/>\n<meta name=\"robots\" content=\"index, follow, max-snippet:-1, max-image-preview:large, max-video-preview:-1\" \/>\n<link rel=\"canonical\" href=\"https:\/\/test-technique-ski.fr\/da\/resultater-tekniske-test-alpint-skiloeb\/\" \/>\n<meta property=\"og:locale\" content=\"da_DK\" \/>\n<meta property=\"og:type\" content=\"article\" \/>\n<meta property=\"og:title\" content=\"Resultater af den tekniske test i alpint skil\u00f8b\" \/>\n<meta property=\"og:description\" content=\"Resultaterne af den tekniske pr\u00f8ve i alpint skil\u00f8b kan findes direkte p\u00e5 internettet. Disse resultater er tilg\u00e6ngelige online.\" \/>\n<meta property=\"og:url\" content=\"https:\/\/test-technique-ski.fr\/da\/resultater-tekniske-test-alpint-skiloeb\/\" \/>\n<meta property=\"og:site_name\" content=\"TEST TECHNIQUE SKI\" \/>\n<meta property=\"article:modified_time\" content=\"2026-01-31T09:21:07+00:00\" \/>\n<meta property=\"og:image\" content=\"https:\/\/test-technique-ski.fr\/wp-content\/uploads\/2023\/01\/resultats-test-technique-ski.jpg\" \/>\n\t<meta property=\"og:image:width\" content=\"944\" \/>\n\t<meta property=\"og:image:height\" content=\"448\" \/>\n\t<meta property=\"og:image:type\" content=\"image\/jpeg\" \/>\n<meta name=\"twitter:card\" content=\"summary_large_image\" \/>\n<meta name=\"twitter:label1\" content=\"Estimeret l\u00e6setid\" \/>\n\t<meta name=\"twitter:data1\" content=\"1 minut\" \/>\n<script type=\"application\/ld+json\" class=\"yoast-schema-graph\">{\"@context\":\"https:\\\/\\\/schema.org\",\"@graph\":[{\"@type\":\"WebPage\",\"@id\":\"https:\\\/\\\/test-technique-ski.fr\\\/da\\\/resultater-tekniske-test-alpint-skiloeb\\\/\",\"url\":\"https:\\\/\\\/test-technique-ski.fr\\\/da\\\/resultater-tekniske-test-alpint-skiloeb\\\/\",\"name\":\"Resultater af den tekniske test i alpint skil\u00f8b\",\"isPartOf\":{\"@id\":\"https:\\\/\\\/test-technique-ski.fr\\\/da\\\/#website\"},\"primaryImageOfPage\":{\"@id\":\"https:\\\/\\\/test-technique-ski.fr\\\/da\\\/resultater-tekniske-test-alpint-skiloeb\\\/#primaryimage\"},\"image\":{\"@id\":\"https:\\\/\\\/test-technique-ski.fr\\\/da\\\/resultater-tekniske-test-alpint-skiloeb\\\/#primaryimage\"},\"thumbnailUrl\":\"https:\\\/\\\/test-technique-ski.fr\\\/wp-content\\\/uploads\\\/2023\\\/01\\\/resultats-test-technique-ski.jpg\",\"datePublished\":\"2023-01-06T08:40:08+00:00\",\"dateModified\":\"2026-01-31T09:21:07+00:00\",\"description\":\"Resultaterne af den tekniske pr\u00f8ve i alpint skil\u00f8b kan findes direkte p\u00e5 internettet. Disse resultater er tilg\u00e6ngelige online.\",\"inLanguage\":\"da-DK\",\"potentialAction\":[{\"@type\":\"ReadAction\",\"target\":[\"https:\\\/\\\/test-technique-ski.fr\\\/da\\\/resultater-tekniske-test-alpint-skiloeb\\\/\"]}]},{\"@type\":\"ImageObject\",\"inLanguage\":\"da-DK\",\"@id\":\"https:\\\/\\\/test-technique-ski.fr\\\/da\\\/resultater-tekniske-test-alpint-skiloeb\\\/#primaryimage\",\"url\":\"https:\\\/\\\/test-technique-ski.fr\\\/wp-content\\\/uploads\\\/2023\\\/01\\\/resultats-test-technique-ski.jpg\",\"contentUrl\":\"https:\\\/\\\/test-technique-ski.fr\\\/wp-content\\\/uploads\\\/2023\\\/01\\\/resultats-test-technique-ski.jpg\"},{\"@type\":\"WebSite\",\"@id\":\"https:\\\/\\\/test-technique-ski.fr\\\/da\\\/#website\",\"url\":\"https:\\\/\\\/test-technique-ski.fr\\\/da\\\/\",\"name\":\"TEST TECHNIQUE SKI\",\"description\":\"\",\"potentialAction\":[{\"@type\":\"SearchAction\",\"target\":{\"@type\":\"EntryPoint\",\"urlTemplate\":\"https:\\\/\\\/test-technique-ski.fr\\\/da\\\/?s={search_term_string}\"},\"query-input\":{\"@type\":\"PropertyValueSpecification\",\"valueRequired\":true,\"valueName\":\"search_term_string\"}}],\"inLanguage\":\"da-DK\"}]}<\/script>\n<!-- \/ Yoast SEO plugin. -->","yoast_head_json":{"title":"Resultater af den tekniske test i alpint skil\u00f8b","description":"Resultaterne af den tekniske pr\u00f8ve i alpint skil\u00f8b kan findes direkte p\u00e5 internettet. Disse resultater er tilg\u00e6ngelige online.","robots":{"index":"index","follow":"follow","max-snippet":"max-snippet:-1","max-image-preview":"max-image-preview:large","max-video-preview":"max-video-preview:-1"},"canonical":"https:\/\/test-technique-ski.fr\/da\/resultater-tekniske-test-alpint-skiloeb\/","og_locale":"da_DK","og_type":"article","og_title":"Resultater af den tekniske test i alpint skil\u00f8b","og_description":"Resultaterne af den tekniske pr\u00f8ve i alpint skil\u00f8b kan findes direkte p\u00e5 internettet. Disse resultater er tilg\u00e6ngelige online.","og_url":"https:\/\/test-technique-ski.fr\/da\/resultater-tekniske-test-alpint-skiloeb\/","og_site_name":"TEST TECHNIQUE SKI","article_modified_time":"2026-01-31T09:21:07+00:00","og_image":[{"width":944,"height":448,"url":"https:\/\/test-technique-ski.fr\/wp-content\/uploads\/2023\/01\/resultats-test-technique-ski.jpg","type":"image\/jpeg"}],"twitter_card":"summary_large_image","twitter_misc":{"Estimeret l\u00e6setid":"1 minut"},"schema":{"@context":"https:\/\/schema.org","@graph":[{"@type":"WebPage","@id":"https:\/\/test-technique-ski.fr\/da\/resultater-tekniske-test-alpint-skiloeb\/","url":"https:\/\/test-technique-ski.fr\/da\/resultater-tekniske-test-alpint-skiloeb\/","name":"Resultater af den tekniske test i alpint skil\u00f8b","isPartOf":{"@id":"https:\/\/test-technique-ski.fr\/da\/#website"},"primaryImageOfPage":{"@id":"https:\/\/test-technique-ski.fr\/da\/resultater-tekniske-test-alpint-skiloeb\/#primaryimage"},"image":{"@id":"https:\/\/test-technique-ski.fr\/da\/resultater-tekniske-test-alpint-skiloeb\/#primaryimage"},"thumbnailUrl":"https:\/\/test-technique-ski.fr\/wp-content\/uploads\/2023\/01\/resultats-test-technique-ski.jpg","datePublished":"2023-01-06T08:40:08+00:00","dateModified":"2026-01-31T09:21:07+00:00","description":"Resultaterne af den tekniske pr\u00f8ve i alpint skil\u00f8b kan findes direkte p\u00e5 internettet. Disse resultater er tilg\u00e6ngelige online.","inLanguage":"da-DK","potentialAction":[{"@type":"ReadAction","target":["https:\/\/test-technique-ski.fr\/da\/resultater-tekniske-test-alpint-skiloeb\/"]}]},{"@type":"ImageObject","inLanguage":"da-DK","@id":"https:\/\/test-technique-ski.fr\/da\/resultater-tekniske-test-alpint-skiloeb\/#primaryimage","url":"https:\/\/test-technique-ski.fr\/wp-content\/uploads\/2023\/01\/resultats-test-technique-ski.jpg","contentUrl":"https:\/\/test-technique-ski.fr\/wp-content\/uploads\/2023\/01\/resultats-test-technique-ski.jpg"},{"@type":"WebSite","@id":"https:\/\/test-technique-ski.fr\/da\/#website","url":"https:\/\/test-technique-ski.fr\/da\/","name":"TEST TECHNIQUE SKI","description":"","potentialAction":[{"@type":"SearchAction","target":{"@type":"EntryPoint","urlTemplate":"https:\/\/test-technique-ski.fr\/da\/?s={search_term_string}"},"query-input":{"@type":"PropertyValueSpecification","valueRequired":true,"valueName":"search_term_string"}}],"inLanguage":"da-DK"}]}},"_links":{"self":[{"href":"https:\/\/test-technique-ski.fr\/da\/wp-json\/wp\/v2\/pages\/577","targetHints":{"allow":["GET"]}}],"collection":[{"href":"https:\/\/test-technique-ski.fr\/da\/wp-json\/wp\/v2\/pages"}],"about":[{"href":"https:\/\/test-technique-ski.fr\/da\/wp-json\/wp\/v2\/types\/page"}],"author":[{"embeddable":true,"href":"https:\/\/test-technique-ski.fr\/da\/wp-json\/wp\/v2\/users\/1"}],"replies":[{"embeddable":true,"href":"https:\/\/test-technique-ski.fr\/da\/wp-json\/wp\/v2\/comments?post=577"}],"version-history":[{"count":3,"href":"https:\/\/test-technique-ski.fr\/da\/wp-json\/wp\/v2\/pages\/577\/revisions"}],"predecessor-version":[{"id":3758,"href":"https:\/\/test-technique-ski.fr\/da\/wp-json\/wp\/v2\/pages\/577\/revisions\/3758"}],"wp:attachment":[{"href":"https:\/\/test-technique-ski.fr\/da\/wp-json\/wp\/v2\/media?parent=577"}],"curies":[{"name":"wp","href":"https:\/\/api.w.org\/{rel}","templated":true}]}}