{"id":1376,"date":"2024-01-11T09:21:47","date_gmt":"2024-01-11T09:21:47","guid":{"rendered":"https:\/\/test-technique-ski.fr\/ctt-common-training-test\/"},"modified":"2026-02-28T10:22:33","modified_gmt":"2026-02-28T10:22:33","slug":"ctt-common-training-test-eurotest","status":"publish","type":"page","link":"https:\/\/test-technique-ski.fr\/de\/ctt-common-training-test-eurotest\/","title":{"rendered":"CTT Common Training Test Ski Alpin"},"content":{"rendered":"\n<h1 class=\"wp-block-heading\">CTT Common Training Test f\u00fcr alpines Skifahren<\/h1>\n\n<p>Hier erfahren Sie alles, was Sie \u00fcber den Common Training Test (CTT) wissen m\u00fcssen: Anmeldebedingungen, Testdaten und eine Schritt-f\u00fcr-Schritt-Anleitung zur Anmeldung f\u00fcr den CTT f\u00fcr alpinen Skisport.<\/p>\n\n<h2 class=\"wp-block-heading\">Was ist der Common Training Test?<\/h2>\n\n<p>Der Common Training Test (CTT) ist eine Reihe von Bewertungen, die dazu dienen sollen, die F\u00e4higkeiten und Kenntnisse der Teilnehmer in verschiedenen Bereichen zu messen, darunter auch in Wintersportarten wie dem alpinen Skilaufen. Mit diesem Test wird das Niveau der Bewerberinnen und Bewerber bewertet, um sicherzustellen, dass sie \u00fcber die erforderlichen Qualifikationen verf\u00fcgen, um an bestimmten Schulungen oder Wettbewerben teilzunehmen. CTTs sind national und international anerkannt und bieten den Teilnehmern eine wertsch\u00e4tzende Zertifizierung f\u00fcr ihre sportliche oder berufliche Karriere.<\/p>\n\n<h2 class=\"wp-block-heading\">Welche Voraussetzungen m\u00fcssen erf\u00fcllt sein, um sich f\u00fcr einen CTT anzumelden?<\/h2>\n\n<p>Um sich f\u00fcr einen Common Training Test anzumelden, m\u00fcssen die Bewerber mehrere Bedingungen erf\u00fcllen, die je nach Art des Tests unterschiedlich sein k\u00f6nnen. Die Bedingungen beinhalten :<\/p>\n\n<ul class=\"wp-block-list\">\n<li>Ein bestimmtes Mindestalter erreicht haben (h\u00e4ufig 16 Jahre oder \u00e4lter).<\/li>\n\n\n\n<li>\u00dcber ein bestimmtes Ma\u00df an Kompetenz oder Vorbildung in dem betreffenden Bereich verf\u00fcgen.<\/li>\n\n\n\n<li>Ein \u00e4rztliches Attest vorlegen, in dem die F\u00e4higkeit zur Aus\u00fcbung der betreffenden Sportart best\u00e4tigt wird.<\/li>\n\n\n\n<li>Die Anmeldegeb\u00fchr f\u00fcr den Test entrichten.<\/li>\n<\/ul>\n\n<p>Es ist entscheidend, dass Sie sich die spezifischen Bedingungen f\u00fcr den CTT, f\u00fcr den Sie sich anmelden m\u00f6chten, ansehen, da diese unterschiedlich sein k\u00f6nnen.<\/p>\n\n<h2 class=\"wp-block-heading\">Was sind die Daten f\u00fcr die technische Pr\u00fcfung des CTT im Jahr 2026?<\/h2>\n\n<p>Hier die ersten von GEPAFO Montagne ver\u00f6ffentlichten Daten f\u00fcr die 1. Session 2025-2026:<\/p>\n\n<figure class=\"wp-block-table\"><table><tbody><tr><td class=\"has-text-align-center\" data-align=\"center\">Ort<\/td><td class=\"has-text-align-center\" data-align=\"center\">Dep.<\/td><td class=\"has-text-align-center\" data-align=\"center\">Termine der Tests<\/td><td class=\"has-text-align-center\" data-align=\"center\">Angemeldet min.<\/td><td class=\"has-text-align-center\" data-align=\"center\">Angemeldete max.<\/td><td class=\"has-text-align-center\" data-align=\"center\">Datum Er\u00f6ffnung Anmeldung<\/td><td class=\"has-text-align-center\" data-align=\"center\">Datum des Anmeldeschlusses<\/td><\/tr><tr><td class=\"has-text-align-center\" data-align=\"center\">L&#8217;Alpe d&#8217;Huez<\/td><td class=\"has-text-align-center\" data-align=\"center\">38<\/td><td class=\"has-text-align-center\" data-align=\"center\">18.12.2025 bis 20.12.2025<\/td><td class=\"has-text-align-center\" data-align=\"center\">40<\/td><td class=\"has-text-align-center\" data-align=\"center\">180<\/td><td class=\"has-text-align-center\" data-align=\"center\">13\/10\/2025<\/td><td class=\"has-text-align-center\" data-align=\"center\">21\/11\/2025<\/td><\/tr><tr><td class=\"has-text-align-center\" data-align=\"center\">Morzine<\/td><td class=\"has-text-align-center\" data-align=\"center\">74<\/td><td class=\"has-text-align-center\" data-align=\"center\">12\/01\/2026 bis 14\/01\/2026<\/td><td class=\"has-text-align-center\" data-align=\"center\">40<\/td><td class=\"has-text-align-center\" data-align=\"center\">180<\/td><td class=\"has-text-align-center\" data-align=\"center\">13\/10\/2025<\/td><td class=\"has-text-align-center\" data-align=\"center\">21\/11\/2025<\/td><\/tr><tr><td class=\"has-text-align-center\" data-align=\"center\"><a href=\"https:\/\/test-technique-ski.fr\/de\/test-technique-ski-alpin-menuires\/\">Les Menuires<\/a><\/td><td class=\"has-text-align-center\" data-align=\"center\">73<\/td><td class=\"has-text-align-center\" data-align=\"center\">22.01.2026 bis 24.01.2026<\/td><td class=\"has-text-align-center\" data-align=\"center\">40<\/td><td class=\"has-text-align-center\" data-align=\"center\">180<\/td><td class=\"has-text-align-center\" data-align=\"center\">13\/10\/2025<\/td><td class=\"has-text-align-center\" data-align=\"center\">21\/11\/2025<\/td><\/tr><tr><td class=\"has-text-align-center\" data-align=\"center\">Saint Lary Soulan<\/td><td class=\"has-text-align-center\" data-align=\"center\">65<\/td><td class=\"has-text-align-center\" data-align=\"center\">02\/02\/2026 bis 03\/02\/2026<\/td><td class=\"has-text-align-center\" data-align=\"center\">40<\/td><td class=\"has-text-align-center\" data-align=\"center\">90<\/td><td class=\"has-text-align-center\" data-align=\"center\">13\/10\/2025<\/td><td class=\"has-text-align-center\" data-align=\"center\">21\/11\/2025<\/td><\/tr><tr><td class=\"has-text-align-center\" data-align=\"center\">Serre Chevalier<\/td><td class=\"has-text-align-center\" data-align=\"center\">06<\/td><td class=\"has-text-align-center\" data-align=\"center\">04\/02\/2026 bis 06\/02\/2026<\/td><td class=\"has-text-align-center\" data-align=\"center\">40<\/td><td class=\"has-text-align-center\" data-align=\"center\">180<\/td><td class=\"has-text-align-center\" data-align=\"center\">13\/10\/2025<\/td><td class=\"has-text-align-center\" data-align=\"center\">21\/11\/2025<\/td><\/tr><tr><td class=\"has-text-align-center\" data-align=\"center\">Saint Lary Soulan<\/td><td class=\"has-text-align-center\" data-align=\"center\">65<\/td><td class=\"has-text-align-center\" data-align=\"center\">17\/03\/2026 bis 18\/03\/2026<\/td><td class=\"has-text-align-center\" data-align=\"center\">40<\/td><td class=\"has-text-align-center\" data-align=\"center\">90<\/td><td class=\"has-text-align-center\" data-align=\"center\">  09\/02\/2026<\/td><td class=\"has-text-align-center\" data-align=\"center\">  27\/02\/2026<\/td><\/tr><tr><td class=\"has-text-align-center\" data-align=\"center\">Auron<\/td><td class=\"has-text-align-center\" data-align=\"center\">06<\/td><td class=\"has-text-align-center\" data-align=\"center\">19\/03\/2026 bis 20\/03\/2026<\/td><td class=\"has-text-align-center\" data-align=\"center\">40<\/td><td class=\"has-text-align-center\" data-align=\"center\">90<\/td><td class=\"has-text-align-center\" data-align=\"center\">  09\/02\/2026<\/td><td class=\"has-text-align-center\" data-align=\"center\">  27\/02\/2026<\/td><\/tr><tr><td class=\"has-text-align-center\" data-align=\"center\">L&#8217;Alpe d&#8217;Huez<\/td><td class=\"has-text-align-center\" data-align=\"center\">38<\/td><td class=\"has-text-align-center\" data-align=\"center\">30\/03\/2026 bis 03\/04\/2026<\/td><td class=\"has-text-align-center\" data-align=\"center\">40<\/td><td class=\"has-text-align-center\" data-align=\"center\">360<\/td><td class=\"has-text-align-center\" data-align=\"center\">  09\/02\/2026<\/td><td class=\"has-text-align-center\" data-align=\"center\">  27\/02\/2026<\/td><\/tr><tr><td class=\"has-text-align-center\" data-align=\"center\"><a href=\"https:\/\/test-technique-ski.fr\/de\/val-thorens\/\" type=\"page\" id=\"3819\">Val Thorens<\/a><\/td><td class=\"has-text-align-center\" data-align=\"center\">73<\/td><td class=\"has-text-align-center\" data-align=\"center\">23\/04\/2026 bis 25\/04\/2026<\/td><td class=\"has-text-align-center\" data-align=\"center\">40<\/td><td class=\"has-text-align-center\" data-align=\"center\">180<\/td><td class=\"has-text-align-center\" data-align=\"center\">  09\/02\/2026<\/td><td class=\"has-text-align-center\" data-align=\"center\">  27\/02\/2026<\/td><\/tr><\/tbody><\/table><figcaption class=\"wp-element-caption\">Kalender der Termine f\u00fcr die technische Pr\u00fcfung C.T.T. in Frankreich im Jahr 2026<\/figcaption><\/figure>\n\n<h2 class=\"wp-block-heading\">CTT-Trainingslager in Les Menuires<\/h2>\n\n<p>Die ESF Academy in Les Menuires organisierte <strong>vom 12. bis 22. Januar 2026<\/strong> einen <a href=\"https:\/\/test-technique-ski.fr\/de\/vorbereitungskurs-fur-die-technische-prufung-im-ski-alpin\/\">Trainingslehrgang f\u00fcr den Technischen Test<\/a> des CTT im Slalomstadion <strong>von Les M\u00e9nuires<\/strong>. Dieser Kurs diente der Vorbereitung auf den Test Technique du CTT in Les Menuires, der vom 22. bis 24. Januar 2026 stattfand. <\/p>\n\n<p>Um an dem Praktikum teilzunehmen, k\u00f6nnen Sie <strong>Nicolas Flage<\/strong> unter <a href=\"tel:+33625690113\">06 25 69 01 13<\/a> kontaktieren.<\/p>\n\n<div style=\"height:30px\" aria-hidden=\"true\" class=\"wp-block-spacer\"><\/div>\n\n<h2 class=\"wp-block-heading\">Wie melde ich mich f\u00fcr ein CTT Ski Alpin an?<\/h2>\n\n<p>Um sich f\u00fcr ein CTT f\u00fcr Alpinski anzumelden, befolgen Sie diese Schritte:<\/p>\n\n<ol class=\"wp-block-list\">\n<li><strong>Besuchen Sie die offizielle Website:<\/strong> Besuchen Sie zun\u00e4chst die offizielle Website der Organisation, die die CTTs f\u00fcr alpinen Skilauf organisiert.<\/li>\n\n\n\n<li><strong>Sehen Sie sich die Anmeldebedingungen an:<\/strong> Vergewissern Sie sich, dass Sie alle Voraussetzungen f\u00fcr die Anmeldung erf\u00fcllen.<\/li>\n\n\n\n<li>W\u00e4hlen Sie <strong>das Datum:<\/strong> W\u00e4hlen Sie aus den vorgeschlagenen Daten f\u00fcr das CTT Ski Alpin ein passendes Datum aus.<\/li>\n\n\n\n<li><strong>F\u00fcllen Sie das Anmeldeformular aus:<\/strong> F\u00fcllen Sie das Online-Formular mit allen erforderlichen Informationen aus.<\/li>\n\n\n\n<li><strong>Bezahlen Sie die Anmeldegeb\u00fchr:<\/strong> Reichen Sie die Zahlung ein, um Ihre Anmeldung zum Test abzuschlie\u00dfen.<\/li>\n\n\n\n<li>Bereiten Sie sich <strong>auf den Test vor:<\/strong> Bereiten Sie sich entsprechend vor, um den CTT Alpinski zu bestehen.<\/li>\n<\/ol>\n\n<p>Achten Sie darauf, dass Sie alle von der Organisation bereitgestellten Richtlinien f\u00fcr eine erfolgreiche Anmeldung und eine angemessene Vorbereitung auf den Test befolgen.<\/p>\n","protected":false},"excerpt":{"rendered":"<p>CTT Common Training Test f\u00fcr alpines Skifahren Hier erfahren Sie alles, was Sie \u00fcber den Common Training Test (CTT) wissen m\u00fcssen: Anmeldebedingungen, Testdaten und eine Schritt-f\u00fcr-Schritt-Anleitung zur Anmeldung f\u00fcr den CTT f\u00fcr alpinen Skisport. Was ist der Common Training Test? Der Common Training Test (CTT) ist eine Reihe von Bewertungen, die dazu dienen sollen, die [&hellip;]<\/p>\n","protected":false},"author":1,"featured_media":0,"parent":0,"menu_order":0,"comment_status":"closed","ping_status":"closed","template":"","meta":{"footnotes":""},"class_list":["post-1376","page","type-page","status-publish","hentry"],"yoast_head":"<!-- This site is optimized with the Yoast SEO plugin v27.3 - https:\/\/yoast.com\/product\/yoast-seo-wordpress\/ -->\n<title>CTT Common Training Test Ski Alpin - TEST TECHNIQUE SKI<\/title>\n<meta name=\"description\" content=\"Der Eurotest hei\u00dft von nun an Common Training Test. Es erm\u00f6glicht mehreren europ\u00e4ischen L\u00e4ndern, einen technischen Test Ski Alpin zu organisieren.\" \/>\n<meta name=\"robots\" content=\"index, follow, max-snippet:-1, max-image-preview:large, max-video-preview:-1\" \/>\n<link rel=\"canonical\" href=\"https:\/\/test-technique-ski.fr\/de\/ctt-common-training-test-eurotest\/\" \/>\n<meta property=\"og:locale\" content=\"de_DE\" \/>\n<meta property=\"og:type\" content=\"article\" \/>\n<meta property=\"og:title\" content=\"CTT Common Training Test Ski Alpin - TEST TECHNIQUE SKI\" \/>\n<meta property=\"og:description\" content=\"Der Eurotest hei\u00dft von nun an Common Training Test. Es erm\u00f6glicht mehreren europ\u00e4ischen L\u00e4ndern, einen technischen Test Ski Alpin zu organisieren.\" \/>\n<meta property=\"og:url\" content=\"https:\/\/test-technique-ski.fr\/de\/ctt-common-training-test-eurotest\/\" \/>\n<meta property=\"og:site_name\" content=\"TEST TECHNIQUE SKI\" \/>\n<meta property=\"article:modified_time\" content=\"2026-02-28T10:22:33+00:00\" \/>\n<meta name=\"twitter:card\" content=\"summary_large_image\" \/>\n<meta name=\"twitter:label1\" content=\"Gesch\u00e4tzte Lesezeit\" \/>\n\t<meta name=\"twitter:data1\" content=\"3\u00a0Minuten\" \/>\n<script type=\"application\/ld+json\" class=\"yoast-schema-graph\">{\"@context\":\"https:\\\/\\\/schema.org\",\"@graph\":[{\"@type\":\"WebPage\",\"@id\":\"https:\\\/\\\/test-technique-ski.fr\\\/de\\\/ctt-common-training-test-eurotest\\\/\",\"url\":\"https:\\\/\\\/test-technique-ski.fr\\\/de\\\/ctt-common-training-test-eurotest\\\/\",\"name\":\"CTT Common Training Test Ski Alpin - TEST TECHNIQUE SKI\",\"isPartOf\":{\"@id\":\"https:\\\/\\\/test-technique-ski.fr\\\/de\\\/#website\"},\"datePublished\":\"2024-01-11T09:21:47+00:00\",\"dateModified\":\"2026-02-28T10:22:33+00:00\",\"description\":\"Der Eurotest hei\u00dft von nun an Common Training Test. Es erm\u00f6glicht mehreren europ\u00e4ischen L\u00e4ndern, einen technischen Test Ski Alpin zu organisieren.\",\"inLanguage\":\"de\",\"potentialAction\":[{\"@type\":\"ReadAction\",\"target\":[\"https:\\\/\\\/test-technique-ski.fr\\\/de\\\/ctt-common-training-test-eurotest\\\/\"]}]},{\"@type\":\"WebSite\",\"@id\":\"https:\\\/\\\/test-technique-ski.fr\\\/de\\\/#website\",\"url\":\"https:\\\/\\\/test-technique-ski.fr\\\/de\\\/\",\"name\":\"TEST TECHNIQUE SKI\",\"description\":\"\",\"potentialAction\":[{\"@type\":\"SearchAction\",\"target\":{\"@type\":\"EntryPoint\",\"urlTemplate\":\"https:\\\/\\\/test-technique-ski.fr\\\/de\\\/?s={search_term_string}\"},\"query-input\":{\"@type\":\"PropertyValueSpecification\",\"valueRequired\":true,\"valueName\":\"search_term_string\"}}],\"inLanguage\":\"de\"}]}<\/script>\n<!-- \/ Yoast SEO plugin. -->","yoast_head_json":{"title":"CTT Common Training Test Ski Alpin - TEST TECHNIQUE SKI","description":"Der Eurotest hei\u00dft von nun an Common Training Test. Es erm\u00f6glicht mehreren europ\u00e4ischen L\u00e4ndern, einen technischen Test Ski Alpin zu organisieren.","robots":{"index":"index","follow":"follow","max-snippet":"max-snippet:-1","max-image-preview":"max-image-preview:large","max-video-preview":"max-video-preview:-1"},"canonical":"https:\/\/test-technique-ski.fr\/de\/ctt-common-training-test-eurotest\/","og_locale":"de_DE","og_type":"article","og_title":"CTT Common Training Test Ski Alpin - TEST TECHNIQUE SKI","og_description":"Der Eurotest hei\u00dft von nun an Common Training Test. Es erm\u00f6glicht mehreren europ\u00e4ischen L\u00e4ndern, einen technischen Test Ski Alpin zu organisieren.","og_url":"https:\/\/test-technique-ski.fr\/de\/ctt-common-training-test-eurotest\/","og_site_name":"TEST TECHNIQUE SKI","article_modified_time":"2026-02-28T10:22:33+00:00","twitter_card":"summary_large_image","twitter_misc":{"Gesch\u00e4tzte Lesezeit":"3\u00a0Minuten"},"schema":{"@context":"https:\/\/schema.org","@graph":[{"@type":"WebPage","@id":"https:\/\/test-technique-ski.fr\/de\/ctt-common-training-test-eurotest\/","url":"https:\/\/test-technique-ski.fr\/de\/ctt-common-training-test-eurotest\/","name":"CTT Common Training Test Ski Alpin - TEST TECHNIQUE SKI","isPartOf":{"@id":"https:\/\/test-technique-ski.fr\/de\/#website"},"datePublished":"2024-01-11T09:21:47+00:00","dateModified":"2026-02-28T10:22:33+00:00","description":"Der Eurotest hei\u00dft von nun an Common Training Test. Es erm\u00f6glicht mehreren europ\u00e4ischen L\u00e4ndern, einen technischen Test Ski Alpin zu organisieren.","inLanguage":"de","potentialAction":[{"@type":"ReadAction","target":["https:\/\/test-technique-ski.fr\/de\/ctt-common-training-test-eurotest\/"]}]},{"@type":"WebSite","@id":"https:\/\/test-technique-ski.fr\/de\/#website","url":"https:\/\/test-technique-ski.fr\/de\/","name":"TEST TECHNIQUE SKI","description":"","potentialAction":[{"@type":"SearchAction","target":{"@type":"EntryPoint","urlTemplate":"https:\/\/test-technique-ski.fr\/de\/?s={search_term_string}"},"query-input":{"@type":"PropertyValueSpecification","valueRequired":true,"valueName":"search_term_string"}}],"inLanguage":"de"}]}},"_links":{"self":[{"href":"https:\/\/test-technique-ski.fr\/de\/wp-json\/wp\/v2\/pages\/1376","targetHints":{"allow":["GET"]}}],"collection":[{"href":"https:\/\/test-technique-ski.fr\/de\/wp-json\/wp\/v2\/pages"}],"about":[{"href":"https:\/\/test-technique-ski.fr\/de\/wp-json\/wp\/v2\/types\/page"}],"author":[{"embeddable":true,"href":"https:\/\/test-technique-ski.fr\/de\/wp-json\/wp\/v2\/users\/1"}],"replies":[{"embeddable":true,"href":"https:\/\/test-technique-ski.fr\/de\/wp-json\/wp\/v2\/comments?post=1376"}],"version-history":[{"count":10,"href":"https:\/\/test-technique-ski.fr\/de\/wp-json\/wp\/v2\/pages\/1376\/revisions"}],"predecessor-version":[{"id":3878,"href":"https:\/\/test-technique-ski.fr\/de\/wp-json\/wp\/v2\/pages\/1376\/revisions\/3878"}],"wp:attachment":[{"href":"https:\/\/test-technique-ski.fr\/de\/wp-json\/wp\/v2\/media?parent=1376"}],"curies":[{"name":"wp","href":"https:\/\/api.w.org\/{rel}","templated":true}]}}