{"id":2416,"date":"2025-03-31T12:53:37","date_gmt":"2025-03-31T11:53:37","guid":{"rendered":"https:\/\/test-technique-ski.fr\/stage-ski-ete\/"},"modified":"2026-02-28T10:02:02","modified_gmt":"2026-02-28T10:02:02","slug":"stage-ski-slalom-ete","status":"publish","type":"page","link":"https:\/\/test-technique-ski.fr\/de\/stage-ski-slalom-ete\/","title":{"rendered":"Ski-Wettkampfkurs im Sommer"},"content":{"rendered":"\n<h1 class=\"wp-block-heading\">Slalomskikurs in diesem Sommer in Tignes<\/h1>\n\n<h2 class=\"wp-block-heading\">Entdecken Sie die einzigartige Erfahrung eines Sommerpraktikums auf dem Gletscher von Tignes.<\/h2>\n\n<p>Nehmen Sie an unseren Slalomskikursen teil, die jeden Sommer auf dem Gletscher von Tignes in Frankreich stattfinden. Diese Kurse richten sich an Skirennfahrer, die ihre Technik au\u00dferhalb der Saison unter optimalen Bedingungen verbessern m\u00f6chten.  Die Teilnehmer sind junge Wettk\u00e4mpfer im Alter von 12 bis 18 Jahren und Erwachsene, die sich auf die technischen Tests f\u00fcr die Ausbildung zum Skilehrer vorbereiten.<\/p>\n\n<p><strong>Kontakt Praktikum Tignes Sommer 2026<\/strong>: Nicolas unter <a href=\"tel:0033625690113\">06 25 69 01 13<\/a><\/p>\n\n<div style=\"height:30px\" aria-hidden=\"true\" class=\"wp-block-spacer\"><\/div>\n\n<h2 class=\"wp-block-heading\">Warum sollten Sie sich f\u00fcr einen Slalomskikurs in Tignes im Sommer entscheiden ?<\/h2>\n\n<p>Der Gletscher von Tignes, der sich auf \u00fcber 3000 Meter H\u00f6he erhebt, bietet den ganzen Sommer \u00fcber au\u00dfergew\u00f6hnliche Bedingungen, die eine hohe Schneequalit\u00e4t und ein unvergleichliches Erlebnis garantieren. Unsere professionellen Trainer begleiten jeden Teilnehmer, um seine technischen und physischen F\u00e4higkeiten speziell f\u00fcr den Slalom zu entwickeln. <\/p>\n\n<h2 class=\"wp-block-heading\">Daten der Slalomskikurse in Tignes im Sommer 2026<\/h2>\n\n<ul class=\"wp-block-list\">\n<li>Praktikum vom <strong>29. Juni (16.30 Uhr) bis 4. Juli 2026 in Tignes<\/strong>: 5 Tage \/ 870 \u20ac alles inbegriffen<\/li>\n\n\n\n<li>Praktikum vom <strong>4. bis 9. Juli 2026 in Tignes<\/strong>: 5 Tage \/ 870 \u20ac alles inbegriffen<\/li>\n<\/ul>\n\n<div style=\"height:20px\" aria-hidden=\"true\" class=\"wp-block-spacer\"><\/div>\n\n<p>Wir bieten auch <a href=\"https:\/\/test-technique-ski.fr\/de\/stage-ski-slalom-automne\/\">Slalomskikurse im Herbst<\/a> in Amn\u00e9ville an, bevor die alpinen Skigebiete er\u00f6ffnen.<\/p>\n\n<h2 class=\"wp-block-heading\">Intensives und pers\u00f6nliches Programm<\/h2>\n\n<p>Unsere Sommerkurse bieten ein intensives Training mit Schwerpunkt auf :<\/p>\n\n<ul class=\"wp-block-list\">\n<li><strong>Slalomtechnik<\/strong>: Verbesserung der Flugbahnen, Tormanagement, Beschleunigung in den Kurven.<\/li>\n\n\n\n<li><strong>Videoanalyse<\/strong>: T\u00e4gliche personalisierte Nachbesprechungen zur Identifizierung von Verbesserungsm\u00f6glichkeiten.<\/li>\n\n\n\n<li><strong>Konditionstraining<\/strong>: Spezielle \u00dcbungen zur St\u00e4rkung Ihrer Muskulatur und zur Verbesserung Ihrer allgemeinen Fitness.<\/li>\n\n\n\n<li><strong>Mentales Coaching<\/strong>: Entwicklung der Konzentration, Stressmanagement bei Wettbewerben und Verbesserung des Selbstvertrauens.<\/li>\n<\/ul>\n\n<div style=\"height:20px\" aria-hidden=\"true\" class=\"wp-block-spacer\"><\/div>\n\n<figure class=\"wp-block-image size-large\"><img fetchpriority=\"high\" decoding=\"async\" width=\"1024\" height=\"771\" src=\"https:\/\/test-technique-ski.fr\/wp-content\/uploads\/2025\/03\/ski-tignes-1024x771.jpeg\" alt=\"\" class=\"wp-image-2437\" srcset=\"https:\/\/test-technique-ski.fr\/wp-content\/uploads\/2025\/03\/ski-tignes-1024x771.jpeg 1024w, https:\/\/test-technique-ski.fr\/wp-content\/uploads\/2025\/03\/ski-tignes-300x226.jpeg 300w, https:\/\/test-technique-ski.fr\/wp-content\/uploads\/2025\/03\/ski-tignes-768x578.jpeg 768w, https:\/\/test-technique-ski.fr\/wp-content\/uploads\/2025\/03\/ski-tignes.jpeg 1108w\" sizes=\"(max-width: 1024px) 100vw, 1024px\" \/><figcaption class=\"wp-element-caption\">Alpinski im Sommer auf dem Gletscher von Tignes<\/figcaption><\/figure>\n\n<h2 class=\"wp-block-heading\">Trainingsprogramm in einer au\u00dfergew\u00f6hnlichen Umgebung in Tignes<\/h2>\n\n<p>Tignes ist eine internationale Referenz f\u00fcr Sommerski, mit einem atemberaubenden Panorama und hochmodernen Einrichtungen.  <\/p>\n\n<ul class=\"wp-block-list\">\n<li><strong>Morgens Skifahren auf dem Gletscher von Tignes<\/strong>: Der Grande Motte Gletscher erm\u00f6glicht es den Athleten, fr\u00fch am Morgen bei optimalen Schneebedingungen zu fahren.<\/li>\n\n\n\n<li>Konditionstraining <strong>am Nachmittag<\/strong>: Spezifische Sitzungen mit Muskelaufbau, Gleichgewichts- und Koordinations\u00fcbungen, plyometrischen \u00dcbungen f\u00fcr Explosivit\u00e4t und angepasstem Herz-Kreislauf-Training zur Verbesserung der Ausdauer, die f\u00fcr Slalomwettbewerbe erforderlich ist.<\/li>\n<\/ul>\n\n<div style=\"height:20px\" aria-hidden=\"true\" class=\"wp-block-spacer\"><\/div>\n\n<h2 class=\"wp-block-heading\">Ein Team von erfahrenen Coaches<\/h2>\n\n<p>Unsere Trainer sind alle erfahrene Wettkampftrainer an <a href=\"https:\/\/www.esf-lesmenuires.fr\/les-menuires\/\">der ESF in Les Menuires<\/a> w\u00e4hrend der Wintersaison. Sie sind leidenschaftliche Profis und bringen ihr Fachwissen und ihre anerkannten p\u00e4dagogischen F\u00e4higkeiten ein, um jeden Athleten zum Erfolg und zur Selbst\u00fcberwindung zu f\u00fchren. <\/p>\n\n<h2 class=\"wp-block-heading\">F\u00fcr wen sind unsere Praktika geeignet?<\/h2>\n\n<p>Unsere Kurse richten sich an Junioren und Erwachsene, die ihre Zwischensaison optimieren m\u00f6chten, um bei den Winterwettbewerben gute Leistungen zu erbringen. Wir freuen uns auf Skifahrer, die bereits Erfahrung im Slalom haben und sich auf die n\u00e4chste Stufe der Wettk\u00e4mpfe begeben m\u00f6chten. <\/p>\n\n<ul class=\"wp-block-list\">\n<li>Jugendliche im Alter von 10 bis 20 Jahren, die an Wettk\u00e4mpfen teilnehmen oder im Winter im Sportclub sind.<\/li>\n\n\n\n<li>Erwachsene \u00fcber 18 Jahre, die sich auf den <a href=\"https:\/\/test-technique-ski.fr\/de\/\">technischen Test f\u00fcr Alpinski<\/a> oder <a href=\"https:\/\/test-technique-ski.fr\/de\/ctt-common-training-test-eurotest\/\">den Eurotest<\/a> vorbereiten.<\/li>\n<\/ul>\n\n<div style=\"height:20px\" aria-hidden=\"true\" class=\"wp-block-spacer\"><\/div>\n\n<h2 class=\"wp-block-heading\">Buchen Sie Ihr Praktikum jetzt!<\/h2>\n\n<p>Die Pl\u00e4tze f\u00fcr unsere sommerlichen Slalomkurse auf dem Gletscher von Tignes sind begrenzt, um eine optimale Betreuung zu gew\u00e4hrleisten.  <\/p>\n\n<p><strong>Kontaktieren Sie Nicolas<\/strong> unter <a href=\"tel:0033625690113\">06 25 69 01 13<\/a> noch heute, um Ihren Kurs zu buchen und diese einmalige Gelegenheit zu nutzen, Ihre Leistungen auf den Pisten zu verbessern.<\/p>\n","protected":false},"excerpt":{"rendered":"<p>Slalomskikurs in diesem Sommer in Tignes Entdecken Sie die einzigartige Erfahrung eines Sommerpraktikums auf dem Gletscher von Tignes. Nehmen Sie an unseren Slalomskikursen teil, die jeden Sommer auf dem Gletscher von Tignes in Frankreich stattfinden. Diese Kurse richten sich an Skirennfahrer, die ihre Technik au\u00dferhalb der Saison unter optimalen Bedingungen verbessern m\u00f6chten. Die Teilnehmer sind [&hellip;]<\/p>\n","protected":false},"author":1,"featured_media":0,"parent":0,"menu_order":0,"comment_status":"closed","ping_status":"closed","template":"","meta":{"footnotes":""},"class_list":["post-2416","page","type-page","status-publish","hentry"],"yoast_head":"<!-- This site is optimized with the Yoast SEO plugin v27.3 - https:\/\/yoast.com\/product\/yoast-seo-wordpress\/ -->\n<title>Ski-Wettkampfkurs im Sommer - TEST TECHNIQUE SKI<\/title>\n<meta name=\"description\" content=\"Nehmen Sie an unseren Skislalom-Wettkampfkursen im Sommer teil, um sich auf die Wintersaison vorzubereiten. Ski-Wettkampfkurse f\u00fcr Jugendliche und Erwachsene\" \/>\n<meta name=\"robots\" content=\"index, follow, max-snippet:-1, max-image-preview:large, max-video-preview:-1\" \/>\n<link rel=\"canonical\" href=\"https:\/\/test-technique-ski.fr\/de\/stage-ski-slalom-ete\/\" \/>\n<meta property=\"og:locale\" content=\"de_DE\" \/>\n<meta property=\"og:type\" content=\"article\" \/>\n<meta property=\"og:title\" content=\"Ski-Wettkampfkurs im Sommer - TEST TECHNIQUE SKI\" \/>\n<meta property=\"og:description\" content=\"Nehmen Sie an unseren Skislalom-Wettkampfkursen im Sommer teil, um sich auf die Wintersaison vorzubereiten. Ski-Wettkampfkurse f\u00fcr Jugendliche und Erwachsene\" \/>\n<meta property=\"og:url\" content=\"https:\/\/test-technique-ski.fr\/de\/stage-ski-slalom-ete\/\" \/>\n<meta property=\"og:site_name\" content=\"TEST TECHNIQUE SKI\" \/>\n<meta property=\"article:modified_time\" content=\"2026-02-28T10:02:02+00:00\" \/>\n<meta property=\"og:image\" content=\"https:\/\/test-technique-ski.fr\/wp-content\/uploads\/2025\/03\/ski-tignes.jpeg\" \/>\n\t<meta property=\"og:image:width\" content=\"1108\" \/>\n\t<meta property=\"og:image:height\" content=\"834\" \/>\n\t<meta property=\"og:image:type\" content=\"image\/jpeg\" \/>\n<meta name=\"twitter:card\" content=\"summary_large_image\" \/>\n<meta name=\"twitter:label1\" content=\"Gesch\u00e4tzte Lesezeit\" \/>\n\t<meta name=\"twitter:data1\" content=\"3\u00a0Minuten\" \/>\n<script type=\"application\/ld+json\" class=\"yoast-schema-graph\">{\"@context\":\"https:\\\/\\\/schema.org\",\"@graph\":[{\"@type\":\"WebPage\",\"@id\":\"https:\\\/\\\/test-technique-ski.fr\\\/de\\\/stage-ski-slalom-ete\\\/\",\"url\":\"https:\\\/\\\/test-technique-ski.fr\\\/de\\\/stage-ski-slalom-ete\\\/\",\"name\":\"Ski-Wettkampfkurs im Sommer - TEST TECHNIQUE SKI\",\"isPartOf\":{\"@id\":\"https:\\\/\\\/test-technique-ski.fr\\\/de\\\/#website\"},\"primaryImageOfPage\":{\"@id\":\"https:\\\/\\\/test-technique-ski.fr\\\/de\\\/stage-ski-slalom-ete\\\/#primaryimage\"},\"image\":{\"@id\":\"https:\\\/\\\/test-technique-ski.fr\\\/de\\\/stage-ski-slalom-ete\\\/#primaryimage\"},\"thumbnailUrl\":\"https:\\\/\\\/test-technique-ski.fr\\\/wp-content\\\/uploads\\\/2025\\\/03\\\/ski-tignes-1024x771.jpeg\",\"datePublished\":\"2025-03-31T11:53:37+00:00\",\"dateModified\":\"2026-02-28T10:02:02+00:00\",\"description\":\"Nehmen Sie an unseren Skislalom-Wettkampfkursen im Sommer teil, um sich auf die Wintersaison vorzubereiten. Ski-Wettkampfkurse f\u00fcr Jugendliche und Erwachsene\",\"inLanguage\":\"de\",\"potentialAction\":[{\"@type\":\"ReadAction\",\"target\":[\"https:\\\/\\\/test-technique-ski.fr\\\/de\\\/stage-ski-slalom-ete\\\/\"]}]},{\"@type\":\"ImageObject\",\"inLanguage\":\"de\",\"@id\":\"https:\\\/\\\/test-technique-ski.fr\\\/de\\\/stage-ski-slalom-ete\\\/#primaryimage\",\"url\":\"https:\\\/\\\/test-technique-ski.fr\\\/wp-content\\\/uploads\\\/2025\\\/03\\\/ski-tignes-1024x771.jpeg\",\"contentUrl\":\"https:\\\/\\\/test-technique-ski.fr\\\/wp-content\\\/uploads\\\/2025\\\/03\\\/ski-tignes-1024x771.jpeg\"},{\"@type\":\"WebSite\",\"@id\":\"https:\\\/\\\/test-technique-ski.fr\\\/de\\\/#website\",\"url\":\"https:\\\/\\\/test-technique-ski.fr\\\/de\\\/\",\"name\":\"TEST TECHNIQUE SKI\",\"description\":\"\",\"potentialAction\":[{\"@type\":\"SearchAction\",\"target\":{\"@type\":\"EntryPoint\",\"urlTemplate\":\"https:\\\/\\\/test-technique-ski.fr\\\/de\\\/?s={search_term_string}\"},\"query-input\":{\"@type\":\"PropertyValueSpecification\",\"valueRequired\":true,\"valueName\":\"search_term_string\"}}],\"inLanguage\":\"de\"}]}<\/script>\n<!-- \/ Yoast SEO plugin. -->","yoast_head_json":{"title":"Ski-Wettkampfkurs im Sommer - TEST TECHNIQUE SKI","description":"Nehmen Sie an unseren Skislalom-Wettkampfkursen im Sommer teil, um sich auf die Wintersaison vorzubereiten. Ski-Wettkampfkurse f\u00fcr Jugendliche und Erwachsene","robots":{"index":"index","follow":"follow","max-snippet":"max-snippet:-1","max-image-preview":"max-image-preview:large","max-video-preview":"max-video-preview:-1"},"canonical":"https:\/\/test-technique-ski.fr\/de\/stage-ski-slalom-ete\/","og_locale":"de_DE","og_type":"article","og_title":"Ski-Wettkampfkurs im Sommer - TEST TECHNIQUE SKI","og_description":"Nehmen Sie an unseren Skislalom-Wettkampfkursen im Sommer teil, um sich auf die Wintersaison vorzubereiten. Ski-Wettkampfkurse f\u00fcr Jugendliche und Erwachsene","og_url":"https:\/\/test-technique-ski.fr\/de\/stage-ski-slalom-ete\/","og_site_name":"TEST TECHNIQUE SKI","article_modified_time":"2026-02-28T10:02:02+00:00","og_image":[{"width":1108,"height":834,"url":"https:\/\/test-technique-ski.fr\/wp-content\/uploads\/2025\/03\/ski-tignes.jpeg","type":"image\/jpeg"}],"twitter_card":"summary_large_image","twitter_misc":{"Gesch\u00e4tzte Lesezeit":"3\u00a0Minuten"},"schema":{"@context":"https:\/\/schema.org","@graph":[{"@type":"WebPage","@id":"https:\/\/test-technique-ski.fr\/de\/stage-ski-slalom-ete\/","url":"https:\/\/test-technique-ski.fr\/de\/stage-ski-slalom-ete\/","name":"Ski-Wettkampfkurs im Sommer - TEST TECHNIQUE SKI","isPartOf":{"@id":"https:\/\/test-technique-ski.fr\/de\/#website"},"primaryImageOfPage":{"@id":"https:\/\/test-technique-ski.fr\/de\/stage-ski-slalom-ete\/#primaryimage"},"image":{"@id":"https:\/\/test-technique-ski.fr\/de\/stage-ski-slalom-ete\/#primaryimage"},"thumbnailUrl":"https:\/\/test-technique-ski.fr\/wp-content\/uploads\/2025\/03\/ski-tignes-1024x771.jpeg","datePublished":"2025-03-31T11:53:37+00:00","dateModified":"2026-02-28T10:02:02+00:00","description":"Nehmen Sie an unseren Skislalom-Wettkampfkursen im Sommer teil, um sich auf die Wintersaison vorzubereiten. Ski-Wettkampfkurse f\u00fcr Jugendliche und Erwachsene","inLanguage":"de","potentialAction":[{"@type":"ReadAction","target":["https:\/\/test-technique-ski.fr\/de\/stage-ski-slalom-ete\/"]}]},{"@type":"ImageObject","inLanguage":"de","@id":"https:\/\/test-technique-ski.fr\/de\/stage-ski-slalom-ete\/#primaryimage","url":"https:\/\/test-technique-ski.fr\/wp-content\/uploads\/2025\/03\/ski-tignes-1024x771.jpeg","contentUrl":"https:\/\/test-technique-ski.fr\/wp-content\/uploads\/2025\/03\/ski-tignes-1024x771.jpeg"},{"@type":"WebSite","@id":"https:\/\/test-technique-ski.fr\/de\/#website","url":"https:\/\/test-technique-ski.fr\/de\/","name":"TEST TECHNIQUE SKI","description":"","potentialAction":[{"@type":"SearchAction","target":{"@type":"EntryPoint","urlTemplate":"https:\/\/test-technique-ski.fr\/de\/?s={search_term_string}"},"query-input":{"@type":"PropertyValueSpecification","valueRequired":true,"valueName":"search_term_string"}}],"inLanguage":"de"}]}},"_links":{"self":[{"href":"https:\/\/test-technique-ski.fr\/de\/wp-json\/wp\/v2\/pages\/2416","targetHints":{"allow":["GET"]}}],"collection":[{"href":"https:\/\/test-technique-ski.fr\/de\/wp-json\/wp\/v2\/pages"}],"about":[{"href":"https:\/\/test-technique-ski.fr\/de\/wp-json\/wp\/v2\/types\/page"}],"author":[{"embeddable":true,"href":"https:\/\/test-technique-ski.fr\/de\/wp-json\/wp\/v2\/users\/1"}],"replies":[{"embeddable":true,"href":"https:\/\/test-technique-ski.fr\/de\/wp-json\/wp\/v2\/comments?post=2416"}],"version-history":[{"count":3,"href":"https:\/\/test-technique-ski.fr\/de\/wp-json\/wp\/v2\/pages\/2416\/revisions"}],"predecessor-version":[{"id":3808,"href":"https:\/\/test-technique-ski.fr\/de\/wp-json\/wp\/v2\/pages\/2416\/revisions\/3808"}],"wp:attachment":[{"href":"https:\/\/test-technique-ski.fr\/de\/wp-json\/wp\/v2\/media?parent=2416"}],"curies":[{"name":"wp","href":"https:\/\/api.w.org\/{rel}","templated":true}]}}