{"id":2527,"date":"2025-03-31T14:35:08","date_gmt":"2025-03-31T13:35:08","guid":{"rendered":"https:\/\/test-technique-ski.fr\/stage-ski-slalom-automne\/"},"modified":"2026-01-05T20:11:12","modified_gmt":"2026-01-05T20:11:12","slug":"stage-ski-slalom-automne","status":"publish","type":"page","link":"https:\/\/test-technique-ski.fr\/de\/stage-ski-slalom-automne\/","title":{"rendered":"Slalomskikurs im Herbst"},"content":{"rendered":"\n<h1 class=\"wp-block-heading\">Skiwettkampf-Trainingslager in Allerheiligen<\/h1>\n\n<h2 class=\"wp-block-heading\">Herbstkurs f\u00fcr alpinen Skirennsport in der SnowWorld von Amn\u00e9ville<\/h2>\n\n<p>Nehmen Sie an unseren <a href=\"https:\/\/test-technique-ski.fr\/de\/stage-ski-slalom-amneville\/\">Slalomskikursen in Amn\u00e9ville<\/a> teil. Unsere intensiven Ski-Wettkampfkurse werden im SnowWorld Indoor-Zentrum in Amn\u00e9ville in Frankreich organisiert. Wie unsere <a href=\"https:\/\/test-technique-ski.fr\/de\/stage-ski-slalom-ete\/\">Slalomskikurse im Sommer in Tignes<\/a> sind auch diese Kurse eine ausgezeichnete Vorbereitung auf die Wintersaison. Sie erm\u00f6glichen es den Skifahrern, im Oktober, wenn die Skigebiete noch nicht ge\u00f6ffnet sind, unter optimalen Bedingungen an ihrer Technik zu arbeiten.<\/p>\n\n<h2 class=\"wp-block-heading\">Warum sollten Sie sich f\u00fcr einen Skikurs in Amn\u00e9ville an Allerheiligen entscheiden?<\/h2>\n\n<p>Der Indoor-Dome <a href=\"https:\/\/www.snowworld.com\/amneville\/fr\">SnowWorld in Amn\u00e9ville<\/a> bietet perfekte Bedingungen mit schneebedeckten Pisten das ganze Jahr \u00fcber. Wir reservieren und privatisieren Korridore speziell f\u00fcr unsere Slalomtrainings und garantieren so einen idealen Rahmen f\u00fcr effektive Fortschritte.<\/p>\n\n<p><strong>Kontakt zum Skikurs Herbst 2026<\/strong>: Nicolas unter <a href=\"tel:0033625690113\">06 25 69 01 13<\/a><\/p>\n\n<div style=\"height:30px\" aria-hidden=\"true\" class=\"wp-block-spacer\"><\/div>\n\n<figure class=\"wp-block-image size-large\"><img fetchpriority=\"high\" decoding=\"async\" width=\"1024\" height=\"865\" src=\"https:\/\/test-technique-ski.fr\/wp-content\/uploads\/2025\/03\/IMG_1992-1024x865.jpg\" alt=\"\" class=\"wp-image-2667\" srcset=\"https:\/\/test-technique-ski.fr\/wp-content\/uploads\/2025\/03\/IMG_1992-1024x865.jpg 1024w, https:\/\/test-technique-ski.fr\/wp-content\/uploads\/2025\/03\/IMG_1992-300x253.jpg 300w, https:\/\/test-technique-ski.fr\/wp-content\/uploads\/2025\/03\/IMG_1992-768x649.jpg 768w, https:\/\/test-technique-ski.fr\/wp-content\/uploads\/2025\/03\/IMG_1992.jpg 1290w\" sizes=\"(max-width: 1024px) 100vw, 1024px\" \/><figcaption class=\"wp-element-caption\">Indoor-Slalomskikurs im Oktober in Amn\u00e9ville<\/figcaption><\/figure>\n\n<h2 class=\"wp-block-heading\">Ein intensives und umfassendes Programm<\/h2>\n\n<p>Unsere Kurse beinhalten t\u00e4glich mehrere Stunden Slalomskifahren, gefolgt von gr\u00fcndlichen k\u00f6rperlichen Trainingseinheiten, um maximale Fortschritte zu garantieren:<\/p>\n\n<ul class=\"wp-block-list\">\n<li><strong>Intensives Slalomtraining<\/strong>: Pr\u00e4zise technische Arbeit in privaten Korridoren, gezielte \u00dcbungen mit Zeitmessung.<\/li>\n\n\n\n<li><strong>Konditionstraining<\/strong>: Wettkampfspezifisches Training, Muskelaufbau, Plyometrie, Ausdauertraining und Koordinations\u00fcbungen.<\/li>\n\n\n\n<li><strong>Videoanalyse <\/strong>: Pers\u00f6nliche Nachbesprechungen zur schnellen Identifizierung von Verbesserungsm\u00f6glichkeiten.<\/li>\n<\/ul>\n\n<div style=\"height:20px\" aria-hidden=\"true\" class=\"wp-block-spacer\"><\/div>\n\n<h2 class=\"wp-block-heading\">Termine und Preise f\u00fcr unsere Herbstkurse in Amn\u00e9ville<\/h2>\n\n<ul class=\"wp-block-list\">\n<li><strong>Vom 18. Oktober bis 22. Oktober 2026<\/strong>: 4 Tage \/ 790\u20ac alles inklusive (au\u00dfer Bustransport*)<\/li>\n\n\n\n<li><strong>Vom 22. Oktober bis 26. Oktober 2026<\/strong>: 4 Tage \/ 790\u20ac alles inklusive (au\u00dfer Bustransport*)<\/li>\n<\/ul>\n\n<div style=\"height:10px\" aria-hidden=\"true\" class=\"wp-block-spacer\"><\/div>\n\n<p><strong>Diese Preise beinhalten Unterkunft, Verpflegung, Skip\u00e4sse und professionelle Betreuung.<\/strong><\/p>\n\n<div style=\"height:20px\" aria-hidden=\"true\" class=\"wp-block-spacer\"><\/div>\n\n<h2 class=\"wp-block-heading\">Betreuung durch anerkannte Fachleute<\/h2>\n\n<p>Unser professionelles Trainerteam, das aus nationalen Wettk\u00e4mpfen und der <a href=\"https:\/\/www.esf-lesmenuires.fr\/les-menuires\/\">ESF Les Menuires<\/a> hervorgegangen ist, wird Sie w\u00e4hrend des gesamten Kurses technisch und pers\u00f6nlich betreuen. Ihr Fachwissen und ihre Ratschl\u00e4ge werden Ihnen helfen, Selbstvertrauen zu gewinnen und sich auf die Winterwettbewerbe vorzubereiten.<\/p>\n\n<h2 class=\"wp-block-heading\">Buchen Sie schnell Ihren Herbstvorbereitungskurs in Amn\u00e9ville!<\/h2>\n\n<p>Die Pl\u00e4tze sind begrenzt, um die Qualit\u00e4t unserer Betreuung zu gew\u00e4hrleisten. Warten Sie nicht l\u00e4nger, um Ihren Platz zu reservieren und Ihre Vorbereitung auf die Winterwettkampfsaison zu optimieren.<\/p>\n\n<p><strong>Kontakt zum Skikurs Herbst 2026<\/strong>: Nicolas unter <a href=\"tel:0033625690113\">06 25 69 01 13<\/a><\/p>\n","protected":false},"excerpt":{"rendered":"<p>Skiwettkampf-Trainingslager in Allerheiligen Herbstkurs f\u00fcr alpinen Skirennsport in der SnowWorld von Amn\u00e9ville Nehmen Sie an unseren Slalomskikursen in Amn\u00e9ville teil. Unsere intensiven Ski-Wettkampfkurse werden im SnowWorld Indoor-Zentrum in Amn\u00e9ville in Frankreich organisiert. Wie unsere Slalomskikurse im Sommer in Tignes sind auch diese Kurse eine ausgezeichnete Vorbereitung auf die Wintersaison. Sie erm\u00f6glichen es den Skifahrern, im [&hellip;]<\/p>\n","protected":false},"author":1,"featured_media":0,"parent":0,"menu_order":0,"comment_status":"closed","ping_status":"closed","template":"","meta":{"footnotes":""},"class_list":["post-2527","page","type-page","status-publish","hentry"],"yoast_head":"<!-- This site is optimized with the Yoast SEO plugin v27.3 - https:\/\/yoast.com\/product\/yoast-seo-wordpress\/ -->\n<title>Slalomskikurs im Herbst - TEST TECHNIQUE SKI<\/title>\n<meta name=\"description\" content=\"Nehmen Sie an unseren Ski-Wettkampfkursen im Herbst in Amn\u00e9ville teil, um sich auf die Wintersaison vorzubereiten. Slalomkurse f\u00fcr Jugendliche und Erwachsene\" \/>\n<meta name=\"robots\" content=\"index, follow, max-snippet:-1, max-image-preview:large, max-video-preview:-1\" \/>\n<link rel=\"canonical\" href=\"https:\/\/test-technique-ski.fr\/de\/stage-ski-slalom-automne\/\" \/>\n<meta property=\"og:locale\" content=\"de_DE\" \/>\n<meta property=\"og:type\" content=\"article\" \/>\n<meta property=\"og:title\" content=\"Slalomskikurs im Herbst - TEST TECHNIQUE SKI\" \/>\n<meta property=\"og:description\" content=\"Nehmen Sie an unseren Ski-Wettkampfkursen im Herbst in Amn\u00e9ville teil, um sich auf die Wintersaison vorzubereiten. Slalomkurse f\u00fcr Jugendliche und Erwachsene\" \/>\n<meta property=\"og:url\" content=\"https:\/\/test-technique-ski.fr\/de\/stage-ski-slalom-automne\/\" \/>\n<meta property=\"og:site_name\" content=\"TEST TECHNIQUE SKI\" \/>\n<meta property=\"article:modified_time\" content=\"2026-01-05T20:11:12+00:00\" \/>\n<meta property=\"og:image\" content=\"https:\/\/test-technique-ski.fr\/wp-content\/uploads\/2025\/03\/IMG_1992.jpg\" \/>\n\t<meta property=\"og:image:width\" content=\"1290\" \/>\n\t<meta property=\"og:image:height\" content=\"1090\" \/>\n\t<meta property=\"og:image:type\" content=\"image\/jpeg\" \/>\n<meta name=\"twitter:card\" content=\"summary_large_image\" \/>\n<meta name=\"twitter:label1\" content=\"Gesch\u00e4tzte Lesezeit\" \/>\n\t<meta name=\"twitter:data1\" content=\"2\u00a0Minuten\" \/>\n<script type=\"application\/ld+json\" class=\"yoast-schema-graph\">{\"@context\":\"https:\\\/\\\/schema.org\",\"@graph\":[{\"@type\":\"WebPage\",\"@id\":\"https:\\\/\\\/test-technique-ski.fr\\\/de\\\/stage-ski-slalom-automne\\\/\",\"url\":\"https:\\\/\\\/test-technique-ski.fr\\\/de\\\/stage-ski-slalom-automne\\\/\",\"name\":\"Slalomskikurs im Herbst - TEST TECHNIQUE SKI\",\"isPartOf\":{\"@id\":\"https:\\\/\\\/test-technique-ski.fr\\\/de\\\/#website\"},\"primaryImageOfPage\":{\"@id\":\"https:\\\/\\\/test-technique-ski.fr\\\/de\\\/stage-ski-slalom-automne\\\/#primaryimage\"},\"image\":{\"@id\":\"https:\\\/\\\/test-technique-ski.fr\\\/de\\\/stage-ski-slalom-automne\\\/#primaryimage\"},\"thumbnailUrl\":\"https:\\\/\\\/test-technique-ski.fr\\\/wp-content\\\/uploads\\\/2025\\\/03\\\/IMG_1992-1024x865.jpg\",\"datePublished\":\"2025-03-31T13:35:08+00:00\",\"dateModified\":\"2026-01-05T20:11:12+00:00\",\"description\":\"Nehmen Sie an unseren Ski-Wettkampfkursen im Herbst in Amn\u00e9ville teil, um sich auf die Wintersaison vorzubereiten. Slalomkurse f\u00fcr Jugendliche und Erwachsene\",\"inLanguage\":\"de\",\"potentialAction\":[{\"@type\":\"ReadAction\",\"target\":[\"https:\\\/\\\/test-technique-ski.fr\\\/de\\\/stage-ski-slalom-automne\\\/\"]}]},{\"@type\":\"ImageObject\",\"inLanguage\":\"de\",\"@id\":\"https:\\\/\\\/test-technique-ski.fr\\\/de\\\/stage-ski-slalom-automne\\\/#primaryimage\",\"url\":\"https:\\\/\\\/test-technique-ski.fr\\\/wp-content\\\/uploads\\\/2025\\\/03\\\/IMG_1992-1024x865.jpg\",\"contentUrl\":\"https:\\\/\\\/test-technique-ski.fr\\\/wp-content\\\/uploads\\\/2025\\\/03\\\/IMG_1992-1024x865.jpg\"},{\"@type\":\"WebSite\",\"@id\":\"https:\\\/\\\/test-technique-ski.fr\\\/de\\\/#website\",\"url\":\"https:\\\/\\\/test-technique-ski.fr\\\/de\\\/\",\"name\":\"TEST TECHNIQUE SKI\",\"description\":\"\",\"potentialAction\":[{\"@type\":\"SearchAction\",\"target\":{\"@type\":\"EntryPoint\",\"urlTemplate\":\"https:\\\/\\\/test-technique-ski.fr\\\/de\\\/?s={search_term_string}\"},\"query-input\":{\"@type\":\"PropertyValueSpecification\",\"valueRequired\":true,\"valueName\":\"search_term_string\"}}],\"inLanguage\":\"de\"}]}<\/script>\n<!-- \/ Yoast SEO plugin. -->","yoast_head_json":{"title":"Slalomskikurs im Herbst - TEST TECHNIQUE SKI","description":"Nehmen Sie an unseren Ski-Wettkampfkursen im Herbst in Amn\u00e9ville teil, um sich auf die Wintersaison vorzubereiten. Slalomkurse f\u00fcr Jugendliche und Erwachsene","robots":{"index":"index","follow":"follow","max-snippet":"max-snippet:-1","max-image-preview":"max-image-preview:large","max-video-preview":"max-video-preview:-1"},"canonical":"https:\/\/test-technique-ski.fr\/de\/stage-ski-slalom-automne\/","og_locale":"de_DE","og_type":"article","og_title":"Slalomskikurs im Herbst - TEST TECHNIQUE SKI","og_description":"Nehmen Sie an unseren Ski-Wettkampfkursen im Herbst in Amn\u00e9ville teil, um sich auf die Wintersaison vorzubereiten. Slalomkurse f\u00fcr Jugendliche und Erwachsene","og_url":"https:\/\/test-technique-ski.fr\/de\/stage-ski-slalom-automne\/","og_site_name":"TEST TECHNIQUE SKI","article_modified_time":"2026-01-05T20:11:12+00:00","og_image":[{"width":1290,"height":1090,"url":"https:\/\/test-technique-ski.fr\/wp-content\/uploads\/2025\/03\/IMG_1992.jpg","type":"image\/jpeg"}],"twitter_card":"summary_large_image","twitter_misc":{"Gesch\u00e4tzte Lesezeit":"2\u00a0Minuten"},"schema":{"@context":"https:\/\/schema.org","@graph":[{"@type":"WebPage","@id":"https:\/\/test-technique-ski.fr\/de\/stage-ski-slalom-automne\/","url":"https:\/\/test-technique-ski.fr\/de\/stage-ski-slalom-automne\/","name":"Slalomskikurs im Herbst - TEST TECHNIQUE SKI","isPartOf":{"@id":"https:\/\/test-technique-ski.fr\/de\/#website"},"primaryImageOfPage":{"@id":"https:\/\/test-technique-ski.fr\/de\/stage-ski-slalom-automne\/#primaryimage"},"image":{"@id":"https:\/\/test-technique-ski.fr\/de\/stage-ski-slalom-automne\/#primaryimage"},"thumbnailUrl":"https:\/\/test-technique-ski.fr\/wp-content\/uploads\/2025\/03\/IMG_1992-1024x865.jpg","datePublished":"2025-03-31T13:35:08+00:00","dateModified":"2026-01-05T20:11:12+00:00","description":"Nehmen Sie an unseren Ski-Wettkampfkursen im Herbst in Amn\u00e9ville teil, um sich auf die Wintersaison vorzubereiten. Slalomkurse f\u00fcr Jugendliche und Erwachsene","inLanguage":"de","potentialAction":[{"@type":"ReadAction","target":["https:\/\/test-technique-ski.fr\/de\/stage-ski-slalom-automne\/"]}]},{"@type":"ImageObject","inLanguage":"de","@id":"https:\/\/test-technique-ski.fr\/de\/stage-ski-slalom-automne\/#primaryimage","url":"https:\/\/test-technique-ski.fr\/wp-content\/uploads\/2025\/03\/IMG_1992-1024x865.jpg","contentUrl":"https:\/\/test-technique-ski.fr\/wp-content\/uploads\/2025\/03\/IMG_1992-1024x865.jpg"},{"@type":"WebSite","@id":"https:\/\/test-technique-ski.fr\/de\/#website","url":"https:\/\/test-technique-ski.fr\/de\/","name":"TEST TECHNIQUE SKI","description":"","potentialAction":[{"@type":"SearchAction","target":{"@type":"EntryPoint","urlTemplate":"https:\/\/test-technique-ski.fr\/de\/?s={search_term_string}"},"query-input":{"@type":"PropertyValueSpecification","valueRequired":true,"valueName":"search_term_string"}}],"inLanguage":"de"}]}},"_links":{"self":[{"href":"https:\/\/test-technique-ski.fr\/de\/wp-json\/wp\/v2\/pages\/2527","targetHints":{"allow":["GET"]}}],"collection":[{"href":"https:\/\/test-technique-ski.fr\/de\/wp-json\/wp\/v2\/pages"}],"about":[{"href":"https:\/\/test-technique-ski.fr\/de\/wp-json\/wp\/v2\/types\/page"}],"author":[{"embeddable":true,"href":"https:\/\/test-technique-ski.fr\/de\/wp-json\/wp\/v2\/users\/1"}],"replies":[{"embeddable":true,"href":"https:\/\/test-technique-ski.fr\/de\/wp-json\/wp\/v2\/comments?post=2527"}],"version-history":[{"count":4,"href":"https:\/\/test-technique-ski.fr\/de\/wp-json\/wp\/v2\/pages\/2527\/revisions"}],"predecessor-version":[{"id":3616,"href":"https:\/\/test-technique-ski.fr\/de\/wp-json\/wp\/v2\/pages\/2527\/revisions\/3616"}],"wp:attachment":[{"href":"https:\/\/test-technique-ski.fr\/de\/wp-json\/wp\/v2\/media?parent=2527"}],"curies":[{"name":"wp","href":"https:\/\/api.w.org\/{rel}","templated":true}]}}