{"id":2817,"date":"2025-08-29T12:49:59","date_gmt":"2025-08-29T11:49:59","guid":{"rendered":"https:\/\/test-technique-ski.fr\/formation-moniteur-de-ski-alpin\/"},"modified":"2025-08-29T13:10:50","modified_gmt":"2025-08-29T12:10:50","slug":"formation-moniteur-de-ski-alpin","status":"publish","type":"page","link":"https:\/\/test-technique-ski.fr\/de\/formation-moniteur-de-ski-alpin\/","title":{"rendered":"Duale Ausbildung f\u00fcr das staatliche Diplom Nationaler Alpinskilehrer"},"content":{"rendered":"\n<h1 class=\"wp-block-heading\">Ausbildung zum Erwerb des staatlichen Diploms f\u00fcr alpine Skilehrer in Frankreich<\/h1>\n\n<p>Die duale Ausbildung zur Erlangung des <strong>staatlichen Diploms f\u00fcr nationale alpine Skilehrer (DE Ski Alpin)<\/strong> erm\u00f6glicht es, technische, p\u00e4dagogische und berufliche Kompetenzen zu erwerben und gleichzeitig in der Praxis zu arbeiten. Um diesen anspruchsvollen Kurs erfolgreich zu absolvieren, ist es wichtig zu wissen, welche <strong>Organisationen und Skischulen Sie kontaktieren m\u00fcssen, damit Sie sich<\/strong> gut auf die Tests, Module und Wechselperioden vorbereiten k\u00f6nnen. <\/p>\n\n<h2 class=\"wp-block-heading\">Warum sollten Sie sich f\u00fcr das DE Ski Alpin entscheiden?<\/h2>\n\n<ul class=\"wp-block-list\">\n<li>Sofortige Berufserfahrung: Arbeit in einer Skischule neben der Ausbildung.<\/li>\n\n\n\n<li>Finanzierung und Verg\u00fctung: Ein Teil der Kosten kann \u00fcbernommen werden, und das duale Studium bietet ein Einkommen.<\/li>\n\n\n\n<li>Betreuung durch erfahrene Fachleute: Eintauchen in den Alltag einer ESF, eines Clubs oder einer anerkannten Organisation.<\/li>\n\n\n\n<li>Direkte Einbindung in das Netzwerk der franz\u00f6sischen und internationalen Skilehrer.<\/li>\n<\/ul>\n\n<div style=\"height:10px\" aria-hidden=\"true\" class=\"wp-block-spacer\"><\/div>\n\n<h2 class=\"wp-block-heading\">Bevorzugter Partner: ESF Les Menuires<\/h2>\n\n<p>Die \u00c9cole du Ski Fran\u00e7ais des Menuires ist ein wichtiger Akteur in der Begleitung von zuk\u00fcnftigen Skilehrern im Wechsel. Sie bietet ein ideales Umfeld, um Praxis, P\u00e4dagogik und die Vorbereitung auf die Ausbildungseinheiten des DE Ski Alpin miteinander zu verbinden. <\/p>\n\n<p><strong>Hauptkontakt:<\/strong><br\/>\ud83d\udc64 Nicolas Flage<br\/>\ud83d\udcf1 Mobil: 06 25 69 01 13<br\/>\ud83d\udccd Les Menuires &#8211; Skigebiet 3 Vall\u00e9es<\/p>\n\n<p><a href=\"https:\/\/www.esf-lesmenuires.fr\/produits-saison\/devenir-moniteur\/\">Die ESF Les Menuires<\/a> empf\u00e4ngt Sie als duale Einrichtung und begleitet Sie durch die verschiedenen Etappen auf dem Weg <a href=\"https:\/\/test-technique-ski.fr\/de\/skilehrer-der-alpen-werden\/\">zum Alpinskilehrer<\/a>.<\/p>\n\n<h2 class=\"wp-block-heading\">Wie verl\u00e4uft das duale Studium?<\/h2>\n\n<p>Das duale Studium f\u00fcr das staatliche Diplom &#8222;Moniteur National de Ski Alpin&#8220; wechselt zwischen theoretischen und praktischen Kursen an <a href=\"http:\/\/ensm.sports.gouv.fr\">der ENSA Chamonix<\/a> und dem Unterricht in einer Skischule, wie der ESF Les Menuires. Der Student ist Arbeitnehmer oder Praktikant in einer Partnerstruktur, was ihm erm\u00f6glicht, die in den Ausbildungseinheiten (AE) erworbenen Kompetenzen sofort in die Praxis umzusetzen. Der Wechsel ist progressiv: Zun\u00e4chst konzentriert er sich auf die technische Perfektionierung und die Grundp\u00e4dagogik, dann entwickelt er sich zu einer vollst\u00e4ndigen Autonomie in der Betreuung von Gruppen aller Niveaus.  <\/p>\n\n<h2 class=\"wp-block-heading\">Wie lange dauert die Ausbildung?<\/h2>\n\n<p>Die Dauer h\u00e4ngt von der Laufbahn und dem Ausgangsniveau des Kandidaten ab. Im Durchschnitt dauert es zwischen 4 und 7 Jahren, um das vollst\u00e4ndige Diplom zu erlangen, wobei die H\u00f6chstgrenze bei 10 Jahren liegt. Einige Hochleistungssportler oder Inhaber verwandter Diplome (BEES, DE anderer Disziplinen) k\u00f6nnen von Erleichterungen profitieren. Das duale Studium beschleunigt h\u00e4ufig die Professionalisierung, da es akademische Ausbildung mit bezahlter Praxiserfahrung verbindet.   <\/p>\n\n<h2 class=\"wp-block-heading\">Wann findet die Schulung statt?<\/h2>\n\n<p>Die Ausbildung erstreckt sich \u00fcber mehrere Wintersaisons, in der Regel von Dezember bis April, w\u00e4hrend derer der zuk\u00fcnftige Skilehrer in einer Partner-ESF, wie <a href=\"https:\/\/www.esf-lesmenuires.fr\/\">der ESF Les Menuires<\/a>, t\u00e4tig ist. Die von der ENSA organisierten Ausbildungseinheiten finden in Sitzungen statt, die das ganze Jahr \u00fcber geplant sind, oft in der Zwischensaison (Fr\u00fchling und Herbst), um den Auszubildenden die M\u00f6glichkeit zu geben, w\u00e4hrend des Winters im Gel\u00e4nde zu arbeiten. Dieser Rhythmus erm\u00f6glicht es, vollst\u00e4ndig in das Berufsleben eines Skilehrers einzutauchen und gleichzeitig die vorgeschriebenen Etappen des Diploms zu absolvieren.  <\/p>\n\n<h2 class=\"wp-block-heading\">Die wichtigsten Organisationen, die Sie kontaktieren sollten<\/h2>\n\n<h3 class=\"wp-block-heading\">\u00c9cole Nationale de Ski et d&#8217;Alpinisme (ENSA \/ ENSM)<\/h3>\n\n<ul class=\"wp-block-list\">\n<li>Adresse: 35 route du Bouchet, 74400 Chamonix-Mont-Blanc<\/li>\n\n\n\n<li>Tel. Empfang: 04 50 55 30 30<\/li>\n\n\n\n<li>E-Mail: ensa.accueil@ensm.sports.gouv.fr<\/li>\n\n\n\n<li>Kontakte nach Ausbildungsmodulen (AE): AE1, AE2, Eurotest, Umschulungen, SHN&#8230;<\/li>\n\n\n\n<li>Offizielle Webseite: <a href=\"http:\/\/ensm.sports.gouv.fr\">ensm.sports.gouv.fr<\/a><\/li>\n<\/ul>\n\n<div style=\"height:10px\" aria-hidden=\"true\" class=\"wp-block-spacer\"><\/div>\n\n<h3 class=\"wp-block-heading\">Franz\u00f6sischer Skiverband (FFS)<\/h3>\n\n<p>Die FFS beaufsichtigt die Module f\u00fcr die Wettkampfpraxis, insbesondere f\u00fcr Spitzensportler. Website: <a href=\"https:\/\/ffs.fr\/\">ffs.fr<\/a> <\/p>\n\n<h3 class=\"wp-block-heading\">Syndicat National des Moniteurs de Ski Fran\u00e7ais (SNMSF) (Nationaler Verband der franz\u00f6sischen Skilehrer)<\/h3>\n\n<p>Dies ist die Gewerkschaftsstruktur der ESF-Lehrer, die das nationale Netzwerk koordiniert. Ihre Website ist <a href=\"https:\/\/www.esf.net\/\">esf.net<\/a>. <\/p>\n\n<h2 class=\"wp-block-heading\">Starten Sie Ihre Ausbildung jetzt<\/h2>\n\n<p>Das duale Studium ist der beste Weg, um den <strong>DE National Moniteur de Ski Alpin<\/strong> zu bestehen: direktes Eintauchen, betreute Erfahrung und vollst\u00e4ndige Vorbereitung.<\/p>\n\n<p>F\u00fcr eine konkrete und pers\u00f6nliche Betreuung <strong>wenden Sie sich bitte direkt an die ESF Les Menuires und Nicolas Flage (06 25 69 01 13)<\/strong>, um Ihren Kurs unter den besten Bedingungen zu beginnen.<\/p>\n\n<p><\/p>\n","protected":false},"excerpt":{"rendered":"<p>Ausbildung zum Erwerb des staatlichen Diploms f\u00fcr alpine Skilehrer in Frankreich Die duale Ausbildung zur Erlangung des staatlichen Diploms f\u00fcr nationale alpine Skilehrer (DE Ski Alpin) erm\u00f6glicht es, technische, p\u00e4dagogische und berufliche Kompetenzen zu erwerben und gleichzeitig in der Praxis zu arbeiten. Um diesen anspruchsvollen Kurs erfolgreich zu absolvieren, ist es wichtig zu wissen, welche [&hellip;]<\/p>\n","protected":false},"author":1,"featured_media":0,"parent":0,"menu_order":0,"comment_status":"closed","ping_status":"closed","template":"","meta":{"footnotes":""},"class_list":["post-2817","page","type-page","status-publish","hentry"],"yoast_head":"<!-- This site is optimized with the Yoast SEO plugin v27.3 - https:\/\/yoast.com\/product\/yoast-seo-wordpress\/ -->\n<title>Duale Ausbildung f\u00fcr das staatliche Diplom Nationaler Alpinskilehrer - TEST TECHNIQUE SKI<\/title>\n<meta name=\"description\" content=\"N\u00fctzliche Kontakte f\u00fcr die duale Ausbildung zum DE Moniteur National Ski Alpin: ENSA, ESF Les Menuires, SNMSF, FFS.\" \/>\n<meta name=\"robots\" content=\"index, follow, max-snippet:-1, max-image-preview:large, max-video-preview:-1\" \/>\n<link rel=\"canonical\" href=\"https:\/\/test-technique-ski.fr\/de\/formation-moniteur-de-ski-alpin\/\" \/>\n<meta property=\"og:locale\" content=\"de_DE\" \/>\n<meta property=\"og:type\" content=\"article\" \/>\n<meta property=\"og:title\" content=\"Duale Ausbildung f\u00fcr das staatliche Diplom Nationaler Alpinskilehrer - TEST TECHNIQUE SKI\" \/>\n<meta property=\"og:description\" content=\"N\u00fctzliche Kontakte f\u00fcr die duale Ausbildung zum DE Moniteur National Ski Alpin: ENSA, ESF Les Menuires, SNMSF, FFS.\" \/>\n<meta property=\"og:url\" content=\"https:\/\/test-technique-ski.fr\/de\/formation-moniteur-de-ski-alpin\/\" \/>\n<meta property=\"og:site_name\" content=\"TEST TECHNIQUE SKI\" \/>\n<meta property=\"article:modified_time\" content=\"2025-08-29T12:10:50+00:00\" \/>\n<meta name=\"twitter:card\" content=\"summary_large_image\" \/>\n<meta name=\"twitter:label1\" content=\"Gesch\u00e4tzte Lesezeit\" \/>\n\t<meta name=\"twitter:data1\" content=\"3\u00a0Minuten\" \/>\n<script type=\"application\/ld+json\" class=\"yoast-schema-graph\">{\"@context\":\"https:\\\/\\\/schema.org\",\"@graph\":[{\"@type\":\"WebPage\",\"@id\":\"https:\\\/\\\/test-technique-ski.fr\\\/de\\\/formation-moniteur-de-ski-alpin\\\/\",\"url\":\"https:\\\/\\\/test-technique-ski.fr\\\/de\\\/formation-moniteur-de-ski-alpin\\\/\",\"name\":\"Duale Ausbildung f\u00fcr das staatliche Diplom Nationaler Alpinskilehrer - TEST TECHNIQUE SKI\",\"isPartOf\":{\"@id\":\"https:\\\/\\\/test-technique-ski.fr\\\/de\\\/#website\"},\"datePublished\":\"2025-08-29T11:49:59+00:00\",\"dateModified\":\"2025-08-29T12:10:50+00:00\",\"description\":\"N\u00fctzliche Kontakte f\u00fcr die duale Ausbildung zum DE Moniteur National Ski Alpin: ENSA, ESF Les Menuires, SNMSF, FFS.\",\"inLanguage\":\"de\",\"potentialAction\":[{\"@type\":\"ReadAction\",\"target\":[\"https:\\\/\\\/test-technique-ski.fr\\\/de\\\/formation-moniteur-de-ski-alpin\\\/\"]}]},{\"@type\":\"WebSite\",\"@id\":\"https:\\\/\\\/test-technique-ski.fr\\\/de\\\/#website\",\"url\":\"https:\\\/\\\/test-technique-ski.fr\\\/de\\\/\",\"name\":\"TEST TECHNIQUE SKI\",\"description\":\"\",\"potentialAction\":[{\"@type\":\"SearchAction\",\"target\":{\"@type\":\"EntryPoint\",\"urlTemplate\":\"https:\\\/\\\/test-technique-ski.fr\\\/de\\\/?s={search_term_string}\"},\"query-input\":{\"@type\":\"PropertyValueSpecification\",\"valueRequired\":true,\"valueName\":\"search_term_string\"}}],\"inLanguage\":\"de\"}]}<\/script>\n<!-- \/ Yoast SEO plugin. -->","yoast_head_json":{"title":"Duale Ausbildung f\u00fcr das staatliche Diplom Nationaler Alpinskilehrer - TEST TECHNIQUE SKI","description":"N\u00fctzliche Kontakte f\u00fcr die duale Ausbildung zum DE Moniteur National Ski Alpin: ENSA, ESF Les Menuires, SNMSF, FFS.","robots":{"index":"index","follow":"follow","max-snippet":"max-snippet:-1","max-image-preview":"max-image-preview:large","max-video-preview":"max-video-preview:-1"},"canonical":"https:\/\/test-technique-ski.fr\/de\/formation-moniteur-de-ski-alpin\/","og_locale":"de_DE","og_type":"article","og_title":"Duale Ausbildung f\u00fcr das staatliche Diplom Nationaler Alpinskilehrer - TEST TECHNIQUE SKI","og_description":"N\u00fctzliche Kontakte f\u00fcr die duale Ausbildung zum DE Moniteur National Ski Alpin: ENSA, ESF Les Menuires, SNMSF, FFS.","og_url":"https:\/\/test-technique-ski.fr\/de\/formation-moniteur-de-ski-alpin\/","og_site_name":"TEST TECHNIQUE SKI","article_modified_time":"2025-08-29T12:10:50+00:00","twitter_card":"summary_large_image","twitter_misc":{"Gesch\u00e4tzte Lesezeit":"3\u00a0Minuten"},"schema":{"@context":"https:\/\/schema.org","@graph":[{"@type":"WebPage","@id":"https:\/\/test-technique-ski.fr\/de\/formation-moniteur-de-ski-alpin\/","url":"https:\/\/test-technique-ski.fr\/de\/formation-moniteur-de-ski-alpin\/","name":"Duale Ausbildung f\u00fcr das staatliche Diplom Nationaler Alpinskilehrer - TEST TECHNIQUE SKI","isPartOf":{"@id":"https:\/\/test-technique-ski.fr\/de\/#website"},"datePublished":"2025-08-29T11:49:59+00:00","dateModified":"2025-08-29T12:10:50+00:00","description":"N\u00fctzliche Kontakte f\u00fcr die duale Ausbildung zum DE Moniteur National Ski Alpin: ENSA, ESF Les Menuires, SNMSF, FFS.","inLanguage":"de","potentialAction":[{"@type":"ReadAction","target":["https:\/\/test-technique-ski.fr\/de\/formation-moniteur-de-ski-alpin\/"]}]},{"@type":"WebSite","@id":"https:\/\/test-technique-ski.fr\/de\/#website","url":"https:\/\/test-technique-ski.fr\/de\/","name":"TEST TECHNIQUE SKI","description":"","potentialAction":[{"@type":"SearchAction","target":{"@type":"EntryPoint","urlTemplate":"https:\/\/test-technique-ski.fr\/de\/?s={search_term_string}"},"query-input":{"@type":"PropertyValueSpecification","valueRequired":true,"valueName":"search_term_string"}}],"inLanguage":"de"}]}},"_links":{"self":[{"href":"https:\/\/test-technique-ski.fr\/de\/wp-json\/wp\/v2\/pages\/2817","targetHints":{"allow":["GET"]}}],"collection":[{"href":"https:\/\/test-technique-ski.fr\/de\/wp-json\/wp\/v2\/pages"}],"about":[{"href":"https:\/\/test-technique-ski.fr\/de\/wp-json\/wp\/v2\/types\/page"}],"author":[{"embeddable":true,"href":"https:\/\/test-technique-ski.fr\/de\/wp-json\/wp\/v2\/users\/1"}],"replies":[{"embeddable":true,"href":"https:\/\/test-technique-ski.fr\/de\/wp-json\/wp\/v2\/comments?post=2817"}],"version-history":[{"count":0,"href":"https:\/\/test-technique-ski.fr\/de\/wp-json\/wp\/v2\/pages\/2817\/revisions"}],"wp:attachment":[{"href":"https:\/\/test-technique-ski.fr\/de\/wp-json\/wp\/v2\/media?parent=2817"}],"curies":[{"name":"wp","href":"https:\/\/api.w.org\/{rel}","templated":true}]}}