{"id":3824,"date":"2026-02-28T10:07:27","date_gmt":"2026-02-28T10:07:27","guid":{"rendered":"https:\/\/test-technique-ski.fr\/val-thorens\/"},"modified":"2026-03-04T09:21:13","modified_gmt":"2026-03-04T09:21:13","slug":"val-thorens","status":"publish","type":"page","link":"https:\/\/test-technique-ski.fr\/de\/val-thorens\/","title":{"rendered":"Technischer Test Alpinski Val Thorens"},"content":{"rendered":"\n<h1 class=\"wp-block-heading\">Nehmen Sie am technischen Test f\u00fcr Alpinski in Val Thorens teil.<\/h1>\n\n<p>Jedes Jahr organisiert der Skiort Val Thorens eine oder mehrere Sitzungen, in denen der technische Test f\u00fcr Alpinski im Rahmen der <a href=\"https:\/\/test-technique-ski.fr\/de\/formation-moniteur-de-ski-alpin\/\">Ausbildung zum Alpinskilehrer<\/a> abgelegt werden kann.<\/p>\n\n<h2 class=\"wp-block-heading\">Daten der Pr\u00fcfungen des Technischen Tests Ski Alpin in Val Thorens<\/h2>\n\n<p>Die Pr\u00fcfungen der zweiten Runde des Technischen Tests in Val Thorens finden vom 20. bis 22. April 2026 statt.<\/p>\n\n<h2 class=\"wp-block-heading\">Trainingskurs f\u00fcr den technischen Test in Les Menuires<\/h2>\n\n<p><strong>Bereiten Sie sich vom 9. M\u00e4rz bis 27. M\u00e4rz mit der ESF Academy<\/strong> auf den Slalom des technischen Tests von Val Thorens im Slalomstadion von Les Menuires vor.<\/p>\n\n<p><strong>Preis: 55\u20ac pro Tag + Stadionpauschale  <\/strong><\/p>\n\n<p><strong>Kontaktieren Sie Nicolas Flage<\/strong> unter <a href=\"tel:+33625690113\">06 25 69 01 13<\/a>.<\/p>\n\n<div style=\"height:20px\" aria-hidden=\"true\" class=\"wp-block-spacer\"><\/div>\n\n<h2 class=\"wp-block-heading\">Wie melde ich mich f\u00fcr den technischen Test in Val Thorens an?<\/h2>\n\n<p>Das gesamte <a href=\"https:\/\/test-technique-ski.fr\/de\/anmeldung-zur-skitechnischen-pruefung\/\">Anmeldeverfahren f\u00fcr den Technischen Skitest<\/a> findet online auf der Website der offiziellen Organisation GEPAFO statt.<\/p>\n\n<h2 class=\"wp-block-heading\">Anmeldeschluss f\u00fcr den technischen Test in Val Thorens<\/h2>\n\n<p>Hier sind die Anmeldefristen f\u00fcr den technischen Test in Val thorens:<\/p>\n\n<ul class=\"wp-block-list\">\n<li>Beginn der Registrierung: 09\/02\/2026<\/li>\n\n\n\n<li>Ende der Einreichungsfrist: 27\/02\/2026<\/li>\n<\/ul>\n\n<p><\/p>\n","protected":false},"excerpt":{"rendered":"<p>Nehmen Sie am technischen Test f\u00fcr Alpinski in Val Thorens teil. Jedes Jahr organisiert der Skiort Val Thorens eine oder mehrere Sitzungen, in denen der technische Test f\u00fcr Alpinski im Rahmen der Ausbildung zum Alpinskilehrer abgelegt werden kann. Daten der Pr\u00fcfungen des Technischen Tests Ski Alpin in Val Thorens Die Pr\u00fcfungen der zweiten Runde des [&hellip;]<\/p>\n","protected":false},"author":1,"featured_media":0,"parent":0,"menu_order":0,"comment_status":"closed","ping_status":"closed","template":"","meta":{"footnotes":""},"class_list":["post-3824","page","type-page","status-publish","hentry"],"yoast_head":"<!-- This site is optimized with the Yoast SEO plugin v27.3 - https:\/\/yoast.com\/product\/yoast-seo-wordpress\/ -->\n<title>Technischer Test Alpinski Val Thorens - TEST TECHNIQUE SKI<\/title>\n<meta name=\"description\" content=\"Bereiten Sie sich auf den technischen Test Ski Alpin vor, der in Val Thorens unter den besten Bedingungen im Slalomstadion von Les Menuires stattfindet.\" \/>\n<meta name=\"robots\" content=\"index, follow, max-snippet:-1, max-image-preview:large, max-video-preview:-1\" \/>\n<link rel=\"canonical\" href=\"https:\/\/test-technique-ski.fr\/de\/val-thorens\/\" \/>\n<meta property=\"og:locale\" content=\"de_DE\" \/>\n<meta property=\"og:type\" content=\"article\" \/>\n<meta property=\"og:title\" content=\"Technischer Test Alpinski Val Thorens - TEST TECHNIQUE SKI\" \/>\n<meta property=\"og:description\" content=\"Bereiten Sie sich auf den technischen Test Ski Alpin vor, der in Val Thorens unter den besten Bedingungen im Slalomstadion von Les Menuires stattfindet.\" \/>\n<meta property=\"og:url\" content=\"https:\/\/test-technique-ski.fr\/de\/val-thorens\/\" \/>\n<meta property=\"og:site_name\" content=\"TEST TECHNIQUE SKI\" \/>\n<meta property=\"article:modified_time\" content=\"2026-03-04T09:21:13+00:00\" \/>\n<meta name=\"twitter:card\" content=\"summary_large_image\" \/>\n<meta name=\"twitter:label1\" content=\"Gesch\u00e4tzte Lesezeit\" \/>\n\t<meta name=\"twitter:data1\" content=\"1\u00a0Minute\" \/>\n<script type=\"application\/ld+json\" class=\"yoast-schema-graph\">{\"@context\":\"https:\\\/\\\/schema.org\",\"@graph\":[{\"@type\":\"WebPage\",\"@id\":\"https:\\\/\\\/test-technique-ski.fr\\\/de\\\/val-thorens\\\/\",\"url\":\"https:\\\/\\\/test-technique-ski.fr\\\/de\\\/val-thorens\\\/\",\"name\":\"Technischer Test Alpinski Val Thorens - TEST TECHNIQUE SKI\",\"isPartOf\":{\"@id\":\"https:\\\/\\\/test-technique-ski.fr\\\/de\\\/#website\"},\"datePublished\":\"2026-02-28T10:07:27+00:00\",\"dateModified\":\"2026-03-04T09:21:13+00:00\",\"description\":\"Bereiten Sie sich auf den technischen Test Ski Alpin vor, der in Val Thorens unter den besten Bedingungen im Slalomstadion von Les Menuires stattfindet.\",\"inLanguage\":\"de\",\"potentialAction\":[{\"@type\":\"ReadAction\",\"target\":[\"https:\\\/\\\/test-technique-ski.fr\\\/de\\\/val-thorens\\\/\"]}]},{\"@type\":\"WebSite\",\"@id\":\"https:\\\/\\\/test-technique-ski.fr\\\/de\\\/#website\",\"url\":\"https:\\\/\\\/test-technique-ski.fr\\\/de\\\/\",\"name\":\"TEST TECHNIQUE SKI\",\"description\":\"\",\"potentialAction\":[{\"@type\":\"SearchAction\",\"target\":{\"@type\":\"EntryPoint\",\"urlTemplate\":\"https:\\\/\\\/test-technique-ski.fr\\\/de\\\/?s={search_term_string}\"},\"query-input\":{\"@type\":\"PropertyValueSpecification\",\"valueRequired\":true,\"valueName\":\"search_term_string\"}}],\"inLanguage\":\"de\"}]}<\/script>\n<!-- \/ Yoast SEO plugin. -->","yoast_head_json":{"title":"Technischer Test Alpinski Val Thorens - TEST TECHNIQUE SKI","description":"Bereiten Sie sich auf den technischen Test Ski Alpin vor, der in Val Thorens unter den besten Bedingungen im Slalomstadion von Les Menuires stattfindet.","robots":{"index":"index","follow":"follow","max-snippet":"max-snippet:-1","max-image-preview":"max-image-preview:large","max-video-preview":"max-video-preview:-1"},"canonical":"https:\/\/test-technique-ski.fr\/de\/val-thorens\/","og_locale":"de_DE","og_type":"article","og_title":"Technischer Test Alpinski Val Thorens - TEST TECHNIQUE SKI","og_description":"Bereiten Sie sich auf den technischen Test Ski Alpin vor, der in Val Thorens unter den besten Bedingungen im Slalomstadion von Les Menuires stattfindet.","og_url":"https:\/\/test-technique-ski.fr\/de\/val-thorens\/","og_site_name":"TEST TECHNIQUE SKI","article_modified_time":"2026-03-04T09:21:13+00:00","twitter_card":"summary_large_image","twitter_misc":{"Gesch\u00e4tzte Lesezeit":"1\u00a0Minute"},"schema":{"@context":"https:\/\/schema.org","@graph":[{"@type":"WebPage","@id":"https:\/\/test-technique-ski.fr\/de\/val-thorens\/","url":"https:\/\/test-technique-ski.fr\/de\/val-thorens\/","name":"Technischer Test Alpinski Val Thorens - TEST TECHNIQUE SKI","isPartOf":{"@id":"https:\/\/test-technique-ski.fr\/de\/#website"},"datePublished":"2026-02-28T10:07:27+00:00","dateModified":"2026-03-04T09:21:13+00:00","description":"Bereiten Sie sich auf den technischen Test Ski Alpin vor, der in Val Thorens unter den besten Bedingungen im Slalomstadion von Les Menuires stattfindet.","inLanguage":"de","potentialAction":[{"@type":"ReadAction","target":["https:\/\/test-technique-ski.fr\/de\/val-thorens\/"]}]},{"@type":"WebSite","@id":"https:\/\/test-technique-ski.fr\/de\/#website","url":"https:\/\/test-technique-ski.fr\/de\/","name":"TEST TECHNIQUE SKI","description":"","potentialAction":[{"@type":"SearchAction","target":{"@type":"EntryPoint","urlTemplate":"https:\/\/test-technique-ski.fr\/de\/?s={search_term_string}"},"query-input":{"@type":"PropertyValueSpecification","valueRequired":true,"valueName":"search_term_string"}}],"inLanguage":"de"}]}},"_links":{"self":[{"href":"https:\/\/test-technique-ski.fr\/de\/wp-json\/wp\/v2\/pages\/3824","targetHints":{"allow":["GET"]}}],"collection":[{"href":"https:\/\/test-technique-ski.fr\/de\/wp-json\/wp\/v2\/pages"}],"about":[{"href":"https:\/\/test-technique-ski.fr\/de\/wp-json\/wp\/v2\/types\/page"}],"author":[{"embeddable":true,"href":"https:\/\/test-technique-ski.fr\/de\/wp-json\/wp\/v2\/users\/1"}],"replies":[{"embeddable":true,"href":"https:\/\/test-technique-ski.fr\/de\/wp-json\/wp\/v2\/comments?post=3824"}],"version-history":[{"count":5,"href":"https:\/\/test-technique-ski.fr\/de\/wp-json\/wp\/v2\/pages\/3824\/revisions"}],"predecessor-version":[{"id":3904,"href":"https:\/\/test-technique-ski.fr\/de\/wp-json\/wp\/v2\/pages\/3824\/revisions\/3904"}],"wp:attachment":[{"href":"https:\/\/test-technique-ski.fr\/de\/wp-json\/wp\/v2\/media?parent=3824"}],"curies":[{"name":"wp","href":"https:\/\/api.w.org\/{rel}","templated":true}]}}