{"id":4061,"date":"2026-03-28T18:03:13","date_gmt":"2026-03-28T18:03:13","guid":{"rendered":"https:\/\/test-technique-ski.fr\/rechtliche-hinweise\/"},"modified":"2026-03-28T18:12:56","modified_gmt":"2026-03-28T18:12:56","slug":"rechtliche-hinweise","status":"publish","type":"page","link":"https:\/\/test-technique-ski.fr\/de\/rechtliche-hinweise\/","title":{"rendered":"Rechtliche Hinweise"},"content":{"rendered":"\n<h1 class=\"wp-block-heading\">Rechtliche Hinweise der Website<\/h1>\n\n<p>Unsere Informationswebsite wird von <a href=\"https:\/\/alma-consulting.org\/\">Alma Consulting<\/a> herausgegeben.<\/p>\n\n<p>Wir ver\u00f6ffentlichen Informationen \u00fcber den technischen Test von Alpinski in Frankreich. Unsere Website ist v\u00f6llig kostenlos und wird in mehrere Sprachen \u00fcbersetzt.  Wir sind von jeder \u00f6ffentlichen Verwaltung unabh\u00e4ngig.  <\/p>\n\n<p>Unser privates Nachrichtenportal dient der Information der Internetnutzer und bietet keine zus\u00e4tzlichen Dienstleistungen an. Wir haben keine Formulare auf der Seite und speichern keine pers\u00f6nlichen Daten.   <\/p>\n\n<p>Der Verantwortliche f\u00fcr die Ver\u00f6ffentlichung ist <a href=\"mailto:bastien.fauck@gmail.com\">Bastien Fauck<\/a>.<\/p>\n\n<p>Wir tun unser Bestes, um so aktuell wie m\u00f6glich zu sein. Weitere Informationen finden Sie auf der <a href=\"http:\/\/gepafom.fr\">GEPAFO-Website<\/a>. <\/p>\n","protected":false},"excerpt":{"rendered":"<p>Rechtliche Hinweise der Website Unsere Informationswebsite wird von Alma Consulting herausgegeben. Wir ver\u00f6ffentlichen Informationen \u00fcber den technischen Test von Alpinski in Frankreich. Unsere Website ist v\u00f6llig kostenlos und wird in mehrere Sprachen \u00fcbersetzt. Wir sind von jeder \u00f6ffentlichen Verwaltung unabh\u00e4ngig. Unser privates Nachrichtenportal dient der Information der Internetnutzer und bietet keine zus\u00e4tzlichen Dienstleistungen an. Wir [&hellip;]<\/p>\n","protected":false},"author":1,"featured_media":0,"parent":0,"menu_order":0,"comment_status":"closed","ping_status":"closed","template":"","meta":{"footnotes":""},"class_list":["post-4061","page","type-page","status-publish","hentry"],"yoast_head":"<!-- This site is optimized with the Yoast SEO plugin v27.3 - https:\/\/yoast.com\/product\/yoast-seo-wordpress\/ -->\n<title>Rechtliche Hinweise - TEST TECHNIQUE SKI<\/title>\n<meta name=\"description\" content=\"Rechtliche Hinweise und Verantwortlicher f\u00fcr die Ver\u00f6ffentlichung der Website mit Informationen \u00fcber den technischen Test des franz\u00f6sischen alpinen Skisports\" \/>\n<meta name=\"robots\" content=\"noindex, nofollow\" \/>\n<meta property=\"og:locale\" content=\"de_DE\" \/>\n<meta property=\"og:type\" content=\"article\" \/>\n<meta property=\"og:title\" content=\"Rechtliche Hinweise - TEST TECHNIQUE SKI\" \/>\n<meta property=\"og:description\" content=\"Rechtliche Hinweise und Verantwortlicher f\u00fcr die Ver\u00f6ffentlichung der Website mit Informationen \u00fcber den technischen Test des franz\u00f6sischen alpinen Skisports\" \/>\n<meta property=\"og:url\" content=\"https:\/\/test-technique-ski.fr\/de\/rechtliche-hinweise\/\" \/>\n<meta property=\"og:site_name\" content=\"TEST TECHNIQUE SKI\" \/>\n<meta property=\"article:modified_time\" content=\"2026-03-28T18:12:56+00:00\" \/>\n<meta name=\"twitter:card\" content=\"summary_large_image\" \/>\n<meta name=\"twitter:label1\" content=\"Gesch\u00e4tzte Lesezeit\" \/>\n\t<meta name=\"twitter:data1\" content=\"1\u00a0Minute\" \/>\n<script type=\"application\/ld+json\" class=\"yoast-schema-graph\">{\"@context\":\"https:\\\/\\\/schema.org\",\"@graph\":[{\"@type\":\"WebPage\",\"@id\":\"https:\\\/\\\/test-technique-ski.fr\\\/de\\\/rechtliche-hinweise\\\/\",\"url\":\"https:\\\/\\\/test-technique-ski.fr\\\/de\\\/rechtliche-hinweise\\\/\",\"name\":\"Rechtliche Hinweise - TEST TECHNIQUE SKI\",\"isPartOf\":{\"@id\":\"https:\\\/\\\/test-technique-ski.fr\\\/de\\\/#website\"},\"datePublished\":\"2026-03-28T18:03:13+00:00\",\"dateModified\":\"2026-03-28T18:12:56+00:00\",\"description\":\"Rechtliche Hinweise und Verantwortlicher f\u00fcr die Ver\u00f6ffentlichung der Website mit Informationen \u00fcber den technischen Test des franz\u00f6sischen alpinen Skisports\",\"inLanguage\":\"de\",\"potentialAction\":[{\"@type\":\"ReadAction\",\"target\":[\"https:\\\/\\\/test-technique-ski.fr\\\/de\\\/rechtliche-hinweise\\\/\"]}]},{\"@type\":\"WebSite\",\"@id\":\"https:\\\/\\\/test-technique-ski.fr\\\/de\\\/#website\",\"url\":\"https:\\\/\\\/test-technique-ski.fr\\\/de\\\/\",\"name\":\"TEST TECHNIQUE SKI\",\"description\":\"\",\"potentialAction\":[{\"@type\":\"SearchAction\",\"target\":{\"@type\":\"EntryPoint\",\"urlTemplate\":\"https:\\\/\\\/test-technique-ski.fr\\\/de\\\/?s={search_term_string}\"},\"query-input\":{\"@type\":\"PropertyValueSpecification\",\"valueRequired\":true,\"valueName\":\"search_term_string\"}}],\"inLanguage\":\"de\"}]}<\/script>\n<!-- \/ Yoast SEO plugin. -->","yoast_head_json":{"title":"Rechtliche Hinweise - TEST TECHNIQUE SKI","description":"Rechtliche Hinweise und Verantwortlicher f\u00fcr die Ver\u00f6ffentlichung der Website mit Informationen \u00fcber den technischen Test des franz\u00f6sischen alpinen Skisports","robots":{"index":"noindex","follow":"nofollow"},"og_locale":"de_DE","og_type":"article","og_title":"Rechtliche Hinweise - TEST TECHNIQUE SKI","og_description":"Rechtliche Hinweise und Verantwortlicher f\u00fcr die Ver\u00f6ffentlichung der Website mit Informationen \u00fcber den technischen Test des franz\u00f6sischen alpinen Skisports","og_url":"https:\/\/test-technique-ski.fr\/de\/rechtliche-hinweise\/","og_site_name":"TEST TECHNIQUE SKI","article_modified_time":"2026-03-28T18:12:56+00:00","twitter_card":"summary_large_image","twitter_misc":{"Gesch\u00e4tzte Lesezeit":"1\u00a0Minute"},"schema":{"@context":"https:\/\/schema.org","@graph":[{"@type":"WebPage","@id":"https:\/\/test-technique-ski.fr\/de\/rechtliche-hinweise\/","url":"https:\/\/test-technique-ski.fr\/de\/rechtliche-hinweise\/","name":"Rechtliche Hinweise - TEST TECHNIQUE SKI","isPartOf":{"@id":"https:\/\/test-technique-ski.fr\/de\/#website"},"datePublished":"2026-03-28T18:03:13+00:00","dateModified":"2026-03-28T18:12:56+00:00","description":"Rechtliche Hinweise und Verantwortlicher f\u00fcr die Ver\u00f6ffentlichung der Website mit Informationen \u00fcber den technischen Test des franz\u00f6sischen alpinen Skisports","inLanguage":"de","potentialAction":[{"@type":"ReadAction","target":["https:\/\/test-technique-ski.fr\/de\/rechtliche-hinweise\/"]}]},{"@type":"WebSite","@id":"https:\/\/test-technique-ski.fr\/de\/#website","url":"https:\/\/test-technique-ski.fr\/de\/","name":"TEST TECHNIQUE SKI","description":"","potentialAction":[{"@type":"SearchAction","target":{"@type":"EntryPoint","urlTemplate":"https:\/\/test-technique-ski.fr\/de\/?s={search_term_string}"},"query-input":{"@type":"PropertyValueSpecification","valueRequired":true,"valueName":"search_term_string"}}],"inLanguage":"de"}]}},"_links":{"self":[{"href":"https:\/\/test-technique-ski.fr\/de\/wp-json\/wp\/v2\/pages\/4061","targetHints":{"allow":["GET"]}}],"collection":[{"href":"https:\/\/test-technique-ski.fr\/de\/wp-json\/wp\/v2\/pages"}],"about":[{"href":"https:\/\/test-technique-ski.fr\/de\/wp-json\/wp\/v2\/types\/page"}],"author":[{"embeddable":true,"href":"https:\/\/test-technique-ski.fr\/de\/wp-json\/wp\/v2\/users\/1"}],"replies":[{"embeddable":true,"href":"https:\/\/test-technique-ski.fr\/de\/wp-json\/wp\/v2\/comments?post=4061"}],"version-history":[{"count":4,"href":"https:\/\/test-technique-ski.fr\/de\/wp-json\/wp\/v2\/pages\/4061\/revisions"}],"predecessor-version":[{"id":4083,"href":"https:\/\/test-technique-ski.fr\/de\/wp-json\/wp\/v2\/pages\/4061\/revisions\/4083"}],"wp:attachment":[{"href":"https:\/\/test-technique-ski.fr\/de\/wp-json\/wp\/v2\/media?parent=4061"}],"curies":[{"name":"wp","href":"https:\/\/api.w.org\/{rel}","templated":true}]}}