{"id":477,"date":"2023-01-05T13:51:44","date_gmt":"2023-01-05T13:51:44","guid":{"rendered":"https:\/\/test-technique-ski.fr\/anmeldung-test-technik-ski\/"},"modified":"2026-02-12T11:39:04","modified_gmt":"2026-02-12T11:39:04","slug":"anmeldung-zur-skitechnischen-pruefung","status":"publish","type":"page","link":"https:\/\/test-technique-ski.fr\/de\/anmeldung-zur-skitechnischen-pruefung\/","title":{"rendered":"Anmeldung zum Technischen Test Ski Alpin"},"content":{"rendered":"\n<h1 class=\"wp-block-heading\">Anmeldung zum Technischen Skitest 2026<\/h1>\n\n<p>Der gesamte Anmeldeprozess f\u00fcr den Technischen Skitest findet online statt.<\/p>\n\n<h2 class=\"wp-block-heading\">Anmeldedaten f\u00fcr den Technischen Test Ski Alpin<\/h2>\n\n<p>Die Anmeldedaten f\u00fcr die beiden in Frankreich stattfindenden technischen Tests sind unterschiedlich:<\/p>\n\n<ul class=\"wp-block-list\">\n<li>Anmeldefrist f\u00fcr die erste Sitzung: <strong>13\/10\/2025 bis 21\/11\/2025<\/strong><\/li>\n\n\n\n<li>Anmeldefrist f\u00fcr die 2. Sitzung im M\u00e4rz und April: <strong>09. bis 27. Februar 2026<\/strong><\/li>\n<\/ul>\n\n<div style=\"height:25px\" aria-hidden=\"true\" class=\"wp-block-spacer\"><\/div>\n\n<h2 class=\"wp-block-heading\">Wie melde ich mich f\u00fcr den Technischen Skitest an?<\/h2>\n\n<p>Um sich f\u00fcr die Pr\u00fcfung des <a href=\"https:\/\/test-technique-ski.fr\/de\/\">Technischen Tests Ski<\/a> anzumelden, m\u00fcssen Sie ein Konto auf der Plattform &#8222;Gestion des Parcours de formation&#8220; des franz\u00f6sischen Sportministeriums einrichten. Die Website der GEPAFO Montagne finden Sie unter <a href=\"https:\/\/gepafom.fr\/\">gepafom.fr<\/a>.<\/p>\n\n<figure class=\"wp-block-image size-full\"><img fetchpriority=\"high\" decoding=\"async\" width=\"962\" height=\"508\" src=\"https:\/\/test-technique-ski.fr\/wp-content\/uploads\/2023\/01\/Inscription-test-technique-gepafom.jpg\" alt=\"Anmeldeseite f&#xFC;r den Technischen Test\" class=\"wp-image-340\" title=\"Anmeldung zum Technischen Test auf der GEPAFO-Website\" srcset=\"https:\/\/test-technique-ski.fr\/wp-content\/uploads\/2023\/01\/Inscription-test-technique-gepafom.jpg 962w, https:\/\/test-technique-ski.fr\/wp-content\/uploads\/2023\/01\/Inscription-test-technique-gepafom-300x158.jpg 300w, https:\/\/test-technique-ski.fr\/wp-content\/uploads\/2023\/01\/Inscription-test-technique-gepafom-768x406.jpg 768w\" sizes=\"(max-width: 962px) 100vw, 962px\" \/><figcaption class=\"wp-element-caption\">Anmeldeseite f\u00fcr den Technischen Test auf der Website der GEPAFO Montagne<\/figcaption><\/figure>\n\n<p>Auf der Website zur <strong>Anmeldung f\u00fcr die Pr\u00fcfung zum Skilehrer A Alpin<\/strong> m\u00fcssen Sie ein Konto erstellen, um Zugang zu Ihrem Kandidatenbereich zu erhalten. Sie m\u00fcssen das Online-Anmeldeformular ausf\u00fcllen, um Ihr Profil als Examenskandidat zu best\u00e4tigen.<\/p>\n\n<p>Mit diesem Konto auf der Website des Sportministeriums k\u00f6nnen Sie alle Schritte Ihrer Bewerbung f\u00fcr die Pr\u00fcfung zum Skilehrer A f\u00fcr alpinen Skilauf verfolgen.<\/p>\n\n<h2 class=\"wp-block-heading\">Anmeldeformular f\u00fcr die Technische Pr\u00fcfung Ski Alpin<\/h2>\n\n<p>Wenn Sie auf der Website f\u00fcr die<strong>Anmeldung zum Technischen Skitest<\/strong> gepafom.de auf <strong>Konto einrichten<\/strong> klicken, gelangen Sie zum Anmeldeformular, das Sie im Internet ausf\u00fcllen m\u00fcssen. <\/p>\n\n<p>Hier ist ein Screenshot des Anmeldeformulars :<\/p>\n\n<figure class=\"wp-block-image size-full\"><img decoding=\"async\" width=\"843\" height=\"886\" src=\"https:\/\/test-technique-ski.fr\/wp-content\/uploads\/2023\/01\/formulaire-inscription-test-technique-ski-gepafom.jpg\" alt=\"Anmeldeformular Skitechnik-Test im Internet\" class=\"wp-image-343\" title=\"Anmeldeformular Skitechnik-Test\" srcset=\"https:\/\/test-technique-ski.fr\/wp-content\/uploads\/2023\/01\/formulaire-inscription-test-technique-ski-gepafom.jpg 843w, https:\/\/test-technique-ski.fr\/wp-content\/uploads\/2023\/01\/formulaire-inscription-test-technique-ski-gepafom-285x300.jpg 285w, https:\/\/test-technique-ski.fr\/wp-content\/uploads\/2023\/01\/formulaire-inscription-test-technique-ski-gepafom-768x807.jpg 768w\" sizes=\"(max-width: 843px) 100vw, 843px\" \/><figcaption class=\"wp-element-caption\">Anmeldeformular Test Technique de ski auf der Website gepafom.fr des Sportministeriums<\/figcaption><\/figure>\n","protected":false},"excerpt":{"rendered":"<p>Anmeldung zum Technischen Skitest 2026 Der gesamte Anmeldeprozess f\u00fcr den Technischen Skitest findet online statt. Anmeldedaten f\u00fcr den Technischen Test Ski Alpin Die Anmeldedaten f\u00fcr die beiden in Frankreich stattfindenden technischen Tests sind unterschiedlich: Wie melde ich mich f\u00fcr den Technischen Skitest an? Um sich f\u00fcr die Pr\u00fcfung des Technischen Tests Ski anzumelden, m\u00fcssen Sie [&hellip;]<\/p>\n","protected":false},"author":1,"featured_media":0,"parent":0,"menu_order":0,"comment_status":"closed","ping_status":"closed","template":"","meta":{"footnotes":""},"class_list":["post-477","page","type-page","status-publish","hentry"],"yoast_head":"<!-- This site is optimized with the Yoast SEO plugin v27.3 - https:\/\/yoast.com\/product\/yoast-seo-wordpress\/ -->\n<title>Anmeldung zum Technischen Test Ski Alpin<\/title>\n<meta name=\"description\" content=\"Alle Informationen f\u00fcr Ihre Anmeldung zum franz\u00f6sischen technischen Test f\u00fcr alpinen Skilauf. Alle Schritte f\u00fcr eine erfolgreiche Anmeldung\" \/>\n<meta name=\"robots\" content=\"index, follow, max-snippet:-1, max-image-preview:large, max-video-preview:-1\" \/>\n<link rel=\"canonical\" href=\"https:\/\/test-technique-ski.fr\/de\/anmeldung-zur-skitechnischen-pruefung\/\" \/>\n<meta property=\"og:locale\" content=\"de_DE\" \/>\n<meta property=\"og:type\" content=\"article\" \/>\n<meta property=\"og:title\" content=\"Anmeldung zum Technischen Test Ski Alpin\" \/>\n<meta property=\"og:description\" content=\"Alle Informationen f\u00fcr Ihre Anmeldung zum franz\u00f6sischen technischen Test f\u00fcr alpinen Skilauf. Alle Schritte f\u00fcr eine erfolgreiche Anmeldung\" \/>\n<meta property=\"og:url\" content=\"https:\/\/test-technique-ski.fr\/de\/anmeldung-zur-skitechnischen-pruefung\/\" \/>\n<meta property=\"og:site_name\" content=\"TEST TECHNIQUE SKI\" \/>\n<meta property=\"article:modified_time\" content=\"2026-02-12T11:39:04+00:00\" \/>\n<meta property=\"og:image\" content=\"https:\/\/test-technique-ski.fr\/wp-content\/uploads\/2023\/01\/Inscription-test-technique-gepafom.jpg\" \/>\n\t<meta property=\"og:image:width\" content=\"962\" \/>\n\t<meta property=\"og:image:height\" content=\"508\" \/>\n\t<meta property=\"og:image:type\" content=\"image\/jpeg\" \/>\n<meta name=\"twitter:card\" content=\"summary_large_image\" \/>\n<meta name=\"twitter:label1\" content=\"Gesch\u00e4tzte Lesezeit\" \/>\n\t<meta name=\"twitter:data1\" content=\"1\u00a0Minute\" \/>\n<script type=\"application\/ld+json\" class=\"yoast-schema-graph\">{\"@context\":\"https:\\\/\\\/schema.org\",\"@graph\":[{\"@type\":\"WebPage\",\"@id\":\"https:\\\/\\\/test-technique-ski.fr\\\/de\\\/anmeldung-zur-skitechnischen-pruefung\\\/\",\"url\":\"https:\\\/\\\/test-technique-ski.fr\\\/de\\\/anmeldung-zur-skitechnischen-pruefung\\\/\",\"name\":\"Anmeldung zum Technischen Test Ski Alpin\",\"isPartOf\":{\"@id\":\"https:\\\/\\\/test-technique-ski.fr\\\/de\\\/#website\"},\"primaryImageOfPage\":{\"@id\":\"https:\\\/\\\/test-technique-ski.fr\\\/de\\\/anmeldung-zur-skitechnischen-pruefung\\\/#primaryimage\"},\"image\":{\"@id\":\"https:\\\/\\\/test-technique-ski.fr\\\/de\\\/anmeldung-zur-skitechnischen-pruefung\\\/#primaryimage\"},\"thumbnailUrl\":\"https:\\\/\\\/test-technique-ski.fr\\\/wp-content\\\/uploads\\\/2023\\\/01\\\/Inscription-test-technique-gepafom.jpg\",\"datePublished\":\"2023-01-05T13:51:44+00:00\",\"dateModified\":\"2026-02-12T11:39:04+00:00\",\"description\":\"Alle Informationen f\u00fcr Ihre Anmeldung zum franz\u00f6sischen technischen Test f\u00fcr alpinen Skilauf. Alle Schritte f\u00fcr eine erfolgreiche Anmeldung\",\"inLanguage\":\"de\",\"potentialAction\":[{\"@type\":\"ReadAction\",\"target\":[\"https:\\\/\\\/test-technique-ski.fr\\\/de\\\/anmeldung-zur-skitechnischen-pruefung\\\/\"]}]},{\"@type\":\"ImageObject\",\"inLanguage\":\"de\",\"@id\":\"https:\\\/\\\/test-technique-ski.fr\\\/de\\\/anmeldung-zur-skitechnischen-pruefung\\\/#primaryimage\",\"url\":\"https:\\\/\\\/test-technique-ski.fr\\\/wp-content\\\/uploads\\\/2023\\\/01\\\/Inscription-test-technique-gepafom.jpg\",\"contentUrl\":\"https:\\\/\\\/test-technique-ski.fr\\\/wp-content\\\/uploads\\\/2023\\\/01\\\/Inscription-test-technique-gepafom.jpg\"},{\"@type\":\"WebSite\",\"@id\":\"https:\\\/\\\/test-technique-ski.fr\\\/de\\\/#website\",\"url\":\"https:\\\/\\\/test-technique-ski.fr\\\/de\\\/\",\"name\":\"TEST TECHNIQUE SKI\",\"description\":\"\",\"potentialAction\":[{\"@type\":\"SearchAction\",\"target\":{\"@type\":\"EntryPoint\",\"urlTemplate\":\"https:\\\/\\\/test-technique-ski.fr\\\/de\\\/?s={search_term_string}\"},\"query-input\":{\"@type\":\"PropertyValueSpecification\",\"valueRequired\":true,\"valueName\":\"search_term_string\"}}],\"inLanguage\":\"de\"}]}<\/script>\n<!-- \/ Yoast SEO plugin. -->","yoast_head_json":{"title":"Anmeldung zum Technischen Test Ski Alpin","description":"Alle Informationen f\u00fcr Ihre Anmeldung zum franz\u00f6sischen technischen Test f\u00fcr alpinen Skilauf. Alle Schritte f\u00fcr eine erfolgreiche Anmeldung","robots":{"index":"index","follow":"follow","max-snippet":"max-snippet:-1","max-image-preview":"max-image-preview:large","max-video-preview":"max-video-preview:-1"},"canonical":"https:\/\/test-technique-ski.fr\/de\/anmeldung-zur-skitechnischen-pruefung\/","og_locale":"de_DE","og_type":"article","og_title":"Anmeldung zum Technischen Test Ski Alpin","og_description":"Alle Informationen f\u00fcr Ihre Anmeldung zum franz\u00f6sischen technischen Test f\u00fcr alpinen Skilauf. Alle Schritte f\u00fcr eine erfolgreiche Anmeldung","og_url":"https:\/\/test-technique-ski.fr\/de\/anmeldung-zur-skitechnischen-pruefung\/","og_site_name":"TEST TECHNIQUE SKI","article_modified_time":"2026-02-12T11:39:04+00:00","og_image":[{"width":962,"height":508,"url":"https:\/\/test-technique-ski.fr\/wp-content\/uploads\/2023\/01\/Inscription-test-technique-gepafom.jpg","type":"image\/jpeg"}],"twitter_card":"summary_large_image","twitter_misc":{"Gesch\u00e4tzte Lesezeit":"1\u00a0Minute"},"schema":{"@context":"https:\/\/schema.org","@graph":[{"@type":"WebPage","@id":"https:\/\/test-technique-ski.fr\/de\/anmeldung-zur-skitechnischen-pruefung\/","url":"https:\/\/test-technique-ski.fr\/de\/anmeldung-zur-skitechnischen-pruefung\/","name":"Anmeldung zum Technischen Test Ski Alpin","isPartOf":{"@id":"https:\/\/test-technique-ski.fr\/de\/#website"},"primaryImageOfPage":{"@id":"https:\/\/test-technique-ski.fr\/de\/anmeldung-zur-skitechnischen-pruefung\/#primaryimage"},"image":{"@id":"https:\/\/test-technique-ski.fr\/de\/anmeldung-zur-skitechnischen-pruefung\/#primaryimage"},"thumbnailUrl":"https:\/\/test-technique-ski.fr\/wp-content\/uploads\/2023\/01\/Inscription-test-technique-gepafom.jpg","datePublished":"2023-01-05T13:51:44+00:00","dateModified":"2026-02-12T11:39:04+00:00","description":"Alle Informationen f\u00fcr Ihre Anmeldung zum franz\u00f6sischen technischen Test f\u00fcr alpinen Skilauf. Alle Schritte f\u00fcr eine erfolgreiche Anmeldung","inLanguage":"de","potentialAction":[{"@type":"ReadAction","target":["https:\/\/test-technique-ski.fr\/de\/anmeldung-zur-skitechnischen-pruefung\/"]}]},{"@type":"ImageObject","inLanguage":"de","@id":"https:\/\/test-technique-ski.fr\/de\/anmeldung-zur-skitechnischen-pruefung\/#primaryimage","url":"https:\/\/test-technique-ski.fr\/wp-content\/uploads\/2023\/01\/Inscription-test-technique-gepafom.jpg","contentUrl":"https:\/\/test-technique-ski.fr\/wp-content\/uploads\/2023\/01\/Inscription-test-technique-gepafom.jpg"},{"@type":"WebSite","@id":"https:\/\/test-technique-ski.fr\/de\/#website","url":"https:\/\/test-technique-ski.fr\/de\/","name":"TEST TECHNIQUE SKI","description":"","potentialAction":[{"@type":"SearchAction","target":{"@type":"EntryPoint","urlTemplate":"https:\/\/test-technique-ski.fr\/de\/?s={search_term_string}"},"query-input":{"@type":"PropertyValueSpecification","valueRequired":true,"valueName":"search_term_string"}}],"inLanguage":"de"}]}},"_links":{"self":[{"href":"https:\/\/test-technique-ski.fr\/de\/wp-json\/wp\/v2\/pages\/477","targetHints":{"allow":["GET"]}}],"collection":[{"href":"https:\/\/test-technique-ski.fr\/de\/wp-json\/wp\/v2\/pages"}],"about":[{"href":"https:\/\/test-technique-ski.fr\/de\/wp-json\/wp\/v2\/types\/page"}],"author":[{"embeddable":true,"href":"https:\/\/test-technique-ski.fr\/de\/wp-json\/wp\/v2\/users\/1"}],"replies":[{"embeddable":true,"href":"https:\/\/test-technique-ski.fr\/de\/wp-json\/wp\/v2\/comments?post=477"}],"version-history":[{"count":3,"href":"https:\/\/test-technique-ski.fr\/de\/wp-json\/wp\/v2\/pages\/477\/revisions"}],"predecessor-version":[{"id":3801,"href":"https:\/\/test-technique-ski.fr\/de\/wp-json\/wp\/v2\/pages\/477\/revisions\/3801"}],"wp:attachment":[{"href":"https:\/\/test-technique-ski.fr\/de\/wp-json\/wp\/v2\/media?parent=477"}],"curies":[{"name":"wp","href":"https:\/\/api.w.org\/{rel}","templated":true}]}}