{"id":478,"date":"2023-01-05T13:50:17","date_gmt":"2023-01-05T13:50:17","guid":{"rendered":"https:\/\/test-technique-ski.fr\/technik-test-der-ski-alpin\/"},"modified":"2025-10-24T18:33:11","modified_gmt":"2025-10-24T17:33:11","slug":"fahrtechniktest-ski-alpin","status":"publish","type":"page","link":"https:\/\/test-technique-ski.fr\/de\/","title":{"rendered":"Test Alpine Skitechnik"},"content":{"rendered":"\n<h1 class=\"wp-block-heading\">Skitechnik-Test, um Skilehrer zu werden<\/h1>\n\n<p>Hier finden Sie alle Informationen \u00fcber den Test Technique de ski, um eine <a href=\"https:\/\/test-technique-ski.fr\/de\/formation-moniteur-de-ski-alpin\/\">Skilehrerausbildung<\/a> in Frankreich zu beginnen.<\/p>\n\n<div style=\"height:10px\" aria-hidden=\"true\" class=\"wp-block-spacer\"><\/div>\n\n<h2 class=\"wp-block-heading\">Was ist der Technische Test f\u00fcr Alpinski?<\/h2>\n\n<p>Der Test Technique de Ski ist der erste Schritt in der <a href=\"https:\/\/test-technique-ski.fr\/de\/formation-moniteur-de-ski-alpin\/\">Ausbildung zum Skilehrer in Frankreich<\/a>. Es handelt sich um eine Pr\u00fcfung mit Zeitmessung im alpinen Skilauf, mit der das Skiniveau einer Person, die Skilehrer werden m\u00f6chte, best\u00e4tigt werden kann. Der technische Test ist ein spezieller Skislalom mit einer Qualifikationszeit, die erreicht werden muss.<\/p>\n\n<p>Der Kandidat, der <a href=\"https:\/\/test-technique-ski.fr\/de\/skilehrer-der-alpen-werden\/\">Skilehrer werden<\/a> m\u00f6chte, muss eine H\u00f6chstzeit erreichen, um den Technischen Test zu bestehen. Die Qualifikationszeit f\u00fcr den Technischen Test wird in Bezug auf die Zeit des Er\u00f6ffners wie folgt berechnet:  <\/p>\n\n<ul class=\"wp-block-list\">\n<li>F\u00fcr m\u00e4nnliche Kandidaten des Technischen Tests: Die Zeit im Slalom mit Zeitmessung muss unter der Zeit des Vorl\u00e4ufers + 20% liegen;<\/li>\n\n\n\n<li>F\u00fcr weibliche Kandidaten im Technischen Test: Die Zeit im Slalom mit Zeitmessung muss unter der vom Opener gefahrenen Zeit + 25% liegen.<\/li>\n<\/ul>\n\n<p>Sobald der Kandidat den Technischen Test bestanden hat, kann er seine Ausbildung zum Skilehrer an der \u00c9cole Nationale de Ski et d&#8217;Alpinisme beginnen.<\/p>\n\n<div style=\"height:10px\" aria-hidden=\"true\" class=\"wp-block-spacer\"><\/div>\n\n<h2 class=\"wp-block-heading\">Wie melde ich mich f\u00fcr den Technischen Skitest an?<\/h2>\n\n<p>Eine <a href=\"https:\/\/test-technique-ski.fr\/de\/anmeldung-zur-skitechnischen-pruefung\/\">Anmeldung zum Technischen Test Ski Alpin<\/a> erfolgt in mehreren Schritten. Um sich anzumelden, m\u00fcssen Sie ein Konto auf der <a href=\"https:\/\/test-technique-ski.fr\/de\/gepafo-montagne\/\">GEPAFO-Plattform<\/a> f\u00fcr die Verwaltung von Bildungswegen des franz\u00f6sischen Sportministeriums einrichten. Wir erl\u00e4utern das Verfahren im Detail.  <\/p>\n\n<h2 class=\"wp-block-heading\">Vorbereitung auf den technischen Skitest au\u00dferhalb der Wintersaison<\/h2>\n\n<p>Die Wintersaison ist kurz, daher ist es wichtig, sich auch au\u00dferhalb der Wintersaison auf den technischen Skitest vorzubereiten. Um Ihr Slalomtraining aufrechtzuerhalten und Ihr Skiniveau auch au\u00dferhalb der Wintersaison zu verbessern, bieten wir das ganze Jahr \u00fcber Slalomkurse an: <\/p>\n\n<ul class=\"wp-block-list\">\n<li><a href=\"https:\/\/test-technique-ski.fr\/de\/stage-ski-slalom-ete\/\">Slalomskikurs im Juli in Tignes<\/a><\/li>\n\n\n\n<li><a href=\"https:\/\/test-technique-ski.fr\/de\/stage-ski-slalom-automne\/\">Slalomskikurs im Oktober Indoor<\/a><\/li>\n\n\n\n<li><a href=\"https:\/\/test-technique-ski.fr\/de\/stage-ski-slalom-amneville\/\">Slalomskikurs in Amn\u00e9ville<\/a><\/li>\n<\/ul>\n\n<div style=\"height:10px\" aria-hidden=\"true\" class=\"wp-block-spacer\"><\/div>\n\n<h2 class=\"wp-block-heading\">Wann wird der technische Test f\u00fcr alpinen Skilauf in 2025 &#8211; 2026 abgelegt?<\/h2>\n\n<p>Jedes Jahr werden in Frankreich 2 technische Testsitzungen organisiert:<\/p>\n\n<ul class=\"wp-block-list\">\n<li>Die erste Runde der Tests findet von Dezember bis Februar statt;<\/li>\n\n\n\n<li>Die zweite Runde der Tests findet im M\u00e4rz und April statt.<\/li>\n<\/ul>\n\n<div style=\"height:10px\" aria-hidden=\"true\" class=\"wp-block-spacer\"><\/div>\n\n<p>Klicken Sie hier, um die <a href=\"https:\/\/test-technique-ski.fr\/de\/datum-technischen-pruefung-alpinen-skis\/\">Termine f\u00fcr den technischen Test<\/a> zu erfahren. Bitte beachten Sie die Termine f\u00fcr die Er\u00f6ffnung und den Abschluss der Registrierung.<\/p>\n\n<p><strong>Die erste Runde des Technischen Tests Ski Alpin 2026 wird im Dezember 2025 stattfinden<\/strong>. Anmeldungen sind ab dem 13. Oktober 2025 m\u00f6glich. <\/p>\n\n<div style=\"height:10px\" aria-hidden=\"true\" class=\"wp-block-spacer\"><\/div>\n\n<h2 class=\"wp-block-heading\">Wer kann den Technischen Test ablegen?<\/h2>\n\n<p>Der Technical Test steht allen Personen \u00fcber 17 Jahren offen. Jede\/r Bewerber\/in kann sich f\u00fcr jede Sitzung nur einmal anmelden. Also kann die Bewerberin oder der Bewerber den Technischen Test h\u00f6chstens zweimal im Jahr versuchen.<\/p>\n\n<div style=\"height:10px\" aria-hidden=\"true\" class=\"wp-block-spacer\"><\/div>\n\n<h2 class=\"wp-block-heading\">Was kostet der Technical Test?<\/h2>\n\n<p>Die Kosten f\u00fcr die Anmeldung zum Technischen Test betragen 80\u20ac. Dieser Preis beinhaltet nur die Anmeldung f\u00fcr den Slalom mit Zeitmessung. Alle Reise- und Unterbringungskosten sind von der Bewerberin\/dem Bewerber selbst zu tragen. Die Anmeldegeb\u00fchr wird nicht zur\u00fcckerstattet, wenn der Bewerber den Technischen Test nicht bestanden hat.<\/p>\n\n<div style=\"height:10px\" aria-hidden=\"true\" class=\"wp-block-spacer\"><\/div>\n\n<h2 class=\"wp-block-heading\">Foto eines Lehrers beim Technischen Skitest<\/h2>\n\n<figure class=\"wp-block-image size-large\" id=\"Slalom-chronom&#xE9;tr&#xE9;-du-test-technique\"><img fetchpriority=\"high\" decoding=\"async\" width=\"1024\" height=\"747\" src=\"https:\/\/test-technique-ski.fr\/wp-content\/uploads\/2023\/01\/Ski-Test-Technique-1-1024x747.jpg\" alt=\"Foto von Techniktest Ski Alpin\" class=\"wp-image-297\" title=\"Technischer Test Skirennen\" srcset=\"https:\/\/test-technique-ski.fr\/wp-content\/uploads\/2023\/01\/Ski-Test-Technique-1-1024x747.jpg 1024w, https:\/\/test-technique-ski.fr\/wp-content\/uploads\/2023\/01\/Ski-Test-Technique-1-300x219.jpg 300w, https:\/\/test-technique-ski.fr\/wp-content\/uploads\/2023\/01\/Ski-Test-Technique-1-768x560.jpg 768w, https:\/\/test-technique-ski.fr\/wp-content\/uploads\/2023\/01\/Ski-Test-Technique-1-1536x1121.jpg 1536w, https:\/\/test-technique-ski.fr\/wp-content\/uploads\/2023\/01\/Ski-Test-Technique-1-2048x1494.jpg 2048w\" sizes=\"(max-width: 1024px) 100vw, 1024px\" \/><figcaption class=\"wp-element-caption\">Slalom mit Zeitmessung des Technischen Skitests, um Skilehrer zu werden  <\/figcaption><\/figure>\n\n<div style=\"height:10px\" aria-hidden=\"true\" class=\"wp-block-spacer\"><\/div>\n\n<h2 class=\"wp-block-heading\">Wie erhalte ich die Ergebnisse des Technischen Skitests?<\/h2>\n\n<p>Die Ergebnisse sind direkt im Internet verf\u00fcgbar. Klicken Sie auf <a href=\"https:\/\/test-technique-ski.fr\/de\/testergebnisse-skitechnik\/\">Ergebnisse des Skitechnik-Tests<\/a>, um zu erfahren, wie Sie die Ergebnisse 2026 der Pr\u00fcfung des Skitechnik-Tests erhalten k\u00f6nnen.<\/p>\n\n<p><\/p>\n","protected":false},"excerpt":{"rendered":"<p>Skitechnik-Test, um Skilehrer zu werden Hier finden Sie alle Informationen \u00fcber den Test Technique de ski, um eine Skilehrerausbildung in Frankreich zu beginnen. Was ist der Technische Test f\u00fcr Alpinski? Der Test Technique de Ski ist der erste Schritt in der Ausbildung zum Skilehrer in Frankreich. Es handelt sich um eine Pr\u00fcfung mit Zeitmessung im [&hellip;]<\/p>\n","protected":false},"author":1,"featured_media":0,"parent":0,"menu_order":0,"comment_status":"closed","ping_status":"closed","template":"","meta":{"footnotes":""},"class_list":["post-478","page","type-page","status-publish","hentry"],"yoast_head":"<!-- This site is optimized with the Yoast SEO plugin v27.3 - https:\/\/yoast.com\/product\/yoast-seo-wordpress\/ -->\n<title>Test Alpine Skitechnik<\/title>\n<meta name=\"description\" content=\"Mit dem Test Technique de ski alpin kann die Ausbildung zum Skilehrer in Frankreich begonnen werden. Online-Anmeldung zum Technischen Test\" \/>\n<meta name=\"robots\" content=\"index, follow, max-snippet:-1, max-image-preview:large, max-video-preview:-1\" \/>\n<link rel=\"canonical\" href=\"https:\/\/test-technique-ski.fr\/de\/\" \/>\n<meta property=\"og:locale\" content=\"de_DE\" \/>\n<meta property=\"og:type\" content=\"article\" \/>\n<meta property=\"og:title\" content=\"Test Alpine Skitechnik\" \/>\n<meta property=\"og:description\" content=\"Mit dem Test Technique de ski alpin kann die Ausbildung zum Skilehrer in Frankreich begonnen werden. Online-Anmeldung zum Technischen Test\" \/>\n<meta property=\"og:url\" content=\"https:\/\/test-technique-ski.fr\/de\/\" \/>\n<meta property=\"og:site_name\" content=\"TEST TECHNIQUE SKI\" \/>\n<meta property=\"article:modified_time\" content=\"2025-10-24T17:33:11+00:00\" \/>\n<meta property=\"og:image\" content=\"https:\/\/test-technique-ski.fr\/wp-content\/uploads\/2023\/01\/Ski-Test-Technique-1-scaled.jpg\" \/>\n\t<meta property=\"og:image:width\" content=\"2560\" \/>\n\t<meta property=\"og:image:height\" content=\"1868\" \/>\n\t<meta property=\"og:image:type\" content=\"image\/jpeg\" \/>\n<meta name=\"twitter:card\" content=\"summary_large_image\" \/>\n<meta name=\"twitter:label1\" content=\"Gesch\u00e4tzte Lesezeit\" \/>\n\t<meta name=\"twitter:data1\" content=\"3\u00a0Minuten\" \/>\n<script type=\"application\/ld+json\" class=\"yoast-schema-graph\">{\"@context\":\"https:\\\/\\\/schema.org\",\"@graph\":[{\"@type\":\"WebPage\",\"@id\":\"https:\\\/\\\/test-technique-ski.fr\\\/de\\\/\",\"url\":\"https:\\\/\\\/test-technique-ski.fr\\\/de\\\/\",\"name\":\"Test Alpine Skitechnik\",\"isPartOf\":{\"@id\":\"https:\\\/\\\/test-technique-ski.fr\\\/de\\\/#website\"},\"primaryImageOfPage\":{\"@id\":\"https:\\\/\\\/test-technique-ski.fr\\\/de\\\/#primaryimage\"},\"image\":{\"@id\":\"https:\\\/\\\/test-technique-ski.fr\\\/de\\\/#primaryimage\"},\"thumbnailUrl\":\"https:\\\/\\\/test-technique-ski.fr\\\/wp-content\\\/uploads\\\/2023\\\/01\\\/Ski-Test-Technique-1-1024x747.jpg\",\"datePublished\":\"2023-01-05T13:50:17+00:00\",\"dateModified\":\"2025-10-24T17:33:11+00:00\",\"description\":\"Mit dem Test Technique de ski alpin kann die Ausbildung zum Skilehrer in Frankreich begonnen werden. Online-Anmeldung zum Technischen Test\",\"inLanguage\":\"de\",\"potentialAction\":[{\"@type\":\"ReadAction\",\"target\":[\"https:\\\/\\\/test-technique-ski.fr\\\/de\\\/\"]}]},{\"@type\":\"ImageObject\",\"inLanguage\":\"de\",\"@id\":\"https:\\\/\\\/test-technique-ski.fr\\\/de\\\/#primaryimage\",\"url\":\"https:\\\/\\\/test-technique-ski.fr\\\/wp-content\\\/uploads\\\/2023\\\/01\\\/Ski-Test-Technique-1-1024x747.jpg\",\"contentUrl\":\"https:\\\/\\\/test-technique-ski.fr\\\/wp-content\\\/uploads\\\/2023\\\/01\\\/Ski-Test-Technique-1-1024x747.jpg\"},{\"@type\":\"WebSite\",\"@id\":\"https:\\\/\\\/test-technique-ski.fr\\\/de\\\/#website\",\"url\":\"https:\\\/\\\/test-technique-ski.fr\\\/de\\\/\",\"name\":\"TEST TECHNIQUE SKI\",\"description\":\"\",\"potentialAction\":[{\"@type\":\"SearchAction\",\"target\":{\"@type\":\"EntryPoint\",\"urlTemplate\":\"https:\\\/\\\/test-technique-ski.fr\\\/de\\\/?s={search_term_string}\"},\"query-input\":{\"@type\":\"PropertyValueSpecification\",\"valueRequired\":true,\"valueName\":\"search_term_string\"}}],\"inLanguage\":\"de\"}]}<\/script>\n<!-- \/ Yoast SEO plugin. -->","yoast_head_json":{"title":"Test Alpine Skitechnik","description":"Mit dem Test Technique de ski alpin kann die Ausbildung zum Skilehrer in Frankreich begonnen werden. Online-Anmeldung zum Technischen Test","robots":{"index":"index","follow":"follow","max-snippet":"max-snippet:-1","max-image-preview":"max-image-preview:large","max-video-preview":"max-video-preview:-1"},"canonical":"https:\/\/test-technique-ski.fr\/de\/","og_locale":"de_DE","og_type":"article","og_title":"Test Alpine Skitechnik","og_description":"Mit dem Test Technique de ski alpin kann die Ausbildung zum Skilehrer in Frankreich begonnen werden. Online-Anmeldung zum Technischen Test","og_url":"https:\/\/test-technique-ski.fr\/de\/","og_site_name":"TEST TECHNIQUE SKI","article_modified_time":"2025-10-24T17:33:11+00:00","og_image":[{"width":2560,"height":1868,"url":"https:\/\/test-technique-ski.fr\/wp-content\/uploads\/2023\/01\/Ski-Test-Technique-1-scaled.jpg","type":"image\/jpeg"}],"twitter_card":"summary_large_image","twitter_misc":{"Gesch\u00e4tzte Lesezeit":"3\u00a0Minuten"},"schema":{"@context":"https:\/\/schema.org","@graph":[{"@type":"WebPage","@id":"https:\/\/test-technique-ski.fr\/de\/","url":"https:\/\/test-technique-ski.fr\/de\/","name":"Test Alpine Skitechnik","isPartOf":{"@id":"https:\/\/test-technique-ski.fr\/de\/#website"},"primaryImageOfPage":{"@id":"https:\/\/test-technique-ski.fr\/de\/#primaryimage"},"image":{"@id":"https:\/\/test-technique-ski.fr\/de\/#primaryimage"},"thumbnailUrl":"https:\/\/test-technique-ski.fr\/wp-content\/uploads\/2023\/01\/Ski-Test-Technique-1-1024x747.jpg","datePublished":"2023-01-05T13:50:17+00:00","dateModified":"2025-10-24T17:33:11+00:00","description":"Mit dem Test Technique de ski alpin kann die Ausbildung zum Skilehrer in Frankreich begonnen werden. Online-Anmeldung zum Technischen Test","inLanguage":"de","potentialAction":[{"@type":"ReadAction","target":["https:\/\/test-technique-ski.fr\/de\/"]}]},{"@type":"ImageObject","inLanguage":"de","@id":"https:\/\/test-technique-ski.fr\/de\/#primaryimage","url":"https:\/\/test-technique-ski.fr\/wp-content\/uploads\/2023\/01\/Ski-Test-Technique-1-1024x747.jpg","contentUrl":"https:\/\/test-technique-ski.fr\/wp-content\/uploads\/2023\/01\/Ski-Test-Technique-1-1024x747.jpg"},{"@type":"WebSite","@id":"https:\/\/test-technique-ski.fr\/de\/#website","url":"https:\/\/test-technique-ski.fr\/de\/","name":"TEST TECHNIQUE SKI","description":"","potentialAction":[{"@type":"SearchAction","target":{"@type":"EntryPoint","urlTemplate":"https:\/\/test-technique-ski.fr\/de\/?s={search_term_string}"},"query-input":{"@type":"PropertyValueSpecification","valueRequired":true,"valueName":"search_term_string"}}],"inLanguage":"de"}]}},"_links":{"self":[{"href":"https:\/\/test-technique-ski.fr\/de\/wp-json\/wp\/v2\/pages\/478","targetHints":{"allow":["GET"]}}],"collection":[{"href":"https:\/\/test-technique-ski.fr\/de\/wp-json\/wp\/v2\/pages"}],"about":[{"href":"https:\/\/test-technique-ski.fr\/de\/wp-json\/wp\/v2\/types\/page"}],"author":[{"embeddable":true,"href":"https:\/\/test-technique-ski.fr\/de\/wp-json\/wp\/v2\/users\/1"}],"replies":[{"embeddable":true,"href":"https:\/\/test-technique-ski.fr\/de\/wp-json\/wp\/v2\/comments?post=478"}],"version-history":[{"count":3,"href":"https:\/\/test-technique-ski.fr\/de\/wp-json\/wp\/v2\/pages\/478\/revisions"}],"predecessor-version":[{"id":3539,"href":"https:\/\/test-technique-ski.fr\/de\/wp-json\/wp\/v2\/pages\/478\/revisions\/3539"}],"wp:attachment":[{"href":"https:\/\/test-technique-ski.fr\/de\/wp-json\/wp\/v2\/media?parent=478"}],"curies":[{"name":"wp","href":"https:\/\/api.w.org\/{rel}","templated":true}]}}