{"id":534,"date":"2023-01-06T08:40:08","date_gmt":"2023-01-06T08:40:08","guid":{"rendered":"https:\/\/test-technique-ski.fr\/ergebnisse-techniktest-ski-alpin\/"},"modified":"2026-01-31T09:21:10","modified_gmt":"2026-01-31T09:21:10","slug":"testergebnisse-skitechnik","status":"publish","type":"page","link":"https:\/\/test-technique-ski.fr\/de\/testergebnisse-skitechnik\/","title":{"rendered":"Ergebnisse des Technischen Tests Ski Alpin"},"content":{"rendered":"\n<h1 class=\"wp-block-heading\">Ergebnisse des Skitechnik-Tests<\/h1>\n\n<p>Die Ergebnisse des <a href=\"https:\/\/test-technique-ski.fr\/de\/\">Technischen Tests Ski Alpin<\/a> sind im Internet auf der Plattform &#8222;Gestion des Parcours de formation&#8220; des franz\u00f6sischen Sportministeriums verf\u00fcgbar.<\/p>\n\n<h2 class=\"wp-block-heading\">Wie erhalte ich die Ergebnisse des Technischen Skitests?<\/h2>\n\n<p>Um die Ergebnisse einzusehen, m\u00fcssen Sie sich auf <a href=\"https:\/\/www.gepafom.fr\/jsra\/login\">gepafom.de<\/a> einloggen.  <\/p>\n\n<p>Wenn Sie kein Konto auf der GEPAFO Montagne-Website haben, m\u00fcssen Sie nur ein Konto f\u00fcr <a href=\"https:\/\/test-technique-ski.fr\/de\/anmeldung-zur-skitechnischen-pruefung\/\">die Anmeldung zum Technischen Skitest<\/a> erstellen.<\/p>\n\n<p>Sobald Sie sich in Ihr GEPAFO-Konto eingeloggt haben, m\u00fcssen Sie wie auf dem Foto unten auf ERGEBNIS klicken :<\/p>\n\n<figure class=\"wp-block-image size-full\"><img fetchpriority=\"high\" decoding=\"async\" width=\"944\" height=\"448\" src=\"https:\/\/test-technique-ski.fr\/wp-content\/uploads\/2023\/01\/resultats-test-technique-ski.jpg\" alt=\"Technische Testergebnisse des alpinen Skisports\" class=\"wp-image-350\" title=\"Technische Testergebnisse des alpinen Skisports\" srcset=\"https:\/\/test-technique-ski.fr\/wp-content\/uploads\/2023\/01\/resultats-test-technique-ski.jpg 944w, https:\/\/test-technique-ski.fr\/wp-content\/uploads\/2023\/01\/resultats-test-technique-ski-300x142.jpg 300w, https:\/\/test-technique-ski.fr\/wp-content\/uploads\/2023\/01\/resultats-test-technique-ski-768x364.jpg 768w\" sizes=\"(max-width: 944px) 100vw, 944px\" \/><figcaption class=\"wp-element-caption\">Ergebnisse Technischer Test Ski 2026<\/figcaption><\/figure>\n\n<p>Die Pr\u00fcfungsergebnisse des Technischen Tests Ski Alpin sind nach jedem der beiden j\u00e4hrlichen Testdurchg\u00e4nge verf\u00fcgbar. Klicken Sie hier, um die <a href=\"https:\/\/test-technique-ski.fr\/de\/datum-technischen-pruefung-alpinen-skis\/\">Daten des Technischen Tests f\u00fcr Ski 2026<\/a> zu erfahren.<\/p>\n","protected":false},"excerpt":{"rendered":"<p>Ergebnisse des Skitechnik-Tests Die Ergebnisse des Technischen Tests Ski Alpin sind im Internet auf der Plattform &#8222;Gestion des Parcours de formation&#8220; des franz\u00f6sischen Sportministeriums verf\u00fcgbar. Wie erhalte ich die Ergebnisse des Technischen Skitests? Um die Ergebnisse einzusehen, m\u00fcssen Sie sich auf gepafom.de einloggen. Wenn Sie kein Konto auf der GEPAFO Montagne-Website haben, m\u00fcssen Sie nur [&hellip;]<\/p>\n","protected":false},"author":1,"featured_media":0,"parent":0,"menu_order":0,"comment_status":"closed","ping_status":"closed","template":"","meta":{"footnotes":""},"class_list":["post-534","page","type-page","status-publish","hentry"],"yoast_head":"<!-- This site is optimized with the Yoast SEO plugin v27.3 - https:\/\/yoast.com\/product\/yoast-seo-wordpress\/ -->\n<title>Ergebnisse des Technischen Tests Ski Alpin<\/title>\n<meta name=\"description\" content=\"Sehen Sie sich die Ergebnisse des Technischen Tests Ski Alpin direkt im Internet an. Diese Ergebnisse sind online verf\u00fcgbar.\" \/>\n<meta name=\"robots\" content=\"index, follow, max-snippet:-1, max-image-preview:large, max-video-preview:-1\" \/>\n<link rel=\"canonical\" href=\"https:\/\/test-technique-ski.fr\/de\/testergebnisse-skitechnik\/\" \/>\n<meta property=\"og:locale\" content=\"de_DE\" \/>\n<meta property=\"og:type\" content=\"article\" \/>\n<meta property=\"og:title\" content=\"Ergebnisse des Technischen Tests Ski Alpin\" \/>\n<meta property=\"og:description\" content=\"Sehen Sie sich die Ergebnisse des Technischen Tests Ski Alpin direkt im Internet an. Diese Ergebnisse sind online verf\u00fcgbar.\" \/>\n<meta property=\"og:url\" content=\"https:\/\/test-technique-ski.fr\/de\/testergebnisse-skitechnik\/\" \/>\n<meta property=\"og:site_name\" content=\"TEST TECHNIQUE SKI\" \/>\n<meta property=\"article:modified_time\" content=\"2026-01-31T09:21:10+00:00\" \/>\n<meta property=\"og:image\" content=\"https:\/\/test-technique-ski.fr\/wp-content\/uploads\/2023\/01\/resultats-test-technique-ski.jpg\" \/>\n\t<meta property=\"og:image:width\" content=\"944\" \/>\n\t<meta property=\"og:image:height\" content=\"448\" \/>\n\t<meta property=\"og:image:type\" content=\"image\/jpeg\" \/>\n<meta name=\"twitter:card\" content=\"summary_large_image\" \/>\n<meta name=\"twitter:label1\" content=\"Gesch\u00e4tzte Lesezeit\" \/>\n\t<meta name=\"twitter:data1\" content=\"1\u00a0Minute\" \/>\n<script type=\"application\/ld+json\" class=\"yoast-schema-graph\">{\"@context\":\"https:\\\/\\\/schema.org\",\"@graph\":[{\"@type\":\"WebPage\",\"@id\":\"https:\\\/\\\/test-technique-ski.fr\\\/de\\\/testergebnisse-skitechnik\\\/\",\"url\":\"https:\\\/\\\/test-technique-ski.fr\\\/de\\\/testergebnisse-skitechnik\\\/\",\"name\":\"Ergebnisse des Technischen Tests Ski Alpin\",\"isPartOf\":{\"@id\":\"https:\\\/\\\/test-technique-ski.fr\\\/de\\\/#website\"},\"primaryImageOfPage\":{\"@id\":\"https:\\\/\\\/test-technique-ski.fr\\\/de\\\/testergebnisse-skitechnik\\\/#primaryimage\"},\"image\":{\"@id\":\"https:\\\/\\\/test-technique-ski.fr\\\/de\\\/testergebnisse-skitechnik\\\/#primaryimage\"},\"thumbnailUrl\":\"https:\\\/\\\/test-technique-ski.fr\\\/wp-content\\\/uploads\\\/2023\\\/01\\\/resultats-test-technique-ski.jpg\",\"datePublished\":\"2023-01-06T08:40:08+00:00\",\"dateModified\":\"2026-01-31T09:21:10+00:00\",\"description\":\"Sehen Sie sich die Ergebnisse des Technischen Tests Ski Alpin direkt im Internet an. Diese Ergebnisse sind online verf\u00fcgbar.\",\"inLanguage\":\"de\",\"potentialAction\":[{\"@type\":\"ReadAction\",\"target\":[\"https:\\\/\\\/test-technique-ski.fr\\\/de\\\/testergebnisse-skitechnik\\\/\"]}]},{\"@type\":\"ImageObject\",\"inLanguage\":\"de\",\"@id\":\"https:\\\/\\\/test-technique-ski.fr\\\/de\\\/testergebnisse-skitechnik\\\/#primaryimage\",\"url\":\"https:\\\/\\\/test-technique-ski.fr\\\/wp-content\\\/uploads\\\/2023\\\/01\\\/resultats-test-technique-ski.jpg\",\"contentUrl\":\"https:\\\/\\\/test-technique-ski.fr\\\/wp-content\\\/uploads\\\/2023\\\/01\\\/resultats-test-technique-ski.jpg\"},{\"@type\":\"WebSite\",\"@id\":\"https:\\\/\\\/test-technique-ski.fr\\\/de\\\/#website\",\"url\":\"https:\\\/\\\/test-technique-ski.fr\\\/de\\\/\",\"name\":\"TEST TECHNIQUE SKI\",\"description\":\"\",\"potentialAction\":[{\"@type\":\"SearchAction\",\"target\":{\"@type\":\"EntryPoint\",\"urlTemplate\":\"https:\\\/\\\/test-technique-ski.fr\\\/de\\\/?s={search_term_string}\"},\"query-input\":{\"@type\":\"PropertyValueSpecification\",\"valueRequired\":true,\"valueName\":\"search_term_string\"}}],\"inLanguage\":\"de\"}]}<\/script>\n<!-- \/ Yoast SEO plugin. -->","yoast_head_json":{"title":"Ergebnisse des Technischen Tests Ski Alpin","description":"Sehen Sie sich die Ergebnisse des Technischen Tests Ski Alpin direkt im Internet an. Diese Ergebnisse sind online verf\u00fcgbar.","robots":{"index":"index","follow":"follow","max-snippet":"max-snippet:-1","max-image-preview":"max-image-preview:large","max-video-preview":"max-video-preview:-1"},"canonical":"https:\/\/test-technique-ski.fr\/de\/testergebnisse-skitechnik\/","og_locale":"de_DE","og_type":"article","og_title":"Ergebnisse des Technischen Tests Ski Alpin","og_description":"Sehen Sie sich die Ergebnisse des Technischen Tests Ski Alpin direkt im Internet an. Diese Ergebnisse sind online verf\u00fcgbar.","og_url":"https:\/\/test-technique-ski.fr\/de\/testergebnisse-skitechnik\/","og_site_name":"TEST TECHNIQUE SKI","article_modified_time":"2026-01-31T09:21:10+00:00","og_image":[{"width":944,"height":448,"url":"https:\/\/test-technique-ski.fr\/wp-content\/uploads\/2023\/01\/resultats-test-technique-ski.jpg","type":"image\/jpeg"}],"twitter_card":"summary_large_image","twitter_misc":{"Gesch\u00e4tzte Lesezeit":"1\u00a0Minute"},"schema":{"@context":"https:\/\/schema.org","@graph":[{"@type":"WebPage","@id":"https:\/\/test-technique-ski.fr\/de\/testergebnisse-skitechnik\/","url":"https:\/\/test-technique-ski.fr\/de\/testergebnisse-skitechnik\/","name":"Ergebnisse des Technischen Tests Ski Alpin","isPartOf":{"@id":"https:\/\/test-technique-ski.fr\/de\/#website"},"primaryImageOfPage":{"@id":"https:\/\/test-technique-ski.fr\/de\/testergebnisse-skitechnik\/#primaryimage"},"image":{"@id":"https:\/\/test-technique-ski.fr\/de\/testergebnisse-skitechnik\/#primaryimage"},"thumbnailUrl":"https:\/\/test-technique-ski.fr\/wp-content\/uploads\/2023\/01\/resultats-test-technique-ski.jpg","datePublished":"2023-01-06T08:40:08+00:00","dateModified":"2026-01-31T09:21:10+00:00","description":"Sehen Sie sich die Ergebnisse des Technischen Tests Ski Alpin direkt im Internet an. Diese Ergebnisse sind online verf\u00fcgbar.","inLanguage":"de","potentialAction":[{"@type":"ReadAction","target":["https:\/\/test-technique-ski.fr\/de\/testergebnisse-skitechnik\/"]}]},{"@type":"ImageObject","inLanguage":"de","@id":"https:\/\/test-technique-ski.fr\/de\/testergebnisse-skitechnik\/#primaryimage","url":"https:\/\/test-technique-ski.fr\/wp-content\/uploads\/2023\/01\/resultats-test-technique-ski.jpg","contentUrl":"https:\/\/test-technique-ski.fr\/wp-content\/uploads\/2023\/01\/resultats-test-technique-ski.jpg"},{"@type":"WebSite","@id":"https:\/\/test-technique-ski.fr\/de\/#website","url":"https:\/\/test-technique-ski.fr\/de\/","name":"TEST TECHNIQUE SKI","description":"","potentialAction":[{"@type":"SearchAction","target":{"@type":"EntryPoint","urlTemplate":"https:\/\/test-technique-ski.fr\/de\/?s={search_term_string}"},"query-input":{"@type":"PropertyValueSpecification","valueRequired":true,"valueName":"search_term_string"}}],"inLanguage":"de"}]}},"_links":{"self":[{"href":"https:\/\/test-technique-ski.fr\/de\/wp-json\/wp\/v2\/pages\/534","targetHints":{"allow":["GET"]}}],"collection":[{"href":"https:\/\/test-technique-ski.fr\/de\/wp-json\/wp\/v2\/pages"}],"about":[{"href":"https:\/\/test-technique-ski.fr\/de\/wp-json\/wp\/v2\/types\/page"}],"author":[{"embeddable":true,"href":"https:\/\/test-technique-ski.fr\/de\/wp-json\/wp\/v2\/users\/1"}],"replies":[{"embeddable":true,"href":"https:\/\/test-technique-ski.fr\/de\/wp-json\/wp\/v2\/comments?post=534"}],"version-history":[{"count":5,"href":"https:\/\/test-technique-ski.fr\/de\/wp-json\/wp\/v2\/pages\/534\/revisions"}],"predecessor-version":[{"id":3763,"href":"https:\/\/test-technique-ski.fr\/de\/wp-json\/wp\/v2\/pages\/534\/revisions\/3763"}],"wp:attachment":[{"href":"https:\/\/test-technique-ski.fr\/de\/wp-json\/wp\/v2\/media?parent=534"}],"curies":[{"name":"wp","href":"https:\/\/api.w.org\/{rel}","templated":true}]}}