{"id":774,"date":"2023-01-13T12:41:48","date_gmt":"2023-01-13T12:41:48","guid":{"rendered":"https:\/\/test-technique-ski.fr\/gepafo-montagne\/"},"modified":"2023-01-13T12:57:01","modified_gmt":"2023-01-13T12:57:01","slug":"gepafo-montagne","status":"publish","type":"page","link":"https:\/\/test-technique-ski.fr\/de\/gepafo-montagne\/","title":{"rendered":"GEPAFO Montagne | suivi formation moniteur A"},"content":{"rendered":"\n<h1 class=\"wp-block-heading\">GEPAFO Montagne f\u00fcr die Ausbildung zum Skilehrer<\/h1>\n\n<h2 class=\"wp-block-heading\">Was ist die GEPAFO?<\/h2>\n\n<p><strong>GEPAFO ist die Abk\u00fcrzung f\u00fcr GEstion des PArcours de FOrmation (Verwaltung von FOrmationskursen<\/strong>). Dabei handelt es sich um eine Online-Plattform, die es erm\u00f6glicht, die Verwaltung der Ausbildungswege beim franz\u00f6sischen Sportministerium zu verfolgen.<\/p>\n\n<h2 class=\"wp-block-heading\">Wie melde ich mich auf der GEPAFO-Website an?<\/h2>\n\n<p>Die Plattform der GEPAFO Montagne ist unter der Internetadresse www.gepafom.fr erreichbar.  <\/p>\n\n<h2 class=\"wp-block-heading\">Wozu dient die Online-Plattform GEPAFO?<\/h2>\n\n<p>Die GEPAFO-Plattform erm\u00f6glicht es jedem Kandidaten f\u00fcr das Skilehrerdiplom, sich f\u00fcr die Pr\u00fcfungen anzumelden und seine Ausbildung w\u00e4hrend des gesamten Lernprozesses des Skilehrerberufs zu verfolgen.<\/p>\n\n<p>Der 1. Schritt der Ausbildung ist das Bestehen des <a href=\"https:\/\/test-technique-ski.fr\/de\/\">technischen Skitests<\/a>. Dieser erste Test dient dazu, das Skiniveau des Bewerbers zu best\u00e4tigen. Die<a href=\"https:\/\/test-technique-ski.fr\/de\/anmeldung-zur-skitechnischen-pruefung\/\">Anmeldung zum technischen Skitest<\/a> erfolgt vollst\u00e4ndig online auf der Plattform gepafom.de.<\/p>\n\n<p> <\/p>\n","protected":false},"excerpt":{"rendered":"<p>GEPAFO Montagne f\u00fcr die Ausbildung zum Skilehrer Was ist die GEPAFO? GEPAFO ist die Abk\u00fcrzung f\u00fcr GEstion des PArcours de FOrmation (Verwaltung von FOrmationskursen). Dabei handelt es sich um eine Online-Plattform, die es erm\u00f6glicht, die Verwaltung der Ausbildungswege beim franz\u00f6sischen Sportministerium zu verfolgen. Wie melde ich mich auf der GEPAFO-Website an? Die Plattform der GEPAFO [&hellip;]<\/p>\n","protected":false},"author":1,"featured_media":0,"parent":0,"menu_order":0,"comment_status":"closed","ping_status":"closed","template":"","meta":{"footnotes":""},"class_list":["post-774","page","type-page","status-publish","hentry"],"yoast_head":"<!-- This site is optimized with the Yoast SEO plugin v27.3 - https:\/\/yoast.com\/product\/yoast-seo-wordpress\/ -->\n<title>GEPAFO Montagne | suivi formation moniteur A<\/title>\n<meta name=\"description\" content=\"GEPAFO Montagne die Plattform f\u00fcr die Verwaltung von Bildungswegen des franz\u00f6sischen Sportministeriums\" \/>\n<meta name=\"robots\" content=\"index, follow, max-snippet:-1, max-image-preview:large, max-video-preview:-1\" \/>\n<link rel=\"canonical\" href=\"https:\/\/test-technique-ski.fr\/de\/gepafo-montagne\/\" \/>\n<meta property=\"og:locale\" content=\"de_DE\" \/>\n<meta property=\"og:type\" content=\"article\" \/>\n<meta property=\"og:title\" content=\"GEPAFO Montagne | suivi formation moniteur A\" \/>\n<meta property=\"og:description\" content=\"GEPAFO Montagne die Plattform f\u00fcr die Verwaltung von Bildungswegen des franz\u00f6sischen Sportministeriums\" \/>\n<meta property=\"og:url\" content=\"https:\/\/test-technique-ski.fr\/de\/gepafo-montagne\/\" \/>\n<meta property=\"og:site_name\" content=\"TEST TECHNIQUE SKI\" \/>\n<meta property=\"article:modified_time\" content=\"2023-01-13T12:57:01+00:00\" \/>\n<meta name=\"twitter:card\" content=\"summary_large_image\" \/>\n<meta name=\"twitter:label1\" content=\"Gesch\u00e4tzte Lesezeit\" \/>\n\t<meta name=\"twitter:data1\" content=\"1\u00a0Minute\" \/>\n<script type=\"application\/ld+json\" class=\"yoast-schema-graph\">{\"@context\":\"https:\\\/\\\/schema.org\",\"@graph\":[{\"@type\":\"WebPage\",\"@id\":\"https:\\\/\\\/test-technique-ski.fr\\\/de\\\/gepafo-montagne\\\/\",\"url\":\"https:\\\/\\\/test-technique-ski.fr\\\/de\\\/gepafo-montagne\\\/\",\"name\":\"GEPAFO Montagne | suivi formation moniteur A\",\"isPartOf\":{\"@id\":\"https:\\\/\\\/test-technique-ski.fr\\\/de\\\/#website\"},\"datePublished\":\"2023-01-13T12:41:48+00:00\",\"dateModified\":\"2023-01-13T12:57:01+00:00\",\"description\":\"GEPAFO Montagne die Plattform f\u00fcr die Verwaltung von Bildungswegen des franz\u00f6sischen Sportministeriums\",\"inLanguage\":\"de\",\"potentialAction\":[{\"@type\":\"ReadAction\",\"target\":[\"https:\\\/\\\/test-technique-ski.fr\\\/de\\\/gepafo-montagne\\\/\"]}]},{\"@type\":\"WebSite\",\"@id\":\"https:\\\/\\\/test-technique-ski.fr\\\/de\\\/#website\",\"url\":\"https:\\\/\\\/test-technique-ski.fr\\\/de\\\/\",\"name\":\"TEST TECHNIQUE SKI\",\"description\":\"\",\"potentialAction\":[{\"@type\":\"SearchAction\",\"target\":{\"@type\":\"EntryPoint\",\"urlTemplate\":\"https:\\\/\\\/test-technique-ski.fr\\\/de\\\/?s={search_term_string}\"},\"query-input\":{\"@type\":\"PropertyValueSpecification\",\"valueRequired\":true,\"valueName\":\"search_term_string\"}}],\"inLanguage\":\"de\"}]}<\/script>\n<!-- \/ Yoast SEO plugin. -->","yoast_head_json":{"title":"GEPAFO Montagne | suivi formation moniteur A","description":"GEPAFO Montagne die Plattform f\u00fcr die Verwaltung von Bildungswegen des franz\u00f6sischen Sportministeriums","robots":{"index":"index","follow":"follow","max-snippet":"max-snippet:-1","max-image-preview":"max-image-preview:large","max-video-preview":"max-video-preview:-1"},"canonical":"https:\/\/test-technique-ski.fr\/de\/gepafo-montagne\/","og_locale":"de_DE","og_type":"article","og_title":"GEPAFO Montagne | suivi formation moniteur A","og_description":"GEPAFO Montagne die Plattform f\u00fcr die Verwaltung von Bildungswegen des franz\u00f6sischen Sportministeriums","og_url":"https:\/\/test-technique-ski.fr\/de\/gepafo-montagne\/","og_site_name":"TEST TECHNIQUE SKI","article_modified_time":"2023-01-13T12:57:01+00:00","twitter_card":"summary_large_image","twitter_misc":{"Gesch\u00e4tzte Lesezeit":"1\u00a0Minute"},"schema":{"@context":"https:\/\/schema.org","@graph":[{"@type":"WebPage","@id":"https:\/\/test-technique-ski.fr\/de\/gepafo-montagne\/","url":"https:\/\/test-technique-ski.fr\/de\/gepafo-montagne\/","name":"GEPAFO Montagne | suivi formation moniteur A","isPartOf":{"@id":"https:\/\/test-technique-ski.fr\/de\/#website"},"datePublished":"2023-01-13T12:41:48+00:00","dateModified":"2023-01-13T12:57:01+00:00","description":"GEPAFO Montagne die Plattform f\u00fcr die Verwaltung von Bildungswegen des franz\u00f6sischen Sportministeriums","inLanguage":"de","potentialAction":[{"@type":"ReadAction","target":["https:\/\/test-technique-ski.fr\/de\/gepafo-montagne\/"]}]},{"@type":"WebSite","@id":"https:\/\/test-technique-ski.fr\/de\/#website","url":"https:\/\/test-technique-ski.fr\/de\/","name":"TEST TECHNIQUE SKI","description":"","potentialAction":[{"@type":"SearchAction","target":{"@type":"EntryPoint","urlTemplate":"https:\/\/test-technique-ski.fr\/de\/?s={search_term_string}"},"query-input":{"@type":"PropertyValueSpecification","valueRequired":true,"valueName":"search_term_string"}}],"inLanguage":"de"}]}},"_links":{"self":[{"href":"https:\/\/test-technique-ski.fr\/de\/wp-json\/wp\/v2\/pages\/774","targetHints":{"allow":["GET"]}}],"collection":[{"href":"https:\/\/test-technique-ski.fr\/de\/wp-json\/wp\/v2\/pages"}],"about":[{"href":"https:\/\/test-technique-ski.fr\/de\/wp-json\/wp\/v2\/types\/page"}],"author":[{"embeddable":true,"href":"https:\/\/test-technique-ski.fr\/de\/wp-json\/wp\/v2\/users\/1"}],"replies":[{"embeddable":true,"href":"https:\/\/test-technique-ski.fr\/de\/wp-json\/wp\/v2\/comments?post=774"}],"version-history":[{"count":0,"href":"https:\/\/test-technique-ski.fr\/de\/wp-json\/wp\/v2\/pages\/774\/revisions"}],"wp:attachment":[{"href":"https:\/\/test-technique-ski.fr\/de\/wp-json\/wp\/v2\/media?parent=774"}],"curies":[{"name":"wp","href":"https:\/\/api.w.org\/{rel}","templated":true}]}}