{"id":1380,"date":"2024-01-11T09:21:47","date_gmt":"2024-01-11T09:21:47","guid":{"rendered":"https:\/\/test-technique-ski.fr\/ctt-common-training-test\/"},"modified":"2026-02-28T10:22:33","modified_gmt":"2026-02-28T10:22:33","slug":"ctt-common-training-test-eurotest","status":"publish","type":"page","link":"https:\/\/test-technique-ski.fr\/es\/ctt-common-training-test-eurotest\/","title":{"rendered":"CTT Prueba Com\u00fan de Entrenamiento de esqu\u00ed alpino"},"content":{"rendered":"\n<h1 class=\"wp-block-heading\">CTT Common Training Test de esqu\u00ed alpino<\/h1>\n\n<p>Descubre todo lo que necesitas saber sobre el Common Training Test (CTT): condiciones de inscripci\u00f3n, fechas de examen y una gu\u00eda paso a paso para inscribirte en el CTT de esqu\u00ed alpino.<\/p>\n\n<h2 class=\"wp-block-heading\">\u00bfQu\u00e9 es la prueba com\u00fan de formaci\u00f3n?<\/h2>\n\n<p>El Test de Capacitaci\u00f3n Com\u00fan (CTT) es un conjunto de evaluaciones dise\u00f1adas para medir las habilidades y conocimientos de los participantes en diversas \u00e1reas, incluidos los deportes de invierno como el esqu\u00ed alpino. Esta prueba eval\u00faa el nivel de los candidatos para garantizar que poseen las cualificaciones necesarias para participar en cursos de formaci\u00f3n o competiciones espec\u00edficas. Los CTT est\u00e1n reconocidos a nivel nacional e internacional y ofrecen a los participantes una valiosa certificaci\u00f3n para su carrera deportiva o profesional.<\/p>\n\n<h2 class=\"wp-block-heading\">\u00bfCu\u00e1les son las condiciones para inscribirse en un CTT?<\/h2>\n\n<p>Para inscribirse en una prueba com\u00fan de formaci\u00f3n, los candidatos deben cumplir una serie de requisitos, que pueden variar en funci\u00f3n del tipo de prueba. Las condiciones incluyen:<\/p>\n\n<ul class=\"wp-block-list\">\n<li>Haber alcanzado una edad m\u00ednima espec\u00edfica (a menudo 16 a\u00f1os o m\u00e1s).<\/li>\n\n\n\n<li>Tener un nivel previo de competencia o formaci\u00f3n en el campo en cuesti\u00f3n.<\/li>\n\n\n\n<li>Presentar un certificado m\u00e9dico que acredite su capacidad para practicar el deporte en cuesti\u00f3n.<\/li>\n\n\n\n<li>Pagar la tasa de inscripci\u00f3n al examen.<\/li>\n<\/ul>\n\n<p>Es fundamental comprobar las condiciones espec\u00edficas del CTT en el que desea inscribirse, ya que pueden variar.<\/p>\n\n<h2 class=\"wp-block-heading\">\u00bfCu\u00e1les son las fechas para la prueba t\u00e9cnica CTT en 2026?<\/h2>\n\n<p>\u00c9stas son las primeras fechas publicadas por GEPAFO Montagne para la 1\u00aa sesi\u00f3n 2025-2026:<\/p>\n\n<figure class=\"wp-block-table\"><table><tbody><tr><td class=\"has-text-align-center\" data-align=\"center\">Ubicaci\u00f3n<\/td><td class=\"has-text-align-center\" data-align=\"center\">Dep.<\/td><td class=\"has-text-align-center\" data-align=\"center\">Fechas de las pruebas<\/td><td class=\"has-text-align-center\" data-align=\"center\">Registrado min.<\/td><td class=\"has-text-align-center\" data-align=\"center\">N\u00famero m\u00e1ximo de inscripciones<\/td><td class=\"has-text-align-center\" data-align=\"center\">Fecha de apertura de las inscripciones<\/td><td class=\"has-text-align-center\" data-align=\"center\">Fecha l\u00edmite de inscripci\u00f3n<\/td><\/tr><tr><td class=\"has-text-align-center\" data-align=\"center\">L&#8217;Alpe d&#8217;Huez<\/td><td class=\"has-text-align-center\" data-align=\"center\">38<\/td><td class=\"has-text-align-center\" data-align=\"center\">18\/12\/2025 a 20\/12\/2025<\/td><td class=\"has-text-align-center\" data-align=\"center\">40<\/td><td class=\"has-text-align-center\" data-align=\"center\">180<\/td><td class=\"has-text-align-center\" data-align=\"center\">13\/10\/2025<\/td><td class=\"has-text-align-center\" data-align=\"center\">21\/11\/2025<\/td><\/tr><tr><td class=\"has-text-align-center\" data-align=\"center\">Morzine<\/td><td class=\"has-text-align-center\" data-align=\"center\">74<\/td><td class=\"has-text-align-center\" data-align=\"center\">del 12\/01\/2026 al 14\/01\/2026<\/td><td class=\"has-text-align-center\" data-align=\"center\">40<\/td><td class=\"has-text-align-center\" data-align=\"center\">180<\/td><td class=\"has-text-align-center\" data-align=\"center\">13\/10\/2025<\/td><td class=\"has-text-align-center\" data-align=\"center\">21\/11\/2025<\/td><\/tr><tr><td class=\"has-text-align-center\" data-align=\"center\"><a href=\"https:\/\/test-technique-ski.fr\/es\/prueba-tecnica-esqui-alpin-menuires\/\">Les Menuires<\/a><\/td><td class=\"has-text-align-center\" data-align=\"center\">73<\/td><td class=\"has-text-align-center\" data-align=\"center\">22\/01\/2026 a 24\/01\/2026<\/td><td class=\"has-text-align-center\" data-align=\"center\">40<\/td><td class=\"has-text-align-center\" data-align=\"center\">180<\/td><td class=\"has-text-align-center\" data-align=\"center\">13\/10\/2025<\/td><td class=\"has-text-align-center\" data-align=\"center\">21\/11\/2025<\/td><\/tr><tr><td class=\"has-text-align-center\" data-align=\"center\">San Lary Soulan<\/td><td class=\"has-text-align-center\" data-align=\"center\">65<\/td><td class=\"has-text-align-center\" data-align=\"center\">02\/02\/2026 a 03\/02\/2026<\/td><td class=\"has-text-align-center\" data-align=\"center\">40<\/td><td class=\"has-text-align-center\" data-align=\"center\">90<\/td><td class=\"has-text-align-center\" data-align=\"center\">13\/10\/2025<\/td><td class=\"has-text-align-center\" data-align=\"center\">21\/11\/2025<\/td><\/tr><tr><td class=\"has-text-align-center\" data-align=\"center\">Serre Chevalier<\/td><td class=\"has-text-align-center\" data-align=\"center\">06<\/td><td class=\"has-text-align-center\" data-align=\"center\">04\/02\/2026 a 06\/02\/2026<\/td><td class=\"has-text-align-center\" data-align=\"center\">40<\/td><td class=\"has-text-align-center\" data-align=\"center\">180<\/td><td class=\"has-text-align-center\" data-align=\"center\">13\/10\/2025<\/td><td class=\"has-text-align-center\" data-align=\"center\">21\/11\/2025<\/td><\/tr><tr><td class=\"has-text-align-center\" data-align=\"center\">San Lary Soulan<\/td><td class=\"has-text-align-center\" data-align=\"center\">65<\/td><td class=\"has-text-align-center\" data-align=\"center\">17\/03\/2026 a 18\/03\/2026<\/td><td class=\"has-text-align-center\" data-align=\"center\">40<\/td><td class=\"has-text-align-center\" data-align=\"center\">90<\/td><td class=\"has-text-align-center\" data-align=\"center\">  09\/02\/2026<\/td><td class=\"has-text-align-center\" data-align=\"center\">  27\/02\/2026<\/td><\/tr><tr><td class=\"has-text-align-center\" data-align=\"center\">Auron<\/td><td class=\"has-text-align-center\" data-align=\"center\">06<\/td><td class=\"has-text-align-center\" data-align=\"center\">19\/03\/2026 a 20\/03\/2026<\/td><td class=\"has-text-align-center\" data-align=\"center\">40<\/td><td class=\"has-text-align-center\" data-align=\"center\">90<\/td><td class=\"has-text-align-center\" data-align=\"center\">  09\/02\/2026<\/td><td class=\"has-text-align-center\" data-align=\"center\">  27\/02\/2026<\/td><\/tr><tr><td class=\"has-text-align-center\" data-align=\"center\">L&#8217;Alpe d&#8217;Huez<\/td><td class=\"has-text-align-center\" data-align=\"center\">38<\/td><td class=\"has-text-align-center\" data-align=\"center\">30\/03\/2026 a 03\/04\/2026<\/td><td class=\"has-text-align-center\" data-align=\"center\">40<\/td><td class=\"has-text-align-center\" data-align=\"center\">360<\/td><td class=\"has-text-align-center\" data-align=\"center\">  09\/02\/2026<\/td><td class=\"has-text-align-center\" data-align=\"center\">  27\/02\/2026<\/td><\/tr><tr><td class=\"has-text-align-center\" data-align=\"center\"><a href=\"https:\/\/test-technique-ski.fr\/es\/val-thorens\/\" type=\"page\" id=\"3819\">Val Thorens<\/a><\/td><td class=\"has-text-align-center\" data-align=\"center\">73<\/td><td class=\"has-text-align-center\" data-align=\"center\">Del 23\/04\/2026 al 25\/04\/2026<\/td><td class=\"has-text-align-center\" data-align=\"center\">40<\/td><td class=\"has-text-align-center\" data-align=\"center\">180<\/td><td class=\"has-text-align-center\" data-align=\"center\">  09\/02\/2026<\/td><td class=\"has-text-align-center\" data-align=\"center\">  27\/02\/2026<\/td><\/tr><\/tbody><\/table><figcaption class=\"wp-element-caption\">Calendario de fechas para la prueba t\u00e9cnica C.T.T. en Francia en 2026<\/figcaption><\/figure>\n\n<h2 class=\"wp-block-heading\">Curso de formaci\u00f3n en el CTT de Les Menuires<\/h2>\n\n<p>La Academia FSE de <strong>Les M\u00e9nuires<\/strong> organiz\u00f3 un <a href=\"https:\/\/test-technique-ski.fr\/es\/curso-de-preparacion-para-pruebas-tecnicas-de-esqui-alpino\/\">curso de formaci\u00f3n para la Prueba T\u00e9cnica<\/a> CTT en el Estadio de Slalom <strong>de Les M\u00e9nuires del 12 al 22 de enero de 2026<\/strong>. Este curso sirvi\u00f3 para preparar la Prueba T\u00e9cnica del CTT en Les M\u00e9nuires, que tuvo lugar del 22 al 24 de enero de 2026. <\/p>\n\n<p>Para participar en el curso, ponte en contacto con <strong>Nicolas Flage<\/strong> en el <a href=\"tel:+33625690113\">06 25 69 01 13<\/a>.<\/p>\n\n<div style=\"height:30px\" aria-hidden=\"true\" class=\"wp-block-spacer\"><\/div>\n\n<h2 class=\"wp-block-heading\">\u00bfC\u00f3mo me inscribo en un CTT de esqu\u00ed alpino?<\/h2>\n\n<p>Para inscribirse en un CTT, siga estos pasos:<\/p>\n\n<ol class=\"wp-block-list\">\n<li><strong>Visite el sitio oficial:<\/strong> Empiece por visitar el sitio oficial de los organizadores de los CTT de esqu\u00ed alpino.<\/li>\n\n\n\n<li><strong>Consulte las condiciones de inscripci\u00f3n:<\/strong> Aseg\u00farese de que cumple todas las condiciones exigidas para la inscripci\u00f3n.<\/li>\n\n\n\n<li><strong>Elija la fecha:<\/strong> Seleccione la fecha que m\u00e1s le convenga de entre las propuestas para el CTT de Esqu\u00ed Alpino.<\/li>\n\n\n\n<li>Rellene <strong>el formulario de inscripci\u00f3n:<\/strong> Rellene el formulario en l\u00ednea con toda la informaci\u00f3n solicitada.<\/li>\n\n\n\n<li><strong>Pague la tasa de inscripci\u00f3n:<\/strong> Realice el pago para finalizar su inscripci\u00f3n en el examen.<\/li>\n\n\n\n<li><strong>Prep\u00e1rate para el examen:<\/strong> Prep\u00e1rate adecuadamente para superar el CTT de Esqu\u00ed Alpino.<\/li>\n<\/ol>\n\n<p>Aseg\u00farese de seguir todas las instrucciones facilitadas por la organizaci\u00f3n para inscribirse correctamente y prepararse adecuadamente para el examen.<\/p>\n","protected":false},"excerpt":{"rendered":"<p>CTT Common Training Test de esqu\u00ed alpino Descubre todo lo que necesitas saber sobre el Common Training Test (CTT): condiciones de inscripci\u00f3n, fechas de examen y una gu\u00eda paso a paso para inscribirte en el CTT de esqu\u00ed alpino. \u00bfQu\u00e9 es la prueba com\u00fan de formaci\u00f3n? El Test de Capacitaci\u00f3n Com\u00fan (CTT) es un conjunto [&hellip;]<\/p>\n","protected":false},"author":1,"featured_media":0,"parent":0,"menu_order":0,"comment_status":"closed","ping_status":"closed","template":"","meta":{"footnotes":""},"class_list":["post-1380","page","type-page","status-publish","hentry"],"yoast_head":"<!-- This site is optimized with the Yoast SEO plugin v27.3 - https:\/\/yoast.com\/product\/yoast-seo-wordpress\/ -->\n<title>CTT Prueba Com\u00fan de Entrenamiento de esqu\u00ed alpino - TEST TECHNIQUE SKI<\/title>\n<meta name=\"description\" content=\"El Eurotest se llama ahora Test Com\u00fan de Formaci\u00f3n. Permite a varios pa\u00edses europeos organizar una prueba t\u00e9cnica de esqu\u00ed alpino.\" \/>\n<meta name=\"robots\" content=\"index, follow, max-snippet:-1, max-image-preview:large, max-video-preview:-1\" \/>\n<link rel=\"canonical\" href=\"https:\/\/test-technique-ski.fr\/es\/ctt-common-training-test-eurotest\/\" \/>\n<meta property=\"og:locale\" content=\"es_ES\" \/>\n<meta property=\"og:type\" content=\"article\" \/>\n<meta property=\"og:title\" content=\"CTT Prueba Com\u00fan de Entrenamiento de esqu\u00ed alpino - TEST TECHNIQUE SKI\" \/>\n<meta property=\"og:description\" content=\"El Eurotest se llama ahora Test Com\u00fan de Formaci\u00f3n. Permite a varios pa\u00edses europeos organizar una prueba t\u00e9cnica de esqu\u00ed alpino.\" \/>\n<meta property=\"og:url\" content=\"https:\/\/test-technique-ski.fr\/es\/ctt-common-training-test-eurotest\/\" \/>\n<meta property=\"og:site_name\" content=\"TEST TECHNIQUE SKI\" \/>\n<meta property=\"article:modified_time\" content=\"2026-02-28T10:22:33+00:00\" \/>\n<meta name=\"twitter:card\" content=\"summary_large_image\" \/>\n<meta name=\"twitter:label1\" content=\"Tiempo de lectura\" \/>\n\t<meta name=\"twitter:data1\" content=\"3 minutos\" \/>\n<script type=\"application\/ld+json\" class=\"yoast-schema-graph\">{\"@context\":\"https:\\\/\\\/schema.org\",\"@graph\":[{\"@type\":\"WebPage\",\"@id\":\"https:\\\/\\\/test-technique-ski.fr\\\/es\\\/ctt-common-training-test-eurotest\\\/\",\"url\":\"https:\\\/\\\/test-technique-ski.fr\\\/es\\\/ctt-common-training-test-eurotest\\\/\",\"name\":\"CTT Prueba Com\u00fan de Entrenamiento de esqu\u00ed alpino - TEST TECHNIQUE SKI\",\"isPartOf\":{\"@id\":\"https:\\\/\\\/test-technique-ski.fr\\\/es\\\/#website\"},\"datePublished\":\"2024-01-11T09:21:47+00:00\",\"dateModified\":\"2026-02-28T10:22:33+00:00\",\"description\":\"El Eurotest se llama ahora Test Com\u00fan de Formaci\u00f3n. Permite a varios pa\u00edses europeos organizar una prueba t\u00e9cnica de esqu\u00ed alpino.\",\"inLanguage\":\"es\",\"potentialAction\":[{\"@type\":\"ReadAction\",\"target\":[\"https:\\\/\\\/test-technique-ski.fr\\\/es\\\/ctt-common-training-test-eurotest\\\/\"]}]},{\"@type\":\"WebSite\",\"@id\":\"https:\\\/\\\/test-technique-ski.fr\\\/es\\\/#website\",\"url\":\"https:\\\/\\\/test-technique-ski.fr\\\/es\\\/\",\"name\":\"TEST TECHNIQUE SKI\",\"description\":\"\",\"potentialAction\":[{\"@type\":\"SearchAction\",\"target\":{\"@type\":\"EntryPoint\",\"urlTemplate\":\"https:\\\/\\\/test-technique-ski.fr\\\/es\\\/?s={search_term_string}\"},\"query-input\":{\"@type\":\"PropertyValueSpecification\",\"valueRequired\":true,\"valueName\":\"search_term_string\"}}],\"inLanguage\":\"es\"}]}<\/script>\n<!-- \/ Yoast SEO plugin. -->","yoast_head_json":{"title":"CTT Prueba Com\u00fan de Entrenamiento de esqu\u00ed alpino - TEST TECHNIQUE SKI","description":"El Eurotest se llama ahora Test Com\u00fan de Formaci\u00f3n. Permite a varios pa\u00edses europeos organizar una prueba t\u00e9cnica de esqu\u00ed alpino.","robots":{"index":"index","follow":"follow","max-snippet":"max-snippet:-1","max-image-preview":"max-image-preview:large","max-video-preview":"max-video-preview:-1"},"canonical":"https:\/\/test-technique-ski.fr\/es\/ctt-common-training-test-eurotest\/","og_locale":"es_ES","og_type":"article","og_title":"CTT Prueba Com\u00fan de Entrenamiento de esqu\u00ed alpino - TEST TECHNIQUE SKI","og_description":"El Eurotest se llama ahora Test Com\u00fan de Formaci\u00f3n. Permite a varios pa\u00edses europeos organizar una prueba t\u00e9cnica de esqu\u00ed alpino.","og_url":"https:\/\/test-technique-ski.fr\/es\/ctt-common-training-test-eurotest\/","og_site_name":"TEST TECHNIQUE SKI","article_modified_time":"2026-02-28T10:22:33+00:00","twitter_card":"summary_large_image","twitter_misc":{"Tiempo de lectura":"3 minutos"},"schema":{"@context":"https:\/\/schema.org","@graph":[{"@type":"WebPage","@id":"https:\/\/test-technique-ski.fr\/es\/ctt-common-training-test-eurotest\/","url":"https:\/\/test-technique-ski.fr\/es\/ctt-common-training-test-eurotest\/","name":"CTT Prueba Com\u00fan de Entrenamiento de esqu\u00ed alpino - TEST TECHNIQUE SKI","isPartOf":{"@id":"https:\/\/test-technique-ski.fr\/es\/#website"},"datePublished":"2024-01-11T09:21:47+00:00","dateModified":"2026-02-28T10:22:33+00:00","description":"El Eurotest se llama ahora Test Com\u00fan de Formaci\u00f3n. Permite a varios pa\u00edses europeos organizar una prueba t\u00e9cnica de esqu\u00ed alpino.","inLanguage":"es","potentialAction":[{"@type":"ReadAction","target":["https:\/\/test-technique-ski.fr\/es\/ctt-common-training-test-eurotest\/"]}]},{"@type":"WebSite","@id":"https:\/\/test-technique-ski.fr\/es\/#website","url":"https:\/\/test-technique-ski.fr\/es\/","name":"TEST TECHNIQUE SKI","description":"","potentialAction":[{"@type":"SearchAction","target":{"@type":"EntryPoint","urlTemplate":"https:\/\/test-technique-ski.fr\/es\/?s={search_term_string}"},"query-input":{"@type":"PropertyValueSpecification","valueRequired":true,"valueName":"search_term_string"}}],"inLanguage":"es"}]}},"_links":{"self":[{"href":"https:\/\/test-technique-ski.fr\/es\/wp-json\/wp\/v2\/pages\/1380","targetHints":{"allow":["GET"]}}],"collection":[{"href":"https:\/\/test-technique-ski.fr\/es\/wp-json\/wp\/v2\/pages"}],"about":[{"href":"https:\/\/test-technique-ski.fr\/es\/wp-json\/wp\/v2\/types\/page"}],"author":[{"embeddable":true,"href":"https:\/\/test-technique-ski.fr\/es\/wp-json\/wp\/v2\/users\/1"}],"replies":[{"embeddable":true,"href":"https:\/\/test-technique-ski.fr\/es\/wp-json\/wp\/v2\/comments?post=1380"}],"version-history":[{"count":8,"href":"https:\/\/test-technique-ski.fr\/es\/wp-json\/wp\/v2\/pages\/1380\/revisions"}],"predecessor-version":[{"id":3880,"href":"https:\/\/test-technique-ski.fr\/es\/wp-json\/wp\/v2\/pages\/1380\/revisions\/3880"}],"wp:attachment":[{"href":"https:\/\/test-technique-ski.fr\/es\/wp-json\/wp\/v2\/media?parent=1380"}],"curies":[{"name":"wp","href":"https:\/\/api.w.org\/{rel}","templated":true}]}}