{"id":1899,"date":"2024-09-25T08:16:40","date_gmt":"2024-09-25T07:16:40","guid":{"rendered":"https:\/\/test-technique-ski.fr\/prueba-tecnica-esqui-alpin-menuires\/"},"modified":"2026-01-29T11:54:38","modified_gmt":"2026-01-29T11:54:38","slug":"prueba-tecnica-esqui-alpin-menuires","status":"publish","type":"page","link":"https:\/\/test-technique-ski.fr\/es\/prueba-tecnica-esqui-alpin-menuires\/","title":{"rendered":"Prueba t\u00e9cnica de esqu\u00ed alpino en Les M\u00e9nuires"},"content":{"rendered":"\n<h1 class=\"wp-block-heading\">Prueba t\u00e9cnica de esqu\u00ed alpino en Les Menuires (73)<\/h1>\n\n<p>Les Menuires organiza cada a\u00f1o una o varias sesiones de la Prueba T\u00e9cnica de Esqu\u00ed <a href=\"https:\/\/test-technique-ski.fr\/es\/formation-moniteur-de-ski-alpin\/\">Alpino como parte del programa de formaci\u00f3n de Instructores de Esqu\u00ed Alpino<\/a>.<\/p>\n\n<h2 class=\"wp-block-heading\">Fechas de la Prueba T\u00e9cnica de Esqu\u00ed Alpino en Les Menuires<\/h2>\n\n<ul class=\"wp-block-list\">\n<li>Las pruebas en Les Menuires para la 1\u00aa sesi\u00f3n de la Prueba T\u00e9cnica tuvieron lugar del 5 al 9 de enero de 2026;<\/li>\n\n\n\n<li>Las pruebas en Les Menuires para la 1\u00aa sesi\u00f3n de las Pruebas T\u00e9cnicas del CTT tuvieron lugar del 22 al 24 de enero de 2026.<\/li>\n<\/ul>\n\n<div style=\"height:10px\" aria-hidden=\"true\" class=\"wp-block-spacer\"><\/div>\n\n<h2 class=\"wp-block-heading\">Curso de formaci\u00f3n en Pruebas T\u00e9cnicas en Les Menuires<\/h2>\n\n<p>La Academia de la FSE en Les M\u00e9nuires organizar\u00e1 varios <a href=\"https:\/\/test-technique-ski.fr\/es\/curso-de-preparacion-para-pruebas-tecnicas-de-esqui-alpino\/\">cursos de formaci\u00f3n de Pruebas T\u00e9cnicas<\/a> en el Estadio de Slalom de Les M\u00e9nuires:<\/p>\n\n<ul class=\"wp-block-list\">\n<li>Curso de Prueba T\u00e9cnica antes de la Prueba T\u00e9cnica en Les Menuires ;<\/li>\n\n\n\n<li>Curso preparatorio para la prueba t\u00e9cnica CTT.<\/li>\n<\/ul>\n\n<div style=\"height:10px\" aria-hidden=\"true\" class=\"wp-block-spacer\"><\/div>\n\n<p>Para participar en los cursos preparatorios, <strong>ponte en contacto con Nicolas Flage<\/strong> en el <a href=\"tel:+33625690113\">06 25 69 01 13<\/a>.<\/p>\n\n<div style=\"height:20px\" aria-hidden=\"true\" class=\"wp-block-spacer\"><\/div>\n\n<h2 class=\"wp-block-heading\">\u00bfC\u00f3mo me inscribo en las Pruebas T\u00e9cnicas de Les Menuires?<\/h2>\n\n<p>Todo el <a href=\"https:\/\/test-technique-ski.fr\/es\/inscripcion-prueba-tecnica-esqui\/\">procedimiento de inscripci\u00f3n en las Pruebas T\u00e9cnicas de Esqu\u00ed<\/a> se realiza en l\u00ednea en el sitio web oficial de la GEPAFO.<\/p>\n\n<h2 class=\"wp-block-heading\">Plazo de inscripci\u00f3n para la Prueba T\u00e9cnica en Les M\u00e9nuires<\/h2>\n\n<p>Estos son los plazos de inscripci\u00f3n para las Pruebas T\u00e9cnicas que se celebran en Les Menuires:<\/p>\n\n<ul class=\"wp-block-list\">\n<li>Fecha l\u00edmite de inscripci\u00f3n: 13\/10\/2025<\/li>\n\n\n\n<li>Fecha l\u00edmite para la presentaci\u00f3n de candidaturas: 21\/11\/2025<\/li>\n<\/ul>\n\n<p>Para el CTT, la fecha l\u00edmite de inscripci\u00f3n era el 21\/12\/2025.<\/p>\n","protected":false},"excerpt":{"rendered":"<p>Prueba t\u00e9cnica de esqu\u00ed alpino en Les Menuires (73) Les Menuires organiza cada a\u00f1o una o varias sesiones de la Prueba T\u00e9cnica de Esqu\u00ed Alpino como parte del programa de formaci\u00f3n de Instructores de Esqu\u00ed Alpino. Fechas de la Prueba T\u00e9cnica de Esqu\u00ed Alpino en Les Menuires Curso de formaci\u00f3n en Pruebas T\u00e9cnicas en Les [&hellip;]<\/p>\n","protected":false},"author":1,"featured_media":0,"parent":0,"menu_order":0,"comment_status":"closed","ping_status":"closed","template":"","meta":{"footnotes":""},"class_list":["post-1899","page","type-page","status-publish","hentry"],"yoast_head":"<!-- This site is optimized with the Yoast SEO plugin v27.3 - https:\/\/yoast.com\/product\/yoast-seo-wordpress\/ -->\n<title>Prueba t\u00e9cnica de esqu\u00ed alpino en Les M\u00e9nuires - TEST TECHNIQUE SKI<\/title>\n<meta name=\"description\" content=\"Parte de la Prueba T\u00e9cnica de Esqu\u00ed Alpino tiene lugar en Les Menuires. Participa en el curso preparatorio en Les Menuires\" \/>\n<meta name=\"robots\" content=\"index, follow, max-snippet:-1, max-image-preview:large, max-video-preview:-1\" \/>\n<link rel=\"canonical\" href=\"https:\/\/test-technique-ski.fr\/es\/prueba-tecnica-esqui-alpin-menuires\/\" \/>\n<meta property=\"og:locale\" content=\"es_ES\" \/>\n<meta property=\"og:type\" content=\"article\" \/>\n<meta property=\"og:title\" content=\"Prueba t\u00e9cnica de esqu\u00ed alpino en Les M\u00e9nuires - TEST TECHNIQUE SKI\" \/>\n<meta property=\"og:description\" content=\"Parte de la Prueba T\u00e9cnica de Esqu\u00ed Alpino tiene lugar en Les Menuires. Participa en el curso preparatorio en Les Menuires\" \/>\n<meta property=\"og:url\" content=\"https:\/\/test-technique-ski.fr\/es\/prueba-tecnica-esqui-alpin-menuires\/\" \/>\n<meta property=\"og:site_name\" content=\"TEST TECHNIQUE SKI\" \/>\n<meta property=\"article:modified_time\" content=\"2026-01-29T11:54:38+00:00\" \/>\n<meta name=\"twitter:card\" content=\"summary_large_image\" \/>\n<meta name=\"twitter:label1\" content=\"Tiempo de lectura\" \/>\n\t<meta name=\"twitter:data1\" content=\"1 minuto\" \/>\n<script type=\"application\/ld+json\" class=\"yoast-schema-graph\">{\"@context\":\"https:\\\/\\\/schema.org\",\"@graph\":[{\"@type\":\"WebPage\",\"@id\":\"https:\\\/\\\/test-technique-ski.fr\\\/es\\\/prueba-tecnica-esqui-alpin-menuires\\\/\",\"url\":\"https:\\\/\\\/test-technique-ski.fr\\\/es\\\/prueba-tecnica-esqui-alpin-menuires\\\/\",\"name\":\"Prueba t\u00e9cnica de esqu\u00ed alpino en Les M\u00e9nuires - TEST TECHNIQUE SKI\",\"isPartOf\":{\"@id\":\"https:\\\/\\\/test-technique-ski.fr\\\/es\\\/#website\"},\"datePublished\":\"2024-09-25T07:16:40+00:00\",\"dateModified\":\"2026-01-29T11:54:38+00:00\",\"description\":\"Parte de la Prueba T\u00e9cnica de Esqu\u00ed Alpino tiene lugar en Les Menuires. Participa en el curso preparatorio en Les Menuires\",\"inLanguage\":\"es\",\"potentialAction\":[{\"@type\":\"ReadAction\",\"target\":[\"https:\\\/\\\/test-technique-ski.fr\\\/es\\\/prueba-tecnica-esqui-alpin-menuires\\\/\"]}]},{\"@type\":\"WebSite\",\"@id\":\"https:\\\/\\\/test-technique-ski.fr\\\/es\\\/#website\",\"url\":\"https:\\\/\\\/test-technique-ski.fr\\\/es\\\/\",\"name\":\"TEST TECHNIQUE SKI\",\"description\":\"\",\"potentialAction\":[{\"@type\":\"SearchAction\",\"target\":{\"@type\":\"EntryPoint\",\"urlTemplate\":\"https:\\\/\\\/test-technique-ski.fr\\\/es\\\/?s={search_term_string}\"},\"query-input\":{\"@type\":\"PropertyValueSpecification\",\"valueRequired\":true,\"valueName\":\"search_term_string\"}}],\"inLanguage\":\"es\"}]}<\/script>\n<!-- \/ Yoast SEO plugin. -->","yoast_head_json":{"title":"Prueba t\u00e9cnica de esqu\u00ed alpino en Les M\u00e9nuires - TEST TECHNIQUE SKI","description":"Parte de la Prueba T\u00e9cnica de Esqu\u00ed Alpino tiene lugar en Les Menuires. Participa en el curso preparatorio en Les Menuires","robots":{"index":"index","follow":"follow","max-snippet":"max-snippet:-1","max-image-preview":"max-image-preview:large","max-video-preview":"max-video-preview:-1"},"canonical":"https:\/\/test-technique-ski.fr\/es\/prueba-tecnica-esqui-alpin-menuires\/","og_locale":"es_ES","og_type":"article","og_title":"Prueba t\u00e9cnica de esqu\u00ed alpino en Les M\u00e9nuires - TEST TECHNIQUE SKI","og_description":"Parte de la Prueba T\u00e9cnica de Esqu\u00ed Alpino tiene lugar en Les Menuires. Participa en el curso preparatorio en Les Menuires","og_url":"https:\/\/test-technique-ski.fr\/es\/prueba-tecnica-esqui-alpin-menuires\/","og_site_name":"TEST TECHNIQUE SKI","article_modified_time":"2026-01-29T11:54:38+00:00","twitter_card":"summary_large_image","twitter_misc":{"Tiempo de lectura":"1 minuto"},"schema":{"@context":"https:\/\/schema.org","@graph":[{"@type":"WebPage","@id":"https:\/\/test-technique-ski.fr\/es\/prueba-tecnica-esqui-alpin-menuires\/","url":"https:\/\/test-technique-ski.fr\/es\/prueba-tecnica-esqui-alpin-menuires\/","name":"Prueba t\u00e9cnica de esqu\u00ed alpino en Les M\u00e9nuires - TEST TECHNIQUE SKI","isPartOf":{"@id":"https:\/\/test-technique-ski.fr\/es\/#website"},"datePublished":"2024-09-25T07:16:40+00:00","dateModified":"2026-01-29T11:54:38+00:00","description":"Parte de la Prueba T\u00e9cnica de Esqu\u00ed Alpino tiene lugar en Les Menuires. Participa en el curso preparatorio en Les Menuires","inLanguage":"es","potentialAction":[{"@type":"ReadAction","target":["https:\/\/test-technique-ski.fr\/es\/prueba-tecnica-esqui-alpin-menuires\/"]}]},{"@type":"WebSite","@id":"https:\/\/test-technique-ski.fr\/es\/#website","url":"https:\/\/test-technique-ski.fr\/es\/","name":"TEST TECHNIQUE SKI","description":"","potentialAction":[{"@type":"SearchAction","target":{"@type":"EntryPoint","urlTemplate":"https:\/\/test-technique-ski.fr\/es\/?s={search_term_string}"},"query-input":{"@type":"PropertyValueSpecification","valueRequired":true,"valueName":"search_term_string"}}],"inLanguage":"es"}]}},"_links":{"self":[{"href":"https:\/\/test-technique-ski.fr\/es\/wp-json\/wp\/v2\/pages\/1899","targetHints":{"allow":["GET"]}}],"collection":[{"href":"https:\/\/test-technique-ski.fr\/es\/wp-json\/wp\/v2\/pages"}],"about":[{"href":"https:\/\/test-technique-ski.fr\/es\/wp-json\/wp\/v2\/types\/page"}],"author":[{"embeddable":true,"href":"https:\/\/test-technique-ski.fr\/es\/wp-json\/wp\/v2\/users\/1"}],"replies":[{"embeddable":true,"href":"https:\/\/test-technique-ski.fr\/es\/wp-json\/wp\/v2\/comments?post=1899"}],"version-history":[{"count":9,"href":"https:\/\/test-technique-ski.fr\/es\/wp-json\/wp\/v2\/pages\/1899\/revisions"}],"predecessor-version":[{"id":3754,"href":"https:\/\/test-technique-ski.fr\/es\/wp-json\/wp\/v2\/pages\/1899\/revisions\/3754"}],"wp:attachment":[{"href":"https:\/\/test-technique-ski.fr\/es\/wp-json\/wp\/v2\/media?parent=1899"}],"curies":[{"name":"wp","href":"https:\/\/api.w.org\/{rel}","templated":true}]}}