{"id":2418,"date":"2025-03-31T12:53:37","date_gmt":"2025-03-31T11:53:37","guid":{"rendered":"https:\/\/test-technique-ski.fr\/stage-ski-ete\/"},"modified":"2026-02-28T10:02:02","modified_gmt":"2026-02-28T10:02:02","slug":"stage-ski-slalom-ete","status":"publish","type":"page","link":"https:\/\/test-technique-ski.fr\/es\/stage-ski-slalom-ete\/","title":{"rendered":"Curso de verano de carreras de esqu\u00ed"},"content":{"rendered":"\n<h1 class=\"wp-block-heading\">Curso de esqu\u00ed de eslalon este verano en Tignes<\/h1>\n\n<h2 class=\"wp-block-heading\">Descubre la experiencia \u00fanica de un curso de verano en el glaciar de Tignes<\/h2>\n\n<p>Ap\u00fantate a nuestros cursos especializados de esqu\u00ed de eslalon que se organizan todos los veranos en el glaciar de Tignes (Francia). Estos cursos est\u00e1n dirigidos a esquiadores de competici\u00f3n que desean perfeccionar su t\u00e9cnica en condiciones \u00f3ptimas durante la temporada baja.  Entre los participantes hay j\u00f3venes competidores de 12 a 18 a\u00f1os y adultos que se preparan para las pruebas t\u00e9cnicas para convertirse en monitores de esqu\u00ed.<\/p>\n\n<p><strong>Contacto para el curso Tignes Verano 2026<\/strong>: Nicolas en el <a href=\"tel:0033625690113\">06 25 69 01 13<\/a><\/p>\n\n<div style=\"height:30px\" aria-hidden=\"true\" class=\"wp-block-spacer\"><\/div>\n\n<h2 class=\"wp-block-heading\">\u00bfPor qu\u00e9 elegir un curso de esqu\u00ed de eslalon en Tignes en verano?<\/h2>\n\n<p>El glaciar de Tignes, a m\u00e1s de 3000 metros de altitud, ofrece condiciones excepcionales durante todo el verano, garantizando nieve de calidad y una experiencia incomparable. Nuestros entrenadores profesionales trabajan con cada participante para desarrollar sus aptitudes t\u00e9cnicas y f\u00edsicas espec\u00edficas del eslalon. <\/p>\n\n<h2 class=\"wp-block-heading\">Fechas de los cursos de esqu\u00ed de eslalon en Tignes durante el verano de 2026<\/h2>\n\n<ul class=\"wp-block-list\">\n<li>Curso del <strong>29 de junio (16.30 h) al 4 de julio de 2026 en Tignes<\/strong>: 5 d\u00edas \/ 870 euros todo incluido<\/li>\n\n\n\n<li>Curso del <strong>4 al 9 de julio de 2026 en Tignes<\/strong>: 5 d\u00edas \/ 870 euros todo incluido<\/li>\n<\/ul>\n\n<div style=\"height:20px\" aria-hidden=\"true\" class=\"wp-block-spacer\"><\/div>\n\n<p>Tambi\u00e9n ofrecemos <a href=\"https:\/\/test-technique-ski.fr\/es\/stage-ski-slalom-automne\/\">cursos de esqu\u00ed de eslalon en oto\u00f1o<\/a> en Amn\u00e9ville, antes de que abran las estaciones de esqu\u00ed alpino.<\/p>\n\n<h2 class=\"wp-block-heading\">Programa intensivo y personalizado<\/h2>\n\n<p>Nuestros cursos de verano ofrecen una formaci\u00f3n intensiva centrada en :<\/p>\n\n<ul class=\"wp-block-list\">\n<li><strong>T\u00e9cnica de eslalon<\/strong>: mejorar las trayectorias, gestionar las puertas, acelerar en las curvas.<\/li>\n\n\n\n<li><strong>An\u00e1lisis de v\u00eddeo<\/strong>: informes diarios personalizados para identificar \u00e1reas de mejora.<\/li>\n\n\n\n<li><strong>Preparaci\u00f3n f\u00edsica<\/strong>: ejercicios espec\u00edficos para fortalecer tus m\u00fasculos y mejorar tu forma f\u00edsica general.<\/li>\n\n\n\n<li><strong>Entrenamiento mental<\/strong>: desarrollo de la concentraci\u00f3n, gesti\u00f3n del estr\u00e9s en competici\u00f3n y mejora de la confianza en uno mismo.<\/li>\n<\/ul>\n\n<div style=\"height:20px\" aria-hidden=\"true\" class=\"wp-block-spacer\"><\/div>\n\n<figure class=\"wp-block-image size-large\"><img fetchpriority=\"high\" decoding=\"async\" width=\"1024\" height=\"771\" src=\"https:\/\/test-technique-ski.fr\/wp-content\/uploads\/2025\/03\/ski-tignes-1024x771.jpeg\" alt=\"\" class=\"wp-image-2437\" srcset=\"https:\/\/test-technique-ski.fr\/wp-content\/uploads\/2025\/03\/ski-tignes-1024x771.jpeg 1024w, https:\/\/test-technique-ski.fr\/wp-content\/uploads\/2025\/03\/ski-tignes-300x226.jpeg 300w, https:\/\/test-technique-ski.fr\/wp-content\/uploads\/2025\/03\/ski-tignes-768x578.jpeg 768w, https:\/\/test-technique-ski.fr\/wp-content\/uploads\/2025\/03\/ski-tignes.jpeg 1108w\" sizes=\"(max-width: 1024px) 100vw, 1024px\" \/><figcaption class=\"wp-element-caption\">Esqu\u00ed alpino en verano en el glaciar de Tignes<\/figcaption><\/figure>\n\n<h2 class=\"wp-block-heading\">Programa de formaci\u00f3n en un entorno excepcional en Tignes<\/h2>\n\n<p>Tignes es una referencia internacional del esqu\u00ed de verano, con impresionantes vistas panor\u00e1micas e instalaciones de \u00faltima generaci\u00f3n.  <\/p>\n\n<ul class=\"wp-block-list\">\n<li><strong>Esqu\u00ed en el glaciar de Tignes por la ma\u00f1ana<\/strong>: El glaciar de la Grande Motte permite a los deportistas esquiar por la ma\u00f1ana temprano en condiciones \u00f3ptimas de nieve.<\/li>\n\n\n\n<li><strong>Preparaci\u00f3n f\u00edsica por la tarde<\/strong>: sesiones espec\u00edficas que incluyen fortalecimiento muscular, trabajo de equilibrio y coordinaci\u00f3n, ejercicios pliom\u00e9tricos para la explosividad y entrenamiento cardiovascular para mejorar la resistencia necesaria para las competiciones de eslalon.<\/li>\n<\/ul>\n\n<div style=\"height:20px\" aria-hidden=\"true\" class=\"wp-block-spacer\"><\/div>\n\n<h2 class=\"wp-block-heading\">Un equipo de entrenadores experimentados<\/h2>\n\n<p>Todos nuestros entrenadores tienen experiencia en competici\u00f3n en <a href=\"https:\/\/www.esf-lesmenuires.fr\/les-menuires\/\">la ESF des Menuires<\/a> durante la temporada de invierno. Apasionados y profesionales, aportan su experiencia y su reconocida capacidad pedag\u00f3gica para guiar a cada deportista hacia el \u00e9xito y la superaci\u00f3n personal. <\/p>\n\n<h2 class=\"wp-block-heading\">\u00bfA qui\u00e9n van dirigidos nuestros cursos?<\/h2>\n\n<p>Nuestros cursos est\u00e1n dirigidos a competidores j\u00fanior y adultos que quieran optimizar su temporada baja para rendir bien en las competiciones de invierno. Tambi\u00e9n damos la bienvenida a esquiadores con experiencia demostrada en eslalon que quieran llevar sus habilidades competitivas al siguiente nivel. <\/p>\n\n<ul class=\"wp-block-list\">\n<li>J\u00f3venes de 10 a 20 a\u00f1os en cursos de competici\u00f3n o en un club de deportes de invierno.<\/li>\n\n\n\n<li>Adultos mayores de 18 a\u00f1os que se preparan para la <a href=\"https:\/\/test-technique-ski.fr\/es\/\">Prueba T\u00e9cnica de Esqu\u00ed Alpino<\/a> o <a href=\"https:\/\/test-technique-ski.fr\/es\/ctt-common-training-test-eurotest\/\">Eurotest<\/a>.<\/li>\n<\/ul>\n\n<div style=\"height:20px\" aria-hidden=\"true\" class=\"wp-block-spacer\"><\/div>\n\n<h2 class=\"wp-block-heading\">\u00a1Reserva ya tu curso!<\/h2>\n\n<p>Las plazas en nuestros cursos de eslalon de verano en el glaciar de Tignes son limitadas para garantizar una supervisi\u00f3n \u00f3ptima.  <\/p>\n\n<p><strong>Ponte en contacto con Nicolas<\/strong> en el <a href=\"tel:0033625690113\">06 25 69 01 13<\/a> hoy mismo para reservar tu curso y aprovechar esta oportunidad \u00fanica de mejorar tu rendimiento en las pistas.<\/p>\n","protected":false},"excerpt":{"rendered":"<p>Curso de esqu\u00ed de eslalon este verano en Tignes Descubre la experiencia \u00fanica de un curso de verano en el glaciar de Tignes Ap\u00fantate a nuestros cursos especializados de esqu\u00ed de eslalon que se organizan todos los veranos en el glaciar de Tignes (Francia). Estos cursos est\u00e1n dirigidos a esquiadores de competici\u00f3n que desean perfeccionar [&hellip;]<\/p>\n","protected":false},"author":1,"featured_media":0,"parent":0,"menu_order":0,"comment_status":"closed","ping_status":"closed","template":"","meta":{"footnotes":""},"class_list":["post-2418","page","type-page","status-publish","hentry"],"yoast_head":"<!-- This site is optimized with the Yoast SEO plugin v27.3 - https:\/\/yoast.com\/product\/yoast-seo-wordpress\/ -->\n<title>Curso de verano de carreras de esqu\u00ed - TEST TECHNIQUE SKI<\/title>\n<meta name=\"description\" content=\"Participa en nuestros cursos de verano de competici\u00f3n de esqu\u00ed de eslalon para prepararte para la temporada de invierno. Cursos de competici\u00f3n de esqu\u00ed para j\u00f3venes y adultos\" \/>\n<meta name=\"robots\" content=\"index, follow, max-snippet:-1, max-image-preview:large, max-video-preview:-1\" \/>\n<link rel=\"canonical\" href=\"https:\/\/test-technique-ski.fr\/es\/stage-ski-slalom-ete\/\" \/>\n<meta property=\"og:locale\" content=\"es_ES\" \/>\n<meta property=\"og:type\" content=\"article\" \/>\n<meta property=\"og:title\" content=\"Curso de verano de carreras de esqu\u00ed - TEST TECHNIQUE SKI\" \/>\n<meta property=\"og:description\" content=\"Participa en nuestros cursos de verano de competici\u00f3n de esqu\u00ed de eslalon para prepararte para la temporada de invierno. Cursos de competici\u00f3n de esqu\u00ed para j\u00f3venes y adultos\" \/>\n<meta property=\"og:url\" content=\"https:\/\/test-technique-ski.fr\/es\/stage-ski-slalom-ete\/\" \/>\n<meta property=\"og:site_name\" content=\"TEST TECHNIQUE SKI\" \/>\n<meta property=\"article:modified_time\" content=\"2026-02-28T10:02:02+00:00\" \/>\n<meta property=\"og:image\" content=\"https:\/\/test-technique-ski.fr\/wp-content\/uploads\/2025\/03\/ski-tignes.jpeg\" \/>\n\t<meta property=\"og:image:width\" content=\"1108\" \/>\n\t<meta property=\"og:image:height\" content=\"834\" \/>\n\t<meta property=\"og:image:type\" content=\"image\/jpeg\" \/>\n<meta name=\"twitter:card\" content=\"summary_large_image\" \/>\n<meta name=\"twitter:label1\" content=\"Tiempo de lectura\" \/>\n\t<meta name=\"twitter:data1\" content=\"3 minutos\" \/>\n<script type=\"application\/ld+json\" class=\"yoast-schema-graph\">{\"@context\":\"https:\\\/\\\/schema.org\",\"@graph\":[{\"@type\":\"WebPage\",\"@id\":\"https:\\\/\\\/test-technique-ski.fr\\\/es\\\/stage-ski-slalom-ete\\\/\",\"url\":\"https:\\\/\\\/test-technique-ski.fr\\\/es\\\/stage-ski-slalom-ete\\\/\",\"name\":\"Curso de verano de carreras de esqu\u00ed - TEST TECHNIQUE SKI\",\"isPartOf\":{\"@id\":\"https:\\\/\\\/test-technique-ski.fr\\\/es\\\/#website\"},\"primaryImageOfPage\":{\"@id\":\"https:\\\/\\\/test-technique-ski.fr\\\/es\\\/stage-ski-slalom-ete\\\/#primaryimage\"},\"image\":{\"@id\":\"https:\\\/\\\/test-technique-ski.fr\\\/es\\\/stage-ski-slalom-ete\\\/#primaryimage\"},\"thumbnailUrl\":\"https:\\\/\\\/test-technique-ski.fr\\\/wp-content\\\/uploads\\\/2025\\\/03\\\/ski-tignes-1024x771.jpeg\",\"datePublished\":\"2025-03-31T11:53:37+00:00\",\"dateModified\":\"2026-02-28T10:02:02+00:00\",\"description\":\"Participa en nuestros cursos de verano de competici\u00f3n de esqu\u00ed de eslalon para prepararte para la temporada de invierno. Cursos de competici\u00f3n de esqu\u00ed para j\u00f3venes y adultos\",\"inLanguage\":\"es\",\"potentialAction\":[{\"@type\":\"ReadAction\",\"target\":[\"https:\\\/\\\/test-technique-ski.fr\\\/es\\\/stage-ski-slalom-ete\\\/\"]}]},{\"@type\":\"ImageObject\",\"inLanguage\":\"es\",\"@id\":\"https:\\\/\\\/test-technique-ski.fr\\\/es\\\/stage-ski-slalom-ete\\\/#primaryimage\",\"url\":\"https:\\\/\\\/test-technique-ski.fr\\\/wp-content\\\/uploads\\\/2025\\\/03\\\/ski-tignes-1024x771.jpeg\",\"contentUrl\":\"https:\\\/\\\/test-technique-ski.fr\\\/wp-content\\\/uploads\\\/2025\\\/03\\\/ski-tignes-1024x771.jpeg\"},{\"@type\":\"WebSite\",\"@id\":\"https:\\\/\\\/test-technique-ski.fr\\\/es\\\/#website\",\"url\":\"https:\\\/\\\/test-technique-ski.fr\\\/es\\\/\",\"name\":\"TEST TECHNIQUE SKI\",\"description\":\"\",\"potentialAction\":[{\"@type\":\"SearchAction\",\"target\":{\"@type\":\"EntryPoint\",\"urlTemplate\":\"https:\\\/\\\/test-technique-ski.fr\\\/es\\\/?s={search_term_string}\"},\"query-input\":{\"@type\":\"PropertyValueSpecification\",\"valueRequired\":true,\"valueName\":\"search_term_string\"}}],\"inLanguage\":\"es\"}]}<\/script>\n<!-- \/ Yoast SEO plugin. -->","yoast_head_json":{"title":"Curso de verano de carreras de esqu\u00ed - TEST TECHNIQUE SKI","description":"Participa en nuestros cursos de verano de competici\u00f3n de esqu\u00ed de eslalon para prepararte para la temporada de invierno. Cursos de competici\u00f3n de esqu\u00ed para j\u00f3venes y adultos","robots":{"index":"index","follow":"follow","max-snippet":"max-snippet:-1","max-image-preview":"max-image-preview:large","max-video-preview":"max-video-preview:-1"},"canonical":"https:\/\/test-technique-ski.fr\/es\/stage-ski-slalom-ete\/","og_locale":"es_ES","og_type":"article","og_title":"Curso de verano de carreras de esqu\u00ed - TEST TECHNIQUE SKI","og_description":"Participa en nuestros cursos de verano de competici\u00f3n de esqu\u00ed de eslalon para prepararte para la temporada de invierno. Cursos de competici\u00f3n de esqu\u00ed para j\u00f3venes y adultos","og_url":"https:\/\/test-technique-ski.fr\/es\/stage-ski-slalom-ete\/","og_site_name":"TEST TECHNIQUE SKI","article_modified_time":"2026-02-28T10:02:02+00:00","og_image":[{"width":1108,"height":834,"url":"https:\/\/test-technique-ski.fr\/wp-content\/uploads\/2025\/03\/ski-tignes.jpeg","type":"image\/jpeg"}],"twitter_card":"summary_large_image","twitter_misc":{"Tiempo de lectura":"3 minutos"},"schema":{"@context":"https:\/\/schema.org","@graph":[{"@type":"WebPage","@id":"https:\/\/test-technique-ski.fr\/es\/stage-ski-slalom-ete\/","url":"https:\/\/test-technique-ski.fr\/es\/stage-ski-slalom-ete\/","name":"Curso de verano de carreras de esqu\u00ed - TEST TECHNIQUE SKI","isPartOf":{"@id":"https:\/\/test-technique-ski.fr\/es\/#website"},"primaryImageOfPage":{"@id":"https:\/\/test-technique-ski.fr\/es\/stage-ski-slalom-ete\/#primaryimage"},"image":{"@id":"https:\/\/test-technique-ski.fr\/es\/stage-ski-slalom-ete\/#primaryimage"},"thumbnailUrl":"https:\/\/test-technique-ski.fr\/wp-content\/uploads\/2025\/03\/ski-tignes-1024x771.jpeg","datePublished":"2025-03-31T11:53:37+00:00","dateModified":"2026-02-28T10:02:02+00:00","description":"Participa en nuestros cursos de verano de competici\u00f3n de esqu\u00ed de eslalon para prepararte para la temporada de invierno. Cursos de competici\u00f3n de esqu\u00ed para j\u00f3venes y adultos","inLanguage":"es","potentialAction":[{"@type":"ReadAction","target":["https:\/\/test-technique-ski.fr\/es\/stage-ski-slalom-ete\/"]}]},{"@type":"ImageObject","inLanguage":"es","@id":"https:\/\/test-technique-ski.fr\/es\/stage-ski-slalom-ete\/#primaryimage","url":"https:\/\/test-technique-ski.fr\/wp-content\/uploads\/2025\/03\/ski-tignes-1024x771.jpeg","contentUrl":"https:\/\/test-technique-ski.fr\/wp-content\/uploads\/2025\/03\/ski-tignes-1024x771.jpeg"},{"@type":"WebSite","@id":"https:\/\/test-technique-ski.fr\/es\/#website","url":"https:\/\/test-technique-ski.fr\/es\/","name":"TEST TECHNIQUE SKI","description":"","potentialAction":[{"@type":"SearchAction","target":{"@type":"EntryPoint","urlTemplate":"https:\/\/test-technique-ski.fr\/es\/?s={search_term_string}"},"query-input":{"@type":"PropertyValueSpecification","valueRequired":true,"valueName":"search_term_string"}}],"inLanguage":"es"}]}},"_links":{"self":[{"href":"https:\/\/test-technique-ski.fr\/es\/wp-json\/wp\/v2\/pages\/2418","targetHints":{"allow":["GET"]}}],"collection":[{"href":"https:\/\/test-technique-ski.fr\/es\/wp-json\/wp\/v2\/pages"}],"about":[{"href":"https:\/\/test-technique-ski.fr\/es\/wp-json\/wp\/v2\/types\/page"}],"author":[{"embeddable":true,"href":"https:\/\/test-technique-ski.fr\/es\/wp-json\/wp\/v2\/users\/1"}],"replies":[{"embeddable":true,"href":"https:\/\/test-technique-ski.fr\/es\/wp-json\/wp\/v2\/comments?post=2418"}],"version-history":[{"count":3,"href":"https:\/\/test-technique-ski.fr\/es\/wp-json\/wp\/v2\/pages\/2418\/revisions"}],"predecessor-version":[{"id":3813,"href":"https:\/\/test-technique-ski.fr\/es\/wp-json\/wp\/v2\/pages\/2418\/revisions\/3813"}],"wp:attachment":[{"href":"https:\/\/test-technique-ski.fr\/es\/wp-json\/wp\/v2\/media?parent=2418"}],"curies":[{"name":"wp","href":"https:\/\/api.w.org\/{rel}","templated":true}]}}