{"id":2529,"date":"2025-03-31T14:35:08","date_gmt":"2025-03-31T13:35:08","guid":{"rendered":"https:\/\/test-technique-ski.fr\/stage-ski-slalom-automne\/"},"modified":"2026-01-12T09:31:55","modified_gmt":"2026-01-12T09:31:55","slug":"stage-ski-slalom-automne","status":"publish","type":"page","link":"https:\/\/test-technique-ski.fr\/es\/stage-ski-slalom-automne\/","title":{"rendered":"Curso de oto\u00f1o de esqu\u00ed de slalom"},"content":{"rendered":"\n<h1 class=\"wp-block-heading\">Curso de entrenamiento de carreras de esqu\u00ed en Todos los Santos<\/h1>\n\n<h2 class=\"wp-block-heading\">Curso de carreras de esqu\u00ed alpino de oto\u00f1o en SnowWorld d&#8217;Amn\u00e9ville<\/h2>\n\n<p>Participa en nuestros <a href=\"https:\/\/test-technique-ski.fr\/es\/stage-ski-slalom-amneville\/\">cursos de esqu\u00ed de slalom en Amn\u00e9ville<\/a>. Nuestros cursos intensivos de esqu\u00ed de competici\u00f3n se organizan en el centro cubierto SnowWorld de Amn\u00e9ville (Francia). Al igual que nuestros <a href=\"https:\/\/test-technique-ski.fr\/es\/stage-ski-slalom-ete\/\">cursos de eslalon de verano en Tignes<\/a>, estos cursos son una excelente preparaci\u00f3n para la temporada de invierno. Permiten a los esquiadores trabajar su t\u00e9cnica en condiciones \u00f3ptimas en octubre, cuando las estaciones de esqu\u00ed a\u00fan no est\u00e1n abiertas.<\/p>\n\n<h2 class=\"wp-block-heading\">\u00bfPor qu\u00e9 elegir un curso de esqu\u00ed en Amn\u00e9ville en Todos los Santos?<\/h2>\n\n<p>La c\u00fapula cubierta <a href=\"https:\/\/www.snowworld.com\/amneville\/fr\">SnowWorld de Amn\u00e9ville<\/a> ofrece unas condiciones perfectas, con pistas cubiertas de nieve durante todo el a\u00f1o. Reservamos y privatizamos pistas especialmente para nuestras sesiones de entrenamiento de eslalon, lo que garantiza un entorno ideal para progresar eficazmente.<\/p>\n\n<p><strong>Curso de esqu\u00ed oto\u00f1o 2026 Contacto<\/strong>: Nicolas en el <a href=\"tel:0033625690113\">06 25 69 01 13<\/a><\/p>\n\n<div style=\"height:30px\" aria-hidden=\"true\" class=\"wp-block-spacer\"><\/div>\n\n<figure class=\"wp-block-image size-large\"><img fetchpriority=\"high\" decoding=\"async\" width=\"1024\" height=\"865\" src=\"https:\/\/test-technique-ski.fr\/wp-content\/uploads\/2025\/03\/IMG_1992-1024x865.jpg\" alt=\"\" class=\"wp-image-2667\" srcset=\"https:\/\/test-technique-ski.fr\/wp-content\/uploads\/2025\/03\/IMG_1992-1024x865.jpg 1024w, https:\/\/test-technique-ski.fr\/wp-content\/uploads\/2025\/03\/IMG_1992-300x253.jpg 300w, https:\/\/test-technique-ski.fr\/wp-content\/uploads\/2025\/03\/IMG_1992-768x649.jpg 768w, https:\/\/test-technique-ski.fr\/wp-content\/uploads\/2025\/03\/IMG_1992.jpg 1290w\" sizes=\"(max-width: 1024px) 100vw, 1024px\" \/><figcaption class=\"wp-element-caption\">Curso de esqu\u00ed de slalom indoor en octubre en Amn\u00e9ville<\/figcaption><\/figure>\n\n<h2 class=\"wp-block-heading\">Un programa intensivo y completo<\/h2>\n\n<p>Nuestros cursos incluyen varias horas de esqu\u00ed de eslalon cada d\u00eda, seguidas de sesiones de preparaci\u00f3n f\u00edsica en profundidad para garantizar el m\u00e1ximo progreso:<\/p>\n\n<ul class=\"wp-block-list\">\n<li><strong>Entrenamiento intensivo de eslalon<\/strong>: trabajo t\u00e9cnico preciso en pistas privadas, ejercicios dirigidos y cronometrados.<\/li>\n\n\n\n<li><strong>Preparaci\u00f3n f\u00edsica<\/strong>: entrenamiento espec\u00edfico de competici\u00f3n, fortalecimiento muscular, pliometr\u00eda, trabajo de resistencia y ejercicios de coordinaci\u00f3n.<\/li>\n\n\n\n<li><strong>An\u00e1lisis de v\u00eddeo <\/strong>: debriefings personalizados para identificar r\u00e1pidamente las \u00e1reas de mejora.<\/li>\n<\/ul>\n\n<div style=\"height:20px\" aria-hidden=\"true\" class=\"wp-block-spacer\"><\/div>\n\n<h2 class=\"wp-block-heading\">Fechas y precios de nuestros cursos de oto\u00f1o en Amn\u00e9ville<\/h2>\n\n<ul class=\"wp-block-list\">\n<li><strong>Del 18 de octubre al 22 de octubre de 2026<\/strong>: 4 d\u00edas \/ 790 euros todo incluido (excepto transporte en autob\u00fas*)<\/li>\n\n\n\n<li><strong>Del 22 de octubre al 26 de octubre de 2026<\/strong>: 4 d\u00edas \/ 790 euros todo incluido (excepto transporte en autob\u00fas*)<\/li>\n<\/ul>\n\n<div style=\"height:10px\" aria-hidden=\"true\" class=\"wp-block-spacer\"><\/div>\n\n<p><strong>Estos precios incluyen alojamiento, comidas, forfaits y supervisi\u00f3n profesional.<\/strong><\/p>\n\n<div style=\"height:20px\" aria-hidden=\"true\" class=\"wp-block-spacer\"><\/div>\n\n<h2 class=\"wp-block-heading\">Supervisi\u00f3n por profesionales reconocidos<\/h2>\n\n<p>Nuestro equipo de entrenadores profesionales, procedentes de competiciones nacionales y <a href=\"https:\/\/www.esf-lesmenuires.fr\/les-menuires\/\">del FSE de los Menuires<\/a>, te proporcionar\u00e1 apoyo t\u00e9cnico personalizado durante todo el curso. Su experiencia y sus consejos te ayudar\u00e1n a ganar confianza y a estar preparado para las competiciones de invierno.<\/p>\n\n<h2 class=\"wp-block-heading\">\u00a1Reserva ya tu curso de preparaci\u00f3n de oto\u00f1o en Amn\u00e9ville!<\/h2>\n\n<p>Las plazas son limitadas para garantizar la calidad de nuestros entrenamientos, as\u00ed que no esperes m\u00e1s para reservar tu plaza y optimizar tu preparaci\u00f3n para la temporada de competiciones de invierno.<\/p>\n\n<p><strong>Curso de esqu\u00ed oto\u00f1o 2026 Contacto<\/strong>: Nicolas en el <a href=\"tel:0033625690113\">06 25 69 01 13<\/a><\/p>\n","protected":false},"excerpt":{"rendered":"<p>Curso de entrenamiento de carreras de esqu\u00ed en Todos los Santos Curso de carreras de esqu\u00ed alpino de oto\u00f1o en SnowWorld d&#8217;Amn\u00e9ville Participa en nuestros cursos de esqu\u00ed de slalom en Amn\u00e9ville. Nuestros cursos intensivos de esqu\u00ed de competici\u00f3n se organizan en el centro cubierto SnowWorld de Amn\u00e9ville (Francia). Al igual que nuestros cursos de [&hellip;]<\/p>\n","protected":false},"author":1,"featured_media":0,"parent":0,"menu_order":0,"comment_status":"closed","ping_status":"closed","template":"","meta":{"footnotes":""},"class_list":["post-2529","page","type-page","status-publish","hentry"],"yoast_head":"<!-- This site is optimized with the Yoast SEO plugin v27.3 - https:\/\/yoast.com\/product\/yoast-seo-wordpress\/ -->\n<title>Curso de oto\u00f1o de esqu\u00ed de slalom - TEST TECHNIQUE SKI<\/title>\n<meta name=\"description\" content=\"Participa en nuestros cursos de competici\u00f3n de esqu\u00ed de oto\u00f1o en Amn\u00e9ville para prepararte para la temporada de invierno. Cursos de eslalon para j\u00f3venes y adultos\" \/>\n<meta name=\"robots\" content=\"index, follow, max-snippet:-1, max-image-preview:large, max-video-preview:-1\" \/>\n<link rel=\"canonical\" href=\"https:\/\/test-technique-ski.fr\/es\/stage-ski-slalom-automne\/\" \/>\n<meta property=\"og:locale\" content=\"es_ES\" \/>\n<meta property=\"og:type\" content=\"article\" \/>\n<meta property=\"og:title\" content=\"Curso de oto\u00f1o de esqu\u00ed de slalom - TEST TECHNIQUE SKI\" \/>\n<meta property=\"og:description\" content=\"Participa en nuestros cursos de competici\u00f3n de esqu\u00ed de oto\u00f1o en Amn\u00e9ville para prepararte para la temporada de invierno. Cursos de eslalon para j\u00f3venes y adultos\" \/>\n<meta property=\"og:url\" content=\"https:\/\/test-technique-ski.fr\/es\/stage-ski-slalom-automne\/\" \/>\n<meta property=\"og:site_name\" content=\"TEST TECHNIQUE SKI\" \/>\n<meta property=\"article:modified_time\" content=\"2026-01-12T09:31:55+00:00\" \/>\n<meta property=\"og:image\" content=\"https:\/\/test-technique-ski.fr\/wp-content\/uploads\/2025\/03\/IMG_1992.jpg\" \/>\n\t<meta property=\"og:image:width\" content=\"1290\" \/>\n\t<meta property=\"og:image:height\" content=\"1090\" \/>\n\t<meta property=\"og:image:type\" content=\"image\/jpeg\" \/>\n<meta name=\"twitter:card\" content=\"summary_large_image\" \/>\n<meta name=\"twitter:label1\" content=\"Tiempo de lectura\" \/>\n\t<meta name=\"twitter:data1\" content=\"2 minutos\" \/>\n<script type=\"application\/ld+json\" class=\"yoast-schema-graph\">{\"@context\":\"https:\\\/\\\/schema.org\",\"@graph\":[{\"@type\":\"WebPage\",\"@id\":\"https:\\\/\\\/test-technique-ski.fr\\\/es\\\/stage-ski-slalom-automne\\\/\",\"url\":\"https:\\\/\\\/test-technique-ski.fr\\\/es\\\/stage-ski-slalom-automne\\\/\",\"name\":\"Curso de oto\u00f1o de esqu\u00ed de slalom - TEST TECHNIQUE SKI\",\"isPartOf\":{\"@id\":\"https:\\\/\\\/test-technique-ski.fr\\\/es\\\/#website\"},\"primaryImageOfPage\":{\"@id\":\"https:\\\/\\\/test-technique-ski.fr\\\/es\\\/stage-ski-slalom-automne\\\/#primaryimage\"},\"image\":{\"@id\":\"https:\\\/\\\/test-technique-ski.fr\\\/es\\\/stage-ski-slalom-automne\\\/#primaryimage\"},\"thumbnailUrl\":\"https:\\\/\\\/test-technique-ski.fr\\\/wp-content\\\/uploads\\\/2025\\\/03\\\/IMG_1992-1024x865.jpg\",\"datePublished\":\"2025-03-31T13:35:08+00:00\",\"dateModified\":\"2026-01-12T09:31:55+00:00\",\"description\":\"Participa en nuestros cursos de competici\u00f3n de esqu\u00ed de oto\u00f1o en Amn\u00e9ville para prepararte para la temporada de invierno. Cursos de eslalon para j\u00f3venes y adultos\",\"inLanguage\":\"es\",\"potentialAction\":[{\"@type\":\"ReadAction\",\"target\":[\"https:\\\/\\\/test-technique-ski.fr\\\/es\\\/stage-ski-slalom-automne\\\/\"]}]},{\"@type\":\"ImageObject\",\"inLanguage\":\"es\",\"@id\":\"https:\\\/\\\/test-technique-ski.fr\\\/es\\\/stage-ski-slalom-automne\\\/#primaryimage\",\"url\":\"https:\\\/\\\/test-technique-ski.fr\\\/wp-content\\\/uploads\\\/2025\\\/03\\\/IMG_1992-1024x865.jpg\",\"contentUrl\":\"https:\\\/\\\/test-technique-ski.fr\\\/wp-content\\\/uploads\\\/2025\\\/03\\\/IMG_1992-1024x865.jpg\"},{\"@type\":\"WebSite\",\"@id\":\"https:\\\/\\\/test-technique-ski.fr\\\/es\\\/#website\",\"url\":\"https:\\\/\\\/test-technique-ski.fr\\\/es\\\/\",\"name\":\"TEST TECHNIQUE SKI\",\"description\":\"\",\"potentialAction\":[{\"@type\":\"SearchAction\",\"target\":{\"@type\":\"EntryPoint\",\"urlTemplate\":\"https:\\\/\\\/test-technique-ski.fr\\\/es\\\/?s={search_term_string}\"},\"query-input\":{\"@type\":\"PropertyValueSpecification\",\"valueRequired\":true,\"valueName\":\"search_term_string\"}}],\"inLanguage\":\"es\"}]}<\/script>\n<!-- \/ Yoast SEO plugin. -->","yoast_head_json":{"title":"Curso de oto\u00f1o de esqu\u00ed de slalom - TEST TECHNIQUE SKI","description":"Participa en nuestros cursos de competici\u00f3n de esqu\u00ed de oto\u00f1o en Amn\u00e9ville para prepararte para la temporada de invierno. Cursos de eslalon para j\u00f3venes y adultos","robots":{"index":"index","follow":"follow","max-snippet":"max-snippet:-1","max-image-preview":"max-image-preview:large","max-video-preview":"max-video-preview:-1"},"canonical":"https:\/\/test-technique-ski.fr\/es\/stage-ski-slalom-automne\/","og_locale":"es_ES","og_type":"article","og_title":"Curso de oto\u00f1o de esqu\u00ed de slalom - TEST TECHNIQUE SKI","og_description":"Participa en nuestros cursos de competici\u00f3n de esqu\u00ed de oto\u00f1o en Amn\u00e9ville para prepararte para la temporada de invierno. Cursos de eslalon para j\u00f3venes y adultos","og_url":"https:\/\/test-technique-ski.fr\/es\/stage-ski-slalom-automne\/","og_site_name":"TEST TECHNIQUE SKI","article_modified_time":"2026-01-12T09:31:55+00:00","og_image":[{"width":1290,"height":1090,"url":"https:\/\/test-technique-ski.fr\/wp-content\/uploads\/2025\/03\/IMG_1992.jpg","type":"image\/jpeg"}],"twitter_card":"summary_large_image","twitter_misc":{"Tiempo de lectura":"2 minutos"},"schema":{"@context":"https:\/\/schema.org","@graph":[{"@type":"WebPage","@id":"https:\/\/test-technique-ski.fr\/es\/stage-ski-slalom-automne\/","url":"https:\/\/test-technique-ski.fr\/es\/stage-ski-slalom-automne\/","name":"Curso de oto\u00f1o de esqu\u00ed de slalom - TEST TECHNIQUE SKI","isPartOf":{"@id":"https:\/\/test-technique-ski.fr\/es\/#website"},"primaryImageOfPage":{"@id":"https:\/\/test-technique-ski.fr\/es\/stage-ski-slalom-automne\/#primaryimage"},"image":{"@id":"https:\/\/test-technique-ski.fr\/es\/stage-ski-slalom-automne\/#primaryimage"},"thumbnailUrl":"https:\/\/test-technique-ski.fr\/wp-content\/uploads\/2025\/03\/IMG_1992-1024x865.jpg","datePublished":"2025-03-31T13:35:08+00:00","dateModified":"2026-01-12T09:31:55+00:00","description":"Participa en nuestros cursos de competici\u00f3n de esqu\u00ed de oto\u00f1o en Amn\u00e9ville para prepararte para la temporada de invierno. Cursos de eslalon para j\u00f3venes y adultos","inLanguage":"es","potentialAction":[{"@type":"ReadAction","target":["https:\/\/test-technique-ski.fr\/es\/stage-ski-slalom-automne\/"]}]},{"@type":"ImageObject","inLanguage":"es","@id":"https:\/\/test-technique-ski.fr\/es\/stage-ski-slalom-automne\/#primaryimage","url":"https:\/\/test-technique-ski.fr\/wp-content\/uploads\/2025\/03\/IMG_1992-1024x865.jpg","contentUrl":"https:\/\/test-technique-ski.fr\/wp-content\/uploads\/2025\/03\/IMG_1992-1024x865.jpg"},{"@type":"WebSite","@id":"https:\/\/test-technique-ski.fr\/es\/#website","url":"https:\/\/test-technique-ski.fr\/es\/","name":"TEST TECHNIQUE SKI","description":"","potentialAction":[{"@type":"SearchAction","target":{"@type":"EntryPoint","urlTemplate":"https:\/\/test-technique-ski.fr\/es\/?s={search_term_string}"},"query-input":{"@type":"PropertyValueSpecification","valueRequired":true,"valueName":"search_term_string"}}],"inLanguage":"es"}]}},"_links":{"self":[{"href":"https:\/\/test-technique-ski.fr\/es\/wp-json\/wp\/v2\/pages\/2529","targetHints":{"allow":["GET"]}}],"collection":[{"href":"https:\/\/test-technique-ski.fr\/es\/wp-json\/wp\/v2\/pages"}],"about":[{"href":"https:\/\/test-technique-ski.fr\/es\/wp-json\/wp\/v2\/types\/page"}],"author":[{"embeddable":true,"href":"https:\/\/test-technique-ski.fr\/es\/wp-json\/wp\/v2\/users\/1"}],"replies":[{"embeddable":true,"href":"https:\/\/test-technique-ski.fr\/es\/wp-json\/wp\/v2\/comments?post=2529"}],"version-history":[{"count":4,"href":"https:\/\/test-technique-ski.fr\/es\/wp-json\/wp\/v2\/pages\/2529\/revisions"}],"predecessor-version":[{"id":3619,"href":"https:\/\/test-technique-ski.fr\/es\/wp-json\/wp\/v2\/pages\/2529\/revisions\/3619"}],"wp:attachment":[{"href":"https:\/\/test-technique-ski.fr\/es\/wp-json\/wp\/v2\/media?parent=2529"}],"curies":[{"name":"wp","href":"https:\/\/api.w.org\/{rel}","templated":true}]}}