{"id":2818,"date":"2025-08-29T12:49:59","date_gmt":"2025-08-29T11:49:59","guid":{"rendered":"https:\/\/test-technique-ski.fr\/formation-moniteur-de-ski-alpin\/"},"modified":"2025-08-29T13:10:50","modified_gmt":"2025-08-29T12:10:50","slug":"formation-moniteur-de-ski-alpin","status":"publish","type":"page","link":"https:\/\/test-technique-ski.fr\/es\/formation-moniteur-de-ski-alpin\/","title":{"rendered":"Formaci\u00f3n en alternancia para el Dipl\u00f4me d&#8217;\u00c9tat Moniteur National de Ski Alpin (Diploma Nacional de Monitor de Esqu\u00ed Alpino)"},"content":{"rendered":"\n<h1 class=\"wp-block-heading\">Formaci\u00f3n para obtener el Dipl\u00f4me d&#8217;Etat de moniteur de ski alpin en Francia<\/h1>\n\n<p>La formaci\u00f3n en alternancia para obtener el <strong>Dipl\u00f4me d&#8217;Etat de Moniteur National de Ski Alpin (DE Ski Alpin)<\/strong> te permite adquirir competencias t\u00e9cnicas, pedag\u00f3gicas y profesionales mientras trabajas sobre el terreno. Para superar con \u00e9xito este exigente curso, es esencial saber <strong>con<\/strong> qu\u00e9 <strong>organizaciones y escuelas de esqu\u00ed hay que ponerse en contacto<\/strong> para preparar adecuadamente las pruebas, los m\u00f3dulos y los periodos de pr\u00e1cticas. <\/p>\n\n<h2 class=\"wp-block-heading\">\u00bfPor qu\u00e9 elegir un curso en alternancia para el DE Ski Alpin?<\/h2>\n\n<ul class=\"wp-block-list\">\n<li>Experiencia laboral inmediata: trabajar en una escuela de esqu\u00ed paralelamente al curso.<\/li>\n\n\n\n<li>Financiaci\u00f3n y remuneraci\u00f3n: se puede cubrir parte de los costes, y la formaci\u00f3n en alternancia ofrece unos ingresos.<\/li>\n\n\n\n<li>Supervisi\u00f3n por profesionales experimentados: inmersi\u00f3n en el d\u00eda a d\u00eda de un FSE, un club o una organizaci\u00f3n autorizada.<\/li>\n\n\n\n<li>Integraci\u00f3n directa en la red de monitores de esqu\u00ed franceses e internacionales.<\/li>\n<\/ul>\n\n<div style=\"height:10px\" aria-hidden=\"true\" class=\"wp-block-spacer\"><\/div>\n\n<h2 class=\"wp-block-heading\">Socio preferente: ESF Les Menuires<\/h2>\n\n<p>La Escuela Francesa de Esqu\u00ed de Les Menuires es un actor importante en el apoyo a los futuros instructores en alternancia. Ofrece un entorno ideal para combinar la pr\u00e1ctica, la ense\u00f1anza y la preparaci\u00f3n para las unidades de formaci\u00f3n de Esqu\u00ed Alpino DE. <\/p>\n\n<p><strong>Contacto principal:<\/strong><br\/>\ud83d\udc64 Nicolas Flage<br\/>\ud83d\udcf1 M\u00f3vil: 06 25 69 01 13<br\/>\ud83d\udccd Les Menuires &#8211; Domaine skiable des 3 Vall\u00e9es<\/p>\n\n<p><a href=\"https:\/\/www.esf-lesmenuires.fr\/produits-saison\/devenir-moniteur\/\">El ESF Les Menuires<\/a> te acoge en alternancia y te gu\u00eda a trav\u00e9s de las distintas etapas para <a href=\"https:\/\/test-technique-ski.fr\/es\/convertirse-en-monitor-de-esqui-alpino\/\">convertirte en monitor de esqu\u00ed alpino<\/a>.<\/p>\n\n<h2 class=\"wp-block-heading\">\u00bfC\u00f3mo funciona el curso en alternancia?<\/h2>\n\n<p>La formaci\u00f3n en alternancia para el Diploma de Monitor Nacional de Esqu\u00ed Alpino alterna periodos de clases te\u00f3ricas y pr\u00e1cticas en <a href=\"http:\/\/ensm.sports.gouv.fr\">la ENSA de Chamonix<\/a> y periodos de ense\u00f1anza en una escuela de esqu\u00ed, como la ESF de Les Menuires. Los alumnos trabajan como empleados o becarios en una organizaci\u00f3n asociada, lo que les da la oportunidad de poner en pr\u00e1ctica inmediatamente las competencias que han adquirido durante sus unidades de formaci\u00f3n (UF). La formaci\u00f3n en alternancia es progresiva: centrada inicialmente en el perfeccionamiento de la t\u00e9cnica y las competencias pedag\u00f3gicas b\u00e1sicas, evoluciona hacia una autonom\u00eda total en la supervisi\u00f3n de grupos de todos los niveles.  <\/p>\n\n<h2 class=\"wp-block-heading\">\u00bfCu\u00e1nto dura el curso?<\/h2>\n\n<p>La duraci\u00f3n var\u00eda seg\u00fan la formaci\u00f3n y el nivel inicial del candidato. Por t\u00e9rmino medio, se tarda entre 4 y 7 a\u00f1os en obtener un diploma completo, con un m\u00e1ximo legal de 10 a\u00f1os. Algunos deportistas de alto nivel o titulares de diplomas afines (BEES, DE en otras disciplinas) pueden beneficiarse de periodos m\u00e1s cortos. La formaci\u00f3n en alternancia suele acelerar el proceso de profesionalizaci\u00f3n, ya que combina la formaci\u00f3n acad\u00e9mica con la experiencia de campo remunerada.   <\/p>\n\n<h2 class=\"wp-block-heading\">\u00bfCu\u00e1ndo tiene lugar la formaci\u00f3n?<\/h2>\n\n<p>La formaci\u00f3n se extiende a lo largo de varias temporadas de invierno, generalmente de diciembre a abril, durante las cuales el futuro instructor trabaja en un FSE asociado, como <a href=\"https:\/\/www.esf-lesmenuires.fr\/\">el FSE Les Menuires<\/a>. Las unidades de formaci\u00f3n organizadas por la ENSA tienen lugar en sesiones programadas a lo largo del a\u00f1o, a menudo entre temporadas (primavera y oto\u00f1o), para permitir a los alumnos trabajar sobre el terreno durante el invierno. Este ritmo permite una inmersi\u00f3n total en la vida profesional de un monitor de esqu\u00ed, al tiempo que convalida las etapas reglamentarias del diploma.  <\/p>\n\n<h2 class=\"wp-block-heading\">Las organizaciones clave con las que hay que ponerse en contacto<\/h2>\n\n<h3 class=\"wp-block-heading\">Escuela Nacional de Esqu\u00ed y Alpinismo (ENSA \/ ENSM)<\/h3>\n\n<ul class=\"wp-block-list\">\n<li>Direcci\u00f3n: 35 route du Bouchet, 74400 Chamonix-Mont-Blanc<\/li>\n\n\n\n<li>Tel. recepci\u00f3n: 04 50 55 30 30<\/li>\n\n\n\n<li>Correo electr\u00f3nico : ensa.accueil@ensm.sports.gouv.fr<\/li>\n\n\n\n<li>Contactos por m\u00f3dulos de formaci\u00f3n (UF): UF1, UF2, Eurotest, cursos de actualizaci\u00f3n, SHN, etc.<\/li>\n\n\n\n<li>Sitio web oficial: <a href=\"http:\/\/ensm.sports.gouv.fr\">ensm.sports.gouv.fr<\/a><\/li>\n<\/ul>\n\n<div style=\"height:10px\" aria-hidden=\"true\" class=\"wp-block-spacer\"><\/div>\n\n<h3 class=\"wp-block-heading\">Federaci\u00f3n Francesa de Esqu\u00ed (FFS)<\/h3>\n\n<p>La FFS supervisa m\u00f3dulos de pr\u00e1ctica competitiva, especialmente para atletas de alto nivel. P\u00e1gina web: <a href=\"https:\/\/ffs.fr\/\">ffs.fr<\/a> <\/p>\n\n<h3 class=\"wp-block-heading\">Sindicato Nacional de Monitores de Esqu\u00ed Franceses (SNMSF)<\/h3>\n\n<p>Es la estructura sindical de los instructores del FSE, y coordina la red nacional. Su sitio web es <a href=\"https:\/\/www.esf.net\/\">esf.net<\/a>. <\/p>\n\n<h2 class=\"wp-block-heading\">Comienza tu formaci\u00f3n ahora<\/h2>\n\n<p>El curso sandwich es la mejor forma de completar con \u00e9xito el <strong>Diploma Nacional de Instructor de Esqu\u00ed Alpino<\/strong>: inmersi\u00f3n directa, experiencia supervisada y preparaci\u00f3n completa.<\/p>\n\n<p>Para un apoyo pr\u00e1ctico y personalizado, <strong>ponte en contacto directamente con el FSE de Les Menuires y con Nicolas Flage (06 25 69 01 13)<\/strong> para que tu curso comience de la mejor manera posible.<\/p>\n\n<p><\/p>\n","protected":false},"excerpt":{"rendered":"<p>Formaci\u00f3n para obtener el Dipl\u00f4me d&#8217;Etat de moniteur de ski alpin en Francia La formaci\u00f3n en alternancia para obtener el Dipl\u00f4me d&#8217;Etat de Moniteur National de Ski Alpin (DE Ski Alpin) te permite adquirir competencias t\u00e9cnicas, pedag\u00f3gicas y profesionales mientras trabajas sobre el terreno. Para superar con \u00e9xito este exigente curso, es esencial saber con [&hellip;]<\/p>\n","protected":false},"author":1,"featured_media":0,"parent":0,"menu_order":0,"comment_status":"closed","ping_status":"closed","template":"","meta":{"footnotes":""},"class_list":["post-2818","page","type-page","status-publish","hentry"],"yoast_head":"<!-- This site is optimized with the Yoast SEO plugin v27.3 - https:\/\/yoast.com\/product\/yoast-seo-wordpress\/ -->\n<title>Formaci\u00f3n en alternancia para el Dipl\u00f4me d&#039;\u00c9tat Moniteur National de Ski Alpin (Diploma Nacional de Monitor de Esqu\u00ed Alpino) - TEST TECHNIQUE SKI<\/title>\n<meta name=\"description\" content=\"Contactos \u00fatiles para la formaci\u00f3n en alternancia del DE Moniteur National Ski Alpin: ENSA, ESF Les Menuires, SNMSF, FFS.\" \/>\n<meta name=\"robots\" content=\"index, follow, max-snippet:-1, max-image-preview:large, max-video-preview:-1\" \/>\n<link rel=\"canonical\" href=\"https:\/\/test-technique-ski.fr\/es\/formation-moniteur-de-ski-alpin\/\" \/>\n<meta property=\"og:locale\" content=\"es_ES\" \/>\n<meta property=\"og:type\" content=\"article\" \/>\n<meta property=\"og:title\" content=\"Formaci\u00f3n en alternancia para el Dipl\u00f4me d&#039;\u00c9tat Moniteur National de Ski Alpin (Diploma Nacional de Monitor de Esqu\u00ed Alpino) - TEST TECHNIQUE SKI\" \/>\n<meta property=\"og:description\" content=\"Contactos \u00fatiles para la formaci\u00f3n en alternancia del DE Moniteur National Ski Alpin: ENSA, ESF Les Menuires, SNMSF, FFS.\" \/>\n<meta property=\"og:url\" content=\"https:\/\/test-technique-ski.fr\/es\/formation-moniteur-de-ski-alpin\/\" \/>\n<meta property=\"og:site_name\" content=\"TEST TECHNIQUE SKI\" \/>\n<meta property=\"article:modified_time\" content=\"2025-08-29T12:10:50+00:00\" \/>\n<meta name=\"twitter:card\" content=\"summary_large_image\" \/>\n<meta name=\"twitter:label1\" content=\"Tiempo de lectura\" \/>\n\t<meta name=\"twitter:data1\" content=\"4 minutos\" \/>\n<script type=\"application\/ld+json\" class=\"yoast-schema-graph\">{\"@context\":\"https:\\\/\\\/schema.org\",\"@graph\":[{\"@type\":\"WebPage\",\"@id\":\"https:\\\/\\\/test-technique-ski.fr\\\/es\\\/formation-moniteur-de-ski-alpin\\\/\",\"url\":\"https:\\\/\\\/test-technique-ski.fr\\\/es\\\/formation-moniteur-de-ski-alpin\\\/\",\"name\":\"Formaci\u00f3n en alternancia para el Dipl\u00f4me d'\u00c9tat Moniteur National de Ski Alpin (Diploma Nacional de Monitor de Esqu\u00ed Alpino) - TEST TECHNIQUE SKI\",\"isPartOf\":{\"@id\":\"https:\\\/\\\/test-technique-ski.fr\\\/es\\\/#website\"},\"datePublished\":\"2025-08-29T11:49:59+00:00\",\"dateModified\":\"2025-08-29T12:10:50+00:00\",\"description\":\"Contactos \u00fatiles para la formaci\u00f3n en alternancia del DE Moniteur National Ski Alpin: ENSA, ESF Les Menuires, SNMSF, FFS.\",\"inLanguage\":\"es\",\"potentialAction\":[{\"@type\":\"ReadAction\",\"target\":[\"https:\\\/\\\/test-technique-ski.fr\\\/es\\\/formation-moniteur-de-ski-alpin\\\/\"]}]},{\"@type\":\"WebSite\",\"@id\":\"https:\\\/\\\/test-technique-ski.fr\\\/es\\\/#website\",\"url\":\"https:\\\/\\\/test-technique-ski.fr\\\/es\\\/\",\"name\":\"TEST TECHNIQUE SKI\",\"description\":\"\",\"potentialAction\":[{\"@type\":\"SearchAction\",\"target\":{\"@type\":\"EntryPoint\",\"urlTemplate\":\"https:\\\/\\\/test-technique-ski.fr\\\/es\\\/?s={search_term_string}\"},\"query-input\":{\"@type\":\"PropertyValueSpecification\",\"valueRequired\":true,\"valueName\":\"search_term_string\"}}],\"inLanguage\":\"es\"}]}<\/script>\n<!-- \/ Yoast SEO plugin. -->","yoast_head_json":{"title":"Formaci\u00f3n en alternancia para el Dipl\u00f4me d'\u00c9tat Moniteur National de Ski Alpin (Diploma Nacional de Monitor de Esqu\u00ed Alpino) - TEST TECHNIQUE SKI","description":"Contactos \u00fatiles para la formaci\u00f3n en alternancia del DE Moniteur National Ski Alpin: ENSA, ESF Les Menuires, SNMSF, FFS.","robots":{"index":"index","follow":"follow","max-snippet":"max-snippet:-1","max-image-preview":"max-image-preview:large","max-video-preview":"max-video-preview:-1"},"canonical":"https:\/\/test-technique-ski.fr\/es\/formation-moniteur-de-ski-alpin\/","og_locale":"es_ES","og_type":"article","og_title":"Formaci\u00f3n en alternancia para el Dipl\u00f4me d'\u00c9tat Moniteur National de Ski Alpin (Diploma Nacional de Monitor de Esqu\u00ed Alpino) - TEST TECHNIQUE SKI","og_description":"Contactos \u00fatiles para la formaci\u00f3n en alternancia del DE Moniteur National Ski Alpin: ENSA, ESF Les Menuires, SNMSF, FFS.","og_url":"https:\/\/test-technique-ski.fr\/es\/formation-moniteur-de-ski-alpin\/","og_site_name":"TEST TECHNIQUE SKI","article_modified_time":"2025-08-29T12:10:50+00:00","twitter_card":"summary_large_image","twitter_misc":{"Tiempo de lectura":"4 minutos"},"schema":{"@context":"https:\/\/schema.org","@graph":[{"@type":"WebPage","@id":"https:\/\/test-technique-ski.fr\/es\/formation-moniteur-de-ski-alpin\/","url":"https:\/\/test-technique-ski.fr\/es\/formation-moniteur-de-ski-alpin\/","name":"Formaci\u00f3n en alternancia para el Dipl\u00f4me d'\u00c9tat Moniteur National de Ski Alpin (Diploma Nacional de Monitor de Esqu\u00ed Alpino) - TEST TECHNIQUE SKI","isPartOf":{"@id":"https:\/\/test-technique-ski.fr\/es\/#website"},"datePublished":"2025-08-29T11:49:59+00:00","dateModified":"2025-08-29T12:10:50+00:00","description":"Contactos \u00fatiles para la formaci\u00f3n en alternancia del DE Moniteur National Ski Alpin: ENSA, ESF Les Menuires, SNMSF, FFS.","inLanguage":"es","potentialAction":[{"@type":"ReadAction","target":["https:\/\/test-technique-ski.fr\/es\/formation-moniteur-de-ski-alpin\/"]}]},{"@type":"WebSite","@id":"https:\/\/test-technique-ski.fr\/es\/#website","url":"https:\/\/test-technique-ski.fr\/es\/","name":"TEST TECHNIQUE SKI","description":"","potentialAction":[{"@type":"SearchAction","target":{"@type":"EntryPoint","urlTemplate":"https:\/\/test-technique-ski.fr\/es\/?s={search_term_string}"},"query-input":{"@type":"PropertyValueSpecification","valueRequired":true,"valueName":"search_term_string"}}],"inLanguage":"es"}]}},"_links":{"self":[{"href":"https:\/\/test-technique-ski.fr\/es\/wp-json\/wp\/v2\/pages\/2818","targetHints":{"allow":["GET"]}}],"collection":[{"href":"https:\/\/test-technique-ski.fr\/es\/wp-json\/wp\/v2\/pages"}],"about":[{"href":"https:\/\/test-technique-ski.fr\/es\/wp-json\/wp\/v2\/types\/page"}],"author":[{"embeddable":true,"href":"https:\/\/test-technique-ski.fr\/es\/wp-json\/wp\/v2\/users\/1"}],"replies":[{"embeddable":true,"href":"https:\/\/test-technique-ski.fr\/es\/wp-json\/wp\/v2\/comments?post=2818"}],"version-history":[{"count":0,"href":"https:\/\/test-technique-ski.fr\/es\/wp-json\/wp\/v2\/pages\/2818\/revisions"}],"wp:attachment":[{"href":"https:\/\/test-technique-ski.fr\/es\/wp-json\/wp\/v2\/media?parent=2818"}],"curies":[{"name":"wp","href":"https:\/\/api.w.org\/{rel}","templated":true}]}}