{"id":3829,"date":"2026-02-28T10:07:27","date_gmt":"2026-02-28T10:07:27","guid":{"rendered":"https:\/\/test-technique-ski.fr\/val-thorens\/"},"modified":"2026-03-04T09:21:25","modified_gmt":"2026-03-04T09:21:25","slug":"val-thorens","status":"publish","type":"page","link":"https:\/\/test-technique-ski.fr\/es\/val-thorens\/","title":{"rendered":"Prueba t\u00e9cnica esqu\u00ed alpino Val Thorens"},"content":{"rendered":"\n<h1 class=\"wp-block-heading\">Participa en la prueba t\u00e9cnica de esqu\u00ed alpino en Val Thorens<\/h1>\n\n<p>Cada a\u00f1o, la estaci\u00f3n de esqu\u00ed de Val Thorens organiza una o varias sesiones para realizar la prueba t\u00e9cnica de esqu\u00ed alpino en el marco del programa de <a href=\"https:\/\/test-technique-ski.fr\/es\/formation-moniteur-de-ski-alpin\/\">formaci\u00f3n de monitores de esqu\u00ed alpino<\/a>.<\/p>\n\n<h2 class=\"wp-block-heading\">Fechas de la Prueba T\u00e9cnica de Esqu\u00ed Alpino en Val Thorens<\/h2>\n\n<p>La 2\u00aa sesi\u00f3n de las Pruebas T\u00e9cnicas en Val Thorens tendr\u00e1 lugar del 20 al 22 de abril de 2026.<\/p>\n\n<h2 class=\"wp-block-heading\">Curso de formaci\u00f3n en Pruebas T\u00e9cnicas en Les Menuires<\/h2>\n\n<p><strong>Del 9 al 27 de marzo, ven a prepararte con la Academia FSE para<\/strong> la prueba t\u00e9cnica de eslalon de Val Thorens en el estadio de eslalon de Les Menuires.<\/p>\n\n<p><strong>Precio: 55 euros por d\u00eda + pase para el estadio  <\/strong><\/p>\n\n<p><strong>Ponte en contacto con Nicolas Flage<\/strong> en el <a href=\"tel:+33625690113\">06 25 69 01 13<\/a>.<\/p>\n\n<div style=\"height:20px\" aria-hidden=\"true\" class=\"wp-block-spacer\"><\/div>\n\n<h2 class=\"wp-block-heading\">\u00bfC\u00f3mo me inscribo en la prueba t\u00e9cnica en Val Thorens?<\/h2>\n\n<p>Todo el <a href=\"https:\/\/test-technique-ski.fr\/es\/inscripcion-prueba-tecnica-esqui\/\">procedimiento de inscripci\u00f3n en las Pruebas T\u00e9cnicas de Esqu\u00ed<\/a> se realiza en l\u00ednea en el sitio web oficial de la GEPAFO.<\/p>\n\n<h2 class=\"wp-block-heading\">Plazo de inscripci\u00f3n para la prueba t\u00e9cnica en Val Thorens<\/h2>\n\n<p>Estos son los plazos de inscripci\u00f3n para la prueba t\u00e9cnica de Val Thorens:<\/p>\n\n<ul class=\"wp-block-list\">\n<li>Fecha l\u00edmite de inscripci\u00f3n: 09\/02\/2026<\/li>\n\n\n\n<li>Fecha l\u00edmite de inscripci\u00f3n: 27\/02\/2026<\/li>\n<\/ul>\n\n<p><\/p>\n","protected":false},"excerpt":{"rendered":"<p>Participa en la prueba t\u00e9cnica de esqu\u00ed alpino en Val Thorens Cada a\u00f1o, la estaci\u00f3n de esqu\u00ed de Val Thorens organiza una o varias sesiones para realizar la prueba t\u00e9cnica de esqu\u00ed alpino en el marco del programa de formaci\u00f3n de monitores de esqu\u00ed alpino. Fechas de la Prueba T\u00e9cnica de Esqu\u00ed Alpino en Val [&hellip;]<\/p>\n","protected":false},"author":1,"featured_media":0,"parent":0,"menu_order":0,"comment_status":"closed","ping_status":"closed","template":"","meta":{"footnotes":""},"class_list":["post-3829","page","type-page","status-publish","hentry"],"yoast_head":"<!-- This site is optimized with the Yoast SEO plugin v27.3 - https:\/\/yoast.com\/product\/yoast-seo-wordpress\/ -->\n<title>Prueba t\u00e9cnica esqu\u00ed alpino Val Thorens - TEST TECHNIQUE SKI<\/title>\n<meta name=\"description\" content=\"Prep\u00e1rate para la prueba t\u00e9cnica de esqu\u00ed alpino, que se celebra en Val Thorens en las mejores condiciones posibles en el estadio de eslalon de Les Menuires.\" \/>\n<meta name=\"robots\" content=\"index, follow, max-snippet:-1, max-image-preview:large, max-video-preview:-1\" \/>\n<link rel=\"canonical\" href=\"https:\/\/test-technique-ski.fr\/es\/val-thorens\/\" \/>\n<meta property=\"og:locale\" content=\"es_ES\" \/>\n<meta property=\"og:type\" content=\"article\" \/>\n<meta property=\"og:title\" content=\"Prueba t\u00e9cnica esqu\u00ed alpino Val Thorens - TEST TECHNIQUE SKI\" \/>\n<meta property=\"og:description\" content=\"Prep\u00e1rate para la prueba t\u00e9cnica de esqu\u00ed alpino, que se celebra en Val Thorens en las mejores condiciones posibles en el estadio de eslalon de Les Menuires.\" \/>\n<meta property=\"og:url\" content=\"https:\/\/test-technique-ski.fr\/es\/val-thorens\/\" \/>\n<meta property=\"og:site_name\" content=\"TEST TECHNIQUE SKI\" \/>\n<meta property=\"article:modified_time\" content=\"2026-03-04T09:21:25+00:00\" \/>\n<meta name=\"twitter:card\" content=\"summary_large_image\" \/>\n<meta name=\"twitter:label1\" content=\"Tiempo de lectura\" \/>\n\t<meta name=\"twitter:data1\" content=\"1 minuto\" \/>\n<script type=\"application\/ld+json\" class=\"yoast-schema-graph\">{\"@context\":\"https:\\\/\\\/schema.org\",\"@graph\":[{\"@type\":\"WebPage\",\"@id\":\"https:\\\/\\\/test-technique-ski.fr\\\/es\\\/val-thorens\\\/\",\"url\":\"https:\\\/\\\/test-technique-ski.fr\\\/es\\\/val-thorens\\\/\",\"name\":\"Prueba t\u00e9cnica esqu\u00ed alpino Val Thorens - TEST TECHNIQUE SKI\",\"isPartOf\":{\"@id\":\"https:\\\/\\\/test-technique-ski.fr\\\/es\\\/#website\"},\"datePublished\":\"2026-02-28T10:07:27+00:00\",\"dateModified\":\"2026-03-04T09:21:25+00:00\",\"description\":\"Prep\u00e1rate para la prueba t\u00e9cnica de esqu\u00ed alpino, que se celebra en Val Thorens en las mejores condiciones posibles en el estadio de eslalon de Les Menuires.\",\"inLanguage\":\"es\",\"potentialAction\":[{\"@type\":\"ReadAction\",\"target\":[\"https:\\\/\\\/test-technique-ski.fr\\\/es\\\/val-thorens\\\/\"]}]},{\"@type\":\"WebSite\",\"@id\":\"https:\\\/\\\/test-technique-ski.fr\\\/es\\\/#website\",\"url\":\"https:\\\/\\\/test-technique-ski.fr\\\/es\\\/\",\"name\":\"TEST TECHNIQUE SKI\",\"description\":\"\",\"potentialAction\":[{\"@type\":\"SearchAction\",\"target\":{\"@type\":\"EntryPoint\",\"urlTemplate\":\"https:\\\/\\\/test-technique-ski.fr\\\/es\\\/?s={search_term_string}\"},\"query-input\":{\"@type\":\"PropertyValueSpecification\",\"valueRequired\":true,\"valueName\":\"search_term_string\"}}],\"inLanguage\":\"es\"}]}<\/script>\n<!-- \/ Yoast SEO plugin. -->","yoast_head_json":{"title":"Prueba t\u00e9cnica esqu\u00ed alpino Val Thorens - TEST TECHNIQUE SKI","description":"Prep\u00e1rate para la prueba t\u00e9cnica de esqu\u00ed alpino, que se celebra en Val Thorens en las mejores condiciones posibles en el estadio de eslalon de Les Menuires.","robots":{"index":"index","follow":"follow","max-snippet":"max-snippet:-1","max-image-preview":"max-image-preview:large","max-video-preview":"max-video-preview:-1"},"canonical":"https:\/\/test-technique-ski.fr\/es\/val-thorens\/","og_locale":"es_ES","og_type":"article","og_title":"Prueba t\u00e9cnica esqu\u00ed alpino Val Thorens - TEST TECHNIQUE SKI","og_description":"Prep\u00e1rate para la prueba t\u00e9cnica de esqu\u00ed alpino, que se celebra en Val Thorens en las mejores condiciones posibles en el estadio de eslalon de Les Menuires.","og_url":"https:\/\/test-technique-ski.fr\/es\/val-thorens\/","og_site_name":"TEST TECHNIQUE SKI","article_modified_time":"2026-03-04T09:21:25+00:00","twitter_card":"summary_large_image","twitter_misc":{"Tiempo de lectura":"1 minuto"},"schema":{"@context":"https:\/\/schema.org","@graph":[{"@type":"WebPage","@id":"https:\/\/test-technique-ski.fr\/es\/val-thorens\/","url":"https:\/\/test-technique-ski.fr\/es\/val-thorens\/","name":"Prueba t\u00e9cnica esqu\u00ed alpino Val Thorens - TEST TECHNIQUE SKI","isPartOf":{"@id":"https:\/\/test-technique-ski.fr\/es\/#website"},"datePublished":"2026-02-28T10:07:27+00:00","dateModified":"2026-03-04T09:21:25+00:00","description":"Prep\u00e1rate para la prueba t\u00e9cnica de esqu\u00ed alpino, que se celebra en Val Thorens en las mejores condiciones posibles en el estadio de eslalon de Les Menuires.","inLanguage":"es","potentialAction":[{"@type":"ReadAction","target":["https:\/\/test-technique-ski.fr\/es\/val-thorens\/"]}]},{"@type":"WebSite","@id":"https:\/\/test-technique-ski.fr\/es\/#website","url":"https:\/\/test-technique-ski.fr\/es\/","name":"TEST TECHNIQUE SKI","description":"","potentialAction":[{"@type":"SearchAction","target":{"@type":"EntryPoint","urlTemplate":"https:\/\/test-technique-ski.fr\/es\/?s={search_term_string}"},"query-input":{"@type":"PropertyValueSpecification","valueRequired":true,"valueName":"search_term_string"}}],"inLanguage":"es"}]}},"_links":{"self":[{"href":"https:\/\/test-technique-ski.fr\/es\/wp-json\/wp\/v2\/pages\/3829","targetHints":{"allow":["GET"]}}],"collection":[{"href":"https:\/\/test-technique-ski.fr\/es\/wp-json\/wp\/v2\/pages"}],"about":[{"href":"https:\/\/test-technique-ski.fr\/es\/wp-json\/wp\/v2\/types\/page"}],"author":[{"embeddable":true,"href":"https:\/\/test-technique-ski.fr\/es\/wp-json\/wp\/v2\/users\/1"}],"replies":[{"embeddable":true,"href":"https:\/\/test-technique-ski.fr\/es\/wp-json\/wp\/v2\/comments?post=3829"}],"version-history":[{"count":3,"href":"https:\/\/test-technique-ski.fr\/es\/wp-json\/wp\/v2\/pages\/3829\/revisions"}],"predecessor-version":[{"id":3909,"href":"https:\/\/test-technique-ski.fr\/es\/wp-json\/wp\/v2\/pages\/3829\/revisions\/3909"}],"wp:attachment":[{"href":"https:\/\/test-technique-ski.fr\/es\/wp-json\/wp\/v2\/media?parent=3829"}],"curies":[{"name":"wp","href":"https:\/\/api.w.org\/{rel}","templated":true}]}}