{"id":4067,"date":"2026-03-28T18:03:13","date_gmt":"2026-03-28T18:03:13","guid":{"rendered":"https:\/\/test-technique-ski.fr\/avisos-legales\/"},"modified":"2026-03-28T18:12:58","modified_gmt":"2026-03-28T18:12:58","slug":"avisos-legales","status":"publish","type":"page","link":"https:\/\/test-technique-ski.fr\/es\/avisos-legales\/","title":{"rendered":"Informaci\u00f3n jur\u00eddica"},"content":{"rendered":"\n<h1 class=\"wp-block-heading\">Informaci\u00f3n legal<\/h1>\n\n<p>Nuestro sitio web de informaci\u00f3n est\u00e1 editado por <a href=\"https:\/\/alma-consulting.org\/\">Alma Consulting<\/a>.<\/p>\n\n<p>Publicamos informaci\u00f3n sobre la prueba t\u00e9cnica de esqu\u00ed alpino en Francia. Nuestro sitio es totalmente gratuito y est\u00e1 traducido a varios idiomas. Somos independientes de cualquier administraci\u00f3n p\u00fablica.    <\/p>\n\n<p>Nuestro portal de informaci\u00f3n privada est\u00e1 dise\u00f1ado para informar a los usuarios de Internet y no ofrece ning\u00fan servicio adicional. No tenemos formularios en el sitio y no registramos ning\u00fan dato personal.   <\/p>\n\n<p>El responsable de la publicaci\u00f3n es <a href=\"mailto:bastien.fauck@gmail.com\">Bastien Fauck<\/a>.<\/p>\n\n<p>Hacemos todo lo posible por mantenerla lo m\u00e1s actualizada posible. Para m\u00e1s informaci\u00f3n, visita el sitio web <a href=\"http:\/\/gepafom.fr\">de GEPAFO<\/a>. <\/p>\n","protected":false},"excerpt":{"rendered":"<p>Informaci\u00f3n legal Nuestro sitio web de informaci\u00f3n est\u00e1 editado por Alma Consulting. Publicamos informaci\u00f3n sobre la prueba t\u00e9cnica de esqu\u00ed alpino en Francia. Nuestro sitio es totalmente gratuito y est\u00e1 traducido a varios idiomas. Somos independientes de cualquier administraci\u00f3n p\u00fablica. Nuestro portal de informaci\u00f3n privada est\u00e1 dise\u00f1ado para informar a los usuarios de Internet y [&hellip;]<\/p>\n","protected":false},"author":1,"featured_media":0,"parent":0,"menu_order":0,"comment_status":"closed","ping_status":"closed","template":"","meta":{"footnotes":""},"class_list":["post-4067","page","type-page","status-publish","hentry"],"yoast_head":"<!-- This site is optimized with the Yoast SEO plugin v27.3 - https:\/\/yoast.com\/product\/yoast-seo-wordpress\/ -->\n<title>Informaci\u00f3n jur\u00eddica - TEST TECHNIQUE SKI<\/title>\n<meta name=\"description\" content=\"Aviso legal y responsable de la publicaci\u00f3n del sitio web de informaci\u00f3n sobre la prueba t\u00e9cnica de esqu\u00ed alpino franc\u00e9s\" \/>\n<meta name=\"robots\" content=\"noindex, nofollow\" \/>\n<meta property=\"og:locale\" content=\"es_ES\" \/>\n<meta property=\"og:type\" content=\"article\" \/>\n<meta property=\"og:title\" content=\"Informaci\u00f3n jur\u00eddica - TEST TECHNIQUE SKI\" \/>\n<meta property=\"og:description\" content=\"Aviso legal y responsable de la publicaci\u00f3n del sitio web de informaci\u00f3n sobre la prueba t\u00e9cnica de esqu\u00ed alpino franc\u00e9s\" \/>\n<meta property=\"og:url\" content=\"https:\/\/test-technique-ski.fr\/es\/avisos-legales\/\" \/>\n<meta property=\"og:site_name\" content=\"TEST TECHNIQUE SKI\" \/>\n<meta property=\"article:modified_time\" content=\"2026-03-28T18:12:58+00:00\" \/>\n<meta name=\"twitter:card\" content=\"summary_large_image\" \/>\n<meta name=\"twitter:label1\" content=\"Tiempo de lectura\" \/>\n\t<meta name=\"twitter:data1\" content=\"1 minuto\" \/>\n<script type=\"application\/ld+json\" class=\"yoast-schema-graph\">{\"@context\":\"https:\\\/\\\/schema.org\",\"@graph\":[{\"@type\":\"WebPage\",\"@id\":\"https:\\\/\\\/test-technique-ski.fr\\\/es\\\/avisos-legales\\\/\",\"url\":\"https:\\\/\\\/test-technique-ski.fr\\\/es\\\/avisos-legales\\\/\",\"name\":\"Informaci\u00f3n jur\u00eddica - TEST TECHNIQUE SKI\",\"isPartOf\":{\"@id\":\"https:\\\/\\\/test-technique-ski.fr\\\/es\\\/#website\"},\"datePublished\":\"2026-03-28T18:03:13+00:00\",\"dateModified\":\"2026-03-28T18:12:58+00:00\",\"description\":\"Aviso legal y responsable de la publicaci\u00f3n del sitio web de informaci\u00f3n sobre la prueba t\u00e9cnica de esqu\u00ed alpino franc\u00e9s\",\"inLanguage\":\"es\",\"potentialAction\":[{\"@type\":\"ReadAction\",\"target\":[\"https:\\\/\\\/test-technique-ski.fr\\\/es\\\/avisos-legales\\\/\"]}]},{\"@type\":\"WebSite\",\"@id\":\"https:\\\/\\\/test-technique-ski.fr\\\/es\\\/#website\",\"url\":\"https:\\\/\\\/test-technique-ski.fr\\\/es\\\/\",\"name\":\"TEST TECHNIQUE SKI\",\"description\":\"\",\"potentialAction\":[{\"@type\":\"SearchAction\",\"target\":{\"@type\":\"EntryPoint\",\"urlTemplate\":\"https:\\\/\\\/test-technique-ski.fr\\\/es\\\/?s={search_term_string}\"},\"query-input\":{\"@type\":\"PropertyValueSpecification\",\"valueRequired\":true,\"valueName\":\"search_term_string\"}}],\"inLanguage\":\"es\"}]}<\/script>\n<!-- \/ Yoast SEO plugin. -->","yoast_head_json":{"title":"Informaci\u00f3n jur\u00eddica - TEST TECHNIQUE SKI","description":"Aviso legal y responsable de la publicaci\u00f3n del sitio web de informaci\u00f3n sobre la prueba t\u00e9cnica de esqu\u00ed alpino franc\u00e9s","robots":{"index":"noindex","follow":"nofollow"},"og_locale":"es_ES","og_type":"article","og_title":"Informaci\u00f3n jur\u00eddica - TEST TECHNIQUE SKI","og_description":"Aviso legal y responsable de la publicaci\u00f3n del sitio web de informaci\u00f3n sobre la prueba t\u00e9cnica de esqu\u00ed alpino franc\u00e9s","og_url":"https:\/\/test-technique-ski.fr\/es\/avisos-legales\/","og_site_name":"TEST TECHNIQUE SKI","article_modified_time":"2026-03-28T18:12:58+00:00","twitter_card":"summary_large_image","twitter_misc":{"Tiempo de lectura":"1 minuto"},"schema":{"@context":"https:\/\/schema.org","@graph":[{"@type":"WebPage","@id":"https:\/\/test-technique-ski.fr\/es\/avisos-legales\/","url":"https:\/\/test-technique-ski.fr\/es\/avisos-legales\/","name":"Informaci\u00f3n jur\u00eddica - TEST TECHNIQUE SKI","isPartOf":{"@id":"https:\/\/test-technique-ski.fr\/es\/#website"},"datePublished":"2026-03-28T18:03:13+00:00","dateModified":"2026-03-28T18:12:58+00:00","description":"Aviso legal y responsable de la publicaci\u00f3n del sitio web de informaci\u00f3n sobre la prueba t\u00e9cnica de esqu\u00ed alpino franc\u00e9s","inLanguage":"es","potentialAction":[{"@type":"ReadAction","target":["https:\/\/test-technique-ski.fr\/es\/avisos-legales\/"]}]},{"@type":"WebSite","@id":"https:\/\/test-technique-ski.fr\/es\/#website","url":"https:\/\/test-technique-ski.fr\/es\/","name":"TEST TECHNIQUE SKI","description":"","potentialAction":[{"@type":"SearchAction","target":{"@type":"EntryPoint","urlTemplate":"https:\/\/test-technique-ski.fr\/es\/?s={search_term_string}"},"query-input":{"@type":"PropertyValueSpecification","valueRequired":true,"valueName":"search_term_string"}}],"inLanguage":"es"}]}},"_links":{"self":[{"href":"https:\/\/test-technique-ski.fr\/es\/wp-json\/wp\/v2\/pages\/4067","targetHints":{"allow":["GET"]}}],"collection":[{"href":"https:\/\/test-technique-ski.fr\/es\/wp-json\/wp\/v2\/pages"}],"about":[{"href":"https:\/\/test-technique-ski.fr\/es\/wp-json\/wp\/v2\/types\/page"}],"author":[{"embeddable":true,"href":"https:\/\/test-technique-ski.fr\/es\/wp-json\/wp\/v2\/users\/1"}],"replies":[{"embeddable":true,"href":"https:\/\/test-technique-ski.fr\/es\/wp-json\/wp\/v2\/comments?post=4067"}],"version-history":[{"count":2,"href":"https:\/\/test-technique-ski.fr\/es\/wp-json\/wp\/v2\/pages\/4067\/revisions"}],"predecessor-version":[{"id":4087,"href":"https:\/\/test-technique-ski.fr\/es\/wp-json\/wp\/v2\/pages\/4067\/revisions\/4087"}],"wp:attachment":[{"href":"https:\/\/test-technique-ski.fr\/es\/wp-json\/wp\/v2\/media?parent=4067"}],"curies":[{"name":"wp","href":"https:\/\/api.w.org\/{rel}","templated":true}]}}