{"id":513,"date":"2023-01-05T13:51:44","date_gmt":"2023-01-05T13:51:44","guid":{"rendered":"https:\/\/test-technique-ski.fr\/inscripcion-prueba-tecnica-esqui\/"},"modified":"2026-02-12T11:22:35","modified_gmt":"2026-02-12T11:22:35","slug":"inscripcion-prueba-tecnica-esqui","status":"publish","type":"page","link":"https:\/\/test-technique-ski.fr\/es\/inscripcion-prueba-tecnica-esqui\/","title":{"rendered":"Inscripci\u00f3n para la prueba t\u00e9cnica de esqu\u00ed alpino"},"content":{"rendered":"\n<h1 class=\"wp-block-heading\">Inscripci\u00f3n para las Pruebas T\u00e9cnicas de Esqu\u00ed 2026<\/h1>\n\n<p>Todo el proceso de inscripci\u00f3n en las Pruebas T\u00e9cnicas de Esqu\u00ed se realiza en l\u00ednea.<\/p>\n\n<h2 class=\"wp-block-heading\">Fechas de inscripci\u00f3n para las Pruebas T\u00e9cnicas de Esqu\u00ed Alpino<\/h2>\n\n<p>Las fechas de inscripci\u00f3n son diferentes para las dos sesiones de Pruebas T\u00e9cnicas organizadas en Francia:<\/p>\n\n<ul class=\"wp-block-list\">\n<li>Fechas de inscripci\u00f3n para la 1\u00aa sesi\u00f3n: del <strong>13\/10\/2025 al 21\/11\/2025<\/strong><\/li>\n\n\n\n<li>Fechas de inscripci\u00f3n para la 2\u00aa sesi\u00f3n de marzo y abril: del <strong>09 al 27 de febrero de 2026<\/strong><\/li>\n<\/ul>\n\n<div style=\"height:25px\" aria-hidden=\"true\" class=\"wp-block-spacer\"><\/div>\n\n<h2 class=\"wp-block-heading\">\u00bfC\u00f3mo inscribirse en la prueba t\u00e9cnica de esqu\u00ed?<\/h2>\n\n<p>Para inscribirse en la <a href=\"https:\/\/test-technique-ski.fr\/es\/\">Prueba T\u00e9cnica de Esqu\u00ed<\/a> debe crear una cuenta en la plataforma de Gesti\u00f3n del Trayecto de Formaci\u00f3n del Ministerio franc\u00e9s de Deportes. El sitio web de GEPAFO Montagne se encuentra en <a href=\"https:\/\/gepafom.fr\/\">gepafom.fr<\/a>.<\/p>\n\n<figure class=\"wp-block-image size-full\"><img fetchpriority=\"high\" decoding=\"async\" width=\"962\" height=\"508\" src=\"https:\/\/test-technique-ski.fr\/wp-content\/uploads\/2023\/01\/Inscription-test-technique-gepafom.jpg\" alt=\"P&#xE1;gina de inscripci&#xF3;n a las pruebas t&#xE9;cnicas\" class=\"wp-image-340\" title=\"Inscripci&#xF3;n para la prueba t&#xE9;cnica en el sitio web de GEPAFO\" srcset=\"https:\/\/test-technique-ski.fr\/wp-content\/uploads\/2023\/01\/Inscription-test-technique-gepafom.jpg 962w, https:\/\/test-technique-ski.fr\/wp-content\/uploads\/2023\/01\/Inscription-test-technique-gepafom-300x158.jpg 300w, https:\/\/test-technique-ski.fr\/wp-content\/uploads\/2023\/01\/Inscription-test-technique-gepafom-768x406.jpg 768w\" sizes=\"(max-width: 962px) 100vw, 962px\" \/><figcaption class=\"wp-element-caption\">P\u00e1gina de inscripci\u00f3n para la prueba t\u00e9cnica en el sitio web de GEPAFO Montagne<\/figcaption><\/figure>\n\n<p>El <strong>sitio web de inscripci\u00f3n para el examen de Instructor de Esqu\u00ed Alpino A<\/strong> requiere que crees una cuenta para acceder a tu \u00e1rea de candidato. Debe cumplimentar el formulario de inscripci\u00f3n en l\u00ednea para validar su perfil de candidato al examen.<\/p>\n\n<p>Esta cuenta en la p\u00e1gina web del Ministerio de Deportes te permitir\u00e1 seguir todos los pasos de tu candidatura al examen de Monitor A de Esqu\u00ed Alpino.<\/p>\n\n<h2 class=\"wp-block-heading\">Formulario de inscripci\u00f3n para la prueba t\u00e9cnica de esqu\u00ed alpino<\/h2>\n\n<p>Al hacer clic en <strong>crear una cuenta<\/strong> en el sitio web<strong>de inscripci\u00f3n a las Pruebas T\u00e9cnicas de Esqu\u00ed<\/strong> gepafom.fr, acceder\u00e1 al formulario de inscripci\u00f3n que deber\u00e1 cumplimentar en l\u00ednea. <\/p>\n\n<p>Aqu\u00ed tiene una captura de pantalla del formulario de inscripci\u00f3n:<\/p>\n\n<figure class=\"wp-block-image size-full\"><img decoding=\"async\" width=\"843\" height=\"886\" src=\"https:\/\/test-technique-ski.fr\/wp-content\/uploads\/2023\/01\/formulaire-inscription-test-technique-ski-gepafom.jpg\" alt=\"Formulario de inscripci&#xF3;n para la prueba de t&#xE9;cnica de esqu&#xED; por Internet\" class=\"wp-image-343\" title=\"Formulario de inscripci&#xF3;n para la prueba t&#xE9;cnica de esqu&#xED;\" srcset=\"https:\/\/test-technique-ski.fr\/wp-content\/uploads\/2023\/01\/formulaire-inscription-test-technique-ski-gepafom.jpg 843w, https:\/\/test-technique-ski.fr\/wp-content\/uploads\/2023\/01\/formulaire-inscription-test-technique-ski-gepafom-285x300.jpg 285w, https:\/\/test-technique-ski.fr\/wp-content\/uploads\/2023\/01\/formulaire-inscription-test-technique-ski-gepafom-768x807.jpg 768w\" sizes=\"(max-width: 843px) 100vw, 843px\" \/><figcaption class=\"wp-element-caption\">Formulario de inscripci\u00f3n para la prueba t\u00e9cnica de esqu\u00ed en la p\u00e1gina web gepafom.fr del Ministerio de Deportes<\/figcaption><\/figure>\n","protected":false},"excerpt":{"rendered":"<p>Inscripci\u00f3n para las Pruebas T\u00e9cnicas de Esqu\u00ed 2026 Todo el proceso de inscripci\u00f3n en las Pruebas T\u00e9cnicas de Esqu\u00ed se realiza en l\u00ednea. Fechas de inscripci\u00f3n para las Pruebas T\u00e9cnicas de Esqu\u00ed Alpino Las fechas de inscripci\u00f3n son diferentes para las dos sesiones de Pruebas T\u00e9cnicas organizadas en Francia: \u00bfC\u00f3mo inscribirse en la prueba t\u00e9cnica [&hellip;]<\/p>\n","protected":false},"author":1,"featured_media":0,"parent":0,"menu_order":0,"comment_status":"closed","ping_status":"closed","template":"","meta":{"footnotes":""},"class_list":["post-513","page","type-page","status-publish","hentry"],"yoast_head":"<!-- This site is optimized with the Yoast SEO plugin v27.3 - https:\/\/yoast.com\/product\/yoast-seo-wordpress\/ -->\n<title>Inscripci\u00f3n para la prueba t\u00e9cnica de esqu\u00ed alpino<\/title>\n<meta name=\"description\" content=\"Toda la informaci\u00f3n necesaria para inscribirse en la prueba t\u00e9cnica de esqu\u00ed alpino franc\u00e9s. Todos los pasos para registrarse con \u00e9xito\" \/>\n<meta name=\"robots\" content=\"index, follow, max-snippet:-1, max-image-preview:large, max-video-preview:-1\" \/>\n<link rel=\"canonical\" href=\"https:\/\/test-technique-ski.fr\/es\/inscripcion-prueba-tecnica-esqui\/\" \/>\n<meta property=\"og:locale\" content=\"es_ES\" \/>\n<meta property=\"og:type\" content=\"article\" \/>\n<meta property=\"og:title\" content=\"Inscripci\u00f3n para la prueba t\u00e9cnica de esqu\u00ed alpino\" \/>\n<meta property=\"og:description\" content=\"Toda la informaci\u00f3n necesaria para inscribirse en la prueba t\u00e9cnica de esqu\u00ed alpino franc\u00e9s. Todos los pasos para registrarse con \u00e9xito\" \/>\n<meta property=\"og:url\" content=\"https:\/\/test-technique-ski.fr\/es\/inscripcion-prueba-tecnica-esqui\/\" \/>\n<meta property=\"og:site_name\" content=\"TEST TECHNIQUE SKI\" \/>\n<meta property=\"article:modified_time\" content=\"2026-02-12T11:22:35+00:00\" \/>\n<meta property=\"og:image\" content=\"https:\/\/test-technique-ski.fr\/wp-content\/uploads\/2023\/01\/Inscription-test-technique-gepafom.jpg\" \/>\n\t<meta property=\"og:image:width\" content=\"962\" \/>\n\t<meta property=\"og:image:height\" content=\"508\" \/>\n\t<meta property=\"og:image:type\" content=\"image\/jpeg\" \/>\n<meta name=\"twitter:card\" content=\"summary_large_image\" \/>\n<meta name=\"twitter:label1\" content=\"Tiempo de lectura\" \/>\n\t<meta name=\"twitter:data1\" content=\"2 minutos\" \/>\n<script type=\"application\/ld+json\" class=\"yoast-schema-graph\">{\"@context\":\"https:\\\/\\\/schema.org\",\"@graph\":[{\"@type\":\"WebPage\",\"@id\":\"https:\\\/\\\/test-technique-ski.fr\\\/es\\\/inscripcion-prueba-tecnica-esqui\\\/\",\"url\":\"https:\\\/\\\/test-technique-ski.fr\\\/es\\\/inscripcion-prueba-tecnica-esqui\\\/\",\"name\":\"Inscripci\u00f3n para la prueba t\u00e9cnica de esqu\u00ed alpino\",\"isPartOf\":{\"@id\":\"https:\\\/\\\/test-technique-ski.fr\\\/es\\\/#website\"},\"primaryImageOfPage\":{\"@id\":\"https:\\\/\\\/test-technique-ski.fr\\\/es\\\/inscripcion-prueba-tecnica-esqui\\\/#primaryimage\"},\"image\":{\"@id\":\"https:\\\/\\\/test-technique-ski.fr\\\/es\\\/inscripcion-prueba-tecnica-esqui\\\/#primaryimage\"},\"thumbnailUrl\":\"https:\\\/\\\/test-technique-ski.fr\\\/wp-content\\\/uploads\\\/2023\\\/01\\\/Inscription-test-technique-gepafom.jpg\",\"datePublished\":\"2023-01-05T13:51:44+00:00\",\"dateModified\":\"2026-02-12T11:22:35+00:00\",\"description\":\"Toda la informaci\u00f3n necesaria para inscribirse en la prueba t\u00e9cnica de esqu\u00ed alpino franc\u00e9s. Todos los pasos para registrarse con \u00e9xito\",\"inLanguage\":\"es\",\"potentialAction\":[{\"@type\":\"ReadAction\",\"target\":[\"https:\\\/\\\/test-technique-ski.fr\\\/es\\\/inscripcion-prueba-tecnica-esqui\\\/\"]}]},{\"@type\":\"ImageObject\",\"inLanguage\":\"es\",\"@id\":\"https:\\\/\\\/test-technique-ski.fr\\\/es\\\/inscripcion-prueba-tecnica-esqui\\\/#primaryimage\",\"url\":\"https:\\\/\\\/test-technique-ski.fr\\\/wp-content\\\/uploads\\\/2023\\\/01\\\/Inscription-test-technique-gepafom.jpg\",\"contentUrl\":\"https:\\\/\\\/test-technique-ski.fr\\\/wp-content\\\/uploads\\\/2023\\\/01\\\/Inscription-test-technique-gepafom.jpg\"},{\"@type\":\"WebSite\",\"@id\":\"https:\\\/\\\/test-technique-ski.fr\\\/es\\\/#website\",\"url\":\"https:\\\/\\\/test-technique-ski.fr\\\/es\\\/\",\"name\":\"TEST TECHNIQUE SKI\",\"description\":\"\",\"potentialAction\":[{\"@type\":\"SearchAction\",\"target\":{\"@type\":\"EntryPoint\",\"urlTemplate\":\"https:\\\/\\\/test-technique-ski.fr\\\/es\\\/?s={search_term_string}\"},\"query-input\":{\"@type\":\"PropertyValueSpecification\",\"valueRequired\":true,\"valueName\":\"search_term_string\"}}],\"inLanguage\":\"es\"}]}<\/script>\n<!-- \/ Yoast SEO plugin. -->","yoast_head_json":{"title":"Inscripci\u00f3n para la prueba t\u00e9cnica de esqu\u00ed alpino","description":"Toda la informaci\u00f3n necesaria para inscribirse en la prueba t\u00e9cnica de esqu\u00ed alpino franc\u00e9s. Todos los pasos para registrarse con \u00e9xito","robots":{"index":"index","follow":"follow","max-snippet":"max-snippet:-1","max-image-preview":"max-image-preview:large","max-video-preview":"max-video-preview:-1"},"canonical":"https:\/\/test-technique-ski.fr\/es\/inscripcion-prueba-tecnica-esqui\/","og_locale":"es_ES","og_type":"article","og_title":"Inscripci\u00f3n para la prueba t\u00e9cnica de esqu\u00ed alpino","og_description":"Toda la informaci\u00f3n necesaria para inscribirse en la prueba t\u00e9cnica de esqu\u00ed alpino franc\u00e9s. Todos los pasos para registrarse con \u00e9xito","og_url":"https:\/\/test-technique-ski.fr\/es\/inscripcion-prueba-tecnica-esqui\/","og_site_name":"TEST TECHNIQUE SKI","article_modified_time":"2026-02-12T11:22:35+00:00","og_image":[{"width":962,"height":508,"url":"https:\/\/test-technique-ski.fr\/wp-content\/uploads\/2023\/01\/Inscription-test-technique-gepafom.jpg","type":"image\/jpeg"}],"twitter_card":"summary_large_image","twitter_misc":{"Tiempo de lectura":"2 minutos"},"schema":{"@context":"https:\/\/schema.org","@graph":[{"@type":"WebPage","@id":"https:\/\/test-technique-ski.fr\/es\/inscripcion-prueba-tecnica-esqui\/","url":"https:\/\/test-technique-ski.fr\/es\/inscripcion-prueba-tecnica-esqui\/","name":"Inscripci\u00f3n para la prueba t\u00e9cnica de esqu\u00ed alpino","isPartOf":{"@id":"https:\/\/test-technique-ski.fr\/es\/#website"},"primaryImageOfPage":{"@id":"https:\/\/test-technique-ski.fr\/es\/inscripcion-prueba-tecnica-esqui\/#primaryimage"},"image":{"@id":"https:\/\/test-technique-ski.fr\/es\/inscripcion-prueba-tecnica-esqui\/#primaryimage"},"thumbnailUrl":"https:\/\/test-technique-ski.fr\/wp-content\/uploads\/2023\/01\/Inscription-test-technique-gepafom.jpg","datePublished":"2023-01-05T13:51:44+00:00","dateModified":"2026-02-12T11:22:35+00:00","description":"Toda la informaci\u00f3n necesaria para inscribirse en la prueba t\u00e9cnica de esqu\u00ed alpino franc\u00e9s. Todos los pasos para registrarse con \u00e9xito","inLanguage":"es","potentialAction":[{"@type":"ReadAction","target":["https:\/\/test-technique-ski.fr\/es\/inscripcion-prueba-tecnica-esqui\/"]}]},{"@type":"ImageObject","inLanguage":"es","@id":"https:\/\/test-technique-ski.fr\/es\/inscripcion-prueba-tecnica-esqui\/#primaryimage","url":"https:\/\/test-technique-ski.fr\/wp-content\/uploads\/2023\/01\/Inscription-test-technique-gepafom.jpg","contentUrl":"https:\/\/test-technique-ski.fr\/wp-content\/uploads\/2023\/01\/Inscription-test-technique-gepafom.jpg"},{"@type":"WebSite","@id":"https:\/\/test-technique-ski.fr\/es\/#website","url":"https:\/\/test-technique-ski.fr\/es\/","name":"TEST TECHNIQUE SKI","description":"","potentialAction":[{"@type":"SearchAction","target":{"@type":"EntryPoint","urlTemplate":"https:\/\/test-technique-ski.fr\/es\/?s={search_term_string}"},"query-input":{"@type":"PropertyValueSpecification","valueRequired":true,"valueName":"search_term_string"}}],"inLanguage":"es"}]}},"_links":{"self":[{"href":"https:\/\/test-technique-ski.fr\/es\/wp-json\/wp\/v2\/pages\/513","targetHints":{"allow":["GET"]}}],"collection":[{"href":"https:\/\/test-technique-ski.fr\/es\/wp-json\/wp\/v2\/pages"}],"about":[{"href":"https:\/\/test-technique-ski.fr\/es\/wp-json\/wp\/v2\/types\/page"}],"author":[{"embeddable":true,"href":"https:\/\/test-technique-ski.fr\/es\/wp-json\/wp\/v2\/users\/1"}],"replies":[{"embeddable":true,"href":"https:\/\/test-technique-ski.fr\/es\/wp-json\/wp\/v2\/comments?post=513"}],"version-history":[{"count":3,"href":"https:\/\/test-technique-ski.fr\/es\/wp-json\/wp\/v2\/pages\/513\/revisions"}],"predecessor-version":[{"id":3784,"href":"https:\/\/test-technique-ski.fr\/es\/wp-json\/wp\/v2\/pages\/513\/revisions\/3784"}],"wp:attachment":[{"href":"https:\/\/test-technique-ski.fr\/es\/wp-json\/wp\/v2\/media?parent=513"}],"curies":[{"name":"wp","href":"https:\/\/api.w.org\/{rel}","templated":true}]}}