{"id":529,"date":"2023-01-05T13:50:17","date_gmt":"2023-01-05T13:50:17","guid":{"rendered":"https:\/\/test-technique-ski.fr\/prueba-tecnica-de-esqui-alpin\/"},"modified":"2025-10-24T18:33:53","modified_gmt":"2025-10-24T17:33:53","slug":"prueba-tecnica-de-esqui-alpin","status":"publish","type":"page","link":"https:\/\/test-technique-ski.fr\/es\/","title":{"rendered":"Prueba t\u00e9cnica de esqu\u00ed alpino"},"content":{"rendered":"\n<h1 class=\"wp-block-heading\">Prueba t\u00e9cnica de esqu\u00ed para convertirse en instructor<\/h1>\n\n<p>Descubre toda la informaci\u00f3n que necesitas saber sobre el Test T\u00e9cnico de Esqu\u00ed para empezar a <a href=\"https:\/\/test-technique-ski.fr\/es\/formation-moniteur-de-ski-alpin\/\">formarte como monitor de esqu\u00ed<\/a> en Francia.<\/p>\n\n<div style=\"height:10px\" aria-hidden=\"true\" class=\"wp-block-spacer\"><\/div>\n\n<h2 class=\"wp-block-heading\">\u00bfQu\u00e9 es la prueba t\u00e9cnica de esqu\u00ed alpino?<\/h2>\n\n<p>El examen t\u00e9cnico de esqu\u00ed es la primera etapa de la <a href=\"https:\/\/test-technique-ski.fr\/es\/formation-moniteur-de-ski-alpin\/\">formaci\u00f3n de monitor de esqu\u00ed en Francia<\/a>. Se trata de una prueba cronometrada de esqu\u00ed alpino que valida el nivel de esqu\u00ed de una persona que desea convertirse en monitor de esqu\u00ed. La Prueba T\u00e9cnica es un eslalon de esqu\u00ed especial con un tiempo de clasificaci\u00f3n.<\/p>\n\n<p>El candidato que desee <a href=\"https:\/\/test-technique-ski.fr\/es\/convertirse-en-monitor-de-esqui-alpino\/\">convertirse en monitor de esqu\u00ed<\/a> debe alcanzar un tiempo m\u00e1ximo para superar la Prueba T\u00e9cnica. El tiempo de clasificaci\u00f3n para la Prueba T\u00e9cnica se calcula en relaci\u00f3n con el tiempo del abridor de la siguiente manera:  <\/p>\n\n<ul class=\"wp-block-list\">\n<li>Para los candidatos masculinos en la Prueba T\u00e9cnica: El tiempo en el eslalon cronometrado debe ser inferior al tiempo logrado por el abridor + 20%;<\/li>\n\n\n\n<li>Para las candidatas en la Prueba T\u00e9cnica: El tiempo en el eslalon cronometrado debe ser inferior al tiempo logrado por el abridor + 25%.<\/li>\n<\/ul>\n\n<p>Una vez superada la Prueba T\u00e9cnica, el candidato puede iniciar su curso de formaci\u00f3n de monitor de esqu\u00ed en la Escuela Nacional de Esqu\u00ed y Monta\u00f1a.<\/p>\n\n<div style=\"height:10px\" aria-hidden=\"true\" class=\"wp-block-spacer\"><\/div>\n\n<h2 class=\"wp-block-heading\">\u00bfC\u00f3mo inscribirse en la prueba t\u00e9cnica de esqu\u00ed?<\/h2>\n\n<p>La <a href=\"https:\/\/test-technique-ski.fr\/es\/inscripcion-prueba-tecnica-esqui\/\">inscripci\u00f3n para la prueba t\u00e9cnica de esqu\u00ed alpino<\/a> se realiza en varios pasos. Para inscribirse debe crear una cuenta en la plataforma <a href=\"https:\/\/test-technique-ski.fr\/es\/gepafo-montagne\/\">GEPAFO<\/a> del Ministerio franc\u00e9s de Deportes. Le explicaremos el procedimiento en detalle.  <\/p>\n\n<h2 class=\"wp-block-heading\">Preparaci\u00f3n para la prueba t\u00e9cnica de esqu\u00ed fuera de la temporada de invierno<\/h2>\n\n<p>La temporada de invierno es corta, por lo que es vital prepararse para la prueba t\u00e9cnica de esqu\u00ed fuera de la temporada de invierno. Para mantener tu entrenamiento de eslalon y mejorar tu esqu\u00ed fuera de la temporada de invierno, ofrecemos cursos de eslalon durante todo el a\u00f1o: <\/p>\n\n<ul class=\"wp-block-list\">\n<li><a href=\"https:\/\/test-technique-ski.fr\/es\/stage-ski-slalom-ete\/\">Curso de esqu\u00ed de eslalon en julio en Tignes<\/a><\/li>\n\n\n\n<li><a href=\"https:\/\/test-technique-ski.fr\/es\/stage-ski-slalom-automne\/\">Curso de esqu\u00ed de eslalon indoor en octubre<\/a><\/li>\n\n\n\n<li><a href=\"https:\/\/test-technique-ski.fr\/es\/stage-ski-slalom-amneville\/\">Curso de esqu\u00ed de eslalon en Amn\u00e9ville<\/a><\/li>\n<\/ul>\n\n<div style=\"height:10px\" aria-hidden=\"true\" class=\"wp-block-spacer\"><\/div>\n\n<h2 class=\"wp-block-heading\">\u00bfCu\u00e1ndo puedo presentarme al examen t\u00e9cnico de esqu\u00ed alpino en 2025 &#8211; 2026?<\/h2>\n\n<p>Cada a\u00f1o se organizan 2 sesiones de Pruebas T\u00e9cnicas en Francia:<\/p>\n\n<ul class=\"wp-block-list\">\n<li>La primera sesi\u00f3n de Pruebas va de diciembre a febrero;<\/li>\n\n\n\n<li>La segunda ronda de pruebas tiene lugar en marzo y abril.<\/li>\n<\/ul>\n\n<div style=\"height:10px\" aria-hidden=\"true\" class=\"wp-block-spacer\"><\/div>\n\n<p>Haz clic aqu\u00ed para consultar las <a href=\"https:\/\/test-technique-ski.fr\/es\/fechas-prueba-tecnica-esqui-alpino\/\">fechas de la Prueba T\u00e9cnica<\/a>. Presta mucha atenci\u00f3n a las fechas de apertura y cierre de las inscripciones.<\/p>\n\n<p><strong>La 1\u00aa sesi\u00f3n de las Pruebas T\u00e9cnicas de Esqu\u00ed Alpino 2026 tendr\u00e1 lugar en diciembre de 2025<\/strong>. Las inscripciones ser\u00e1n posibles a partir del 13 de octubre de 2025. <\/p>\n\n<div style=\"height:10px\" aria-hidden=\"true\" class=\"wp-block-spacer\"><\/div>\n\n<h2 class=\"wp-block-heading\">\u00bfQui\u00e9n puede presentarse al examen t\u00e9cnico?<\/h2>\n\n<p>La Prueba T\u00e9cnica est\u00e1 abierta a cualquier persona mayor de 17 a\u00f1os. Cada candidato s\u00f3lo podr\u00e1 inscribirse una vez en cada sesi\u00f3n. Por lo tanto, el candidato s\u00f3lo podr\u00e1 presentarse a la prueba t\u00e9cnica dos veces al a\u00f1o.<\/p>\n\n<div style=\"height:10px\" aria-hidden=\"true\" class=\"wp-block-spacer\"><\/div>\n\n<h2 class=\"wp-block-heading\">\u00bfCu\u00e1l es el precio de la prueba t\u00e9cnica?<\/h2>\n\n<p>La cuota de inscripci\u00f3n para la prueba t\u00e9cnica es de 80 euros. Este precio incluye \u00fanicamente la inscripci\u00f3n para el slalom cronometrado. Todos los gastos de viaje y alojamiento correr\u00e1n a cargo del candidato. La cuota de inscripci\u00f3n no se reembolsar\u00e1 si el candidato no supera la prueba t\u00e9cnica.<\/p>\n\n<div style=\"height:10px\" aria-hidden=\"true\" class=\"wp-block-spacer\"><\/div>\n\n<h2 class=\"wp-block-heading\">Foto de un entrenador en la prueba t\u00e9cnica de esqu\u00ed<\/h2>\n\n<figure class=\"wp-block-image size-large\" id=\"Slalom-chronom&#xE9;tr&#xE9;-du-test-technique\"><img fetchpriority=\"high\" decoding=\"async\" width=\"1024\" height=\"747\" src=\"https:\/\/test-technique-ski.fr\/wp-content\/uploads\/2023\/01\/Ski-Test-Technique-1-1024x747.jpg\" alt=\"Foto de la prueba t&#xE9;cnica de esqu&#xED; alpino\" class=\"wp-image-297\" title=\"Prueba t&#xE9;cnica de competici&#xF3;n de esqu&#xED;\" srcset=\"https:\/\/test-technique-ski.fr\/wp-content\/uploads\/2023\/01\/Ski-Test-Technique-1-1024x747.jpg 1024w, https:\/\/test-technique-ski.fr\/wp-content\/uploads\/2023\/01\/Ski-Test-Technique-1-300x219.jpg 300w, https:\/\/test-technique-ski.fr\/wp-content\/uploads\/2023\/01\/Ski-Test-Technique-1-768x560.jpg 768w, https:\/\/test-technique-ski.fr\/wp-content\/uploads\/2023\/01\/Ski-Test-Technique-1-1536x1121.jpg 1536w, https:\/\/test-technique-ski.fr\/wp-content\/uploads\/2023\/01\/Ski-Test-Technique-1-2048x1494.jpg 2048w\" sizes=\"(max-width: 1024px) 100vw, 1024px\" \/><figcaption class=\"wp-element-caption\">Eslalon cronometrado de la prueba t\u00e9cnica de esqu\u00ed para convertirse en instructor  <\/figcaption><\/figure>\n\n<div style=\"height:10px\" aria-hidden=\"true\" class=\"wp-block-spacer\"><\/div>\n\n<h2 class=\"wp-block-heading\">\u00bfC\u00f3mo puedo obtener los resultados de la prueba t\u00e9cnica de esqu\u00ed?<\/h2>\n\n<p>Los resultados est\u00e1n disponibles directamente en Internet. Haz clic en <a href=\"https:\/\/test-technique-ski.fr\/es\/resultados-prueba-tecnica-ski-alpin\/\">Resultados<\/a> de las Pruebas de Esqu\u00ed para saber c\u00f3mo obtener los resultados de las Pruebas de Esqu\u00ed 2026.<\/p>\n\n<p><\/p>\n","protected":false},"excerpt":{"rendered":"<p>Prueba t\u00e9cnica de esqu\u00ed para convertirse en instructor Descubre toda la informaci\u00f3n que necesitas saber sobre el Test T\u00e9cnico de Esqu\u00ed para empezar a formarte como monitor de esqu\u00ed en Francia. \u00bfQu\u00e9 es la prueba t\u00e9cnica de esqu\u00ed alpino? El examen t\u00e9cnico de esqu\u00ed es la primera etapa de la formaci\u00f3n de monitor de esqu\u00ed [&hellip;]<\/p>\n","protected":false},"author":1,"featured_media":0,"parent":0,"menu_order":0,"comment_status":"closed","ping_status":"closed","template":"","meta":{"footnotes":""},"class_list":["post-529","page","type-page","status-publish","hentry"],"yoast_head":"<!-- This site is optimized with the Yoast SEO plugin v27.3 - https:\/\/yoast.com\/product\/yoast-seo-wordpress\/ -->\n<title>Prueba t\u00e9cnica de esqu\u00ed alpino<\/title>\n<meta name=\"description\" content=\"La prueba t\u00e9cnica de esqu\u00ed alpino es el punto de partida de la formaci\u00f3n para convertirse en monitor de esqu\u00ed en Francia. Inscripci\u00f3n en l\u00ednea para la prueba t\u00e9cnica\" \/>\n<meta name=\"robots\" content=\"index, follow, max-snippet:-1, max-image-preview:large, max-video-preview:-1\" \/>\n<link rel=\"canonical\" href=\"https:\/\/test-technique-ski.fr\/es\/\" \/>\n<meta property=\"og:locale\" content=\"es_ES\" \/>\n<meta property=\"og:type\" content=\"article\" \/>\n<meta property=\"og:title\" content=\"Prueba t\u00e9cnica de esqu\u00ed alpino\" \/>\n<meta property=\"og:description\" content=\"La prueba t\u00e9cnica de esqu\u00ed alpino es el punto de partida de la formaci\u00f3n para convertirse en monitor de esqu\u00ed en Francia. Inscripci\u00f3n en l\u00ednea para la prueba t\u00e9cnica\" \/>\n<meta property=\"og:url\" content=\"https:\/\/test-technique-ski.fr\/es\/\" \/>\n<meta property=\"og:site_name\" content=\"TEST TECHNIQUE SKI\" \/>\n<meta property=\"article:modified_time\" content=\"2025-10-24T17:33:53+00:00\" \/>\n<meta property=\"og:image\" content=\"https:\/\/test-technique-ski.fr\/wp-content\/uploads\/2023\/01\/Ski-Test-Technique-1-scaled.jpg\" \/>\n\t<meta property=\"og:image:width\" content=\"2560\" \/>\n\t<meta property=\"og:image:height\" content=\"1868\" \/>\n\t<meta property=\"og:image:type\" content=\"image\/jpeg\" \/>\n<meta name=\"twitter:card\" content=\"summary_large_image\" \/>\n<meta name=\"twitter:label1\" content=\"Tiempo de lectura\" \/>\n\t<meta name=\"twitter:data1\" content=\"3 minutos\" \/>\n<script type=\"application\/ld+json\" class=\"yoast-schema-graph\">{\"@context\":\"https:\\\/\\\/schema.org\",\"@graph\":[{\"@type\":\"WebPage\",\"@id\":\"https:\\\/\\\/test-technique-ski.fr\\\/es\\\/\",\"url\":\"https:\\\/\\\/test-technique-ski.fr\\\/es\\\/\",\"name\":\"Prueba t\u00e9cnica de esqu\u00ed alpino\",\"isPartOf\":{\"@id\":\"https:\\\/\\\/test-technique-ski.fr\\\/es\\\/#website\"},\"primaryImageOfPage\":{\"@id\":\"https:\\\/\\\/test-technique-ski.fr\\\/es\\\/#primaryimage\"},\"image\":{\"@id\":\"https:\\\/\\\/test-technique-ski.fr\\\/es\\\/#primaryimage\"},\"thumbnailUrl\":\"https:\\\/\\\/test-technique-ski.fr\\\/wp-content\\\/uploads\\\/2023\\\/01\\\/Ski-Test-Technique-1-1024x747.jpg\",\"datePublished\":\"2023-01-05T13:50:17+00:00\",\"dateModified\":\"2025-10-24T17:33:53+00:00\",\"description\":\"La prueba t\u00e9cnica de esqu\u00ed alpino es el punto de partida de la formaci\u00f3n para convertirse en monitor de esqu\u00ed en Francia. Inscripci\u00f3n en l\u00ednea para la prueba t\u00e9cnica\",\"inLanguage\":\"es\",\"potentialAction\":[{\"@type\":\"ReadAction\",\"target\":[\"https:\\\/\\\/test-technique-ski.fr\\\/es\\\/\"]}]},{\"@type\":\"ImageObject\",\"inLanguage\":\"es\",\"@id\":\"https:\\\/\\\/test-technique-ski.fr\\\/es\\\/#primaryimage\",\"url\":\"https:\\\/\\\/test-technique-ski.fr\\\/wp-content\\\/uploads\\\/2023\\\/01\\\/Ski-Test-Technique-1-1024x747.jpg\",\"contentUrl\":\"https:\\\/\\\/test-technique-ski.fr\\\/wp-content\\\/uploads\\\/2023\\\/01\\\/Ski-Test-Technique-1-1024x747.jpg\"},{\"@type\":\"WebSite\",\"@id\":\"https:\\\/\\\/test-technique-ski.fr\\\/es\\\/#website\",\"url\":\"https:\\\/\\\/test-technique-ski.fr\\\/es\\\/\",\"name\":\"TEST TECHNIQUE SKI\",\"description\":\"\",\"potentialAction\":[{\"@type\":\"SearchAction\",\"target\":{\"@type\":\"EntryPoint\",\"urlTemplate\":\"https:\\\/\\\/test-technique-ski.fr\\\/es\\\/?s={search_term_string}\"},\"query-input\":{\"@type\":\"PropertyValueSpecification\",\"valueRequired\":true,\"valueName\":\"search_term_string\"}}],\"inLanguage\":\"es\"}]}<\/script>\n<!-- \/ Yoast SEO plugin. -->","yoast_head_json":{"title":"Prueba t\u00e9cnica de esqu\u00ed alpino","description":"La prueba t\u00e9cnica de esqu\u00ed alpino es el punto de partida de la formaci\u00f3n para convertirse en monitor de esqu\u00ed en Francia. Inscripci\u00f3n en l\u00ednea para la prueba t\u00e9cnica","robots":{"index":"index","follow":"follow","max-snippet":"max-snippet:-1","max-image-preview":"max-image-preview:large","max-video-preview":"max-video-preview:-1"},"canonical":"https:\/\/test-technique-ski.fr\/es\/","og_locale":"es_ES","og_type":"article","og_title":"Prueba t\u00e9cnica de esqu\u00ed alpino","og_description":"La prueba t\u00e9cnica de esqu\u00ed alpino es el punto de partida de la formaci\u00f3n para convertirse en monitor de esqu\u00ed en Francia. Inscripci\u00f3n en l\u00ednea para la prueba t\u00e9cnica","og_url":"https:\/\/test-technique-ski.fr\/es\/","og_site_name":"TEST TECHNIQUE SKI","article_modified_time":"2025-10-24T17:33:53+00:00","og_image":[{"width":2560,"height":1868,"url":"https:\/\/test-technique-ski.fr\/wp-content\/uploads\/2023\/01\/Ski-Test-Technique-1-scaled.jpg","type":"image\/jpeg"}],"twitter_card":"summary_large_image","twitter_misc":{"Tiempo de lectura":"3 minutos"},"schema":{"@context":"https:\/\/schema.org","@graph":[{"@type":"WebPage","@id":"https:\/\/test-technique-ski.fr\/es\/","url":"https:\/\/test-technique-ski.fr\/es\/","name":"Prueba t\u00e9cnica de esqu\u00ed alpino","isPartOf":{"@id":"https:\/\/test-technique-ski.fr\/es\/#website"},"primaryImageOfPage":{"@id":"https:\/\/test-technique-ski.fr\/es\/#primaryimage"},"image":{"@id":"https:\/\/test-technique-ski.fr\/es\/#primaryimage"},"thumbnailUrl":"https:\/\/test-technique-ski.fr\/wp-content\/uploads\/2023\/01\/Ski-Test-Technique-1-1024x747.jpg","datePublished":"2023-01-05T13:50:17+00:00","dateModified":"2025-10-24T17:33:53+00:00","description":"La prueba t\u00e9cnica de esqu\u00ed alpino es el punto de partida de la formaci\u00f3n para convertirse en monitor de esqu\u00ed en Francia. Inscripci\u00f3n en l\u00ednea para la prueba t\u00e9cnica","inLanguage":"es","potentialAction":[{"@type":"ReadAction","target":["https:\/\/test-technique-ski.fr\/es\/"]}]},{"@type":"ImageObject","inLanguage":"es","@id":"https:\/\/test-technique-ski.fr\/es\/#primaryimage","url":"https:\/\/test-technique-ski.fr\/wp-content\/uploads\/2023\/01\/Ski-Test-Technique-1-1024x747.jpg","contentUrl":"https:\/\/test-technique-ski.fr\/wp-content\/uploads\/2023\/01\/Ski-Test-Technique-1-1024x747.jpg"},{"@type":"WebSite","@id":"https:\/\/test-technique-ski.fr\/es\/#website","url":"https:\/\/test-technique-ski.fr\/es\/","name":"TEST TECHNIQUE SKI","description":"","potentialAction":[{"@type":"SearchAction","target":{"@type":"EntryPoint","urlTemplate":"https:\/\/test-technique-ski.fr\/es\/?s={search_term_string}"},"query-input":{"@type":"PropertyValueSpecification","valueRequired":true,"valueName":"search_term_string"}}],"inLanguage":"es"}]}},"_links":{"self":[{"href":"https:\/\/test-technique-ski.fr\/es\/wp-json\/wp\/v2\/pages\/529","targetHints":{"allow":["GET"]}}],"collection":[{"href":"https:\/\/test-technique-ski.fr\/es\/wp-json\/wp\/v2\/pages"}],"about":[{"href":"https:\/\/test-technique-ski.fr\/es\/wp-json\/wp\/v2\/types\/page"}],"author":[{"embeddable":true,"href":"https:\/\/test-technique-ski.fr\/es\/wp-json\/wp\/v2\/users\/1"}],"replies":[{"embeddable":true,"href":"https:\/\/test-technique-ski.fr\/es\/wp-json\/wp\/v2\/comments?post=529"}],"version-history":[{"count":3,"href":"https:\/\/test-technique-ski.fr\/es\/wp-json\/wp\/v2\/pages\/529\/revisions"}],"predecessor-version":[{"id":3544,"href":"https:\/\/test-technique-ski.fr\/es\/wp-json\/wp\/v2\/pages\/529\/revisions\/3544"}],"wp:attachment":[{"href":"https:\/\/test-technique-ski.fr\/es\/wp-json\/wp\/v2\/media?parent=529"}],"curies":[{"name":"wp","href":"https:\/\/api.w.org\/{rel}","templated":true}]}}