{"id":555,"date":"2023-01-06T08:40:08","date_gmt":"2023-01-06T08:40:08","guid":{"rendered":"https:\/\/test-technique-ski.fr\/resultados-prueba-tecnica-ski-alpin\/"},"modified":"2026-01-31T09:21:22","modified_gmt":"2026-01-31T09:21:22","slug":"resultados-prueba-tecnica-ski-alpin","status":"publish","type":"page","link":"https:\/\/test-technique-ski.fr\/es\/resultados-prueba-tecnica-ski-alpin\/","title":{"rendered":"Resultados de la prueba t\u00e9cnica de esqu\u00ed alpino"},"content":{"rendered":"\n<h1 class=\"wp-block-heading\">Resultados de la prueba de t\u00e9cnica de esqu\u00ed<\/h1>\n\n<p>Los resultados de la <a href=\"https:\/\/test-technique-ski.fr\/es\/\">Prueba T\u00e9cnica de Esqu\u00ed Alpino<\/a> est\u00e1n disponibles en Internet en la plataforma de Gesti\u00f3n de Itinerarios de Formaci\u00f3n del Ministerio franc\u00e9s de Deportes.<\/p>\n\n<h2 class=\"wp-block-heading\">\u00bfC\u00f3mo puedo obtener los resultados de la prueba t\u00e9cnica de esqu\u00ed?<\/h2>\n\n<p>Para consultar los resultados, tienes que conectarte a <a href=\"https:\/\/www.gepafom.fr\/jsra\/login\">gepafom.fr<\/a>.  <\/p>\n\n<p>Si no tienes una cuenta en el sitio web de GEPAFO Montagne, s\u00f3lo tienes que crearla para <a href=\"https:\/\/test-technique-ski.fr\/es\/inscripcion-prueba-tecnica-esqui\/\">inscribirte en la Prueba T\u00e9cnica de Esqu\u00ed<\/a>.<\/p>\n\n<p>Una vez que haya iniciado sesi\u00f3n en su cuenta GEPAFO, debe hacer clic en RESULTADO, como se muestra en la imagen siguiente:<\/p>\n\n<figure class=\"wp-block-image size-full\"><img fetchpriority=\"high\" decoding=\"async\" width=\"944\" height=\"448\" src=\"https:\/\/test-technique-ski.fr\/wp-content\/uploads\/2023\/01\/resultats-test-technique-ski.jpg\" alt=\"Resultados de la prueba t&#xE9;cnica de esqu&#xED; alpino\" class=\"wp-image-350\" title=\"Resultados de la prueba t&#xE9;cnica de esqu&#xED; alpino\" srcset=\"https:\/\/test-technique-ski.fr\/wp-content\/uploads\/2023\/01\/resultats-test-technique-ski.jpg 944w, https:\/\/test-technique-ski.fr\/wp-content\/uploads\/2023\/01\/resultats-test-technique-ski-300x142.jpg 300w, https:\/\/test-technique-ski.fr\/wp-content\/uploads\/2023\/01\/resultats-test-technique-ski-768x364.jpg 768w\" sizes=\"(max-width: 944px) 100vw, 944px\" \/><figcaption class=\"wp-element-caption\">Esqu\u00ed 2026 Resultados de las pruebas t\u00e9cnicas<\/figcaption><\/figure>\n\n<p>Los resultados de las Pruebas T\u00e9cnicas de Esqu\u00ed Alpino est\u00e1n disponibles despu\u00e9s de cada una de las dos sesiones anuales de Pruebas T\u00e9cnicas. Haz clic aqu\u00ed para ver las <a href=\"https:\/\/test-technique-ski.fr\/es\/fechas-prueba-tecnica-esqui-alpino\/\">fechas de las Pruebas T\u00e9cnicas de Esqu\u00ed 2026<\/a>.<\/p>\n","protected":false},"excerpt":{"rendered":"<p>Resultados de la prueba de t\u00e9cnica de esqu\u00ed Los resultados de la Prueba T\u00e9cnica de Esqu\u00ed Alpino est\u00e1n disponibles en Internet en la plataforma de Gesti\u00f3n de Itinerarios de Formaci\u00f3n del Ministerio franc\u00e9s de Deportes. \u00bfC\u00f3mo puedo obtener los resultados de la prueba t\u00e9cnica de esqu\u00ed? Para consultar los resultados, tienes que conectarte a gepafom.fr. [&hellip;]<\/p>\n","protected":false},"author":1,"featured_media":0,"parent":0,"menu_order":0,"comment_status":"closed","ping_status":"closed","template":"","meta":{"footnotes":""},"class_list":["post-555","page","type-page","status-publish","hentry"],"yoast_head":"<!-- This site is optimized with the Yoast SEO plugin v27.3 - https:\/\/yoast.com\/product\/yoast-seo-wordpress\/ -->\n<title>Resultados de la prueba t\u00e9cnica de esqu\u00ed alpino<\/title>\n<meta name=\"description\" content=\"Los resultados de la prueba t\u00e9cnica de esqu\u00ed alpino pueden consultarse directamente en Internet. Estos resultados est\u00e1n disponibles en l\u00ednea.\" \/>\n<meta name=\"robots\" content=\"index, follow, max-snippet:-1, max-image-preview:large, max-video-preview:-1\" \/>\n<link rel=\"canonical\" href=\"https:\/\/test-technique-ski.fr\/es\/resultados-prueba-tecnica-ski-alpin\/\" \/>\n<meta property=\"og:locale\" content=\"es_ES\" \/>\n<meta property=\"og:type\" content=\"article\" \/>\n<meta property=\"og:title\" content=\"Resultados de la prueba t\u00e9cnica de esqu\u00ed alpino\" \/>\n<meta property=\"og:description\" content=\"Los resultados de la prueba t\u00e9cnica de esqu\u00ed alpino pueden consultarse directamente en Internet. Estos resultados est\u00e1n disponibles en l\u00ednea.\" \/>\n<meta property=\"og:url\" content=\"https:\/\/test-technique-ski.fr\/es\/resultados-prueba-tecnica-ski-alpin\/\" \/>\n<meta property=\"og:site_name\" content=\"TEST TECHNIQUE SKI\" \/>\n<meta property=\"article:modified_time\" content=\"2026-01-31T09:21:22+00:00\" \/>\n<meta property=\"og:image\" content=\"https:\/\/test-technique-ski.fr\/wp-content\/uploads\/2023\/01\/resultats-test-technique-ski.jpg\" \/>\n\t<meta property=\"og:image:width\" content=\"944\" \/>\n\t<meta property=\"og:image:height\" content=\"448\" \/>\n\t<meta property=\"og:image:type\" content=\"image\/jpeg\" \/>\n<meta name=\"twitter:card\" content=\"summary_large_image\" \/>\n<meta name=\"twitter:label1\" content=\"Tiempo de lectura\" \/>\n\t<meta name=\"twitter:data1\" content=\"1 minuto\" \/>\n<script type=\"application\/ld+json\" class=\"yoast-schema-graph\">{\"@context\":\"https:\\\/\\\/schema.org\",\"@graph\":[{\"@type\":\"WebPage\",\"@id\":\"https:\\\/\\\/test-technique-ski.fr\\\/es\\\/resultados-prueba-tecnica-ski-alpin\\\/\",\"url\":\"https:\\\/\\\/test-technique-ski.fr\\\/es\\\/resultados-prueba-tecnica-ski-alpin\\\/\",\"name\":\"Resultados de la prueba t\u00e9cnica de esqu\u00ed alpino\",\"isPartOf\":{\"@id\":\"https:\\\/\\\/test-technique-ski.fr\\\/es\\\/#website\"},\"primaryImageOfPage\":{\"@id\":\"https:\\\/\\\/test-technique-ski.fr\\\/es\\\/resultados-prueba-tecnica-ski-alpin\\\/#primaryimage\"},\"image\":{\"@id\":\"https:\\\/\\\/test-technique-ski.fr\\\/es\\\/resultados-prueba-tecnica-ski-alpin\\\/#primaryimage\"},\"thumbnailUrl\":\"https:\\\/\\\/test-technique-ski.fr\\\/wp-content\\\/uploads\\\/2023\\\/01\\\/resultats-test-technique-ski.jpg\",\"datePublished\":\"2023-01-06T08:40:08+00:00\",\"dateModified\":\"2026-01-31T09:21:22+00:00\",\"description\":\"Los resultados de la prueba t\u00e9cnica de esqu\u00ed alpino pueden consultarse directamente en Internet. Estos resultados est\u00e1n disponibles en l\u00ednea.\",\"inLanguage\":\"es\",\"potentialAction\":[{\"@type\":\"ReadAction\",\"target\":[\"https:\\\/\\\/test-technique-ski.fr\\\/es\\\/resultados-prueba-tecnica-ski-alpin\\\/\"]}]},{\"@type\":\"ImageObject\",\"inLanguage\":\"es\",\"@id\":\"https:\\\/\\\/test-technique-ski.fr\\\/es\\\/resultados-prueba-tecnica-ski-alpin\\\/#primaryimage\",\"url\":\"https:\\\/\\\/test-technique-ski.fr\\\/wp-content\\\/uploads\\\/2023\\\/01\\\/resultats-test-technique-ski.jpg\",\"contentUrl\":\"https:\\\/\\\/test-technique-ski.fr\\\/wp-content\\\/uploads\\\/2023\\\/01\\\/resultats-test-technique-ski.jpg\"},{\"@type\":\"WebSite\",\"@id\":\"https:\\\/\\\/test-technique-ski.fr\\\/es\\\/#website\",\"url\":\"https:\\\/\\\/test-technique-ski.fr\\\/es\\\/\",\"name\":\"TEST TECHNIQUE SKI\",\"description\":\"\",\"potentialAction\":[{\"@type\":\"SearchAction\",\"target\":{\"@type\":\"EntryPoint\",\"urlTemplate\":\"https:\\\/\\\/test-technique-ski.fr\\\/es\\\/?s={search_term_string}\"},\"query-input\":{\"@type\":\"PropertyValueSpecification\",\"valueRequired\":true,\"valueName\":\"search_term_string\"}}],\"inLanguage\":\"es\"}]}<\/script>\n<!-- \/ Yoast SEO plugin. -->","yoast_head_json":{"title":"Resultados de la prueba t\u00e9cnica de esqu\u00ed alpino","description":"Los resultados de la prueba t\u00e9cnica de esqu\u00ed alpino pueden consultarse directamente en Internet. Estos resultados est\u00e1n disponibles en l\u00ednea.","robots":{"index":"index","follow":"follow","max-snippet":"max-snippet:-1","max-image-preview":"max-image-preview:large","max-video-preview":"max-video-preview:-1"},"canonical":"https:\/\/test-technique-ski.fr\/es\/resultados-prueba-tecnica-ski-alpin\/","og_locale":"es_ES","og_type":"article","og_title":"Resultados de la prueba t\u00e9cnica de esqu\u00ed alpino","og_description":"Los resultados de la prueba t\u00e9cnica de esqu\u00ed alpino pueden consultarse directamente en Internet. Estos resultados est\u00e1n disponibles en l\u00ednea.","og_url":"https:\/\/test-technique-ski.fr\/es\/resultados-prueba-tecnica-ski-alpin\/","og_site_name":"TEST TECHNIQUE SKI","article_modified_time":"2026-01-31T09:21:22+00:00","og_image":[{"width":944,"height":448,"url":"https:\/\/test-technique-ski.fr\/wp-content\/uploads\/2023\/01\/resultats-test-technique-ski.jpg","type":"image\/jpeg"}],"twitter_card":"summary_large_image","twitter_misc":{"Tiempo de lectura":"1 minuto"},"schema":{"@context":"https:\/\/schema.org","@graph":[{"@type":"WebPage","@id":"https:\/\/test-technique-ski.fr\/es\/resultados-prueba-tecnica-ski-alpin\/","url":"https:\/\/test-technique-ski.fr\/es\/resultados-prueba-tecnica-ski-alpin\/","name":"Resultados de la prueba t\u00e9cnica de esqu\u00ed alpino","isPartOf":{"@id":"https:\/\/test-technique-ski.fr\/es\/#website"},"primaryImageOfPage":{"@id":"https:\/\/test-technique-ski.fr\/es\/resultados-prueba-tecnica-ski-alpin\/#primaryimage"},"image":{"@id":"https:\/\/test-technique-ski.fr\/es\/resultados-prueba-tecnica-ski-alpin\/#primaryimage"},"thumbnailUrl":"https:\/\/test-technique-ski.fr\/wp-content\/uploads\/2023\/01\/resultats-test-technique-ski.jpg","datePublished":"2023-01-06T08:40:08+00:00","dateModified":"2026-01-31T09:21:22+00:00","description":"Los resultados de la prueba t\u00e9cnica de esqu\u00ed alpino pueden consultarse directamente en Internet. Estos resultados est\u00e1n disponibles en l\u00ednea.","inLanguage":"es","potentialAction":[{"@type":"ReadAction","target":["https:\/\/test-technique-ski.fr\/es\/resultados-prueba-tecnica-ski-alpin\/"]}]},{"@type":"ImageObject","inLanguage":"es","@id":"https:\/\/test-technique-ski.fr\/es\/resultados-prueba-tecnica-ski-alpin\/#primaryimage","url":"https:\/\/test-technique-ski.fr\/wp-content\/uploads\/2023\/01\/resultats-test-technique-ski.jpg","contentUrl":"https:\/\/test-technique-ski.fr\/wp-content\/uploads\/2023\/01\/resultats-test-technique-ski.jpg"},{"@type":"WebSite","@id":"https:\/\/test-technique-ski.fr\/es\/#website","url":"https:\/\/test-technique-ski.fr\/es\/","name":"TEST TECHNIQUE SKI","description":"","potentialAction":[{"@type":"SearchAction","target":{"@type":"EntryPoint","urlTemplate":"https:\/\/test-technique-ski.fr\/es\/?s={search_term_string}"},"query-input":{"@type":"PropertyValueSpecification","valueRequired":true,"valueName":"search_term_string"}}],"inLanguage":"es"}]}},"_links":{"self":[{"href":"https:\/\/test-technique-ski.fr\/es\/wp-json\/wp\/v2\/pages\/555","targetHints":{"allow":["GET"]}}],"collection":[{"href":"https:\/\/test-technique-ski.fr\/es\/wp-json\/wp\/v2\/pages"}],"about":[{"href":"https:\/\/test-technique-ski.fr\/es\/wp-json\/wp\/v2\/types\/page"}],"author":[{"embeddable":true,"href":"https:\/\/test-technique-ski.fr\/es\/wp-json\/wp\/v2\/users\/1"}],"replies":[{"embeddable":true,"href":"https:\/\/test-technique-ski.fr\/es\/wp-json\/wp\/v2\/comments?post=555"}],"version-history":[{"count":3,"href":"https:\/\/test-technique-ski.fr\/es\/wp-json\/wp\/v2\/pages\/555\/revisions"}],"predecessor-version":[{"id":3774,"href":"https:\/\/test-technique-ski.fr\/es\/wp-json\/wp\/v2\/pages\/555\/revisions\/3774"}],"wp:attachment":[{"href":"https:\/\/test-technique-ski.fr\/es\/wp-json\/wp\/v2\/media?parent=555"}],"curies":[{"name":"wp","href":"https:\/\/api.w.org\/{rel}","templated":true}]}}