{"id":557,"date":"2023-01-07T08:50:20","date_gmt":"2023-01-07T08:50:20","guid":{"rendered":"https:\/\/test-technique-ski.fr\/convertirse-en-monitor-de-esqui-alpino\/"},"modified":"2025-08-29T13:15:51","modified_gmt":"2025-08-29T12:15:51","slug":"convertirse-en-monitor-de-esqui-alpino","status":"publish","type":"page","link":"https:\/\/test-technique-ski.fr\/es\/convertirse-en-monitor-de-esqui-alpino\/","title":{"rendered":"Ser monitor de esqu\u00ed"},"content":{"rendered":"\n<h1 class=\"wp-block-heading\">\u00bfC\u00f3mo ser monitor de esqu\u00ed?<\/h1>\n\n<p>Estos son los pasos generales que hay que seguir para ser monitor de esqu\u00ed en Francia:<\/p>\n\n<ol class=\"wp-block-list\">\n<li>Aseg\u00farate de que cumples los requisitos b\u00e1sicos: para ser monitor de esqu\u00ed debes tener al menos 18 a\u00f1os y estar en posesi\u00f3n del carn\u00e9 de conducir. Tambi\u00e9n debe tener una buena condici\u00f3n f\u00edsica y ser capaz de esquiar a un nivel avanzado.<\/li>\n\n\n\n<li>Haz un curso: hay varias escuelas de esqu\u00ed en Francia que ofrecen <a href=\"https:\/\/test-technique-ski.fr\/es\/formation-moniteur-de-ski-alpin\/\">cursos de formaci\u00f3n para ser monitor de esqu\u00ed<\/a>. Puede elegir un curso en alternancia, que le permite trabajar y estudiar al mismo tiempo, o un curso en bloque, que se desarrolla a lo largo de un periodo concentrado de tiempo. La formaci\u00f3n incluye cursos te\u00f3ricos y pr\u00e1cticos sobre t\u00e9cnica de esqu\u00ed, ense\u00f1anza del esqu\u00ed, seguridad en la monta\u00f1a y mucho m\u00e1s.<\/li>\n\n\n\n<li>Consigue un diploma: para ser monitor de esqu\u00ed titulado, tienes que aprobar un examen final organizado por <a href=\"http:\/\/ensm.sports.gouv.fr\">la \u00c9cole Nationale de Ski et d&#8217;Alpinisme<\/a> (ENSA). Este examen incluye una prueba pr\u00e1ctica de esqu\u00ed y una prueba te\u00f3rica sobre los conocimientos necesarios para ser monitor de esqu\u00ed.<\/li>\n<\/ol>\n\n<div style=\"height:10px\" aria-hidden=\"true\" class=\"wp-block-spacer\"><\/div>\n\n<p><strong>Para ser monitor de esqu\u00ed<\/strong>: es importante tener un buen nivel de esqu\u00ed, pero tambi\u00e9n hay que adquirir otras cualidades y habilidades importantes:<\/p>\n\n<ul class=\"wp-block-list\">\n<li>Excelentes dotes de comunicaci\u00f3n: debe ser capaz de transmitir sus instrucciones con claridad y comunicarse con sus alumnos eficazmente.<\/li>\n\n\n\n<li>Buena condici\u00f3n f\u00edsica: como monitor de esqu\u00ed, a menudo estar\u00e1s en la monta\u00f1a todo el d\u00eda, por lo que es importante tener una buena condici\u00f3n f\u00edsica para seguir el ritmo.<\/li>\n\n\n\n<li>Capacidad de organizaci\u00f3n: ser\u00e1s responsable de organizar las clases y los viajes de esqu\u00ed de tus alumnos, por lo que es importante tener una buena capacidad de organizaci\u00f3n.<\/li>\n\n\n\n<li>Buena presentaci\u00f3n: como representante de su escuela o estaci\u00f3n de esqu\u00ed, es importante tener una buena presentaci\u00f3n personal y representar bien a su empresa.<\/li>\n\n\n\n<li>Sentido de la responsabilidad: como monitor de esqu\u00ed, ser\u00e1s responsable de la seguridad de tus alumnos durante las clases y los viajes de esqu\u00ed. Es importante tener un alto sentido de la responsabilidad y tomar las decisiones necesarias para garantizar la seguridad de todos.<\/li>\n<\/ul>\n\n<p><\/p>\n","protected":false},"excerpt":{"rendered":"<p>\u00bfC\u00f3mo ser monitor de esqu\u00ed? Estos son los pasos generales que hay que seguir para ser monitor de esqu\u00ed en Francia: Para ser monitor de esqu\u00ed: es importante tener un buen nivel de esqu\u00ed, pero tambi\u00e9n hay que adquirir otras cualidades y habilidades importantes:<\/p>\n","protected":false},"author":1,"featured_media":0,"parent":0,"menu_order":0,"comment_status":"closed","ping_status":"closed","template":"","meta":{"footnotes":""},"class_list":["post-557","page","type-page","status-publish","hentry"],"yoast_head":"<!-- This site is optimized with the Yoast SEO plugin v27.3 - https:\/\/yoast.com\/product\/yoast-seo-wordpress\/ -->\n<title>Ser monitor de esqu\u00ed<\/title>\n<meta name=\"description\" content=\"C\u00f3mo ser monitor de esqu\u00ed en Francia. \u00bfCu\u00e1les son las cualidades y aptitudes necesarias para tener \u00e9xito como A\" \/>\n<meta name=\"robots\" content=\"index, follow, max-snippet:-1, max-image-preview:large, max-video-preview:-1\" \/>\n<link rel=\"canonical\" href=\"https:\/\/test-technique-ski.fr\/es\/convertirse-en-monitor-de-esqui-alpino\/\" \/>\n<meta property=\"og:locale\" content=\"es_ES\" \/>\n<meta property=\"og:type\" content=\"article\" \/>\n<meta property=\"og:title\" content=\"Ser monitor de esqu\u00ed\" \/>\n<meta property=\"og:description\" content=\"C\u00f3mo ser monitor de esqu\u00ed en Francia. \u00bfCu\u00e1les son las cualidades y aptitudes necesarias para tener \u00e9xito como A\" \/>\n<meta property=\"og:url\" content=\"https:\/\/test-technique-ski.fr\/es\/convertirse-en-monitor-de-esqui-alpino\/\" \/>\n<meta property=\"og:site_name\" content=\"TEST TECHNIQUE SKI\" \/>\n<meta property=\"article:modified_time\" content=\"2025-08-29T12:15:51+00:00\" \/>\n<meta name=\"twitter:card\" content=\"summary_large_image\" \/>\n<meta name=\"twitter:label1\" content=\"Tiempo de lectura\" \/>\n\t<meta name=\"twitter:data1\" content=\"2 minutos\" \/>\n<script type=\"application\/ld+json\" class=\"yoast-schema-graph\">{\"@context\":\"https:\\\/\\\/schema.org\",\"@graph\":[{\"@type\":\"WebPage\",\"@id\":\"https:\\\/\\\/test-technique-ski.fr\\\/es\\\/convertirse-en-monitor-de-esqui-alpino\\\/\",\"url\":\"https:\\\/\\\/test-technique-ski.fr\\\/es\\\/convertirse-en-monitor-de-esqui-alpino\\\/\",\"name\":\"Ser monitor de esqu\u00ed\",\"isPartOf\":{\"@id\":\"https:\\\/\\\/test-technique-ski.fr\\\/es\\\/#website\"},\"datePublished\":\"2023-01-07T08:50:20+00:00\",\"dateModified\":\"2025-08-29T12:15:51+00:00\",\"description\":\"C\u00f3mo ser monitor de esqu\u00ed en Francia. \u00bfCu\u00e1les son las cualidades y aptitudes necesarias para tener \u00e9xito como A\",\"inLanguage\":\"es\",\"potentialAction\":[{\"@type\":\"ReadAction\",\"target\":[\"https:\\\/\\\/test-technique-ski.fr\\\/es\\\/convertirse-en-monitor-de-esqui-alpino\\\/\"]}]},{\"@type\":\"WebSite\",\"@id\":\"https:\\\/\\\/test-technique-ski.fr\\\/es\\\/#website\",\"url\":\"https:\\\/\\\/test-technique-ski.fr\\\/es\\\/\",\"name\":\"TEST TECHNIQUE SKI\",\"description\":\"\",\"potentialAction\":[{\"@type\":\"SearchAction\",\"target\":{\"@type\":\"EntryPoint\",\"urlTemplate\":\"https:\\\/\\\/test-technique-ski.fr\\\/es\\\/?s={search_term_string}\"},\"query-input\":{\"@type\":\"PropertyValueSpecification\",\"valueRequired\":true,\"valueName\":\"search_term_string\"}}],\"inLanguage\":\"es\"}]}<\/script>\n<!-- \/ Yoast SEO plugin. -->","yoast_head_json":{"title":"Ser monitor de esqu\u00ed","description":"C\u00f3mo ser monitor de esqu\u00ed en Francia. \u00bfCu\u00e1les son las cualidades y aptitudes necesarias para tener \u00e9xito como A","robots":{"index":"index","follow":"follow","max-snippet":"max-snippet:-1","max-image-preview":"max-image-preview:large","max-video-preview":"max-video-preview:-1"},"canonical":"https:\/\/test-technique-ski.fr\/es\/convertirse-en-monitor-de-esqui-alpino\/","og_locale":"es_ES","og_type":"article","og_title":"Ser monitor de esqu\u00ed","og_description":"C\u00f3mo ser monitor de esqu\u00ed en Francia. \u00bfCu\u00e1les son las cualidades y aptitudes necesarias para tener \u00e9xito como A","og_url":"https:\/\/test-technique-ski.fr\/es\/convertirse-en-monitor-de-esqui-alpino\/","og_site_name":"TEST TECHNIQUE SKI","article_modified_time":"2025-08-29T12:15:51+00:00","twitter_card":"summary_large_image","twitter_misc":{"Tiempo de lectura":"2 minutos"},"schema":{"@context":"https:\/\/schema.org","@graph":[{"@type":"WebPage","@id":"https:\/\/test-technique-ski.fr\/es\/convertirse-en-monitor-de-esqui-alpino\/","url":"https:\/\/test-technique-ski.fr\/es\/convertirse-en-monitor-de-esqui-alpino\/","name":"Ser monitor de esqu\u00ed","isPartOf":{"@id":"https:\/\/test-technique-ski.fr\/es\/#website"},"datePublished":"2023-01-07T08:50:20+00:00","dateModified":"2025-08-29T12:15:51+00:00","description":"C\u00f3mo ser monitor de esqu\u00ed en Francia. \u00bfCu\u00e1les son las cualidades y aptitudes necesarias para tener \u00e9xito como A","inLanguage":"es","potentialAction":[{"@type":"ReadAction","target":["https:\/\/test-technique-ski.fr\/es\/convertirse-en-monitor-de-esqui-alpino\/"]}]},{"@type":"WebSite","@id":"https:\/\/test-technique-ski.fr\/es\/#website","url":"https:\/\/test-technique-ski.fr\/es\/","name":"TEST TECHNIQUE SKI","description":"","potentialAction":[{"@type":"SearchAction","target":{"@type":"EntryPoint","urlTemplate":"https:\/\/test-technique-ski.fr\/es\/?s={search_term_string}"},"query-input":{"@type":"PropertyValueSpecification","valueRequired":true,"valueName":"search_term_string"}}],"inLanguage":"es"}]}},"_links":{"self":[{"href":"https:\/\/test-technique-ski.fr\/es\/wp-json\/wp\/v2\/pages\/557","targetHints":{"allow":["GET"]}}],"collection":[{"href":"https:\/\/test-technique-ski.fr\/es\/wp-json\/wp\/v2\/pages"}],"about":[{"href":"https:\/\/test-technique-ski.fr\/es\/wp-json\/wp\/v2\/types\/page"}],"author":[{"embeddable":true,"href":"https:\/\/test-technique-ski.fr\/es\/wp-json\/wp\/v2\/users\/1"}],"replies":[{"embeddable":true,"href":"https:\/\/test-technique-ski.fr\/es\/wp-json\/wp\/v2\/comments?post=557"}],"version-history":[{"count":0,"href":"https:\/\/test-technique-ski.fr\/es\/wp-json\/wp\/v2\/pages\/557\/revisions"}],"wp:attachment":[{"href":"https:\/\/test-technique-ski.fr\/es\/wp-json\/wp\/v2\/media?parent=557"}],"curies":[{"name":"wp","href":"https:\/\/api.w.org\/{rel}","templated":true}]}}