{"id":773,"date":"2023-01-13T12:41:48","date_gmt":"2023-01-13T12:41:48","guid":{"rendered":"https:\/\/test-technique-ski.fr\/gepafo-montagne\/"},"modified":"2023-01-13T12:57:04","modified_gmt":"2023-01-13T12:57:04","slug":"gepafo-montagne","status":"publish","type":"page","link":"https:\/\/test-technique-ski.fr\/es\/gepafo-montagne\/","title":{"rendered":"GEPAFO Montagne | formaci\u00f3n de monitores A"},"content":{"rendered":"\n<h1 class=\"wp-block-heading\">GEPAFO Montagne para la formaci\u00f3n de monitores de esqu\u00ed<\/h1>\n\n<h2 class=\"wp-block-heading\">\u00bfQu\u00e9 es el GEPAFO?<\/h2>\n\n<p><strong>GEPAFO son las siglas de GEstion des PArcours de FOrmation<\/strong>. Se trata de una plataforma en l\u00ednea que permite el seguimiento de la gesti\u00f3n de los cursos de formaci\u00f3n por parte del Ministerio franc\u00e9s de Deportes.<\/p>\n\n<h2 class=\"wp-block-heading\">\u00bfC\u00f3mo inscribirse en el sitio web del GEPAFO?<\/h2>\n\n<p>La plataforma GEPAFO Montagne es accesible en www.gepafom.fr.  <\/p>\n\n<h2 class=\"wp-block-heading\">\u00bfCu\u00e1l es la finalidad de la plataforma en l\u00ednea GEPAFO?<\/h2>\n\n<p>La plataforma GEPAFO permite a cada candidato al diploma de monitor de esqu\u00ed inscribirse en las pruebas y seguir su formaci\u00f3n a lo largo del proceso de aprendizaje de la profesi\u00f3n de monitor de esqu\u00ed.<\/p>\n\n<p>La primera etapa de la formaci\u00f3n es la <a href=\"https:\/\/test-technique-ski.fr\/es\/\">prueba t\u00e9cnica de esqu\u00ed<\/a>. Esta primera prueba valida el nivel de esqu\u00ed del candidato. La<a href=\"https:\/\/test-technique-ski.fr\/es\/inscripcion-prueba-tecnica-esqui\/\">inscripci\u00f3n a la prueba t\u00e9cnica<\/a> de esqu\u00ed se realiza \u00edntegramente en l\u00ednea en la plataforma gepafom.fr<\/p>\n\n<p> <\/p>\n","protected":false},"excerpt":{"rendered":"<p>GEPAFO Montagne para la formaci\u00f3n de monitores de esqu\u00ed \u00bfQu\u00e9 es el GEPAFO? GEPAFO son las siglas de GEstion des PArcours de FOrmation. Se trata de una plataforma en l\u00ednea que permite el seguimiento de la gesti\u00f3n de los cursos de formaci\u00f3n por parte del Ministerio franc\u00e9s de Deportes. \u00bfC\u00f3mo inscribirse en el sitio web [&hellip;]<\/p>\n","protected":false},"author":1,"featured_media":0,"parent":0,"menu_order":0,"comment_status":"closed","ping_status":"closed","template":"","meta":{"footnotes":""},"class_list":["post-773","page","type-page","status-publish","hentry"],"yoast_head":"<!-- This site is optimized with the Yoast SEO plugin v27.3 - https:\/\/yoast.com\/product\/yoast-seo-wordpress\/ -->\n<title>GEPAFO Montagne | formaci\u00f3n de monitores A<\/title>\n<meta name=\"description\" content=\"GEPAFO Montagne, la plataforma de gesti\u00f3n de itinerarios de formaci\u00f3n del Ministerio de Deportes franc\u00e9s\" \/>\n<meta name=\"robots\" content=\"index, follow, max-snippet:-1, max-image-preview:large, max-video-preview:-1\" \/>\n<link rel=\"canonical\" href=\"https:\/\/test-technique-ski.fr\/es\/gepafo-montagne\/\" \/>\n<meta property=\"og:locale\" content=\"es_ES\" \/>\n<meta property=\"og:type\" content=\"article\" \/>\n<meta property=\"og:title\" content=\"GEPAFO Montagne | formaci\u00f3n de monitores A\" \/>\n<meta property=\"og:description\" content=\"GEPAFO Montagne, la plataforma de gesti\u00f3n de itinerarios de formaci\u00f3n del Ministerio de Deportes franc\u00e9s\" \/>\n<meta property=\"og:url\" content=\"https:\/\/test-technique-ski.fr\/es\/gepafo-montagne\/\" \/>\n<meta property=\"og:site_name\" content=\"TEST TECHNIQUE SKI\" \/>\n<meta property=\"article:modified_time\" content=\"2023-01-13T12:57:04+00:00\" \/>\n<meta name=\"twitter:card\" content=\"summary_large_image\" \/>\n<meta name=\"twitter:label1\" content=\"Tiempo de lectura\" \/>\n\t<meta name=\"twitter:data1\" content=\"1 minuto\" \/>\n<script type=\"application\/ld+json\" class=\"yoast-schema-graph\">{\"@context\":\"https:\\\/\\\/schema.org\",\"@graph\":[{\"@type\":\"WebPage\",\"@id\":\"https:\\\/\\\/test-technique-ski.fr\\\/es\\\/gepafo-montagne\\\/\",\"url\":\"https:\\\/\\\/test-technique-ski.fr\\\/es\\\/gepafo-montagne\\\/\",\"name\":\"GEPAFO Montagne | formaci\u00f3n de monitores A\",\"isPartOf\":{\"@id\":\"https:\\\/\\\/test-technique-ski.fr\\\/es\\\/#website\"},\"datePublished\":\"2023-01-13T12:41:48+00:00\",\"dateModified\":\"2023-01-13T12:57:04+00:00\",\"description\":\"GEPAFO Montagne, la plataforma de gesti\u00f3n de itinerarios de formaci\u00f3n del Ministerio de Deportes franc\u00e9s\",\"inLanguage\":\"es\",\"potentialAction\":[{\"@type\":\"ReadAction\",\"target\":[\"https:\\\/\\\/test-technique-ski.fr\\\/es\\\/gepafo-montagne\\\/\"]}]},{\"@type\":\"WebSite\",\"@id\":\"https:\\\/\\\/test-technique-ski.fr\\\/es\\\/#website\",\"url\":\"https:\\\/\\\/test-technique-ski.fr\\\/es\\\/\",\"name\":\"TEST TECHNIQUE SKI\",\"description\":\"\",\"potentialAction\":[{\"@type\":\"SearchAction\",\"target\":{\"@type\":\"EntryPoint\",\"urlTemplate\":\"https:\\\/\\\/test-technique-ski.fr\\\/es\\\/?s={search_term_string}\"},\"query-input\":{\"@type\":\"PropertyValueSpecification\",\"valueRequired\":true,\"valueName\":\"search_term_string\"}}],\"inLanguage\":\"es\"}]}<\/script>\n<!-- \/ Yoast SEO plugin. -->","yoast_head_json":{"title":"GEPAFO Montagne | formaci\u00f3n de monitores A","description":"GEPAFO Montagne, la plataforma de gesti\u00f3n de itinerarios de formaci\u00f3n del Ministerio de Deportes franc\u00e9s","robots":{"index":"index","follow":"follow","max-snippet":"max-snippet:-1","max-image-preview":"max-image-preview:large","max-video-preview":"max-video-preview:-1"},"canonical":"https:\/\/test-technique-ski.fr\/es\/gepafo-montagne\/","og_locale":"es_ES","og_type":"article","og_title":"GEPAFO Montagne | formaci\u00f3n de monitores A","og_description":"GEPAFO Montagne, la plataforma de gesti\u00f3n de itinerarios de formaci\u00f3n del Ministerio de Deportes franc\u00e9s","og_url":"https:\/\/test-technique-ski.fr\/es\/gepafo-montagne\/","og_site_name":"TEST TECHNIQUE SKI","article_modified_time":"2023-01-13T12:57:04+00:00","twitter_card":"summary_large_image","twitter_misc":{"Tiempo de lectura":"1 minuto"},"schema":{"@context":"https:\/\/schema.org","@graph":[{"@type":"WebPage","@id":"https:\/\/test-technique-ski.fr\/es\/gepafo-montagne\/","url":"https:\/\/test-technique-ski.fr\/es\/gepafo-montagne\/","name":"GEPAFO Montagne | formaci\u00f3n de monitores A","isPartOf":{"@id":"https:\/\/test-technique-ski.fr\/es\/#website"},"datePublished":"2023-01-13T12:41:48+00:00","dateModified":"2023-01-13T12:57:04+00:00","description":"GEPAFO Montagne, la plataforma de gesti\u00f3n de itinerarios de formaci\u00f3n del Ministerio de Deportes franc\u00e9s","inLanguage":"es","potentialAction":[{"@type":"ReadAction","target":["https:\/\/test-technique-ski.fr\/es\/gepafo-montagne\/"]}]},{"@type":"WebSite","@id":"https:\/\/test-technique-ski.fr\/es\/#website","url":"https:\/\/test-technique-ski.fr\/es\/","name":"TEST TECHNIQUE SKI","description":"","potentialAction":[{"@type":"SearchAction","target":{"@type":"EntryPoint","urlTemplate":"https:\/\/test-technique-ski.fr\/es\/?s={search_term_string}"},"query-input":{"@type":"PropertyValueSpecification","valueRequired":true,"valueName":"search_term_string"}}],"inLanguage":"es"}]}},"_links":{"self":[{"href":"https:\/\/test-technique-ski.fr\/es\/wp-json\/wp\/v2\/pages\/773","targetHints":{"allow":["GET"]}}],"collection":[{"href":"https:\/\/test-technique-ski.fr\/es\/wp-json\/wp\/v2\/pages"}],"about":[{"href":"https:\/\/test-technique-ski.fr\/es\/wp-json\/wp\/v2\/types\/page"}],"author":[{"embeddable":true,"href":"https:\/\/test-technique-ski.fr\/es\/wp-json\/wp\/v2\/users\/1"}],"replies":[{"embeddable":true,"href":"https:\/\/test-technique-ski.fr\/es\/wp-json\/wp\/v2\/comments?post=773"}],"version-history":[{"count":0,"href":"https:\/\/test-technique-ski.fr\/es\/wp-json\/wp\/v2\/pages\/773\/revisions"}],"wp:attachment":[{"href":"https:\/\/test-technique-ski.fr\/es\/wp-json\/wp\/v2\/media?parent=773"}],"curies":[{"name":"wp","href":"https:\/\/api.w.org\/{rel}","templated":true}]}}