{"id":1900,"date":"2024-09-25T08:16:40","date_gmt":"2024-09-25T07:16:40","guid":{"rendered":"https:\/\/test-technique-ski.fr\/test-technique-ski-alpin-menuires\/"},"modified":"2026-01-29T11:54:29","modified_gmt":"2026-01-29T11:54:29","slug":"test-technique-ski-alpin-menuires","status":"publish","type":"page","link":"https:\/\/test-technique-ski.fr\/fi\/test-technique-ski-alpin-menuires\/","title":{"rendered":"Tekninen testi laskettelu Les M\u00e9nuiresissa"},"content":{"rendered":"\n<h1 class=\"wp-block-heading\">Alppihiihdon tekninen testi Les Menuiresissa (73)<\/h1>\n\n<p>Les Menuires j\u00e4rjest\u00e4\u00e4 joka vuosi yhden tai useamman alppihiihdon teknisen testin osana <a href=\"https:\/\/test-technique-ski.fr\/fi\/formation-moniteur-de-ski-alpin\/\">alppihiihdon opettajan koulutusohjelmaa<\/a>.<\/p>\n\n<h2 class=\"wp-block-heading\">Les Menuiresin alppihiihdon teknisen testin p\u00e4iv\u00e4m\u00e4\u00e4r\u00e4t<\/h2>\n\n<ul class=\"wp-block-list\">\n<li>Les Menuiresin teknisen testin 1. jakson testit j\u00e4rjestettiin 5.-9. tammikuuta 2026;<\/li>\n\n\n\n<li>CTT:n teknisen testin 1. jakson testit Les Menuiresissa j\u00e4rjestettiin 22.-24. tammikuuta 2026.<\/li>\n<\/ul>\n\n<div style=\"height:10px\" aria-hidden=\"true\" class=\"wp-block-spacer\"><\/div>\n\n<h2 class=\"wp-block-heading\">Teknisen testauksen kurssi Les Menuiresissa<\/h2>\n\n<p>Les Menuiresin ESF-akatemia j\u00e4rjest\u00e4\u00e4 useita <a href=\"https:\/\/test-technique-ski.fr\/fi\/kurssi-valmiuskoe-tekninen-alppihiihto\/\">teknisen testin koulutuskursseja<\/a> Les M\u00e9nuiresin Slalom-stadionilla:<\/p>\n\n<ul class=\"wp-block-list\">\n<li>Teknisen kokeen kurssi ennen Les Menuiresin teknist\u00e4 koetta ;<\/li>\n\n\n\n<li>Valmennuskurssi CTT-tekniseen kokeeseen.<\/li>\n<\/ul>\n\n<div style=\"height:10px\" aria-hidden=\"true\" class=\"wp-block-spacer\"><\/div>\n\n<p>Jos haluat osallistua valmistaville kursseille, <strong>ota yhteytt\u00e4 Nicolas Flageen numeroon 06<\/strong> 25 <a href=\"tel:+33625690113\">69 01 13.<\/a><\/p>\n\n<div style=\"height:20px\" aria-hidden=\"true\" class=\"wp-block-spacer\"><\/div>\n\n<h2 class=\"wp-block-heading\">Miten rekister\u00f6idyn Les Menuiresin tekniseen testiin?<\/h2>\n\n<p><a href=\"https:\/\/test-technique-ski.fr\/fi\/suksien-teknisen-kokeen-rekisterointi\/\">Teknisen hiihtokokeen koko rekister\u00f6intimenettely<\/a> suoritetaan verkossa GEPAFOn virallisilla verkkosivuilla.<\/p>\n\n<h2 class=\"wp-block-heading\">Ilmoittautumisaika Les M\u00e9nuiresissa j\u00e4rjestett\u00e4v\u00e4\u00e4n tekniseen kokeeseen p\u00e4\u00e4ttyy<\/h2>\n\n<p>T\u00e4ss\u00e4 ovat Les Menuiresissa j\u00e4rjestett\u00e4v\u00e4n teknisen testin ilmoittautumisajat:<\/p>\n\n<ul class=\"wp-block-list\">\n<li>Ilmoittautumisen m\u00e4\u00e4r\u00e4aika: 13\/10\/2025<\/li>\n\n\n\n<li>Hakemusten viimeinen j\u00e4tt\u00f6p\u00e4iv\u00e4: 21\/11\/2025.<\/li>\n<\/ul>\n\n<p>CTT:n osalta rekister\u00f6intien m\u00e4\u00e4r\u00e4aika oli 21.12.2025.<\/p>\n","protected":false},"excerpt":{"rendered":"<p>Alppihiihdon tekninen testi Les Menuiresissa (73) Les Menuires j\u00e4rjest\u00e4\u00e4 joka vuosi yhden tai useamman alppihiihdon teknisen testin osana alppihiihdon opettajan koulutusohjelmaa. Les Menuiresin alppihiihdon teknisen testin p\u00e4iv\u00e4m\u00e4\u00e4r\u00e4t Teknisen testauksen kurssi Les Menuiresissa Les Menuiresin ESF-akatemia j\u00e4rjest\u00e4\u00e4 useita teknisen testin koulutuskursseja Les M\u00e9nuiresin Slalom-stadionilla: Jos haluat osallistua valmistaville kursseille, ota yhteytt\u00e4 Nicolas Flageen numeroon 06 25 [&hellip;]<\/p>\n","protected":false},"author":1,"featured_media":0,"parent":0,"menu_order":0,"comment_status":"closed","ping_status":"closed","template":"","meta":{"footnotes":""},"class_list":["post-1900","page","type-page","status-publish","hentry"],"yoast_head":"<!-- This site is optimized with the Yoast SEO plugin v27.3 - https:\/\/yoast.com\/product\/yoast-seo-wordpress\/ -->\n<title>Tekninen testi laskettelu Les M\u00e9nuiresissa - TEST TECHNIQUE SKI<\/title>\n<meta name=\"description\" content=\"Osa alppihiihdon teknisest\u00e4 testist\u00e4 j\u00e4rjestet\u00e4\u00e4n Les Menuiresissa. Osallistu valmistavalle kurssille Les Menuiresissa.\" \/>\n<meta name=\"robots\" content=\"index, follow, max-snippet:-1, max-image-preview:large, max-video-preview:-1\" \/>\n<link rel=\"canonical\" href=\"https:\/\/test-technique-ski.fr\/fi\/test-technique-ski-alpin-menuires\/\" \/>\n<meta property=\"og:locale\" content=\"fi_FI\" \/>\n<meta property=\"og:type\" content=\"article\" \/>\n<meta property=\"og:title\" content=\"Tekninen testi laskettelu Les M\u00e9nuiresissa - TEST TECHNIQUE SKI\" \/>\n<meta property=\"og:description\" content=\"Osa alppihiihdon teknisest\u00e4 testist\u00e4 j\u00e4rjestet\u00e4\u00e4n Les Menuiresissa. Osallistu valmistavalle kurssille Les Menuiresissa.\" \/>\n<meta property=\"og:url\" content=\"https:\/\/test-technique-ski.fr\/fi\/test-technique-ski-alpin-menuires\/\" \/>\n<meta property=\"og:site_name\" content=\"TEST TECHNIQUE SKI\" \/>\n<meta property=\"article:modified_time\" content=\"2026-01-29T11:54:29+00:00\" \/>\n<meta name=\"twitter:card\" content=\"summary_large_image\" \/>\n<meta name=\"twitter:label1\" content=\"Arvioitu lukuaika\" \/>\n\t<meta name=\"twitter:data1\" content=\"1 minuutti\" \/>\n<script type=\"application\/ld+json\" class=\"yoast-schema-graph\">{\"@context\":\"https:\\\/\\\/schema.org\",\"@graph\":[{\"@type\":\"WebPage\",\"@id\":\"https:\\\/\\\/test-technique-ski.fr\\\/fi\\\/test-technique-ski-alpin-menuires\\\/\",\"url\":\"https:\\\/\\\/test-technique-ski.fr\\\/fi\\\/test-technique-ski-alpin-menuires\\\/\",\"name\":\"Tekninen testi laskettelu Les M\u00e9nuiresissa - TEST TECHNIQUE SKI\",\"isPartOf\":{\"@id\":\"https:\\\/\\\/test-technique-ski.fr\\\/fi\\\/#website\"},\"datePublished\":\"2024-09-25T07:16:40+00:00\",\"dateModified\":\"2026-01-29T11:54:29+00:00\",\"description\":\"Osa alppihiihdon teknisest\u00e4 testist\u00e4 j\u00e4rjestet\u00e4\u00e4n Les Menuiresissa. Osallistu valmistavalle kurssille Les Menuiresissa.\",\"inLanguage\":\"fi\",\"potentialAction\":[{\"@type\":\"ReadAction\",\"target\":[\"https:\\\/\\\/test-technique-ski.fr\\\/fi\\\/test-technique-ski-alpin-menuires\\\/\"]}]},{\"@type\":\"WebSite\",\"@id\":\"https:\\\/\\\/test-technique-ski.fr\\\/fi\\\/#website\",\"url\":\"https:\\\/\\\/test-technique-ski.fr\\\/fi\\\/\",\"name\":\"TEST TECHNIQUE SKI\",\"description\":\"\",\"potentialAction\":[{\"@type\":\"SearchAction\",\"target\":{\"@type\":\"EntryPoint\",\"urlTemplate\":\"https:\\\/\\\/test-technique-ski.fr\\\/fi\\\/?s={search_term_string}\"},\"query-input\":{\"@type\":\"PropertyValueSpecification\",\"valueRequired\":true,\"valueName\":\"search_term_string\"}}],\"inLanguage\":\"fi\"}]}<\/script>\n<!-- \/ Yoast SEO plugin. -->","yoast_head_json":{"title":"Tekninen testi laskettelu Les M\u00e9nuiresissa - TEST TECHNIQUE SKI","description":"Osa alppihiihdon teknisest\u00e4 testist\u00e4 j\u00e4rjestet\u00e4\u00e4n Les Menuiresissa. Osallistu valmistavalle kurssille Les Menuiresissa.","robots":{"index":"index","follow":"follow","max-snippet":"max-snippet:-1","max-image-preview":"max-image-preview:large","max-video-preview":"max-video-preview:-1"},"canonical":"https:\/\/test-technique-ski.fr\/fi\/test-technique-ski-alpin-menuires\/","og_locale":"fi_FI","og_type":"article","og_title":"Tekninen testi laskettelu Les M\u00e9nuiresissa - TEST TECHNIQUE SKI","og_description":"Osa alppihiihdon teknisest\u00e4 testist\u00e4 j\u00e4rjestet\u00e4\u00e4n Les Menuiresissa. Osallistu valmistavalle kurssille Les Menuiresissa.","og_url":"https:\/\/test-technique-ski.fr\/fi\/test-technique-ski-alpin-menuires\/","og_site_name":"TEST TECHNIQUE SKI","article_modified_time":"2026-01-29T11:54:29+00:00","twitter_card":"summary_large_image","twitter_misc":{"Arvioitu lukuaika":"1 minuutti"},"schema":{"@context":"https:\/\/schema.org","@graph":[{"@type":"WebPage","@id":"https:\/\/test-technique-ski.fr\/fi\/test-technique-ski-alpin-menuires\/","url":"https:\/\/test-technique-ski.fr\/fi\/test-technique-ski-alpin-menuires\/","name":"Tekninen testi laskettelu Les M\u00e9nuiresissa - TEST TECHNIQUE SKI","isPartOf":{"@id":"https:\/\/test-technique-ski.fr\/fi\/#website"},"datePublished":"2024-09-25T07:16:40+00:00","dateModified":"2026-01-29T11:54:29+00:00","description":"Osa alppihiihdon teknisest\u00e4 testist\u00e4 j\u00e4rjestet\u00e4\u00e4n Les Menuiresissa. Osallistu valmistavalle kurssille Les Menuiresissa.","inLanguage":"fi","potentialAction":[{"@type":"ReadAction","target":["https:\/\/test-technique-ski.fr\/fi\/test-technique-ski-alpin-menuires\/"]}]},{"@type":"WebSite","@id":"https:\/\/test-technique-ski.fr\/fi\/#website","url":"https:\/\/test-technique-ski.fr\/fi\/","name":"TEST TECHNIQUE SKI","description":"","potentialAction":[{"@type":"SearchAction","target":{"@type":"EntryPoint","urlTemplate":"https:\/\/test-technique-ski.fr\/fi\/?s={search_term_string}"},"query-input":{"@type":"PropertyValueSpecification","valueRequired":true,"valueName":"search_term_string"}}],"inLanguage":"fi"}]}},"_links":{"self":[{"href":"https:\/\/test-technique-ski.fr\/fi\/wp-json\/wp\/v2\/pages\/1900","targetHints":{"allow":["GET"]}}],"collection":[{"href":"https:\/\/test-technique-ski.fr\/fi\/wp-json\/wp\/v2\/pages"}],"about":[{"href":"https:\/\/test-technique-ski.fr\/fi\/wp-json\/wp\/v2\/types\/page"}],"author":[{"embeddable":true,"href":"https:\/\/test-technique-ski.fr\/fi\/wp-json\/wp\/v2\/users\/1"}],"replies":[{"embeddable":true,"href":"https:\/\/test-technique-ski.fr\/fi\/wp-json\/wp\/v2\/comments?post=1900"}],"version-history":[{"count":11,"href":"https:\/\/test-technique-ski.fr\/fi\/wp-json\/wp\/v2\/pages\/1900\/revisions"}],"predecessor-version":[{"id":3744,"href":"https:\/\/test-technique-ski.fr\/fi\/wp-json\/wp\/v2\/pages\/1900\/revisions\/3744"}],"wp:attachment":[{"href":"https:\/\/test-technique-ski.fr\/fi\/wp-json\/wp\/v2\/media?parent=1900"}],"curies":[{"name":"wp","href":"https:\/\/api.w.org\/{rel}","templated":true}]}}