{"id":2417,"date":"2025-03-31T12:53:37","date_gmt":"2025-03-31T11:53:37","guid":{"rendered":"https:\/\/test-technique-ski.fr\/stage-ski-ete\/"},"modified":"2026-02-28T10:02:03","modified_gmt":"2026-02-28T10:02:03","slug":"stage-ski-slalom-ete","status":"publish","type":"page","link":"https:\/\/test-technique-ski.fr\/fi\/stage-ski-slalom-ete\/","title":{"rendered":"Kes\u00e4n hiihtokilpailukurssi"},"content":{"rendered":"\n<h1 class=\"wp-block-heading\">Slalomhiihtokurssi t\u00e4n\u00e4 kes\u00e4n\u00e4 Tignesiss\u00e4<\/h1>\n\n<h2 class=\"wp-block-heading\">Tutustu ainutlaatuiseen kokemukseen kes\u00e4kurssilla Tignesin j\u00e4\u00e4tik\u00f6ll\u00e4.<\/h2>\n\n<p>Osallistu joka kes\u00e4 Tignesin j\u00e4\u00e4tik\u00f6ll\u00e4 Ranskassa j\u00e4rjestett\u00e4ville erikoishiihtokursseillemme. N\u00e4m\u00e4 kurssit on suunnattu kilpahiiht\u00e4jille, jotka haluavat hioa tekniikkaansa optimaalisissa olosuhteissa sesongin ulkopuolella.  Osallistujia ovat 12-18-vuotiaat nuoret kilpailijat ja aikuiset, jotka valmistautuvat hiihto-opettajan teknisiin kokeisiin.<\/p>\n\n<p><strong>Tignesin kes\u00e4kurssin 2026 yhteyshenkil\u00f6<\/strong>: Nicolas, <a href=\"tel:0033625690113\">06 25 69 01 13<\/a>.<\/p>\n\n<div style=\"height:30px\" aria-hidden=\"true\" class=\"wp-block-spacer\"><\/div>\n\n<h2 class=\"wp-block-heading\">Miksi valita slalomhiihtokurssi Tignesiss\u00e4 kes\u00e4ll\u00e4?<\/h2>\n\n<p>Yli 3000 metrin korkeudessa sijaitseva Tignesin j\u00e4\u00e4tikk\u00f6 tarjoaa poikkeukselliset olosuhteet koko kes\u00e4n ajan, mik\u00e4 takaa laadukkaan lumen ja vertaansa vailla olevan kokemuksen. Ammattitaitoiset valmentajamme ty\u00f6skentelev\u00e4t jokaisen osallistujan kanssa kehitt\u00e4\u00e4kseen h\u00e4nen teknisi\u00e4 ja fyysisi\u00e4 taitojaan, jotka ovat ominaisia slalomille. <\/p>\n\n<h2 class=\"wp-block-heading\">Tignesin slalom-hiihtokurssien p\u00e4iv\u00e4m\u00e4\u00e4r\u00e4t kes\u00e4ll\u00e4 2026.<\/h2>\n\n<ul class=\"wp-block-list\">\n<li>Kurssi <strong>29. kes\u00e4kuuta (klo 16.30) &#8211; 4. hein\u00e4kuuta 2026 Tignesiss\u00e4: 5 p\u00e4iv\u00e4\u00e4 \/ 870 \u20ac<\/strong> kaikki mukaan lukien<\/li>\n\n\n\n<li>Kurssi 4 <strong>.-9. hein\u00e4kuuta 2026 Tignesiss\u00e4:<\/strong> 5 p\u00e4iv\u00e4\u00e4 \/ 870 \u20ac kaikki mukaan lukien.<\/li>\n<\/ul>\n\n<div style=\"height:20px\" aria-hidden=\"true\" class=\"wp-block-spacer\"><\/div>\n\n<p>Tarjoamme <a href=\"https:\/\/test-technique-ski.fr\/fi\/stage-ski-slalom-automne\/\">syksyll\u00e4 my\u00f6s slalomhiihtokursseja<\/a> Amn\u00e9villess\u00e4 ennen kuin alppihiihtokeskukset avautuvat.<\/p>\n\n<h2 class=\"wp-block-heading\">Intensiivinen, henkil\u00f6kohtainen ohjelma<\/h2>\n\n<p>Kes\u00e4kurssimme tarjoavat intensiivist\u00e4 koulutusta, jossa keskityt\u00e4\u00e4n :<\/p>\n\n<ul class=\"wp-block-list\">\n<li><strong>Slalom-tekniikka<\/strong>: liikeratojen parantaminen, porttien hallinta, kiihdytt\u00e4minen mutkissa.<\/li>\n\n\n\n<li><strong>Videoanalyysi<\/strong>: henkil\u00f6kohtainen p\u00e4ivitt\u00e4inen debriefing parantamiskohteiden tunnistamiseksi.<\/li>\n\n\n\n<li><strong>Fyysinen valmistautuminen<\/strong>: erityisi\u00e4 harjoituksia lihasten vahvistamiseksi ja yleisen kunnon parantamiseksi.<\/li>\n\n\n\n<li><strong>Psyykkinen valmennus<\/strong>: keskittymisen kehitt\u00e4minen, stressin hallinta kilpailussa ja itseluottamuksen parantaminen.<\/li>\n<\/ul>\n\n<div style=\"height:20px\" aria-hidden=\"true\" class=\"wp-block-spacer\"><\/div>\n\n<figure class=\"wp-block-image size-large\"><img fetchpriority=\"high\" decoding=\"async\" width=\"1024\" height=\"771\" src=\"https:\/\/test-technique-ski.fr\/wp-content\/uploads\/2025\/03\/ski-tignes-1024x771.jpeg\" alt=\"\" class=\"wp-image-2437\" srcset=\"https:\/\/test-technique-ski.fr\/wp-content\/uploads\/2025\/03\/ski-tignes-1024x771.jpeg 1024w, https:\/\/test-technique-ski.fr\/wp-content\/uploads\/2025\/03\/ski-tignes-300x226.jpeg 300w, https:\/\/test-technique-ski.fr\/wp-content\/uploads\/2025\/03\/ski-tignes-768x578.jpeg 768w, https:\/\/test-technique-ski.fr\/wp-content\/uploads\/2025\/03\/ski-tignes.jpeg 1108w\" sizes=\"(max-width: 1024px) 100vw, 1024px\" \/><figcaption class=\"wp-element-caption\">Laskettelu kes\u00e4ll\u00e4 Tignesin j\u00e4\u00e4tik\u00f6ll\u00e4<\/figcaption><\/figure>\n\n<h2 class=\"wp-block-heading\">Koulutusohjelma poikkeuksellisessa ymp\u00e4rist\u00f6ss\u00e4 Tignesiss\u00e4<\/h2>\n\n<p>Tignes on kes\u00e4hiihdon kansainv\u00e4linen vertailukohde, josta avautuvat henke\u00e4salpaavat panoraaman\u00e4kym\u00e4t ja joka tarjoaa huippuluokan palveluja.  <\/p>\n\n<ul class=\"wp-block-list\">\n<li><strong>Hiihto Tignesin j\u00e4\u00e4tik\u00f6ll\u00e4 aamulla<\/strong>: Grande Motte -j\u00e4\u00e4tik\u00f6ll\u00e4 urheilijat voivat hiiht\u00e4\u00e4 varhain aamulla optimaalisissa lumiolosuhteissa.<\/li>\n\n\n\n<li><strong>Fyysinen valmistautuminen iltap\u00e4iv\u00e4ll\u00e4<\/strong>: erityisi\u00e4 harjoituksia, kuten lihasten vahvistamista, tasapaino- ja koordinaatioharjoittelua, plyometrisi\u00e4 harjoituksia r\u00e4j\u00e4ht\u00e4vyyden lis\u00e4\u00e4miseksi sek\u00e4 syd\u00e4n- ja verisuonitreeni, jolla parannetaan slalomkilpailuissa tarvittavaa kest\u00e4vyytt\u00e4.<\/li>\n<\/ul>\n\n<div style=\"height:20px\" aria-hidden=\"true\" class=\"wp-block-spacer\"><\/div>\n\n<h2 class=\"wp-block-heading\">Kokeneiden valmentajien ryhm\u00e4<\/h2>\n\n<p>Valmentajamme ovat kaikki kokeneita kilpailuvalmentajia <a href=\"https:\/\/www.esf-lesmenuires.fr\/les-menuires\/\">ESF des Menuires &#8211;<\/a> kisoissa talvikaudella. Intohimoiset ja ammattitaitoiset he tuovat asiantuntemuksensa ja tunnustetut opetustaitonsa ohjaamaan jokaista urheilijaa kohti menestyst\u00e4 ja henkil\u00f6kohtaisia saavutuksia. <\/p>\n\n<h2 class=\"wp-block-heading\">Kenelle kurssimme on tarkoitettu?<\/h2>\n\n<p>Kurssimme on suunnattu juniori- ja aikuiskilpailijoille, jotka haluavat optimoida v\u00e4likautensa, jotta he voivat menesty\u00e4 hyvin talvikilpailuissa. Tervetulleita ovat my\u00f6s hiiht\u00e4j\u00e4t, joilla on todistetusti kokemusta slalomista ja jotka haluavat vied\u00e4 kilpailutaitonsa seuraavalle tasolle. <\/p>\n\n<ul class=\"wp-block-list\">\n<li>10-20-vuotiaat nuoret, jotka osallistuvat kilpailukursseille tai talviurheiluseuraan.<\/li>\n\n\n\n<li>Yli 18-vuotiaat aikuiset, jotka valmistautuvat <a href=\"https:\/\/test-technique-ski.fr\/fi\/\">alppihiihdon tekniseen kokeeseen<\/a> tai <a href=\"https:\/\/test-technique-ski.fr\/fi\/ctt-common-training-test-eurotest\/\">Eurotestiin<\/a>.<\/li>\n<\/ul>\n\n<div style=\"height:20px\" aria-hidden=\"true\" class=\"wp-block-spacer\"><\/div>\n\n<h2 class=\"wp-block-heading\">Varaa kurssisi nyt!<\/h2>\n\n<p>Paikkoja Tignesin j\u00e4\u00e4tik\u00f6ll\u00e4 j\u00e4rjestett\u00e4ville kes\u00e4slalom-kursseillemme on rajoitetusti, jotta voidaan varmistaa optimaalinen valvonta.  <\/p>\n\n<p><strong>Ota yhteytt\u00e4 Nicolasiin<\/strong> numeroon <a href=\"tel:0033625690113\">06 25 69 01 13<\/a> jo t\u00e4n\u00e4\u00e4n varataksesi kurssin ja hy\u00f6dynt\u00e4\u00e4ksesi t\u00e4m\u00e4n ainutlaatuisen tilaisuuden parantaa suorituskyky\u00e4si rinteiss\u00e4.<\/p>\n","protected":false},"excerpt":{"rendered":"<p>Slalomhiihtokurssi t\u00e4n\u00e4 kes\u00e4n\u00e4 Tignesiss\u00e4 Tutustu ainutlaatuiseen kokemukseen kes\u00e4kurssilla Tignesin j\u00e4\u00e4tik\u00f6ll\u00e4. Osallistu joka kes\u00e4 Tignesin j\u00e4\u00e4tik\u00f6ll\u00e4 Ranskassa j\u00e4rjestett\u00e4ville erikoishiihtokursseillemme. N\u00e4m\u00e4 kurssit on suunnattu kilpahiiht\u00e4jille, jotka haluavat hioa tekniikkaansa optimaalisissa olosuhteissa sesongin ulkopuolella. Osallistujia ovat 12-18-vuotiaat nuoret kilpailijat ja aikuiset, jotka valmistautuvat hiihto-opettajan teknisiin kokeisiin. Tignesin kes\u00e4kurssin 2026 yhteyshenkil\u00f6: Nicolas, 06 25 69 01 13. Miksi valita [&hellip;]<\/p>\n","protected":false},"author":1,"featured_media":0,"parent":0,"menu_order":0,"comment_status":"closed","ping_status":"closed","template":"","meta":{"footnotes":""},"class_list":["post-2417","page","type-page","status-publish","hentry"],"yoast_head":"<!-- This site is optimized with the Yoast SEO plugin v27.3 - https:\/\/yoast.com\/product\/yoast-seo-wordpress\/ -->\n<title>Kes\u00e4n hiihtokilpailukurssi - TEST TECHNIQUE SKI<\/title>\n<meta name=\"description\" content=\"Osallistu kes\u00e4n slalomhiihtokilpailukursseillemme valmistautuaksesi talvikauteen. Hiihtokilpailukurssit nuorille ja aikuisille\" \/>\n<meta name=\"robots\" content=\"index, follow, max-snippet:-1, max-image-preview:large, max-video-preview:-1\" \/>\n<link rel=\"canonical\" href=\"https:\/\/test-technique-ski.fr\/fi\/stage-ski-slalom-ete\/\" \/>\n<meta property=\"og:locale\" content=\"fi_FI\" \/>\n<meta property=\"og:type\" content=\"article\" \/>\n<meta property=\"og:title\" content=\"Kes\u00e4n hiihtokilpailukurssi - TEST TECHNIQUE SKI\" \/>\n<meta property=\"og:description\" content=\"Osallistu kes\u00e4n slalomhiihtokilpailukursseillemme valmistautuaksesi talvikauteen. Hiihtokilpailukurssit nuorille ja aikuisille\" \/>\n<meta property=\"og:url\" content=\"https:\/\/test-technique-ski.fr\/fi\/stage-ski-slalom-ete\/\" \/>\n<meta property=\"og:site_name\" content=\"TEST TECHNIQUE SKI\" \/>\n<meta property=\"article:modified_time\" content=\"2026-02-28T10:02:03+00:00\" \/>\n<meta property=\"og:image\" content=\"https:\/\/test-technique-ski.fr\/wp-content\/uploads\/2025\/03\/ski-tignes.jpeg\" \/>\n\t<meta property=\"og:image:width\" content=\"1108\" \/>\n\t<meta property=\"og:image:height\" content=\"834\" \/>\n\t<meta property=\"og:image:type\" content=\"image\/jpeg\" \/>\n<meta name=\"twitter:card\" content=\"summary_large_image\" \/>\n<meta name=\"twitter:label1\" content=\"Arvioitu lukuaika\" \/>\n\t<meta name=\"twitter:data1\" content=\"2 minuuttia\" \/>\n<script type=\"application\/ld+json\" class=\"yoast-schema-graph\">{\"@context\":\"https:\\\/\\\/schema.org\",\"@graph\":[{\"@type\":\"WebPage\",\"@id\":\"https:\\\/\\\/test-technique-ski.fr\\\/fi\\\/stage-ski-slalom-ete\\\/\",\"url\":\"https:\\\/\\\/test-technique-ski.fr\\\/fi\\\/stage-ski-slalom-ete\\\/\",\"name\":\"Kes\u00e4n hiihtokilpailukurssi - TEST TECHNIQUE SKI\",\"isPartOf\":{\"@id\":\"https:\\\/\\\/test-technique-ski.fr\\\/fi\\\/#website\"},\"primaryImageOfPage\":{\"@id\":\"https:\\\/\\\/test-technique-ski.fr\\\/fi\\\/stage-ski-slalom-ete\\\/#primaryimage\"},\"image\":{\"@id\":\"https:\\\/\\\/test-technique-ski.fr\\\/fi\\\/stage-ski-slalom-ete\\\/#primaryimage\"},\"thumbnailUrl\":\"https:\\\/\\\/test-technique-ski.fr\\\/wp-content\\\/uploads\\\/2025\\\/03\\\/ski-tignes-1024x771.jpeg\",\"datePublished\":\"2025-03-31T11:53:37+00:00\",\"dateModified\":\"2026-02-28T10:02:03+00:00\",\"description\":\"Osallistu kes\u00e4n slalomhiihtokilpailukursseillemme valmistautuaksesi talvikauteen. Hiihtokilpailukurssit nuorille ja aikuisille\",\"inLanguage\":\"fi\",\"potentialAction\":[{\"@type\":\"ReadAction\",\"target\":[\"https:\\\/\\\/test-technique-ski.fr\\\/fi\\\/stage-ski-slalom-ete\\\/\"]}]},{\"@type\":\"ImageObject\",\"inLanguage\":\"fi\",\"@id\":\"https:\\\/\\\/test-technique-ski.fr\\\/fi\\\/stage-ski-slalom-ete\\\/#primaryimage\",\"url\":\"https:\\\/\\\/test-technique-ski.fr\\\/wp-content\\\/uploads\\\/2025\\\/03\\\/ski-tignes-1024x771.jpeg\",\"contentUrl\":\"https:\\\/\\\/test-technique-ski.fr\\\/wp-content\\\/uploads\\\/2025\\\/03\\\/ski-tignes-1024x771.jpeg\"},{\"@type\":\"WebSite\",\"@id\":\"https:\\\/\\\/test-technique-ski.fr\\\/fi\\\/#website\",\"url\":\"https:\\\/\\\/test-technique-ski.fr\\\/fi\\\/\",\"name\":\"TEST TECHNIQUE SKI\",\"description\":\"\",\"potentialAction\":[{\"@type\":\"SearchAction\",\"target\":{\"@type\":\"EntryPoint\",\"urlTemplate\":\"https:\\\/\\\/test-technique-ski.fr\\\/fi\\\/?s={search_term_string}\"},\"query-input\":{\"@type\":\"PropertyValueSpecification\",\"valueRequired\":true,\"valueName\":\"search_term_string\"}}],\"inLanguage\":\"fi\"}]}<\/script>\n<!-- \/ Yoast SEO plugin. -->","yoast_head_json":{"title":"Kes\u00e4n hiihtokilpailukurssi - TEST TECHNIQUE SKI","description":"Osallistu kes\u00e4n slalomhiihtokilpailukursseillemme valmistautuaksesi talvikauteen. Hiihtokilpailukurssit nuorille ja aikuisille","robots":{"index":"index","follow":"follow","max-snippet":"max-snippet:-1","max-image-preview":"max-image-preview:large","max-video-preview":"max-video-preview:-1"},"canonical":"https:\/\/test-technique-ski.fr\/fi\/stage-ski-slalom-ete\/","og_locale":"fi_FI","og_type":"article","og_title":"Kes\u00e4n hiihtokilpailukurssi - TEST TECHNIQUE SKI","og_description":"Osallistu kes\u00e4n slalomhiihtokilpailukursseillemme valmistautuaksesi talvikauteen. Hiihtokilpailukurssit nuorille ja aikuisille","og_url":"https:\/\/test-technique-ski.fr\/fi\/stage-ski-slalom-ete\/","og_site_name":"TEST TECHNIQUE SKI","article_modified_time":"2026-02-28T10:02:03+00:00","og_image":[{"width":1108,"height":834,"url":"https:\/\/test-technique-ski.fr\/wp-content\/uploads\/2025\/03\/ski-tignes.jpeg","type":"image\/jpeg"}],"twitter_card":"summary_large_image","twitter_misc":{"Arvioitu lukuaika":"2 minuuttia"},"schema":{"@context":"https:\/\/schema.org","@graph":[{"@type":"WebPage","@id":"https:\/\/test-technique-ski.fr\/fi\/stage-ski-slalom-ete\/","url":"https:\/\/test-technique-ski.fr\/fi\/stage-ski-slalom-ete\/","name":"Kes\u00e4n hiihtokilpailukurssi - TEST TECHNIQUE SKI","isPartOf":{"@id":"https:\/\/test-technique-ski.fr\/fi\/#website"},"primaryImageOfPage":{"@id":"https:\/\/test-technique-ski.fr\/fi\/stage-ski-slalom-ete\/#primaryimage"},"image":{"@id":"https:\/\/test-technique-ski.fr\/fi\/stage-ski-slalom-ete\/#primaryimage"},"thumbnailUrl":"https:\/\/test-technique-ski.fr\/wp-content\/uploads\/2025\/03\/ski-tignes-1024x771.jpeg","datePublished":"2025-03-31T11:53:37+00:00","dateModified":"2026-02-28T10:02:03+00:00","description":"Osallistu kes\u00e4n slalomhiihtokilpailukursseillemme valmistautuaksesi talvikauteen. Hiihtokilpailukurssit nuorille ja aikuisille","inLanguage":"fi","potentialAction":[{"@type":"ReadAction","target":["https:\/\/test-technique-ski.fr\/fi\/stage-ski-slalom-ete\/"]}]},{"@type":"ImageObject","inLanguage":"fi","@id":"https:\/\/test-technique-ski.fr\/fi\/stage-ski-slalom-ete\/#primaryimage","url":"https:\/\/test-technique-ski.fr\/wp-content\/uploads\/2025\/03\/ski-tignes-1024x771.jpeg","contentUrl":"https:\/\/test-technique-ski.fr\/wp-content\/uploads\/2025\/03\/ski-tignes-1024x771.jpeg"},{"@type":"WebSite","@id":"https:\/\/test-technique-ski.fr\/fi\/#website","url":"https:\/\/test-technique-ski.fr\/fi\/","name":"TEST TECHNIQUE SKI","description":"","potentialAction":[{"@type":"SearchAction","target":{"@type":"EntryPoint","urlTemplate":"https:\/\/test-technique-ski.fr\/fi\/?s={search_term_string}"},"query-input":{"@type":"PropertyValueSpecification","valueRequired":true,"valueName":"search_term_string"}}],"inLanguage":"fi"}]}},"_links":{"self":[{"href":"https:\/\/test-technique-ski.fr\/fi\/wp-json\/wp\/v2\/pages\/2417","targetHints":{"allow":["GET"]}}],"collection":[{"href":"https:\/\/test-technique-ski.fr\/fi\/wp-json\/wp\/v2\/pages"}],"about":[{"href":"https:\/\/test-technique-ski.fr\/fi\/wp-json\/wp\/v2\/types\/page"}],"author":[{"embeddable":true,"href":"https:\/\/test-technique-ski.fr\/fi\/wp-json\/wp\/v2\/users\/1"}],"replies":[{"embeddable":true,"href":"https:\/\/test-technique-ski.fr\/fi\/wp-json\/wp\/v2\/comments?post=2417"}],"version-history":[{"count":3,"href":"https:\/\/test-technique-ski.fr\/fi\/wp-json\/wp\/v2\/pages\/2417\/revisions"}],"predecessor-version":[{"id":3809,"href":"https:\/\/test-technique-ski.fr\/fi\/wp-json\/wp\/v2\/pages\/2417\/revisions\/3809"}],"wp:attachment":[{"href":"https:\/\/test-technique-ski.fr\/fi\/wp-json\/wp\/v2\/media?parent=2417"}],"curies":[{"name":"wp","href":"https:\/\/api.w.org\/{rel}","templated":true}]}}