{"id":2528,"date":"2025-03-31T14:35:08","date_gmt":"2025-03-31T13:35:08","guid":{"rendered":"https:\/\/test-technique-ski.fr\/stage-ski-slalom-automne\/"},"modified":"2026-01-05T20:11:12","modified_gmt":"2026-01-05T20:11:12","slug":"stage-ski-slalom-automne","status":"publish","type":"page","link":"https:\/\/test-technique-ski.fr\/fi\/stage-ski-slalom-automne\/","title":{"rendered":"Syksyn slalomhiihtokurssi"},"content":{"rendered":"\n<h1 class=\"wp-block-heading\">Hiihtokilpailukurssi All Saints&#8217; Dayss\u00e4<\/h1>\n\n<h2 class=\"wp-block-heading\">Syksyn alppihiihtokilpailukurssi SnowWorld d&#8217;Amn\u00e9villess\u00e4<\/h2>\n\n<p>Osallistu <a href=\"https:\/\/test-technique-ski.fr\/fi\/stage-ski-slalom-amneville\/\">slalomhiihtokursseillemme Amn\u00e9villess\u00e4<\/a>. Intensiiviset hiihtokilpailukurssimme j\u00e4rjestet\u00e4\u00e4n SnowWorldin sis\u00e4keskuksessa Amn\u00e9villess\u00e4, Ranskassa. Aivan kuten <a href=\"https:\/\/test-technique-ski.fr\/fi\/stage-ski-slalom-ete\/\">kes\u00e4iset slalomkurssimme Tignesiss\u00e4<\/a>, n\u00e4m\u00e4 kurssit ovat erinomainen valmistelu talvikaudelle. Niiden avulla hiiht\u00e4j\u00e4t voivat harjoitella tekniikkaansa optimaalisissa olosuhteissa lokakuussa, kun hiihtokeskukset eiv\u00e4t ole viel\u00e4 avoinna.<\/p>\n\n<h2 class=\"wp-block-heading\">Miksi valita hiihtokurssi Amn\u00e9villess\u00e4 Pyh\u00e4inp\u00e4iv\u00e4n\u00e4?<\/h2>\n\n<p><a href=\"https:\/\/www.snowworld.com\/amneville\/fr\">SnowWorldin sis\u00e4kupoli Amn\u00e9villess\u00e4<\/a> tarjoaa t\u00e4ydelliset olosuhteet ja lumipeitteiset rinteet ymp\u00e4ri vuoden. Pid\u00e4t\u00e4mme ja yksityist\u00e4mme v\u00e4yli\u00e4 erityisesti slalom-harjoituksiamme varten, mik\u00e4 takaa ihanteelliset olosuhteet tehokkaalle edistymiselle.<\/p>\n\n<p><strong>Syksyn 2026 hiihtokurssi yhteyshenkil\u00f6<\/strong>: Nicolas puh. <a href=\"tel:0033625690113\">06 25 69 01 13<\/a>.<\/p>\n\n<div style=\"height:30px\" aria-hidden=\"true\" class=\"wp-block-spacer\"><\/div>\n\n<figure class=\"wp-block-image size-large\"><img fetchpriority=\"high\" decoding=\"async\" width=\"1024\" height=\"865\" src=\"https:\/\/test-technique-ski.fr\/wp-content\/uploads\/2025\/03\/IMG_1992-1024x865.jpg\" alt=\"\" class=\"wp-image-2667\" srcset=\"https:\/\/test-technique-ski.fr\/wp-content\/uploads\/2025\/03\/IMG_1992-1024x865.jpg 1024w, https:\/\/test-technique-ski.fr\/wp-content\/uploads\/2025\/03\/IMG_1992-300x253.jpg 300w, https:\/\/test-technique-ski.fr\/wp-content\/uploads\/2025\/03\/IMG_1992-768x649.jpg 768w, https:\/\/test-technique-ski.fr\/wp-content\/uploads\/2025\/03\/IMG_1992.jpg 1290w\" sizes=\"(max-width: 1024px) 100vw, 1024px\" \/><figcaption class=\"wp-element-caption\">Slalom-hiihdon sis\u00e4kurssi lokakuussa Amn\u00e9villess\u00e4<\/figcaption><\/figure>\n\n<h2 class=\"wp-block-heading\">Intensiivinen ja kattava ohjelma<\/h2>\n\n<p>Kursseihimme sis\u00e4ltyy useita tunteja slalomhiihtoa joka p\u00e4iv\u00e4, mink\u00e4 j\u00e4lkeen seuraa perusteellinen fyysinen valmistautuminen maksimaalisen edistymisen varmistamiseksi:<\/p>\n\n<ul class=\"wp-block-list\">\n<li><strong>Intensiivinen slalomharjoittelu<\/strong>: tarkkaa teknist\u00e4 ty\u00f6skentely\u00e4 omilla v\u00e4ylill\u00e4, kohdennettuja ja ajoitettuja harjoituksia.<\/li>\n\n\n\n<li><strong>Fyysinen valmistautuminen<\/strong>: kilpailukohtainen harjoittelu, lihaskuntoa vahvistava harjoittelu, plyometrinen harjoittelu, kest\u00e4vyysharjoittelu ja koordinaatioharjoitukset.<\/li>\n\n\n\n<li><strong>Videoanalyysi <\/strong>: henkil\u00f6kohtainen raportointi, jonka avulla voidaan nopeasti tunnistaa parannuskohteet.<\/li>\n<\/ul>\n\n<div style=\"height:20px\" aria-hidden=\"true\" class=\"wp-block-spacer\"><\/div>\n\n<h2 class=\"wp-block-heading\">Amn\u00e9villen syksyn kurssien p\u00e4iv\u00e4m\u00e4\u00e4r\u00e4t ja hinnat<\/h2>\n\n<ul class=\"wp-block-list\">\n<li><strong>18.10.-22.10.2026<\/strong>: 4 p\u00e4iv\u00e4\u00e4 \/ 790 \u20ac kaikki mukaan lukien (paitsi bussikuljetukset*).<\/li>\n\n\n\n<li><strong>22.10.-26.10.2026<\/strong>: 4 p\u00e4iv\u00e4\u00e4 \/ 790 \u20ac kaikki mukaan lukien (paitsi bussikuljetukset*).<\/li>\n<\/ul>\n\n<div style=\"height:10px\" aria-hidden=\"true\" class=\"wp-block-spacer\"><\/div>\n\n<p><strong>N\u00e4ihin hintoihin sis\u00e4ltyv\u00e4t majoitus, ateriat, hiihtopassit ja ammattitaitoinen valvonta.<\/strong><\/p>\n\n<div style=\"height:20px\" aria-hidden=\"true\" class=\"wp-block-spacer\"><\/div>\n\n<h2 class=\"wp-block-heading\">Hyv\u00e4ksyttyjen ammattilaisten suorittama valvonta<\/h2>\n\n<p>Ammattivalmentajatiimimme, joka koostuu kansallisista kilpailuista ja <a href=\"https:\/\/www.esf-lesmenuires.fr\/les-menuires\/\">Menuires ESF:st\u00e4<\/a>, antaa sinulle henkil\u00f6kohtaista teknist\u00e4 tukea koko kurssin ajan. Heid\u00e4n asiantuntemuksensa ja neuvonsa auttavat sinua saamaan itseluottamusta ja olemaan valmis talvikilpailuihin.<\/p>\n\n<h2 class=\"wp-block-heading\">Varaa syksyn valmentava kurssi Amn\u00e9villess\u00e4 nyt!<\/h2>\n\n<p>Paikkoja on rajoitetusti, jotta voimme taata valmennuksen laadun, joten \u00e4l\u00e4 en\u00e4\u00e4 odota varaamalla paikkasi ja optimoi valmistautumisesi talven kilpailukauteen.<\/p>\n\n<p><strong>Syksyn 2026 hiihtokurssi yhteyshenkil\u00f6<\/strong>: Nicolas puh. <a href=\"tel:0033625690113\">06 25 69 01 13<\/a>.<\/p>\n","protected":false},"excerpt":{"rendered":"<p>Hiihtokilpailukurssi All Saints&#8217; Dayss\u00e4 Syksyn alppihiihtokilpailukurssi SnowWorld d&#8217;Amn\u00e9villess\u00e4 Osallistu slalomhiihtokursseillemme Amn\u00e9villess\u00e4. Intensiiviset hiihtokilpailukurssimme j\u00e4rjestet\u00e4\u00e4n SnowWorldin sis\u00e4keskuksessa Amn\u00e9villess\u00e4, Ranskassa. Aivan kuten kes\u00e4iset slalomkurssimme Tignesiss\u00e4, n\u00e4m\u00e4 kurssit ovat erinomainen valmistelu talvikaudelle. Niiden avulla hiiht\u00e4j\u00e4t voivat harjoitella tekniikkaansa optimaalisissa olosuhteissa lokakuussa, kun hiihtokeskukset eiv\u00e4t ole viel\u00e4 avoinna. Miksi valita hiihtokurssi Amn\u00e9villess\u00e4 Pyh\u00e4inp\u00e4iv\u00e4n\u00e4? SnowWorldin sis\u00e4kupoli Amn\u00e9villess\u00e4 tarjoaa t\u00e4ydelliset olosuhteet [&hellip;]<\/p>\n","protected":false},"author":1,"featured_media":0,"parent":0,"menu_order":0,"comment_status":"closed","ping_status":"closed","template":"","meta":{"footnotes":""},"class_list":["post-2528","page","type-page","status-publish","hentry"],"yoast_head":"<!-- This site is optimized with the Yoast SEO plugin v27.3 - https:\/\/yoast.com\/product\/yoast-seo-wordpress\/ -->\n<title>Syksyn slalomhiihtokurssi - TEST TECHNIQUE SKI<\/title>\n<meta name=\"description\" content=\"Osallistu syksyn hiihtokilpailukursseillemme Amn\u00e9villess\u00e4 valmistautuaksesi talvikaudelle. Slalom-kurssit nuorille ja aikuisille\" \/>\n<meta name=\"robots\" content=\"index, follow, max-snippet:-1, max-image-preview:large, max-video-preview:-1\" \/>\n<link rel=\"canonical\" href=\"https:\/\/test-technique-ski.fr\/fi\/stage-ski-slalom-automne\/\" \/>\n<meta property=\"og:locale\" content=\"fi_FI\" \/>\n<meta property=\"og:type\" content=\"article\" \/>\n<meta property=\"og:title\" content=\"Syksyn slalomhiihtokurssi - TEST TECHNIQUE SKI\" \/>\n<meta property=\"og:description\" content=\"Osallistu syksyn hiihtokilpailukursseillemme Amn\u00e9villess\u00e4 valmistautuaksesi talvikaudelle. Slalom-kurssit nuorille ja aikuisille\" \/>\n<meta property=\"og:url\" content=\"https:\/\/test-technique-ski.fr\/fi\/stage-ski-slalom-automne\/\" \/>\n<meta property=\"og:site_name\" content=\"TEST TECHNIQUE SKI\" \/>\n<meta property=\"article:modified_time\" content=\"2026-01-05T20:11:12+00:00\" \/>\n<meta property=\"og:image\" content=\"https:\/\/test-technique-ski.fr\/wp-content\/uploads\/2025\/03\/IMG_1992.jpg\" \/>\n\t<meta property=\"og:image:width\" content=\"1290\" \/>\n\t<meta property=\"og:image:height\" content=\"1090\" \/>\n\t<meta property=\"og:image:type\" content=\"image\/jpeg\" \/>\n<meta name=\"twitter:card\" content=\"summary_large_image\" \/>\n<meta name=\"twitter:label1\" content=\"Arvioitu lukuaika\" \/>\n\t<meta name=\"twitter:data1\" content=\"1 minuutti\" \/>\n<script type=\"application\/ld+json\" class=\"yoast-schema-graph\">{\"@context\":\"https:\\\/\\\/schema.org\",\"@graph\":[{\"@type\":\"WebPage\",\"@id\":\"https:\\\/\\\/test-technique-ski.fr\\\/fi\\\/stage-ski-slalom-automne\\\/\",\"url\":\"https:\\\/\\\/test-technique-ski.fr\\\/fi\\\/stage-ski-slalom-automne\\\/\",\"name\":\"Syksyn slalomhiihtokurssi - TEST TECHNIQUE SKI\",\"isPartOf\":{\"@id\":\"https:\\\/\\\/test-technique-ski.fr\\\/fi\\\/#website\"},\"primaryImageOfPage\":{\"@id\":\"https:\\\/\\\/test-technique-ski.fr\\\/fi\\\/stage-ski-slalom-automne\\\/#primaryimage\"},\"image\":{\"@id\":\"https:\\\/\\\/test-technique-ski.fr\\\/fi\\\/stage-ski-slalom-automne\\\/#primaryimage\"},\"thumbnailUrl\":\"https:\\\/\\\/test-technique-ski.fr\\\/wp-content\\\/uploads\\\/2025\\\/03\\\/IMG_1992-1024x865.jpg\",\"datePublished\":\"2025-03-31T13:35:08+00:00\",\"dateModified\":\"2026-01-05T20:11:12+00:00\",\"description\":\"Osallistu syksyn hiihtokilpailukursseillemme Amn\u00e9villess\u00e4 valmistautuaksesi talvikaudelle. Slalom-kurssit nuorille ja aikuisille\",\"inLanguage\":\"fi\",\"potentialAction\":[{\"@type\":\"ReadAction\",\"target\":[\"https:\\\/\\\/test-technique-ski.fr\\\/fi\\\/stage-ski-slalom-automne\\\/\"]}]},{\"@type\":\"ImageObject\",\"inLanguage\":\"fi\",\"@id\":\"https:\\\/\\\/test-technique-ski.fr\\\/fi\\\/stage-ski-slalom-automne\\\/#primaryimage\",\"url\":\"https:\\\/\\\/test-technique-ski.fr\\\/wp-content\\\/uploads\\\/2025\\\/03\\\/IMG_1992-1024x865.jpg\",\"contentUrl\":\"https:\\\/\\\/test-technique-ski.fr\\\/wp-content\\\/uploads\\\/2025\\\/03\\\/IMG_1992-1024x865.jpg\"},{\"@type\":\"WebSite\",\"@id\":\"https:\\\/\\\/test-technique-ski.fr\\\/fi\\\/#website\",\"url\":\"https:\\\/\\\/test-technique-ski.fr\\\/fi\\\/\",\"name\":\"TEST TECHNIQUE SKI\",\"description\":\"\",\"potentialAction\":[{\"@type\":\"SearchAction\",\"target\":{\"@type\":\"EntryPoint\",\"urlTemplate\":\"https:\\\/\\\/test-technique-ski.fr\\\/fi\\\/?s={search_term_string}\"},\"query-input\":{\"@type\":\"PropertyValueSpecification\",\"valueRequired\":true,\"valueName\":\"search_term_string\"}}],\"inLanguage\":\"fi\"}]}<\/script>\n<!-- \/ Yoast SEO plugin. -->","yoast_head_json":{"title":"Syksyn slalomhiihtokurssi - TEST TECHNIQUE SKI","description":"Osallistu syksyn hiihtokilpailukursseillemme Amn\u00e9villess\u00e4 valmistautuaksesi talvikaudelle. Slalom-kurssit nuorille ja aikuisille","robots":{"index":"index","follow":"follow","max-snippet":"max-snippet:-1","max-image-preview":"max-image-preview:large","max-video-preview":"max-video-preview:-1"},"canonical":"https:\/\/test-technique-ski.fr\/fi\/stage-ski-slalom-automne\/","og_locale":"fi_FI","og_type":"article","og_title":"Syksyn slalomhiihtokurssi - TEST TECHNIQUE SKI","og_description":"Osallistu syksyn hiihtokilpailukursseillemme Amn\u00e9villess\u00e4 valmistautuaksesi talvikaudelle. Slalom-kurssit nuorille ja aikuisille","og_url":"https:\/\/test-technique-ski.fr\/fi\/stage-ski-slalom-automne\/","og_site_name":"TEST TECHNIQUE SKI","article_modified_time":"2026-01-05T20:11:12+00:00","og_image":[{"width":1290,"height":1090,"url":"https:\/\/test-technique-ski.fr\/wp-content\/uploads\/2025\/03\/IMG_1992.jpg","type":"image\/jpeg"}],"twitter_card":"summary_large_image","twitter_misc":{"Arvioitu lukuaika":"1 minuutti"},"schema":{"@context":"https:\/\/schema.org","@graph":[{"@type":"WebPage","@id":"https:\/\/test-technique-ski.fr\/fi\/stage-ski-slalom-automne\/","url":"https:\/\/test-technique-ski.fr\/fi\/stage-ski-slalom-automne\/","name":"Syksyn slalomhiihtokurssi - TEST TECHNIQUE SKI","isPartOf":{"@id":"https:\/\/test-technique-ski.fr\/fi\/#website"},"primaryImageOfPage":{"@id":"https:\/\/test-technique-ski.fr\/fi\/stage-ski-slalom-automne\/#primaryimage"},"image":{"@id":"https:\/\/test-technique-ski.fr\/fi\/stage-ski-slalom-automne\/#primaryimage"},"thumbnailUrl":"https:\/\/test-technique-ski.fr\/wp-content\/uploads\/2025\/03\/IMG_1992-1024x865.jpg","datePublished":"2025-03-31T13:35:08+00:00","dateModified":"2026-01-05T20:11:12+00:00","description":"Osallistu syksyn hiihtokilpailukursseillemme Amn\u00e9villess\u00e4 valmistautuaksesi talvikaudelle. Slalom-kurssit nuorille ja aikuisille","inLanguage":"fi","potentialAction":[{"@type":"ReadAction","target":["https:\/\/test-technique-ski.fr\/fi\/stage-ski-slalom-automne\/"]}]},{"@type":"ImageObject","inLanguage":"fi","@id":"https:\/\/test-technique-ski.fr\/fi\/stage-ski-slalom-automne\/#primaryimage","url":"https:\/\/test-technique-ski.fr\/wp-content\/uploads\/2025\/03\/IMG_1992-1024x865.jpg","contentUrl":"https:\/\/test-technique-ski.fr\/wp-content\/uploads\/2025\/03\/IMG_1992-1024x865.jpg"},{"@type":"WebSite","@id":"https:\/\/test-technique-ski.fr\/fi\/#website","url":"https:\/\/test-technique-ski.fr\/fi\/","name":"TEST TECHNIQUE SKI","description":"","potentialAction":[{"@type":"SearchAction","target":{"@type":"EntryPoint","urlTemplate":"https:\/\/test-technique-ski.fr\/fi\/?s={search_term_string}"},"query-input":{"@type":"PropertyValueSpecification","valueRequired":true,"valueName":"search_term_string"}}],"inLanguage":"fi"}]}},"_links":{"self":[{"href":"https:\/\/test-technique-ski.fr\/fi\/wp-json\/wp\/v2\/pages\/2528","targetHints":{"allow":["GET"]}}],"collection":[{"href":"https:\/\/test-technique-ski.fr\/fi\/wp-json\/wp\/v2\/pages"}],"about":[{"href":"https:\/\/test-technique-ski.fr\/fi\/wp-json\/wp\/v2\/types\/page"}],"author":[{"embeddable":true,"href":"https:\/\/test-technique-ski.fr\/fi\/wp-json\/wp\/v2\/users\/1"}],"replies":[{"embeddable":true,"href":"https:\/\/test-technique-ski.fr\/fi\/wp-json\/wp\/v2\/comments?post=2528"}],"version-history":[{"count":4,"href":"https:\/\/test-technique-ski.fr\/fi\/wp-json\/wp\/v2\/pages\/2528\/revisions"}],"predecessor-version":[{"id":3617,"href":"https:\/\/test-technique-ski.fr\/fi\/wp-json\/wp\/v2\/pages\/2528\/revisions\/3617"}],"wp:attachment":[{"href":"https:\/\/test-technique-ski.fr\/fi\/wp-json\/wp\/v2\/media?parent=2528"}],"curies":[{"name":"wp","href":"https:\/\/api.w.org\/{rel}","templated":true}]}}