{"id":2819,"date":"2025-08-29T12:49:59","date_gmt":"2025-08-29T11:49:59","guid":{"rendered":"https:\/\/test-technique-ski.fr\/formation-moniteur-de-ski-alpin\/"},"modified":"2025-08-29T13:10:50","modified_gmt":"2025-08-29T12:10:50","slug":"formation-moniteur-de-ski-alpin","status":"publish","type":"page","link":"https:\/\/test-technique-ski.fr\/fi\/formation-moniteur-de-ski-alpin\/","title":{"rendered":"Ty\u00f6h\u00f6n sidottu koulutus Dipl\u00f4me d&#8217;\u00c9tat Moniteur National de Ski Alpin (kansallinen alppihiihdonopettajan tutkinto) saamiseksi"},"content":{"rendered":"\n<h1 class=\"wp-block-heading\">Dipl\u00f4me d&#8217;Etat de moniteur de ski alpin -tutkinnon suorittamiseen t\u00e4ht\u00e4\u00e4v\u00e4 koulutus Ranskassa.<\/h1>\n\n<p>Ty\u00f6h\u00f6n sidottu koulutus, jonka tavoitteena on <strong>Dipl\u00f4me d&#8217;Etat de Moniteur National de Ski Alpin (DE Ski Alpin<\/strong> ), antaa sinulle mahdollisuuden hankkia teknisi\u00e4, opetuksellisia ja ammatillisia taitoja ty\u00f6skennelless\u00e4si alalla. Jotta voit menesty\u00e4 t\u00e4ss\u00e4 vaativassa koulutuksessa, on t\u00e4rke\u00e4\u00e4 tiet\u00e4\u00e4, mihin <strong>organisaatioihin ja hiihtokouluihin kannattaa ottaa yhteytt\u00e4<\/strong>, jotta voit valmistautua kokeisiin, moduuleihin ja ty\u00f6ss\u00e4oppimisjaksoihin. <\/p>\n\n<h2 class=\"wp-block-heading\">Miksi valita DE Ski Alpin -kurssille sandwich-kurssi?<\/h2>\n\n<ul class=\"wp-block-list\">\n<li>V\u00e4lit\u00f6n ty\u00f6kokemus: ty\u00f6skentely hiihtokoulussa kurssin ohella.<\/li>\n\n\n\n<li>Rahoitus ja korvaus: osa kustannuksista voidaan kattaa, ja ty\u00f6h\u00f6n sidottu koulutus tarjoaa tuloja.<\/li>\n\n\n\n<li>Kokeneiden ammattilaisten valvonta: perehtyminen ESR:n, seuran tai hyv\u00e4ksytyn organisaation p\u00e4ivitt\u00e4iseen toimintaan.<\/li>\n\n\n\n<li>Suora liittyminen ranskalaisten ja kansainv\u00e4listen hiihto-opettajien verkostoon.<\/li>\n<\/ul>\n\n<div style=\"height:10px\" aria-hidden=\"true\" class=\"wp-block-spacer\"><\/div>\n\n<h2 class=\"wp-block-heading\">Ensisijainen kumppani: ESF Les Menuires<\/h2>\n\n<p>Les Menuiresin ranskalainen hiihtokoulu on merkitt\u00e4v\u00e4 toimija tulevien ty\u00f6el\u00e4m\u00e4\u00e4n sidottujen ohjaajien tukemisessa. Se tarjoaa ihanteellisen ymp\u00e4rist\u00f6n harjoittelun, opetuksen ja DE Alpine Skiing -koulutusyksik\u00f6ihin valmistautumisen yhdist\u00e4miseen. <\/p>\n\n<p><strong>P\u00e4\u00e4yhteyshenkil\u00f6:<\/strong><br\/>\ud83d\udc64 Nicolas Flage<br\/>\ud83d\udcf1 Mobile: 06 25 69 01 13<br\/>\ud83d\udccd Les Menuires &#8211; Domaine skiable des 3 Vall\u00e9es<\/p>\n\n<p><a href=\"https:\/\/www.esf-lesmenuires.fr\/produits-saison\/devenir-moniteur\/\">ESF Les Menuires<\/a> toivottaa sinut tervetulleeksi sandwich-kurssille ja opastaa sinut <a href=\"https:\/\/test-technique-ski.fr\/fi\/tulla-alppihiihto-opettajaksi\/\">alppihiihto-ohjaajaksi valmistumisen<\/a> eri vaiheissa.<\/p>\n\n<h2 class=\"wp-block-heading\">Miten sandwich-kurssi toimii?<\/h2>\n\n<p>Dipl\u00f4me d&#8217;Etat Moniteur National de Ski Alpin -kurssilla vuorottelevat teoreettiset ja k\u00e4yt\u00e4nn\u00f6n opintojaksot <a href=\"http:\/\/ensm.sports.gouv.fr\">ENSA Chamonix&#8217;<\/a> ssa ja opintojaksot hiihtokoulussa, kuten ESF Les Menuiresissa. Opiskelijat ty\u00f6skentelev\u00e4t ty\u00f6ntekij\u00f6in\u00e4 tai harjoittelijoina kumppaniorganisaatiossa, mik\u00e4 antaa heille mahdollisuuden soveltaa v\u00e4litt\u00f6m\u00e4sti k\u00e4yt\u00e4nn\u00f6ss\u00e4 harjoittelujaksoillaan (UF) hankkimiaan taitoja. Sandwich-kurssi on progressiivinen: aluksi keskityt\u00e4\u00e4n tekniikan ja perusopetustaitojen parantamiseen, mutta sitten siirryt\u00e4\u00e4n kohti t\u00e4ydellist\u00e4 itsen\u00e4isyytt\u00e4 kaikentasoisten ryhmien ohjaamisessa.  <\/p>\n\n<h2 class=\"wp-block-heading\">Kuinka kauan kurssi kest\u00e4\u00e4?<\/h2>\n\n<p>Ajan pituus vaihtelee hakijan taustan ja l\u00e4ht\u00f6tason mukaan. T\u00e4ydellisen tutkintotodistuksen saaminen kest\u00e4\u00e4 keskim\u00e4\u00e4rin 4-7 vuotta, ja lakis\u00e4\u00e4teinen enimm\u00e4isaika on 10 vuotta. Joillakin huippu-urheilijoilla tai vastaavien tutkintojen (BEES, DE muilla aloilla) haltijoilla voi olla lyhyempi aika. Ty\u00f6h\u00f6n sidottu koulutus nopeuttaa usein ammatillistumisprosessia, koska siin\u00e4 yhdistyv\u00e4t akateeminen koulutus ja palkallinen kentt\u00e4kokemus.   <\/p>\n\n<h2 class=\"wp-block-heading\">Milloin koulutus j\u00e4rjestet\u00e4\u00e4n?<\/h2>\n\n<p>Koulutus jakautuu useammalle talvikaudelle, yleens\u00e4 joulukuusta huhtikuuhun, jonka aikana tuleva ohjaaja ty\u00f6skentelee kumppanina toimivassa ESF:ss\u00e4, kuten <a href=\"https:\/\/www.esf-lesmenuires.fr\/\">ESF Les Menuiresissa<\/a>. ENSA:n j\u00e4rjest\u00e4m\u00e4t koulutustilaisuudet j\u00e4rjestet\u00e4\u00e4n ymp\u00e4ri vuoden, usein kausien (kev\u00e4t ja syksy) v\u00e4lisen\u00e4 aikana, jotta koulutettavat voivat ty\u00f6skennell\u00e4 kent\u00e4ll\u00e4 talven aikana. T\u00e4m\u00e4 rytmi mahdollistaa t\u00e4ydellisen uppoutumisen hiihto-opettajan ty\u00f6el\u00e4m\u00e4\u00e4n ja samalla tutkintotodistuksen s\u00e4\u00e4d\u00f6svaiheiden vahvistamisen.  <\/p>\n\n<h2 class=\"wp-block-heading\">T\u00e4rkeimm\u00e4t organisaatiot, joihin kannattaa ottaa yhteytt\u00e4<\/h2>\n\n<h3 class=\"wp-block-heading\">Kansallinen hiihto- ja vuorikiipeilykoulu (ENSA \/ ENSM)<\/h3>\n\n<ul class=\"wp-block-list\">\n<li>Osoite: 35 route du Bouchet, 74400 Chamonix-Mont-Blanc.<\/li>\n\n\n\n<li>Puh. vastaanotto: 04 50 55 30 30<\/li>\n\n\n\n<li>S\u00e4hk\u00f6posti: ensa.accueil@ensm.sports.gouv.fr<\/li>\n\n\n\n<li>Yhteydenotot koulutusmoduuleittain (UF): UF1, UF2, Eurotest, kertauskurssit, SHN jne.<\/li>\n\n\n\n<li>Virallinen verkkosivusto: <a href=\"http:\/\/ensm.sports.gouv.fr\">ensm.sports.gouv.fr<\/a><\/li>\n<\/ul>\n\n<div style=\"height:10px\" aria-hidden=\"true\" class=\"wp-block-spacer\"><\/div>\n\n<h3 class=\"wp-block-heading\">Ranskan hiihtoliitto (FFS)<\/h3>\n\n<p>FFS valvoo kilpailuharjoittelumoduuleja erityisesti huippu-urheilijoille. Verkkosivusto: <a href=\"https:\/\/ffs.fr\/\">ffs.fr<\/a> <\/p>\n\n<h3 class=\"wp-block-heading\">Ranskan hiihto-opettajien kansallinen liitto (SNMSF)<\/h3>\n\n<p>T\u00e4m\u00e4 on ESR-kouluttajien liittorakenne, ja se koordinoi kansallista verkostoa. Sen verkkosivusto on <a href=\"https:\/\/www.esf.net\/\">esf.net<\/a>. <\/p>\n\n<h2 class=\"wp-block-heading\">Aloita koulutus nyt<\/h2>\n\n<p>Sandwich-kurssi on paras tapa suorittaa menestyksekk\u00e4\u00e4sti <strong>National Alpine Ski Instructor Diploma<\/strong>: suora uppoutuminen, valvottu kokemus ja t\u00e4ydellinen valmistautuminen.<\/p>\n\n<p>K\u00e4yt\u00e4nn\u00f6nl\u00e4heist\u00e4 ja henkil\u00f6kohtaista tukea saat <strong>ottamalla suoraan yhteytt\u00e4 Les Menuires ESF:\u00e4\u00e4n ja Nicolas Flageen (06 25 69 01 13)<\/strong>, jotta kurssisi saa parhaan mahdollisen alun.<\/p>\n\n<p><\/p>\n","protected":false},"excerpt":{"rendered":"<p>Dipl\u00f4me d&#8217;Etat de moniteur de ski alpin -tutkinnon suorittamiseen t\u00e4ht\u00e4\u00e4v\u00e4 koulutus Ranskassa. Ty\u00f6h\u00f6n sidottu koulutus, jonka tavoitteena on Dipl\u00f4me d&#8217;Etat de Moniteur National de Ski Alpin (DE Ski Alpin ), antaa sinulle mahdollisuuden hankkia teknisi\u00e4, opetuksellisia ja ammatillisia taitoja ty\u00f6skennelless\u00e4si alalla. Jotta voit menesty\u00e4 t\u00e4ss\u00e4 vaativassa koulutuksessa, on t\u00e4rke\u00e4\u00e4 tiet\u00e4\u00e4, mihin organisaatioihin ja hiihtokouluihin kannattaa [&hellip;]<\/p>\n","protected":false},"author":1,"featured_media":0,"parent":0,"menu_order":0,"comment_status":"closed","ping_status":"closed","template":"","meta":{"footnotes":""},"class_list":["post-2819","page","type-page","status-publish","hentry"],"yoast_head":"<!-- This site is optimized with the Yoast SEO plugin v27.3 - https:\/\/yoast.com\/product\/yoast-seo-wordpress\/ -->\n<title>Ty\u00f6h\u00f6n sidottu koulutus Dipl\u00f4me d&#039;\u00c9tat Moniteur National de Ski Alpin (kansallinen alppihiihdonopettajan tutkinto) saamiseksi - TEST TECHNIQUE SKI<\/title>\n<meta name=\"description\" content=\"Hy\u00f6dyllisi\u00e4 yhteystietoja DE Moniteur National Ski Alpinin ty\u00f6h\u00f6n liittyv\u00e4\u00e4 koulutusta varten: ENSA, ESF Les Menuires, SNMSF, FFS.\" \/>\n<meta name=\"robots\" content=\"index, follow, max-snippet:-1, max-image-preview:large, max-video-preview:-1\" \/>\n<link rel=\"canonical\" href=\"https:\/\/test-technique-ski.fr\/fi\/formation-moniteur-de-ski-alpin\/\" \/>\n<meta property=\"og:locale\" content=\"fi_FI\" \/>\n<meta property=\"og:type\" content=\"article\" \/>\n<meta property=\"og:title\" content=\"Ty\u00f6h\u00f6n sidottu koulutus Dipl\u00f4me d&#039;\u00c9tat Moniteur National de Ski Alpin (kansallinen alppihiihdonopettajan tutkinto) saamiseksi - TEST TECHNIQUE SKI\" \/>\n<meta property=\"og:description\" content=\"Hy\u00f6dyllisi\u00e4 yhteystietoja DE Moniteur National Ski Alpinin ty\u00f6h\u00f6n liittyv\u00e4\u00e4 koulutusta varten: ENSA, ESF Les Menuires, SNMSF, FFS.\" \/>\n<meta property=\"og:url\" content=\"https:\/\/test-technique-ski.fr\/fi\/formation-moniteur-de-ski-alpin\/\" \/>\n<meta property=\"og:site_name\" content=\"TEST TECHNIQUE SKI\" \/>\n<meta property=\"article:modified_time\" content=\"2025-08-29T12:10:50+00:00\" \/>\n<meta name=\"twitter:card\" content=\"summary_large_image\" \/>\n<meta name=\"twitter:label1\" content=\"Arvioitu lukuaika\" \/>\n\t<meta name=\"twitter:data1\" content=\"3 minuuttia\" \/>\n<script type=\"application\/ld+json\" class=\"yoast-schema-graph\">{\"@context\":\"https:\\\/\\\/schema.org\",\"@graph\":[{\"@type\":\"WebPage\",\"@id\":\"https:\\\/\\\/test-technique-ski.fr\\\/fi\\\/formation-moniteur-de-ski-alpin\\\/\",\"url\":\"https:\\\/\\\/test-technique-ski.fr\\\/fi\\\/formation-moniteur-de-ski-alpin\\\/\",\"name\":\"Ty\u00f6h\u00f6n sidottu koulutus Dipl\u00f4me d'\u00c9tat Moniteur National de Ski Alpin (kansallinen alppihiihdonopettajan tutkinto) saamiseksi - TEST TECHNIQUE SKI\",\"isPartOf\":{\"@id\":\"https:\\\/\\\/test-technique-ski.fr\\\/fi\\\/#website\"},\"datePublished\":\"2025-08-29T11:49:59+00:00\",\"dateModified\":\"2025-08-29T12:10:50+00:00\",\"description\":\"Hy\u00f6dyllisi\u00e4 yhteystietoja DE Moniteur National Ski Alpinin ty\u00f6h\u00f6n liittyv\u00e4\u00e4 koulutusta varten: ENSA, ESF Les Menuires, SNMSF, FFS.\",\"inLanguage\":\"fi\",\"potentialAction\":[{\"@type\":\"ReadAction\",\"target\":[\"https:\\\/\\\/test-technique-ski.fr\\\/fi\\\/formation-moniteur-de-ski-alpin\\\/\"]}]},{\"@type\":\"WebSite\",\"@id\":\"https:\\\/\\\/test-technique-ski.fr\\\/fi\\\/#website\",\"url\":\"https:\\\/\\\/test-technique-ski.fr\\\/fi\\\/\",\"name\":\"TEST TECHNIQUE SKI\",\"description\":\"\",\"potentialAction\":[{\"@type\":\"SearchAction\",\"target\":{\"@type\":\"EntryPoint\",\"urlTemplate\":\"https:\\\/\\\/test-technique-ski.fr\\\/fi\\\/?s={search_term_string}\"},\"query-input\":{\"@type\":\"PropertyValueSpecification\",\"valueRequired\":true,\"valueName\":\"search_term_string\"}}],\"inLanguage\":\"fi\"}]}<\/script>\n<!-- \/ Yoast SEO plugin. -->","yoast_head_json":{"title":"Ty\u00f6h\u00f6n sidottu koulutus Dipl\u00f4me d'\u00c9tat Moniteur National de Ski Alpin (kansallinen alppihiihdonopettajan tutkinto) saamiseksi - TEST TECHNIQUE SKI","description":"Hy\u00f6dyllisi\u00e4 yhteystietoja DE Moniteur National Ski Alpinin ty\u00f6h\u00f6n liittyv\u00e4\u00e4 koulutusta varten: ENSA, ESF Les Menuires, SNMSF, FFS.","robots":{"index":"index","follow":"follow","max-snippet":"max-snippet:-1","max-image-preview":"max-image-preview:large","max-video-preview":"max-video-preview:-1"},"canonical":"https:\/\/test-technique-ski.fr\/fi\/formation-moniteur-de-ski-alpin\/","og_locale":"fi_FI","og_type":"article","og_title":"Ty\u00f6h\u00f6n sidottu koulutus Dipl\u00f4me d'\u00c9tat Moniteur National de Ski Alpin (kansallinen alppihiihdonopettajan tutkinto) saamiseksi - TEST TECHNIQUE SKI","og_description":"Hy\u00f6dyllisi\u00e4 yhteystietoja DE Moniteur National Ski Alpinin ty\u00f6h\u00f6n liittyv\u00e4\u00e4 koulutusta varten: ENSA, ESF Les Menuires, SNMSF, FFS.","og_url":"https:\/\/test-technique-ski.fr\/fi\/formation-moniteur-de-ski-alpin\/","og_site_name":"TEST TECHNIQUE SKI","article_modified_time":"2025-08-29T12:10:50+00:00","twitter_card":"summary_large_image","twitter_misc":{"Arvioitu lukuaika":"3 minuuttia"},"schema":{"@context":"https:\/\/schema.org","@graph":[{"@type":"WebPage","@id":"https:\/\/test-technique-ski.fr\/fi\/formation-moniteur-de-ski-alpin\/","url":"https:\/\/test-technique-ski.fr\/fi\/formation-moniteur-de-ski-alpin\/","name":"Ty\u00f6h\u00f6n sidottu koulutus Dipl\u00f4me d'\u00c9tat Moniteur National de Ski Alpin (kansallinen alppihiihdonopettajan tutkinto) saamiseksi - TEST TECHNIQUE SKI","isPartOf":{"@id":"https:\/\/test-technique-ski.fr\/fi\/#website"},"datePublished":"2025-08-29T11:49:59+00:00","dateModified":"2025-08-29T12:10:50+00:00","description":"Hy\u00f6dyllisi\u00e4 yhteystietoja DE Moniteur National Ski Alpinin ty\u00f6h\u00f6n liittyv\u00e4\u00e4 koulutusta varten: ENSA, ESF Les Menuires, SNMSF, FFS.","inLanguage":"fi","potentialAction":[{"@type":"ReadAction","target":["https:\/\/test-technique-ski.fr\/fi\/formation-moniteur-de-ski-alpin\/"]}]},{"@type":"WebSite","@id":"https:\/\/test-technique-ski.fr\/fi\/#website","url":"https:\/\/test-technique-ski.fr\/fi\/","name":"TEST TECHNIQUE SKI","description":"","potentialAction":[{"@type":"SearchAction","target":{"@type":"EntryPoint","urlTemplate":"https:\/\/test-technique-ski.fr\/fi\/?s={search_term_string}"},"query-input":{"@type":"PropertyValueSpecification","valueRequired":true,"valueName":"search_term_string"}}],"inLanguage":"fi"}]}},"_links":{"self":[{"href":"https:\/\/test-technique-ski.fr\/fi\/wp-json\/wp\/v2\/pages\/2819","targetHints":{"allow":["GET"]}}],"collection":[{"href":"https:\/\/test-technique-ski.fr\/fi\/wp-json\/wp\/v2\/pages"}],"about":[{"href":"https:\/\/test-technique-ski.fr\/fi\/wp-json\/wp\/v2\/types\/page"}],"author":[{"embeddable":true,"href":"https:\/\/test-technique-ski.fr\/fi\/wp-json\/wp\/v2\/users\/1"}],"replies":[{"embeddable":true,"href":"https:\/\/test-technique-ski.fr\/fi\/wp-json\/wp\/v2\/comments?post=2819"}],"version-history":[{"count":0,"href":"https:\/\/test-technique-ski.fr\/fi\/wp-json\/wp\/v2\/pages\/2819\/revisions"}],"wp:attachment":[{"href":"https:\/\/test-technique-ski.fr\/fi\/wp-json\/wp\/v2\/media?parent=2819"}],"curies":[{"name":"wp","href":"https:\/\/api.w.org\/{rel}","templated":true}]}}