{"id":3825,"date":"2026-02-28T10:07:27","date_gmt":"2026-02-28T10:07:27","guid":{"rendered":"https:\/\/test-technique-ski.fr\/val-thorens\/"},"modified":"2026-03-04T09:21:37","modified_gmt":"2026-03-04T09:21:37","slug":"val-thorens","status":"publish","type":"page","link":"https:\/\/test-technique-ski.fr\/fi\/val-thorens\/","title":{"rendered":"Tekninen testi alam\u00e4kihiihto Val Thorens"},"content":{"rendered":"\n<h1 class=\"wp-block-heading\">Osallistu laskettelun tekniseen testiin Val Thorensissa.<\/h1>\n\n<p>Val Thorensin hiihtokeskuksessa j\u00e4rjestet\u00e4\u00e4n vuosittain yksi tai useampi alppihiihdon teknisen kokeen suorittaminen osana <a href=\"https:\/\/test-technique-ski.fr\/fi\/formation-moniteur-de-ski-alpin\/\">alppihiihdon ohjaajakoulutusohjelmaa<\/a>.<\/p>\n\n<h2 class=\"wp-block-heading\">Val Thorensissa j\u00e4rjestett\u00e4v\u00e4n alppihiihdon teknisen testin p\u00e4iv\u00e4m\u00e4\u00e4r\u00e4t<\/h2>\n\n<p>Val Thorensin teknisen testin toinen jakso j\u00e4rjestet\u00e4\u00e4n 20.-22. huhtikuuta 2026.<\/p>\n\n<h2 class=\"wp-block-heading\">Teknisen testauksen kurssi Les Menuiresissa<\/h2>\n\n<p><strong>Tule 9. maaliskuuta &#8211; 27. maaliskuuta valmistautumaan ESF-akatemian kanssa Val<\/strong> Thorensin tekniseen <strong>testislalomiin<\/strong> Les Menuiresin slalomstadionilla.<\/p>\n\n<p><strong>Hinta: 55 \u20ac p\u00e4iv\u00e4ss\u00e4 + stadionpassi  <\/strong><\/p>\n\n<p><strong>Ota yhteytt\u00e4 Nicolas Flageen numerossa<\/strong> <a href=\"tel:+33625690113\">06 25 69 01 13.<\/a><\/p>\n\n<div style=\"height:20px\" aria-hidden=\"true\" class=\"wp-block-spacer\"><\/div>\n\n<h2 class=\"wp-block-heading\">Miten ilmoittaudun Val Thorensin tekniseen kokeeseen?<\/h2>\n\n<p><a href=\"https:\/\/test-technique-ski.fr\/fi\/suksien-teknisen-kokeen-rekisterointi\/\">Teknisen hiihtokokeen koko rekister\u00f6intimenettely<\/a> suoritetaan verkossa GEPAFOn virallisilla verkkosivuilla.<\/p>\n\n<h2 class=\"wp-block-heading\">Ilmoittautumisaika Val Thorensissa j\u00e4rjestett\u00e4v\u00e4\u00e4n tekniseen kokeeseen p\u00e4\u00e4ttyy<\/h2>\n\n<p>T\u00e4ss\u00e4 ovat Val Thorensin teknisen testin ilmoittautumisajat:<\/p>\n\n<ul class=\"wp-block-list\">\n<li>Ilmoittautumisen m\u00e4\u00e4r\u00e4aika: 09\/02\/2026<\/li>\n\n\n\n<li>Osallistumisaika p\u00e4\u00e4ttyy: 27\/02\/2026.<\/li>\n<\/ul>\n\n<p><\/p>\n","protected":false},"excerpt":{"rendered":"<p>Osallistu laskettelun tekniseen testiin Val Thorensissa. Val Thorensin hiihtokeskuksessa j\u00e4rjestet\u00e4\u00e4n vuosittain yksi tai useampi alppihiihdon teknisen kokeen suorittaminen osana alppihiihdon ohjaajakoulutusohjelmaa. Val Thorensissa j\u00e4rjestett\u00e4v\u00e4n alppihiihdon teknisen testin p\u00e4iv\u00e4m\u00e4\u00e4r\u00e4t Val Thorensin teknisen testin toinen jakso j\u00e4rjestet\u00e4\u00e4n 20.-22. huhtikuuta 2026. Teknisen testauksen kurssi Les Menuiresissa Tule 9. maaliskuuta &#8211; 27. maaliskuuta valmistautumaan ESF-akatemian kanssa Val Thorensin tekniseen [&hellip;]<\/p>\n","protected":false},"author":1,"featured_media":0,"parent":0,"menu_order":0,"comment_status":"closed","ping_status":"closed","template":"","meta":{"footnotes":""},"class_list":["post-3825","page","type-page","status-publish","hentry"],"yoast_head":"<!-- This site is optimized with the Yoast SEO plugin v27.3 - https:\/\/yoast.com\/product\/yoast-seo-wordpress\/ -->\n<title>Tekninen testi alam\u00e4kihiihto Val Thorens - TEST TECHNIQUE SKI<\/title>\n<meta name=\"description\" content=\"Valmistaudu alppihiihdon tekniseen testiin, joka j\u00e4rjestet\u00e4\u00e4n Val Thorensissa Les Menuiresin slalomstadionilla parhaissa mahdollisissa olosuhteissa.\" \/>\n<meta name=\"robots\" content=\"index, follow, max-snippet:-1, max-image-preview:large, max-video-preview:-1\" \/>\n<link rel=\"canonical\" href=\"https:\/\/test-technique-ski.fr\/fi\/val-thorens\/\" \/>\n<meta property=\"og:locale\" content=\"fi_FI\" \/>\n<meta property=\"og:type\" content=\"article\" \/>\n<meta property=\"og:title\" content=\"Tekninen testi alam\u00e4kihiihto Val Thorens - TEST TECHNIQUE SKI\" \/>\n<meta property=\"og:description\" content=\"Valmistaudu alppihiihdon tekniseen testiin, joka j\u00e4rjestet\u00e4\u00e4n Val Thorensissa Les Menuiresin slalomstadionilla parhaissa mahdollisissa olosuhteissa.\" \/>\n<meta property=\"og:url\" content=\"https:\/\/test-technique-ski.fr\/fi\/val-thorens\/\" \/>\n<meta property=\"og:site_name\" content=\"TEST TECHNIQUE SKI\" \/>\n<meta property=\"article:modified_time\" content=\"2026-03-04T09:21:37+00:00\" \/>\n<meta name=\"twitter:card\" content=\"summary_large_image\" \/>\n<meta name=\"twitter:label1\" content=\"Arvioitu lukuaika\" \/>\n\t<meta name=\"twitter:data1\" content=\"1 minuutti\" \/>\n<script type=\"application\/ld+json\" class=\"yoast-schema-graph\">{\"@context\":\"https:\\\/\\\/schema.org\",\"@graph\":[{\"@type\":\"WebPage\",\"@id\":\"https:\\\/\\\/test-technique-ski.fr\\\/fi\\\/val-thorens\\\/\",\"url\":\"https:\\\/\\\/test-technique-ski.fr\\\/fi\\\/val-thorens\\\/\",\"name\":\"Tekninen testi alam\u00e4kihiihto Val Thorens - TEST TECHNIQUE SKI\",\"isPartOf\":{\"@id\":\"https:\\\/\\\/test-technique-ski.fr\\\/fi\\\/#website\"},\"datePublished\":\"2026-02-28T10:07:27+00:00\",\"dateModified\":\"2026-03-04T09:21:37+00:00\",\"description\":\"Valmistaudu alppihiihdon tekniseen testiin, joka j\u00e4rjestet\u00e4\u00e4n Val Thorensissa Les Menuiresin slalomstadionilla parhaissa mahdollisissa olosuhteissa.\",\"inLanguage\":\"fi\",\"potentialAction\":[{\"@type\":\"ReadAction\",\"target\":[\"https:\\\/\\\/test-technique-ski.fr\\\/fi\\\/val-thorens\\\/\"]}]},{\"@type\":\"WebSite\",\"@id\":\"https:\\\/\\\/test-technique-ski.fr\\\/fi\\\/#website\",\"url\":\"https:\\\/\\\/test-technique-ski.fr\\\/fi\\\/\",\"name\":\"TEST TECHNIQUE SKI\",\"description\":\"\",\"potentialAction\":[{\"@type\":\"SearchAction\",\"target\":{\"@type\":\"EntryPoint\",\"urlTemplate\":\"https:\\\/\\\/test-technique-ski.fr\\\/fi\\\/?s={search_term_string}\"},\"query-input\":{\"@type\":\"PropertyValueSpecification\",\"valueRequired\":true,\"valueName\":\"search_term_string\"}}],\"inLanguage\":\"fi\"}]}<\/script>\n<!-- \/ Yoast SEO plugin. -->","yoast_head_json":{"title":"Tekninen testi alam\u00e4kihiihto Val Thorens - TEST TECHNIQUE SKI","description":"Valmistaudu alppihiihdon tekniseen testiin, joka j\u00e4rjestet\u00e4\u00e4n Val Thorensissa Les Menuiresin slalomstadionilla parhaissa mahdollisissa olosuhteissa.","robots":{"index":"index","follow":"follow","max-snippet":"max-snippet:-1","max-image-preview":"max-image-preview:large","max-video-preview":"max-video-preview:-1"},"canonical":"https:\/\/test-technique-ski.fr\/fi\/val-thorens\/","og_locale":"fi_FI","og_type":"article","og_title":"Tekninen testi alam\u00e4kihiihto Val Thorens - TEST TECHNIQUE SKI","og_description":"Valmistaudu alppihiihdon tekniseen testiin, joka j\u00e4rjestet\u00e4\u00e4n Val Thorensissa Les Menuiresin slalomstadionilla parhaissa mahdollisissa olosuhteissa.","og_url":"https:\/\/test-technique-ski.fr\/fi\/val-thorens\/","og_site_name":"TEST TECHNIQUE SKI","article_modified_time":"2026-03-04T09:21:37+00:00","twitter_card":"summary_large_image","twitter_misc":{"Arvioitu lukuaika":"1 minuutti"},"schema":{"@context":"https:\/\/schema.org","@graph":[{"@type":"WebPage","@id":"https:\/\/test-technique-ski.fr\/fi\/val-thorens\/","url":"https:\/\/test-technique-ski.fr\/fi\/val-thorens\/","name":"Tekninen testi alam\u00e4kihiihto Val Thorens - TEST TECHNIQUE SKI","isPartOf":{"@id":"https:\/\/test-technique-ski.fr\/fi\/#website"},"datePublished":"2026-02-28T10:07:27+00:00","dateModified":"2026-03-04T09:21:37+00:00","description":"Valmistaudu alppihiihdon tekniseen testiin, joka j\u00e4rjestet\u00e4\u00e4n Val Thorensissa Les Menuiresin slalomstadionilla parhaissa mahdollisissa olosuhteissa.","inLanguage":"fi","potentialAction":[{"@type":"ReadAction","target":["https:\/\/test-technique-ski.fr\/fi\/val-thorens\/"]}]},{"@type":"WebSite","@id":"https:\/\/test-technique-ski.fr\/fi\/#website","url":"https:\/\/test-technique-ski.fr\/fi\/","name":"TEST TECHNIQUE SKI","description":"","potentialAction":[{"@type":"SearchAction","target":{"@type":"EntryPoint","urlTemplate":"https:\/\/test-technique-ski.fr\/fi\/?s={search_term_string}"},"query-input":{"@type":"PropertyValueSpecification","valueRequired":true,"valueName":"search_term_string"}}],"inLanguage":"fi"}]}},"_links":{"self":[{"href":"https:\/\/test-technique-ski.fr\/fi\/wp-json\/wp\/v2\/pages\/3825","targetHints":{"allow":["GET"]}}],"collection":[{"href":"https:\/\/test-technique-ski.fr\/fi\/wp-json\/wp\/v2\/pages"}],"about":[{"href":"https:\/\/test-technique-ski.fr\/fi\/wp-json\/wp\/v2\/types\/page"}],"author":[{"embeddable":true,"href":"https:\/\/test-technique-ski.fr\/fi\/wp-json\/wp\/v2\/users\/1"}],"replies":[{"embeddable":true,"href":"https:\/\/test-technique-ski.fr\/fi\/wp-json\/wp\/v2\/comments?post=3825"}],"version-history":[{"count":3,"href":"https:\/\/test-technique-ski.fr\/fi\/wp-json\/wp\/v2\/pages\/3825\/revisions"}],"predecessor-version":[{"id":3915,"href":"https:\/\/test-technique-ski.fr\/fi\/wp-json\/wp\/v2\/pages\/3825\/revisions\/3915"}],"wp:attachment":[{"href":"https:\/\/test-technique-ski.fr\/fi\/wp-json\/wp\/v2\/media?parent=3825"}],"curies":[{"name":"wp","href":"https:\/\/api.w.org\/{rel}","templated":true}]}}