{"id":4068,"date":"2026-03-28T18:03:13","date_gmt":"2026-03-28T18:03:13","guid":{"rendered":"https:\/\/test-technique-ski.fr\/mentions-legales\/"},"modified":"2026-03-28T18:12:54","modified_gmt":"2026-03-28T18:12:54","slug":"mentions-legales","status":"publish","type":"page","link":"https:\/\/test-technique-ski.fr\/fi\/mentions-legales\/","title":{"rendered":"Oikeudelliset tiedot"},"content":{"rendered":"\n<h1 class=\"wp-block-heading\">Oikeudelliset tiedot<\/h1>\n\n<p>Tietosivustomme julkaisee <a href=\"https:\/\/alma-consulting.org\/\">Alma Consulting.<\/a><\/p>\n\n<p>Julkaisemme tietoja Ranskan alppihiihdon teknisest\u00e4 kokeesta. Sivustomme on t\u00e4ysin ilmainen ja k\u00e4\u00e4nnetty useille kielille. Olemme riippumattomia julkishallinnosta.    <\/p>\n\n<p>Yksityinen tietoportaalimme on suunniteltu tiedottamaan Internetin k\u00e4ytt\u00e4jille, eik\u00e4 se tarjoa mit\u00e4\u00e4n lis\u00e4palveluja. Sivustollamme ei ole lomakkeita, emmek\u00e4 tallenna henkil\u00f6tietoja.   <\/p>\n\n<p>Julkaisusta vastaa <a href=\"mailto:bastien.fauck@gmail.com\">Bastien Fauck.<\/a><\/p>\n\n<p>Teemme parhaamme pit\u00e4m\u00e4\u00e4n sen mahdollisimman ajan tasalla. Lis\u00e4tietoja on <a href=\"http:\/\/gepafom.fr\">GEPAFOn verkkosivustolla<\/a>. <\/p>\n","protected":false},"excerpt":{"rendered":"<p>Oikeudelliset tiedot Tietosivustomme julkaisee Alma Consulting. Julkaisemme tietoja Ranskan alppihiihdon teknisest\u00e4 kokeesta. Sivustomme on t\u00e4ysin ilmainen ja k\u00e4\u00e4nnetty useille kielille. Olemme riippumattomia julkishallinnosta. Yksityinen tietoportaalimme on suunniteltu tiedottamaan Internetin k\u00e4ytt\u00e4jille, eik\u00e4 se tarjoa mit\u00e4\u00e4n lis\u00e4palveluja. Sivustollamme ei ole lomakkeita, emmek\u00e4 tallenna henkil\u00f6tietoja. Julkaisusta vastaa Bastien Fauck. Teemme parhaamme pit\u00e4m\u00e4\u00e4n sen mahdollisimman ajan tasalla. Lis\u00e4tietoja on [&hellip;]<\/p>\n","protected":false},"author":1,"featured_media":0,"parent":0,"menu_order":0,"comment_status":"closed","ping_status":"closed","template":"","meta":{"footnotes":""},"class_list":["post-4068","page","type-page","status-publish","hentry"],"yoast_head":"<!-- This site is optimized with the Yoast SEO plugin v27.3 - https:\/\/yoast.com\/product\/yoast-seo-wordpress\/ -->\n<title>Oikeudelliset tiedot - TEST TECHNIQUE SKI<\/title>\n<meta name=\"description\" content=\"Oikeudellinen ilmoitus ja Ranskan alppihiihdon teknist\u00e4 testi\u00e4 koskevan verkkosivun julkaisemisesta vastaava henkil\u00f6\" \/>\n<meta name=\"robots\" content=\"noindex, nofollow\" \/>\n<meta property=\"og:locale\" content=\"fi_FI\" \/>\n<meta property=\"og:type\" content=\"article\" \/>\n<meta property=\"og:title\" content=\"Oikeudelliset tiedot - TEST TECHNIQUE SKI\" \/>\n<meta property=\"og:description\" content=\"Oikeudellinen ilmoitus ja Ranskan alppihiihdon teknist\u00e4 testi\u00e4 koskevan verkkosivun julkaisemisesta vastaava henkil\u00f6\" \/>\n<meta property=\"og:url\" content=\"https:\/\/test-technique-ski.fr\/fi\/mentions-legales\/\" \/>\n<meta property=\"og:site_name\" content=\"TEST TECHNIQUE SKI\" \/>\n<meta property=\"article:modified_time\" content=\"2026-03-28T18:12:54+00:00\" \/>\n<meta name=\"twitter:card\" content=\"summary_large_image\" \/>\n<script type=\"application\/ld+json\" class=\"yoast-schema-graph\">{\"@context\":\"https:\\\/\\\/schema.org\",\"@graph\":[{\"@type\":\"WebPage\",\"@id\":\"https:\\\/\\\/test-technique-ski.fr\\\/fi\\\/mentions-legales\\\/\",\"url\":\"https:\\\/\\\/test-technique-ski.fr\\\/fi\\\/mentions-legales\\\/\",\"name\":\"Oikeudelliset tiedot - TEST TECHNIQUE SKI\",\"isPartOf\":{\"@id\":\"https:\\\/\\\/test-technique-ski.fr\\\/fi\\\/#website\"},\"datePublished\":\"2026-03-28T18:03:13+00:00\",\"dateModified\":\"2026-03-28T18:12:54+00:00\",\"description\":\"Oikeudellinen ilmoitus ja Ranskan alppihiihdon teknist\u00e4 testi\u00e4 koskevan verkkosivun julkaisemisesta vastaava henkil\u00f6\",\"inLanguage\":\"fi\",\"potentialAction\":[{\"@type\":\"ReadAction\",\"target\":[\"https:\\\/\\\/test-technique-ski.fr\\\/fi\\\/mentions-legales\\\/\"]}]},{\"@type\":\"WebSite\",\"@id\":\"https:\\\/\\\/test-technique-ski.fr\\\/fi\\\/#website\",\"url\":\"https:\\\/\\\/test-technique-ski.fr\\\/fi\\\/\",\"name\":\"TEST TECHNIQUE SKI\",\"description\":\"\",\"potentialAction\":[{\"@type\":\"SearchAction\",\"target\":{\"@type\":\"EntryPoint\",\"urlTemplate\":\"https:\\\/\\\/test-technique-ski.fr\\\/fi\\\/?s={search_term_string}\"},\"query-input\":{\"@type\":\"PropertyValueSpecification\",\"valueRequired\":true,\"valueName\":\"search_term_string\"}}],\"inLanguage\":\"fi\"}]}<\/script>\n<!-- \/ Yoast SEO plugin. -->","yoast_head_json":{"title":"Oikeudelliset tiedot - TEST TECHNIQUE SKI","description":"Oikeudellinen ilmoitus ja Ranskan alppihiihdon teknist\u00e4 testi\u00e4 koskevan verkkosivun julkaisemisesta vastaava henkil\u00f6","robots":{"index":"noindex","follow":"nofollow"},"og_locale":"fi_FI","og_type":"article","og_title":"Oikeudelliset tiedot - TEST TECHNIQUE SKI","og_description":"Oikeudellinen ilmoitus ja Ranskan alppihiihdon teknist\u00e4 testi\u00e4 koskevan verkkosivun julkaisemisesta vastaava henkil\u00f6","og_url":"https:\/\/test-technique-ski.fr\/fi\/mentions-legales\/","og_site_name":"TEST TECHNIQUE SKI","article_modified_time":"2026-03-28T18:12:54+00:00","twitter_card":"summary_large_image","schema":{"@context":"https:\/\/schema.org","@graph":[{"@type":"WebPage","@id":"https:\/\/test-technique-ski.fr\/fi\/mentions-legales\/","url":"https:\/\/test-technique-ski.fr\/fi\/mentions-legales\/","name":"Oikeudelliset tiedot - TEST TECHNIQUE SKI","isPartOf":{"@id":"https:\/\/test-technique-ski.fr\/fi\/#website"},"datePublished":"2026-03-28T18:03:13+00:00","dateModified":"2026-03-28T18:12:54+00:00","description":"Oikeudellinen ilmoitus ja Ranskan alppihiihdon teknist\u00e4 testi\u00e4 koskevan verkkosivun julkaisemisesta vastaava henkil\u00f6","inLanguage":"fi","potentialAction":[{"@type":"ReadAction","target":["https:\/\/test-technique-ski.fr\/fi\/mentions-legales\/"]}]},{"@type":"WebSite","@id":"https:\/\/test-technique-ski.fr\/fi\/#website","url":"https:\/\/test-technique-ski.fr\/fi\/","name":"TEST TECHNIQUE SKI","description":"","potentialAction":[{"@type":"SearchAction","target":{"@type":"EntryPoint","urlTemplate":"https:\/\/test-technique-ski.fr\/fi\/?s={search_term_string}"},"query-input":{"@type":"PropertyValueSpecification","valueRequired":true,"valueName":"search_term_string"}}],"inLanguage":"fi"}]}},"_links":{"self":[{"href":"https:\/\/test-technique-ski.fr\/fi\/wp-json\/wp\/v2\/pages\/4068","targetHints":{"allow":["GET"]}}],"collection":[{"href":"https:\/\/test-technique-ski.fr\/fi\/wp-json\/wp\/v2\/pages"}],"about":[{"href":"https:\/\/test-technique-ski.fr\/fi\/wp-json\/wp\/v2\/types\/page"}],"author":[{"embeddable":true,"href":"https:\/\/test-technique-ski.fr\/fi\/wp-json\/wp\/v2\/users\/1"}],"replies":[{"embeddable":true,"href":"https:\/\/test-technique-ski.fr\/fi\/wp-json\/wp\/v2\/comments?post=4068"}],"version-history":[{"count":4,"href":"https:\/\/test-technique-ski.fr\/fi\/wp-json\/wp\/v2\/pages\/4068\/revisions"}],"predecessor-version":[{"id":4080,"href":"https:\/\/test-technique-ski.fr\/fi\/wp-json\/wp\/v2\/pages\/4068\/revisions\/4080"}],"wp:attachment":[{"href":"https:\/\/test-technique-ski.fr\/fi\/wp-json\/wp\/v2\/media?parent=4068"}],"curies":[{"name":"wp","href":"https:\/\/api.w.org\/{rel}","templated":true}]}}