{"id":483,"date":"2023-01-05T13:50:17","date_gmt":"2023-01-05T13:50:17","guid":{"rendered":"https:\/\/test-technique-ski.fr\/test-technique-of-ski-alpin\/"},"modified":"2025-10-24T18:33:11","modified_gmt":"2025-10-24T17:33:11","slug":"test-technique-of-ski-alpin","status":"publish","type":"page","link":"https:\/\/test-technique-ski.fr\/fi\/","title":{"rendered":"Alppihiihdon tekniikkatesti"},"content":{"rendered":"\n<h1 class=\"wp-block-heading\">Tekninen hiihtokoe ohjaajaksi p\u00e4\u00e4semiseksi<\/h1>\n\n<p>Lue kaikki tiedot, jotka sinun on tiedett\u00e4v\u00e4 teknisest\u00e4 hiihtokokeesta, jotta voit aloittaa <a href=\"https:\/\/test-technique-ski.fr\/fi\/formation-moniteur-de-ski-alpin\/\">hiihto-opettajan koulutuksen<\/a> Ranskassa.<\/p>\n\n<div style=\"height:10px\" aria-hidden=\"true\" class=\"wp-block-spacer\"><\/div>\n\n<h2 class=\"wp-block-heading\">Mik\u00e4 on alppihiihdon tekninen testi<\/h2>\n\n<p>Tekninen hiihtokoe on <a href=\"https:\/\/test-technique-ski.fr\/fi\/formation-moniteur-de-ski-alpin\/\">hiihto-opettajakoulutuksen ensimm\u00e4inen vaihe Ranskassa<\/a>. Kyseess\u00e4 on alppihiihtotesti, joka osoittaa hiihto-opettajaksi aikovan henkil\u00f6n hiihtotason. Tekninen testi on erityinen hiihtoslalom, johon vaaditaan karsinta-aika.<\/p>\n\n<p> <a href=\"https:\/\/test-technique-ski.fr\/fi\/tulla-alppihiihto-opettajaksi\/\">Hiihto-opettajaksi<\/a> haluavan hakijan on saavutettava enimm\u00e4isaika teknisen kokeen l\u00e4p\u00e4isemiseksi. Teknisen testin karsinta-aika lasketaan suhteessa avaajan aikaan seuraavasti:  <\/p>\n\n<ul class=\"wp-block-list\">\n<li>Miespuoliset hakijat teknisess\u00e4 kokeessa: Ajoitetun slalomin ajan on oltava pienempi kuin avaajan saavuttama aika + 20 %;<\/li>\n\n\n\n<li>Naisehdokkaiden teknisen testin aika: Ajoitetun slalomin ajan on oltava pienempi kuin avaajan saavuttama aika + 25 %.<\/li>\n<\/ul>\n\n<p>Kun tekninen testi on suoritettu hyv\u00e4ksytysti, hakija voi aloittaa hiihto-opettajakoulutuksensa kansallisessa hiihto- ja vuorikiipeilykoulussa.<\/p>\n\n<div style=\"height:10px\" aria-hidden=\"true\" class=\"wp-block-spacer\"><\/div>\n\n<h2 class=\"wp-block-heading\">Miten ilmoittaudun tekniseen hiihtokokeeseen?<\/h2>\n\n<p> <a href=\"https:\/\/test-technique-ski.fr\/fi\/suksien-teknisen-kokeen-rekisterointi\/\">Ilmoittautuminen alppihiihdon tekniseen kokeeseen<\/a> tapahtuu useassa vaiheessa. Rekister\u00f6ity\u00e4ksesi sinun on luotava tili Ranskan urheiluministeri\u00f6n <a href=\"https:\/\/test-technique-ski.fr\/fi\/gepafo-montagne\/\">GEPAFO-alustalle<\/a>. Selit\u00e4mme menettelyn yksityiskohtaisesti.  <\/p>\n\n<h2 class=\"wp-block-heading\">Valmistautuminen tekniseen hiihtokokeeseen talvikauden ulkopuolella<\/h2>\n\n<p>Talvikausi on lyhyt, joten on t\u00e4rke\u00e4\u00e4 valmistautua tekniseen hiihtokokeeseen talvikauden ulkopuolella. Jotta voisit yll\u00e4pit\u00e4\u00e4 slalomharjoitteluasi ja parantaa hiihtotaitoasi talvikauden ulkopuolella, tarjoamme slalomkursseja ymp\u00e4ri vuoden: <\/p>\n\n<ul class=\"wp-block-list\">\n<li><a href=\"https:\/\/test-technique-ski.fr\/fi\/stage-ski-slalom-ete\/\">Slalomhiihtokurssi hein\u00e4kuussa Tignesiss\u00e4<\/a><\/li>\n\n\n\n<li><a href=\"https:\/\/test-technique-ski.fr\/fi\/stage-ski-slalom-automne\/\">Slalomhiihdon sis\u00e4kurssi lokakuussa<\/a><\/li>\n\n\n\n<li><a href=\"https:\/\/test-technique-ski.fr\/fi\/stage-ski-slalom-amneville\/\">Slalom-hiihtokurssi Amn\u00e9villess\u00e4<\/a><\/li>\n<\/ul>\n\n<div style=\"height:10px\" aria-hidden=\"true\" class=\"wp-block-spacer\"><\/div>\n\n<h2 class=\"wp-block-heading\">Milloin voin suorittaa alppihiihdon teknisen kokeen vuosina 2025-2026?<\/h2>\n\n<p>Ranskassa j\u00e4rjestet\u00e4\u00e4n vuosittain kaksi teknisten kokeiden istuntoa:<\/p>\n\n<ul class=\"wp-block-list\">\n<li>Ensimm\u00e4inen testijakso kest\u00e4\u00e4 joulukuusta helmikuuhun;<\/li>\n\n\n\n<li>Toinen testikierros j\u00e4rjestet\u00e4\u00e4n maalis-huhtikuussa.<\/li>\n<\/ul>\n\n<div style=\"height:10px\" aria-hidden=\"true\" class=\"wp-block-spacer\"><\/div>\n\n<p><a href=\"https:\/\/test-technique-ski.fr\/fi\/alppisuksien-teknisen-testin-paivamaara\/\">Teknisen kokeen p\u00e4iv\u00e4m\u00e4\u00e4r\u00e4t<\/a> l\u00f6yd\u00e4t t\u00e4\u00e4lt\u00e4. Kiinnit\u00e4 huomiota ilmoittautumisten avaamis- ja p\u00e4\u00e4ttymisp\u00e4iv\u00e4m\u00e4\u00e4riin.<\/p>\n\n<p><strong>Vuoden 2026 alppihiihdon teknisen testin ensimm\u00e4inen osakilpailu j\u00e4rjestet\u00e4\u00e4n joulukuussa 2025<\/strong>. Ilmoittautumiset ovat mahdollisia 13. lokakuuta 2025 alkaen. <\/p>\n\n<div style=\"height:10px\" aria-hidden=\"true\" class=\"wp-block-spacer\"><\/div>\n\n<h2 class=\"wp-block-heading\">Kuka voi osallistua tekniseen kokeeseen?<\/h2>\n\n<p>Tekninen testi on avoin kaikille yli 17-vuotiaille. Kukin hakija voi ilmoittautua vain kerran kuhunkin istuntoon. T\u00e4m\u00e4n vuoksi hakija voi osallistua tekniseen kokeeseen vain kaksi kertaa vuodessa.<\/p>\n\n<div style=\"height:10px\" aria-hidden=\"true\" class=\"wp-block-spacer\"><\/div>\n\n<h2 class=\"wp-block-heading\">Mik\u00e4 on teknisen testin hinta?<\/h2>\n\n<p>Teknisen kokeen rekister\u00f6intimaksu on 80 \u20ac. T\u00e4m\u00e4 hinta sis\u00e4lt\u00e4\u00e4 vain ilmoittautumisen ajoitettua slalomia varten. Hakijan on vastattava kaikista matka- ja majoituskustannuksista. Rekister\u00f6intimaksua ei palauteta, jos hakija ei l\u00e4p\u00e4ise teknist\u00e4 koetta.<\/p>\n\n<div style=\"height:10px\" aria-hidden=\"true\" class=\"wp-block-spacer\"><\/div>\n\n<h2 class=\"wp-block-heading\">Kuva kouluttajasta teknisen hiihtokokeen aikana<\/h2>\n\n<figure class=\"wp-block-image size-large\" id=\"Slalom-chronom&#xE9;tr&#xE9;-du-test-technique\"><img fetchpriority=\"high\" decoding=\"async\" width=\"1024\" height=\"747\" src=\"https:\/\/test-technique-ski.fr\/wp-content\/uploads\/2023\/01\/Ski-Test-Technique-1-1024x747.jpg\" alt=\"Kuva alppihiihdon teknisest&#xE4; kokeesta\" class=\"wp-image-297\" title=\"Tekninen testi hiihtokilpailu\" srcset=\"https:\/\/test-technique-ski.fr\/wp-content\/uploads\/2023\/01\/Ski-Test-Technique-1-1024x747.jpg 1024w, https:\/\/test-technique-ski.fr\/wp-content\/uploads\/2023\/01\/Ski-Test-Technique-1-300x219.jpg 300w, https:\/\/test-technique-ski.fr\/wp-content\/uploads\/2023\/01\/Ski-Test-Technique-1-768x560.jpg 768w, https:\/\/test-technique-ski.fr\/wp-content\/uploads\/2023\/01\/Ski-Test-Technique-1-1536x1121.jpg 1536w, https:\/\/test-technique-ski.fr\/wp-content\/uploads\/2023\/01\/Ski-Test-Technique-1-2048x1494.jpg 2048w\" sizes=\"(max-width: 1024px) 100vw, 1024px\" \/><figcaption class=\"wp-element-caption\">Teknisen hiihtokokeen ajoitettu slalom ohjaajaksi p\u00e4\u00e4semiseksi.  <\/figcaption><\/figure>\n\n<div style=\"height:10px\" aria-hidden=\"true\" class=\"wp-block-spacer\"><\/div>\n\n<h2 class=\"wp-block-heading\">Miten saan teknisen hiihtokokeen tulokset?<\/h2>\n\n<p>Tulokset ovat saatavilla suoraan Internetiss\u00e4. Klikkaa <a href=\"https:\/\/test-technique-ski.fr\/fi\/hiihtotekniikan-testitulokset\/\">Hiihtotestin tuloksia<\/a> saadaksesi tiet\u00e4\u00e4, miten saat vuoden 2026 hiihtotestin tulokset.<\/p>\n\n<p><\/p>\n","protected":false},"excerpt":{"rendered":"<p>Tekninen hiihtokoe ohjaajaksi p\u00e4\u00e4semiseksi Lue kaikki tiedot, jotka sinun on tiedett\u00e4v\u00e4 teknisest\u00e4 hiihtokokeesta, jotta voit aloittaa hiihto-opettajan koulutuksen Ranskassa. Mik\u00e4 on alppihiihdon tekninen testi Tekninen hiihtokoe on hiihto-opettajakoulutuksen ensimm\u00e4inen vaihe Ranskassa. Kyseess\u00e4 on alppihiihtotesti, joka osoittaa hiihto-opettajaksi aikovan henkil\u00f6n hiihtotason. Tekninen testi on erityinen hiihtoslalom, johon vaaditaan karsinta-aika. Hiihto-opettajaksi haluavan hakijan on saavutettava enimm\u00e4isaika teknisen [&hellip;]<\/p>\n","protected":false},"author":1,"featured_media":0,"parent":0,"menu_order":0,"comment_status":"closed","ping_status":"closed","template":"","meta":{"footnotes":""},"class_list":["post-483","page","type-page","status-publish","hentry"],"yoast_head":"<!-- This site is optimized with the Yoast SEO plugin v27.3 - https:\/\/yoast.com\/product\/yoast-seo-wordpress\/ -->\n<title>Alppihiihdon tekniikkatesti<\/title>\n<meta name=\"description\" content=\"Alppihiihdon teknisen kokeen avulla voit aloittaa hiihto-opettajan koulutuksen Ranskassa. S\u00e4hk\u00f6inen rekister\u00f6ityminen tekniseen kokeeseen\" \/>\n<meta name=\"robots\" content=\"index, follow, max-snippet:-1, max-image-preview:large, max-video-preview:-1\" \/>\n<link rel=\"canonical\" href=\"https:\/\/test-technique-ski.fr\/fi\/\" \/>\n<meta property=\"og:locale\" content=\"fi_FI\" \/>\n<meta property=\"og:type\" content=\"article\" \/>\n<meta property=\"og:title\" content=\"Alppihiihdon tekniikkatesti\" \/>\n<meta property=\"og:description\" content=\"Alppihiihdon teknisen kokeen avulla voit aloittaa hiihto-opettajan koulutuksen Ranskassa. S\u00e4hk\u00f6inen rekister\u00f6ityminen tekniseen kokeeseen\" \/>\n<meta property=\"og:url\" content=\"https:\/\/test-technique-ski.fr\/fi\/\" \/>\n<meta property=\"og:site_name\" content=\"TEST TECHNIQUE SKI\" \/>\n<meta property=\"article:modified_time\" content=\"2025-10-24T17:33:11+00:00\" \/>\n<meta property=\"og:image\" content=\"https:\/\/test-technique-ski.fr\/wp-content\/uploads\/2023\/01\/Ski-Test-Technique-1-scaled.jpg\" \/>\n\t<meta property=\"og:image:width\" content=\"2560\" \/>\n\t<meta property=\"og:image:height\" content=\"1868\" \/>\n\t<meta property=\"og:image:type\" content=\"image\/jpeg\" \/>\n<meta name=\"twitter:card\" content=\"summary_large_image\" \/>\n<meta name=\"twitter:label1\" content=\"Arvioitu lukuaika\" \/>\n\t<meta name=\"twitter:data1\" content=\"2 minuuttia\" \/>\n<script type=\"application\/ld+json\" class=\"yoast-schema-graph\">{\"@context\":\"https:\\\/\\\/schema.org\",\"@graph\":[{\"@type\":\"WebPage\",\"@id\":\"https:\\\/\\\/test-technique-ski.fr\\\/fi\\\/\",\"url\":\"https:\\\/\\\/test-technique-ski.fr\\\/fi\\\/\",\"name\":\"Alppihiihdon tekniikkatesti\",\"isPartOf\":{\"@id\":\"https:\\\/\\\/test-technique-ski.fr\\\/fi\\\/#website\"},\"primaryImageOfPage\":{\"@id\":\"https:\\\/\\\/test-technique-ski.fr\\\/fi\\\/#primaryimage\"},\"image\":{\"@id\":\"https:\\\/\\\/test-technique-ski.fr\\\/fi\\\/#primaryimage\"},\"thumbnailUrl\":\"https:\\\/\\\/test-technique-ski.fr\\\/wp-content\\\/uploads\\\/2023\\\/01\\\/Ski-Test-Technique-1-1024x747.jpg\",\"datePublished\":\"2023-01-05T13:50:17+00:00\",\"dateModified\":\"2025-10-24T17:33:11+00:00\",\"description\":\"Alppihiihdon teknisen kokeen avulla voit aloittaa hiihto-opettajan koulutuksen Ranskassa. S\u00e4hk\u00f6inen rekister\u00f6ityminen tekniseen kokeeseen\",\"inLanguage\":\"fi\",\"potentialAction\":[{\"@type\":\"ReadAction\",\"target\":[\"https:\\\/\\\/test-technique-ski.fr\\\/fi\\\/\"]}]},{\"@type\":\"ImageObject\",\"inLanguage\":\"fi\",\"@id\":\"https:\\\/\\\/test-technique-ski.fr\\\/fi\\\/#primaryimage\",\"url\":\"https:\\\/\\\/test-technique-ski.fr\\\/wp-content\\\/uploads\\\/2023\\\/01\\\/Ski-Test-Technique-1-1024x747.jpg\",\"contentUrl\":\"https:\\\/\\\/test-technique-ski.fr\\\/wp-content\\\/uploads\\\/2023\\\/01\\\/Ski-Test-Technique-1-1024x747.jpg\"},{\"@type\":\"WebSite\",\"@id\":\"https:\\\/\\\/test-technique-ski.fr\\\/fi\\\/#website\",\"url\":\"https:\\\/\\\/test-technique-ski.fr\\\/fi\\\/\",\"name\":\"TEST TECHNIQUE SKI\",\"description\":\"\",\"potentialAction\":[{\"@type\":\"SearchAction\",\"target\":{\"@type\":\"EntryPoint\",\"urlTemplate\":\"https:\\\/\\\/test-technique-ski.fr\\\/fi\\\/?s={search_term_string}\"},\"query-input\":{\"@type\":\"PropertyValueSpecification\",\"valueRequired\":true,\"valueName\":\"search_term_string\"}}],\"inLanguage\":\"fi\"}]}<\/script>\n<!-- \/ Yoast SEO plugin. -->","yoast_head_json":{"title":"Alppihiihdon tekniikkatesti","description":"Alppihiihdon teknisen kokeen avulla voit aloittaa hiihto-opettajan koulutuksen Ranskassa. S\u00e4hk\u00f6inen rekister\u00f6ityminen tekniseen kokeeseen","robots":{"index":"index","follow":"follow","max-snippet":"max-snippet:-1","max-image-preview":"max-image-preview:large","max-video-preview":"max-video-preview:-1"},"canonical":"https:\/\/test-technique-ski.fr\/fi\/","og_locale":"fi_FI","og_type":"article","og_title":"Alppihiihdon tekniikkatesti","og_description":"Alppihiihdon teknisen kokeen avulla voit aloittaa hiihto-opettajan koulutuksen Ranskassa. S\u00e4hk\u00f6inen rekister\u00f6ityminen tekniseen kokeeseen","og_url":"https:\/\/test-technique-ski.fr\/fi\/","og_site_name":"TEST TECHNIQUE SKI","article_modified_time":"2025-10-24T17:33:11+00:00","og_image":[{"width":2560,"height":1868,"url":"https:\/\/test-technique-ski.fr\/wp-content\/uploads\/2023\/01\/Ski-Test-Technique-1-scaled.jpg","type":"image\/jpeg"}],"twitter_card":"summary_large_image","twitter_misc":{"Arvioitu lukuaika":"2 minuuttia"},"schema":{"@context":"https:\/\/schema.org","@graph":[{"@type":"WebPage","@id":"https:\/\/test-technique-ski.fr\/fi\/","url":"https:\/\/test-technique-ski.fr\/fi\/","name":"Alppihiihdon tekniikkatesti","isPartOf":{"@id":"https:\/\/test-technique-ski.fr\/fi\/#website"},"primaryImageOfPage":{"@id":"https:\/\/test-technique-ski.fr\/fi\/#primaryimage"},"image":{"@id":"https:\/\/test-technique-ski.fr\/fi\/#primaryimage"},"thumbnailUrl":"https:\/\/test-technique-ski.fr\/wp-content\/uploads\/2023\/01\/Ski-Test-Technique-1-1024x747.jpg","datePublished":"2023-01-05T13:50:17+00:00","dateModified":"2025-10-24T17:33:11+00:00","description":"Alppihiihdon teknisen kokeen avulla voit aloittaa hiihto-opettajan koulutuksen Ranskassa. S\u00e4hk\u00f6inen rekister\u00f6ityminen tekniseen kokeeseen","inLanguage":"fi","potentialAction":[{"@type":"ReadAction","target":["https:\/\/test-technique-ski.fr\/fi\/"]}]},{"@type":"ImageObject","inLanguage":"fi","@id":"https:\/\/test-technique-ski.fr\/fi\/#primaryimage","url":"https:\/\/test-technique-ski.fr\/wp-content\/uploads\/2023\/01\/Ski-Test-Technique-1-1024x747.jpg","contentUrl":"https:\/\/test-technique-ski.fr\/wp-content\/uploads\/2023\/01\/Ski-Test-Technique-1-1024x747.jpg"},{"@type":"WebSite","@id":"https:\/\/test-technique-ski.fr\/fi\/#website","url":"https:\/\/test-technique-ski.fr\/fi\/","name":"TEST TECHNIQUE SKI","description":"","potentialAction":[{"@type":"SearchAction","target":{"@type":"EntryPoint","urlTemplate":"https:\/\/test-technique-ski.fr\/fi\/?s={search_term_string}"},"query-input":{"@type":"PropertyValueSpecification","valueRequired":true,"valueName":"search_term_string"}}],"inLanguage":"fi"}]}},"_links":{"self":[{"href":"https:\/\/test-technique-ski.fr\/fi\/wp-json\/wp\/v2\/pages\/483","targetHints":{"allow":["GET"]}}],"collection":[{"href":"https:\/\/test-technique-ski.fr\/fi\/wp-json\/wp\/v2\/pages"}],"about":[{"href":"https:\/\/test-technique-ski.fr\/fi\/wp-json\/wp\/v2\/types\/page"}],"author":[{"embeddable":true,"href":"https:\/\/test-technique-ski.fr\/fi\/wp-json\/wp\/v2\/users\/1"}],"replies":[{"embeddable":true,"href":"https:\/\/test-technique-ski.fr\/fi\/wp-json\/wp\/v2\/comments?post=483"}],"version-history":[{"count":3,"href":"https:\/\/test-technique-ski.fr\/fi\/wp-json\/wp\/v2\/pages\/483\/revisions"}],"predecessor-version":[{"id":3540,"href":"https:\/\/test-technique-ski.fr\/fi\/wp-json\/wp\/v2\/pages\/483\/revisions\/3540"}],"wp:attachment":[{"href":"https:\/\/test-technique-ski.fr\/fi\/wp-json\/wp\/v2\/media?parent=483"}],"curies":[{"name":"wp","href":"https:\/\/api.w.org\/{rel}","templated":true}]}}