{"id":485,"date":"2023-01-05T13:51:44","date_gmt":"2023-01-05T13:51:44","guid":{"rendered":"https:\/\/test-technique-ski.fr\/registration-technical-test-ski\/"},"modified":"2026-02-12T11:38:20","modified_gmt":"2026-02-12T11:38:20","slug":"suksien-teknisen-kokeen-rekisterointi","status":"publish","type":"page","link":"https:\/\/test-technique-ski.fr\/fi\/suksien-teknisen-kokeen-rekisterointi\/","title":{"rendered":"Ilmoittautuminen alppihiihdon tekniseen kokeeseen"},"content":{"rendered":"\n<h1 class=\"wp-block-heading\">Ilmoittautuminen vuoden 2026 tekniseen hiihtokokeeseen<\/h1>\n\n<p>Teknisen hiihtokokeen rekister\u00f6inti tapahtuu kokonaisuudessaan verkossa.<\/p>\n\n<h2 class=\"wp-block-heading\">Alppihiihdon teknisen testin rekister\u00f6intip\u00e4iv\u00e4t<\/h2>\n\n<p>Ilmoittautumisp\u00e4iv\u00e4m\u00e4\u00e4r\u00e4t ovat erilaiset Ranskassa j\u00e4rjestett\u00e4vien kahden teknisen testin osalta:<\/p>\n\n<ul class=\"wp-block-list\">\n<li>Ilmoittautumisp\u00e4iv\u00e4m\u00e4\u00e4r\u00e4t 1. istuntojaksolle: 13.10 <strong>.2025-21.11.2025.<\/strong><\/li>\n\n\n\n<li>Ilmoittautumisp\u00e4iv\u00e4m\u00e4\u00e4r\u00e4t maalis- ja huhtikuun 2. istuntojaksolle: 09 <strong>.-27. helmikuuta 2026.<\/strong><\/li>\n<\/ul>\n\n<div style=\"height:25px\" aria-hidden=\"true\" class=\"wp-block-spacer\"><\/div>\n\n<h2 class=\"wp-block-heading\">Miten ilmoittaudun tekniseen hiihtokokeeseen?<\/h2>\n\n<p><a href=\"https:\/\/test-technique-ski.fr\/fi\/\">Tekniseen hiihtokokeeseen<\/a> ilmoittautuminen edellytt\u00e4\u00e4 tilin luomista Ranskan urheiluministeri\u00f6n koulutuspolkujen hallintaj\u00e4rjestelm\u00e4\u00e4n. GEPAFO Montagnen verkkosivut l\u00f6ytyv\u00e4t osoitteesta <a href=\"https:\/\/gepafom.fr\/\">gepafom.fr<\/a>.<\/p>\n\n<figure class=\"wp-block-image size-full\"><img fetchpriority=\"high\" decoding=\"async\" width=\"962\" height=\"508\" src=\"https:\/\/test-technique-ski.fr\/wp-content\/uploads\/2023\/01\/Inscription-test-technique-gepafom.jpg\" alt=\"Teknisen testin rekister&#xF6;intisivu\" class=\"wp-image-340\" title=\"Ilmoittautuminen tekniseen kokeeseen GEPAFOn verkkosivustolla.\" srcset=\"https:\/\/test-technique-ski.fr\/wp-content\/uploads\/2023\/01\/Inscription-test-technique-gepafom.jpg 962w, https:\/\/test-technique-ski.fr\/wp-content\/uploads\/2023\/01\/Inscription-test-technique-gepafom-300x158.jpg 300w, https:\/\/test-technique-ski.fr\/wp-content\/uploads\/2023\/01\/Inscription-test-technique-gepafom-768x406.jpg 768w\" sizes=\"(max-width: 962px) 100vw, 962px\" \/><figcaption class=\"wp-element-caption\">Teknisen kokeen ilmoittautumissivu GEPAFO Montagnen verkkosivustolla.<\/figcaption><\/figure>\n\n<p><strong>Alppihiihto-ohjaaja A -tutkinnon rekister\u00f6intisivustolla<\/strong> sinun on luotava tili, jotta p\u00e4\u00e4set kokelasalueelle. Sinun on t\u00e4ytett\u00e4v\u00e4 s\u00e4hk\u00f6inen rekister\u00f6intilomake validoidaksesi kokelasprofiilisi.<\/p>\n\n<p>T\u00e4m\u00e4n urheiluministeri\u00f6n verkkosivuilla olevan tilin avulla voit seurata alppihiihdon A-hiihto-opettajatutkintoa koskevan hakemuksesi kaikkia vaiheita.<\/p>\n\n<h2 class=\"wp-block-heading\">Ilmoittautumislomake alppihiihdon teknist\u00e4 testi\u00e4 varten<\/h2>\n\n<p>Kun klikkaat gepafom.fr-sivuston<strong>teknisen hiihtokokeen rekister\u00f6intisivuston<\/strong> <strong>create an account<\/strong> -painiketta, p\u00e4\u00e4set rekister\u00f6intilomakkeelle, joka t\u00e4ytet\u00e4\u00e4n verkossa. <\/p>\n\n<p>T\u00e4ss\u00e4 on kuvakaappaus rekister\u00f6intilomakkeesta:<\/p>\n\n<figure class=\"wp-block-image size-full\"><img decoding=\"async\" width=\"843\" height=\"886\" src=\"https:\/\/test-technique-ski.fr\/wp-content\/uploads\/2023\/01\/formulaire-inscription-test-technique-ski-gepafom.jpg\" alt=\"Ilmoittautumislomake hiihtotekniikkatesti&#xE4; varten Internetiss&#xE4;\" class=\"wp-image-343\" title=\"Teknisen hiihtokokeen ilmoittautumislomake\" srcset=\"https:\/\/test-technique-ski.fr\/wp-content\/uploads\/2023\/01\/formulaire-inscription-test-technique-ski-gepafom.jpg 843w, https:\/\/test-technique-ski.fr\/wp-content\/uploads\/2023\/01\/formulaire-inscription-test-technique-ski-gepafom-285x300.jpg 285w, https:\/\/test-technique-ski.fr\/wp-content\/uploads\/2023\/01\/formulaire-inscription-test-technique-ski-gepafom-768x807.jpg 768w\" sizes=\"(max-width: 843px) 100vw, 843px\" \/><figcaption class=\"wp-element-caption\">Teknisen hiihtokokeen ilmoittautumislomake urheiluministeri\u00f6n gepafom.fr-sivustolla.<\/figcaption><\/figure>\n","protected":false},"excerpt":{"rendered":"<p>Ilmoittautuminen vuoden 2026 tekniseen hiihtokokeeseen Teknisen hiihtokokeen rekister\u00f6inti tapahtuu kokonaisuudessaan verkossa. Alppihiihdon teknisen testin rekister\u00f6intip\u00e4iv\u00e4t Ilmoittautumisp\u00e4iv\u00e4m\u00e4\u00e4r\u00e4t ovat erilaiset Ranskassa j\u00e4rjestett\u00e4vien kahden teknisen testin osalta: Miten ilmoittaudun tekniseen hiihtokokeeseen? Tekniseen hiihtokokeeseen ilmoittautuminen edellytt\u00e4\u00e4 tilin luomista Ranskan urheiluministeri\u00f6n koulutuspolkujen hallintaj\u00e4rjestelm\u00e4\u00e4n. GEPAFO Montagnen verkkosivut l\u00f6ytyv\u00e4t osoitteesta gepafom.fr. Alppihiihto-ohjaaja A -tutkinnon rekister\u00f6intisivustolla sinun on luotava tili, jotta p\u00e4\u00e4set kokelasalueelle. [&hellip;]<\/p>\n","protected":false},"author":1,"featured_media":0,"parent":0,"menu_order":0,"comment_status":"closed","ping_status":"closed","template":"","meta":{"footnotes":""},"class_list":["post-485","page","type-page","status-publish","hentry"],"yoast_head":"<!-- This site is optimized with the Yoast SEO plugin v27.3 - https:\/\/yoast.com\/product\/yoast-seo-wordpress\/ -->\n<title>Ilmoittautuminen alppihiihdon tekniseen kokeeseen<\/title>\n<meta name=\"description\" content=\"Kaikki tiedot, joita tarvitset ilmoittautuaksesi Ranskan alppihiihdon tekniseen kokeeseen. Kaikki vaiheet onnistuneeseen rekister\u00f6intiin\" \/>\n<meta name=\"robots\" content=\"index, follow, max-snippet:-1, max-image-preview:large, max-video-preview:-1\" \/>\n<link rel=\"canonical\" href=\"https:\/\/test-technique-ski.fr\/fi\/suksien-teknisen-kokeen-rekisterointi\/\" \/>\n<meta property=\"og:locale\" content=\"fi_FI\" \/>\n<meta property=\"og:type\" content=\"article\" \/>\n<meta property=\"og:title\" content=\"Ilmoittautuminen alppihiihdon tekniseen kokeeseen\" \/>\n<meta property=\"og:description\" content=\"Kaikki tiedot, joita tarvitset ilmoittautuaksesi Ranskan alppihiihdon tekniseen kokeeseen. Kaikki vaiheet onnistuneeseen rekister\u00f6intiin\" \/>\n<meta property=\"og:url\" content=\"https:\/\/test-technique-ski.fr\/fi\/suksien-teknisen-kokeen-rekisterointi\/\" \/>\n<meta property=\"og:site_name\" content=\"TEST TECHNIQUE SKI\" \/>\n<meta property=\"article:modified_time\" content=\"2026-02-12T11:38:20+00:00\" \/>\n<meta property=\"og:image\" content=\"https:\/\/test-technique-ski.fr\/wp-content\/uploads\/2023\/01\/Inscription-test-technique-gepafom.jpg\" \/>\n\t<meta property=\"og:image:width\" content=\"962\" \/>\n\t<meta property=\"og:image:height\" content=\"508\" \/>\n\t<meta property=\"og:image:type\" content=\"image\/jpeg\" \/>\n<meta name=\"twitter:card\" content=\"summary_large_image\" \/>\n<meta name=\"twitter:label1\" content=\"Arvioitu lukuaika\" \/>\n\t<meta name=\"twitter:data1\" content=\"1 minuutti\" \/>\n<script type=\"application\/ld+json\" class=\"yoast-schema-graph\">{\"@context\":\"https:\\\/\\\/schema.org\",\"@graph\":[{\"@type\":\"WebPage\",\"@id\":\"https:\\\/\\\/test-technique-ski.fr\\\/fi\\\/suksien-teknisen-kokeen-rekisterointi\\\/\",\"url\":\"https:\\\/\\\/test-technique-ski.fr\\\/fi\\\/suksien-teknisen-kokeen-rekisterointi\\\/\",\"name\":\"Ilmoittautuminen alppihiihdon tekniseen kokeeseen\",\"isPartOf\":{\"@id\":\"https:\\\/\\\/test-technique-ski.fr\\\/fi\\\/#website\"},\"primaryImageOfPage\":{\"@id\":\"https:\\\/\\\/test-technique-ski.fr\\\/fi\\\/suksien-teknisen-kokeen-rekisterointi\\\/#primaryimage\"},\"image\":{\"@id\":\"https:\\\/\\\/test-technique-ski.fr\\\/fi\\\/suksien-teknisen-kokeen-rekisterointi\\\/#primaryimage\"},\"thumbnailUrl\":\"https:\\\/\\\/test-technique-ski.fr\\\/wp-content\\\/uploads\\\/2023\\\/01\\\/Inscription-test-technique-gepafom.jpg\",\"datePublished\":\"2023-01-05T13:51:44+00:00\",\"dateModified\":\"2026-02-12T11:38:20+00:00\",\"description\":\"Kaikki tiedot, joita tarvitset ilmoittautuaksesi Ranskan alppihiihdon tekniseen kokeeseen. Kaikki vaiheet onnistuneeseen rekister\u00f6intiin\",\"inLanguage\":\"fi\",\"potentialAction\":[{\"@type\":\"ReadAction\",\"target\":[\"https:\\\/\\\/test-technique-ski.fr\\\/fi\\\/suksien-teknisen-kokeen-rekisterointi\\\/\"]}]},{\"@type\":\"ImageObject\",\"inLanguage\":\"fi\",\"@id\":\"https:\\\/\\\/test-technique-ski.fr\\\/fi\\\/suksien-teknisen-kokeen-rekisterointi\\\/#primaryimage\",\"url\":\"https:\\\/\\\/test-technique-ski.fr\\\/wp-content\\\/uploads\\\/2023\\\/01\\\/Inscription-test-technique-gepafom.jpg\",\"contentUrl\":\"https:\\\/\\\/test-technique-ski.fr\\\/wp-content\\\/uploads\\\/2023\\\/01\\\/Inscription-test-technique-gepafom.jpg\"},{\"@type\":\"WebSite\",\"@id\":\"https:\\\/\\\/test-technique-ski.fr\\\/fi\\\/#website\",\"url\":\"https:\\\/\\\/test-technique-ski.fr\\\/fi\\\/\",\"name\":\"TEST TECHNIQUE SKI\",\"description\":\"\",\"potentialAction\":[{\"@type\":\"SearchAction\",\"target\":{\"@type\":\"EntryPoint\",\"urlTemplate\":\"https:\\\/\\\/test-technique-ski.fr\\\/fi\\\/?s={search_term_string}\"},\"query-input\":{\"@type\":\"PropertyValueSpecification\",\"valueRequired\":true,\"valueName\":\"search_term_string\"}}],\"inLanguage\":\"fi\"}]}<\/script>\n<!-- \/ Yoast SEO plugin. -->","yoast_head_json":{"title":"Ilmoittautuminen alppihiihdon tekniseen kokeeseen","description":"Kaikki tiedot, joita tarvitset ilmoittautuaksesi Ranskan alppihiihdon tekniseen kokeeseen. Kaikki vaiheet onnistuneeseen rekister\u00f6intiin","robots":{"index":"index","follow":"follow","max-snippet":"max-snippet:-1","max-image-preview":"max-image-preview:large","max-video-preview":"max-video-preview:-1"},"canonical":"https:\/\/test-technique-ski.fr\/fi\/suksien-teknisen-kokeen-rekisterointi\/","og_locale":"fi_FI","og_type":"article","og_title":"Ilmoittautuminen alppihiihdon tekniseen kokeeseen","og_description":"Kaikki tiedot, joita tarvitset ilmoittautuaksesi Ranskan alppihiihdon tekniseen kokeeseen. Kaikki vaiheet onnistuneeseen rekister\u00f6intiin","og_url":"https:\/\/test-technique-ski.fr\/fi\/suksien-teknisen-kokeen-rekisterointi\/","og_site_name":"TEST TECHNIQUE SKI","article_modified_time":"2026-02-12T11:38:20+00:00","og_image":[{"width":962,"height":508,"url":"https:\/\/test-technique-ski.fr\/wp-content\/uploads\/2023\/01\/Inscription-test-technique-gepafom.jpg","type":"image\/jpeg"}],"twitter_card":"summary_large_image","twitter_misc":{"Arvioitu lukuaika":"1 minuutti"},"schema":{"@context":"https:\/\/schema.org","@graph":[{"@type":"WebPage","@id":"https:\/\/test-technique-ski.fr\/fi\/suksien-teknisen-kokeen-rekisterointi\/","url":"https:\/\/test-technique-ski.fr\/fi\/suksien-teknisen-kokeen-rekisterointi\/","name":"Ilmoittautuminen alppihiihdon tekniseen kokeeseen","isPartOf":{"@id":"https:\/\/test-technique-ski.fr\/fi\/#website"},"primaryImageOfPage":{"@id":"https:\/\/test-technique-ski.fr\/fi\/suksien-teknisen-kokeen-rekisterointi\/#primaryimage"},"image":{"@id":"https:\/\/test-technique-ski.fr\/fi\/suksien-teknisen-kokeen-rekisterointi\/#primaryimage"},"thumbnailUrl":"https:\/\/test-technique-ski.fr\/wp-content\/uploads\/2023\/01\/Inscription-test-technique-gepafom.jpg","datePublished":"2023-01-05T13:51:44+00:00","dateModified":"2026-02-12T11:38:20+00:00","description":"Kaikki tiedot, joita tarvitset ilmoittautuaksesi Ranskan alppihiihdon tekniseen kokeeseen. Kaikki vaiheet onnistuneeseen rekister\u00f6intiin","inLanguage":"fi","potentialAction":[{"@type":"ReadAction","target":["https:\/\/test-technique-ski.fr\/fi\/suksien-teknisen-kokeen-rekisterointi\/"]}]},{"@type":"ImageObject","inLanguage":"fi","@id":"https:\/\/test-technique-ski.fr\/fi\/suksien-teknisen-kokeen-rekisterointi\/#primaryimage","url":"https:\/\/test-technique-ski.fr\/wp-content\/uploads\/2023\/01\/Inscription-test-technique-gepafom.jpg","contentUrl":"https:\/\/test-technique-ski.fr\/wp-content\/uploads\/2023\/01\/Inscription-test-technique-gepafom.jpg"},{"@type":"WebSite","@id":"https:\/\/test-technique-ski.fr\/fi\/#website","url":"https:\/\/test-technique-ski.fr\/fi\/","name":"TEST TECHNIQUE SKI","description":"","potentialAction":[{"@type":"SearchAction","target":{"@type":"EntryPoint","urlTemplate":"https:\/\/test-technique-ski.fr\/fi\/?s={search_term_string}"},"query-input":{"@type":"PropertyValueSpecification","valueRequired":true,"valueName":"search_term_string"}}],"inLanguage":"fi"}]}},"_links":{"self":[{"href":"https:\/\/test-technique-ski.fr\/fi\/wp-json\/wp\/v2\/pages\/485","targetHints":{"allow":["GET"]}}],"collection":[{"href":"https:\/\/test-technique-ski.fr\/fi\/wp-json\/wp\/v2\/pages"}],"about":[{"href":"https:\/\/test-technique-ski.fr\/fi\/wp-json\/wp\/v2\/types\/page"}],"author":[{"embeddable":true,"href":"https:\/\/test-technique-ski.fr\/fi\/wp-json\/wp\/v2\/users\/1"}],"replies":[{"embeddable":true,"href":"https:\/\/test-technique-ski.fr\/fi\/wp-json\/wp\/v2\/comments?post=485"}],"version-history":[{"count":3,"href":"https:\/\/test-technique-ski.fr\/fi\/wp-json\/wp\/v2\/pages\/485\/revisions"}],"predecessor-version":[{"id":3796,"href":"https:\/\/test-technique-ski.fr\/fi\/wp-json\/wp\/v2\/pages\/485\/revisions\/3796"}],"wp:attachment":[{"href":"https:\/\/test-technique-ski.fr\/fi\/wp-json\/wp\/v2\/media?parent=485"}],"curies":[{"name":"wp","href":"https:\/\/api.w.org\/{rel}","templated":true}]}}