{"id":566,"date":"2023-01-06T08:40:08","date_gmt":"2023-01-06T08:40:08","guid":{"rendered":"https:\/\/test-technique-ski.fr\/results-test-technical-ski-alpin\/"},"modified":"2026-01-31T09:21:14","modified_gmt":"2026-01-31T09:21:14","slug":"hiihtotekniikan-testitulokset","status":"publish","type":"page","link":"https:\/\/test-technique-ski.fr\/fi\/hiihtotekniikan-testitulokset\/","title":{"rendered":"Alppihiihdon teknisen testin tulokset"},"content":{"rendered":"\n<h1 class=\"wp-block-heading\">Hiihtotekniikkatestin tulokset<\/h1>\n\n<p><a href=\"https:\/\/test-technique-ski.fr\/fi\/\">Alppihiihdon teknisen testin<\/a> tulokset ovat saatavilla Internetiss\u00e4 Ranskan urheiluministeri\u00f6n koulutuspolkujen hallintaj\u00e4rjestelm\u00e4ss\u00e4.<\/p>\n\n<h2 class=\"wp-block-heading\">Miten saan teknisen hiihtokokeen tulokset?<\/h2>\n\n<p>Tuloksia voit tarkastella kirjautumalla <a href=\"https:\/\/www.gepafom.fr\/jsra\/login\">gepafom.fr-sivustolle .<\/a> <\/p>\n\n<p>Jos sinulla ei ole tili\u00e4 GEPAFO Montagne -sivustolla, voit luoda tilin <a href=\"https:\/\/test-technique-ski.fr\/fi\/suksien-teknisen-kokeen-rekisterointi\/\">rekister\u00f6ity\u00e4ksesi tekniseen hiihtokokeeseen.<\/a><\/p>\n\n<p>Kun olet kirjautunut GEPAFO-tilillesi, sinun on napsautettava alla olevan kuvan mukaista TULOKSET-painiketta:<\/p>\n\n<figure class=\"wp-block-image size-full\"><img fetchpriority=\"high\" decoding=\"async\" width=\"944\" height=\"448\" src=\"https:\/\/test-technique-ski.fr\/wp-content\/uploads\/2023\/01\/resultats-test-technique-ski.jpg\" alt=\"Alppihiihdon teknisen testin tulokset\" class=\"wp-image-350\" title=\"Alppihiihdon teknisen testin tulokset\" srcset=\"https:\/\/test-technique-ski.fr\/wp-content\/uploads\/2023\/01\/resultats-test-technique-ski.jpg 944w, https:\/\/test-technique-ski.fr\/wp-content\/uploads\/2023\/01\/resultats-test-technique-ski-300x142.jpg 300w, https:\/\/test-technique-ski.fr\/wp-content\/uploads\/2023\/01\/resultats-test-technique-ski-768x364.jpg 768w\" sizes=\"(max-width: 944px) 100vw, 944px\" \/><figcaption class=\"wp-element-caption\">Ski 2026 Teknisen testin tulokset<\/figcaption><\/figure>\n\n<p>Alppihiihdon teknisen testin tulokset ovat saatavilla kahden vuosittaisen teknisen testin j\u00e4lkeen. Klikkaa t\u00e4st\u00e4 <a href=\"https:\/\/test-technique-ski.fr\/fi\/alppisuksien-teknisen-testin-paivamaara\/\">vuoden 2026 teknisen hiihtokokeen p\u00e4iv\u00e4m\u00e4\u00e4r\u00e4t<\/a>.<\/p>\n","protected":false},"excerpt":{"rendered":"<p>Hiihtotekniikkatestin tulokset Alppihiihdon teknisen testin tulokset ovat saatavilla Internetiss\u00e4 Ranskan urheiluministeri\u00f6n koulutuspolkujen hallintaj\u00e4rjestelm\u00e4ss\u00e4. Miten saan teknisen hiihtokokeen tulokset? Tuloksia voit tarkastella kirjautumalla gepafom.fr-sivustolle . Jos sinulla ei ole tili\u00e4 GEPAFO Montagne -sivustolla, voit luoda tilin rekister\u00f6ity\u00e4ksesi tekniseen hiihtokokeeseen. Kun olet kirjautunut GEPAFO-tilillesi, sinun on napsautettava alla olevan kuvan mukaista TULOKSET-painiketta: Alppihiihdon teknisen testin tulokset ovat [&hellip;]<\/p>\n","protected":false},"author":1,"featured_media":0,"parent":0,"menu_order":0,"comment_status":"closed","ping_status":"closed","template":"","meta":{"footnotes":""},"class_list":["post-566","page","type-page","status-publish","hentry"],"yoast_head":"<!-- This site is optimized with the Yoast SEO plugin v27.3 - https:\/\/yoast.com\/product\/yoast-seo-wordpress\/ -->\n<title>Alppihiihdon teknisen testin tulokset<\/title>\n<meta name=\"description\" content=\"Alppihiihdon teknisen testin tulokset l\u00f6ytyv\u00e4t suoraan Internetist\u00e4. N\u00e4m\u00e4 tulokset ovat saatavilla verkossa.\" \/>\n<meta name=\"robots\" content=\"index, follow, max-snippet:-1, max-image-preview:large, max-video-preview:-1\" \/>\n<link rel=\"canonical\" href=\"https:\/\/test-technique-ski.fr\/fi\/hiihtotekniikan-testitulokset\/\" \/>\n<meta property=\"og:locale\" content=\"fi_FI\" \/>\n<meta property=\"og:type\" content=\"article\" \/>\n<meta property=\"og:title\" content=\"Alppihiihdon teknisen testin tulokset\" \/>\n<meta property=\"og:description\" content=\"Alppihiihdon teknisen testin tulokset l\u00f6ytyv\u00e4t suoraan Internetist\u00e4. N\u00e4m\u00e4 tulokset ovat saatavilla verkossa.\" \/>\n<meta property=\"og:url\" content=\"https:\/\/test-technique-ski.fr\/fi\/hiihtotekniikan-testitulokset\/\" \/>\n<meta property=\"og:site_name\" content=\"TEST TECHNIQUE SKI\" \/>\n<meta property=\"article:modified_time\" content=\"2026-01-31T09:21:14+00:00\" \/>\n<meta property=\"og:image\" content=\"https:\/\/test-technique-ski.fr\/wp-content\/uploads\/2023\/01\/resultats-test-technique-ski.jpg\" \/>\n\t<meta property=\"og:image:width\" content=\"944\" \/>\n\t<meta property=\"og:image:height\" content=\"448\" \/>\n\t<meta property=\"og:image:type\" content=\"image\/jpeg\" \/>\n<meta name=\"twitter:card\" content=\"summary_large_image\" \/>\n<script type=\"application\/ld+json\" class=\"yoast-schema-graph\">{\"@context\":\"https:\\\/\\\/schema.org\",\"@graph\":[{\"@type\":\"WebPage\",\"@id\":\"https:\\\/\\\/test-technique-ski.fr\\\/fi\\\/hiihtotekniikan-testitulokset\\\/\",\"url\":\"https:\\\/\\\/test-technique-ski.fr\\\/fi\\\/hiihtotekniikan-testitulokset\\\/\",\"name\":\"Alppihiihdon teknisen testin tulokset\",\"isPartOf\":{\"@id\":\"https:\\\/\\\/test-technique-ski.fr\\\/fi\\\/#website\"},\"primaryImageOfPage\":{\"@id\":\"https:\\\/\\\/test-technique-ski.fr\\\/fi\\\/hiihtotekniikan-testitulokset\\\/#primaryimage\"},\"image\":{\"@id\":\"https:\\\/\\\/test-technique-ski.fr\\\/fi\\\/hiihtotekniikan-testitulokset\\\/#primaryimage\"},\"thumbnailUrl\":\"https:\\\/\\\/test-technique-ski.fr\\\/wp-content\\\/uploads\\\/2023\\\/01\\\/resultats-test-technique-ski.jpg\",\"datePublished\":\"2023-01-06T08:40:08+00:00\",\"dateModified\":\"2026-01-31T09:21:14+00:00\",\"description\":\"Alppihiihdon teknisen testin tulokset l\u00f6ytyv\u00e4t suoraan Internetist\u00e4. N\u00e4m\u00e4 tulokset ovat saatavilla verkossa.\",\"inLanguage\":\"fi\",\"potentialAction\":[{\"@type\":\"ReadAction\",\"target\":[\"https:\\\/\\\/test-technique-ski.fr\\\/fi\\\/hiihtotekniikan-testitulokset\\\/\"]}]},{\"@type\":\"ImageObject\",\"inLanguage\":\"fi\",\"@id\":\"https:\\\/\\\/test-technique-ski.fr\\\/fi\\\/hiihtotekniikan-testitulokset\\\/#primaryimage\",\"url\":\"https:\\\/\\\/test-technique-ski.fr\\\/wp-content\\\/uploads\\\/2023\\\/01\\\/resultats-test-technique-ski.jpg\",\"contentUrl\":\"https:\\\/\\\/test-technique-ski.fr\\\/wp-content\\\/uploads\\\/2023\\\/01\\\/resultats-test-technique-ski.jpg\"},{\"@type\":\"WebSite\",\"@id\":\"https:\\\/\\\/test-technique-ski.fr\\\/fi\\\/#website\",\"url\":\"https:\\\/\\\/test-technique-ski.fr\\\/fi\\\/\",\"name\":\"TEST TECHNIQUE SKI\",\"description\":\"\",\"potentialAction\":[{\"@type\":\"SearchAction\",\"target\":{\"@type\":\"EntryPoint\",\"urlTemplate\":\"https:\\\/\\\/test-technique-ski.fr\\\/fi\\\/?s={search_term_string}\"},\"query-input\":{\"@type\":\"PropertyValueSpecification\",\"valueRequired\":true,\"valueName\":\"search_term_string\"}}],\"inLanguage\":\"fi\"}]}<\/script>\n<!-- \/ Yoast SEO plugin. -->","yoast_head_json":{"title":"Alppihiihdon teknisen testin tulokset","description":"Alppihiihdon teknisen testin tulokset l\u00f6ytyv\u00e4t suoraan Internetist\u00e4. N\u00e4m\u00e4 tulokset ovat saatavilla verkossa.","robots":{"index":"index","follow":"follow","max-snippet":"max-snippet:-1","max-image-preview":"max-image-preview:large","max-video-preview":"max-video-preview:-1"},"canonical":"https:\/\/test-technique-ski.fr\/fi\/hiihtotekniikan-testitulokset\/","og_locale":"fi_FI","og_type":"article","og_title":"Alppihiihdon teknisen testin tulokset","og_description":"Alppihiihdon teknisen testin tulokset l\u00f6ytyv\u00e4t suoraan Internetist\u00e4. N\u00e4m\u00e4 tulokset ovat saatavilla verkossa.","og_url":"https:\/\/test-technique-ski.fr\/fi\/hiihtotekniikan-testitulokset\/","og_site_name":"TEST TECHNIQUE SKI","article_modified_time":"2026-01-31T09:21:14+00:00","og_image":[{"width":944,"height":448,"url":"https:\/\/test-technique-ski.fr\/wp-content\/uploads\/2023\/01\/resultats-test-technique-ski.jpg","type":"image\/jpeg"}],"twitter_card":"summary_large_image","schema":{"@context":"https:\/\/schema.org","@graph":[{"@type":"WebPage","@id":"https:\/\/test-technique-ski.fr\/fi\/hiihtotekniikan-testitulokset\/","url":"https:\/\/test-technique-ski.fr\/fi\/hiihtotekniikan-testitulokset\/","name":"Alppihiihdon teknisen testin tulokset","isPartOf":{"@id":"https:\/\/test-technique-ski.fr\/fi\/#website"},"primaryImageOfPage":{"@id":"https:\/\/test-technique-ski.fr\/fi\/hiihtotekniikan-testitulokset\/#primaryimage"},"image":{"@id":"https:\/\/test-technique-ski.fr\/fi\/hiihtotekniikan-testitulokset\/#primaryimage"},"thumbnailUrl":"https:\/\/test-technique-ski.fr\/wp-content\/uploads\/2023\/01\/resultats-test-technique-ski.jpg","datePublished":"2023-01-06T08:40:08+00:00","dateModified":"2026-01-31T09:21:14+00:00","description":"Alppihiihdon teknisen testin tulokset l\u00f6ytyv\u00e4t suoraan Internetist\u00e4. N\u00e4m\u00e4 tulokset ovat saatavilla verkossa.","inLanguage":"fi","potentialAction":[{"@type":"ReadAction","target":["https:\/\/test-technique-ski.fr\/fi\/hiihtotekniikan-testitulokset\/"]}]},{"@type":"ImageObject","inLanguage":"fi","@id":"https:\/\/test-technique-ski.fr\/fi\/hiihtotekniikan-testitulokset\/#primaryimage","url":"https:\/\/test-technique-ski.fr\/wp-content\/uploads\/2023\/01\/resultats-test-technique-ski.jpg","contentUrl":"https:\/\/test-technique-ski.fr\/wp-content\/uploads\/2023\/01\/resultats-test-technique-ski.jpg"},{"@type":"WebSite","@id":"https:\/\/test-technique-ski.fr\/fi\/#website","url":"https:\/\/test-technique-ski.fr\/fi\/","name":"TEST TECHNIQUE SKI","description":"","potentialAction":[{"@type":"SearchAction","target":{"@type":"EntryPoint","urlTemplate":"https:\/\/test-technique-ski.fr\/fi\/?s={search_term_string}"},"query-input":{"@type":"PropertyValueSpecification","valueRequired":true,"valueName":"search_term_string"}}],"inLanguage":"fi"}]}},"_links":{"self":[{"href":"https:\/\/test-technique-ski.fr\/fi\/wp-json\/wp\/v2\/pages\/566","targetHints":{"allow":["GET"]}}],"collection":[{"href":"https:\/\/test-technique-ski.fr\/fi\/wp-json\/wp\/v2\/pages"}],"about":[{"href":"https:\/\/test-technique-ski.fr\/fi\/wp-json\/wp\/v2\/types\/page"}],"author":[{"embeddable":true,"href":"https:\/\/test-technique-ski.fr\/fi\/wp-json\/wp\/v2\/users\/1"}],"replies":[{"embeddable":true,"href":"https:\/\/test-technique-ski.fr\/fi\/wp-json\/wp\/v2\/comments?post=566"}],"version-history":[{"count":5,"href":"https:\/\/test-technique-ski.fr\/fi\/wp-json\/wp\/v2\/pages\/566\/revisions"}],"predecessor-version":[{"id":3769,"href":"https:\/\/test-technique-ski.fr\/fi\/wp-json\/wp\/v2\/pages\/566\/revisions\/3769"}],"wp:attachment":[{"href":"https:\/\/test-technique-ski.fr\/fi\/wp-json\/wp\/v2\/media?parent=566"}],"curies":[{"name":"wp","href":"https:\/\/api.w.org\/{rel}","templated":true}]}}