{"id":568,"date":"2023-01-07T08:50:20","date_gmt":"2023-01-07T08:50:20","guid":{"rendered":"https:\/\/test-technique-ski.fr\/tulla-alppihiihto-opettajaksi\/"},"modified":"2025-08-29T13:14:45","modified_gmt":"2025-08-29T12:14:45","slug":"tulla-alppihiihto-opettajaksi","status":"publish","type":"page","link":"https:\/\/test-technique-ski.fr\/fi\/tulla-alppihiihto-opettajaksi\/","title":{"rendered":"Hiihto-opettajaksi ryhtyminen"},"content":{"rendered":"\n<h1 class=\"wp-block-heading\">Miten tulla hiihto-opettajaksi?<\/h1>\n\n<p>Seuraavassa on lueteltu yleiset vaiheet hiihto-opettajan ammattiin p\u00e4\u00e4semiseksi Ranskassa:<\/p>\n\n<ol class=\"wp-block-list\">\n<li>Varmista, ett\u00e4 t\u00e4yt\u00e4t perusvaatimukset: hiihto-opettajan ammattiin p\u00e4\u00e4semiseksi sinun on oltava v\u00e4hint\u00e4\u00e4n 18-vuotias ja sinulla on oltava ajokortti. Sinun on my\u00f6s oltava hyv\u00e4ss\u00e4 fyysisess\u00e4 kunnossa ja pystytt\u00e4v\u00e4 hiiht\u00e4m\u00e4\u00e4n edistyneell\u00e4 tasolla.<\/li>\n\n\n\n<li>Osallistu kurssille: Ranskassa on useita hiihtokouluja, jotka tarjoavat <a href=\"https:\/\/test-technique-ski.fr\/fi\/formation-moniteur-de-ski-alpin\/\">hiihto-opettajakoulutusta<\/a>. Voit valita sandwich-kurssin, jolloin voit ty\u00f6skennell\u00e4 ja opiskella samaan aikaan, tai blokki-kurssin, joka kest\u00e4\u00e4 tiiviin ajanjakson. Koulutukseen sis\u00e4ltyy teoreettisia ja k\u00e4yt\u00e4nn\u00f6n kursseja hiihtotekniikasta, hiihto-opetuksesta, vuoristoturvallisuudesta ja muusta.<\/li>\n\n\n\n<li>Hanki tutkintotodistus: p\u00e4tev\u00f6ity\u00e4ksesi hiihto-opettajaksi sinun on l\u00e4p\u00e4ist\u00e4v\u00e4 <a href=\"http:\/\/ensm.sports.gouv.fr\">\u00c9cole Nationale de Ski et d&#8217;Alpinisme<\/a> (ENSA) -oppilaitoksen j\u00e4rjest\u00e4m\u00e4 loppukoe. T\u00e4m\u00e4 koe sis\u00e4lt\u00e4\u00e4 k\u00e4yt\u00e4nn\u00f6n hiihtokokeen ja teoreettisen kokeen hiihto-opettajan ammattiin vaadittavista tiedoista.<\/li>\n<\/ol>\n\n<div style=\"height:10px\" aria-hidden=\"true\" class=\"wp-block-spacer\"><\/div>\n\n<p><strong>Hiihto-opettajaksi ryhtyminen<\/strong>: on t\u00e4rke\u00e4\u00e4, ett\u00e4 sinulla on hyv\u00e4 hiihtotaito, mutta my\u00f6s muita t\u00e4rkeit\u00e4 ominaisuuksia ja taitoja on hankittava:<\/p>\n\n<ul class=\"wp-block-list\">\n<li>Erinomaiset viestint\u00e4taidot: sinun on pystytt\u00e4v\u00e4 v\u00e4litt\u00e4m\u00e4\u00e4n ohjeesi selke\u00e4sti ja kommunikoimaan oppilaiden kanssa tehokkaasti.<\/li>\n\n\n\n<li>Hyv\u00e4 fyysinen kunto: hiihto-opettajana olet usein vuoristossa koko p\u00e4iv\u00e4n, joten on t\u00e4rke\u00e4\u00e4 olla hyv\u00e4ss\u00e4 fyysisess\u00e4 kunnossa, jotta pysyt vauhdissa mukana.<\/li>\n\n\n\n<li>Organisointitaidot: olet vastuussa oppituntien ja hiihtoretkien j\u00e4rjest\u00e4misest\u00e4 oppilaillesi, joten on t\u00e4rke\u00e4\u00e4, ett\u00e4 sinulla on hyv\u00e4t organisointitaidot.<\/li>\n\n\n\n<li>Hyv\u00e4 esitystapa: Hiihtokoulun tai hiihtokeskuksen edustajana on t\u00e4rke\u00e4\u00e4, ett\u00e4 sinulla on hyv\u00e4 henkil\u00f6kohtainen esitystapa ja ett\u00e4 edustat yrityst\u00e4si hyvin.<\/li>\n\n\n\n<li>Vastuuntunto: hiihto-opettajana olet vastuussa oppilaidesi turvallisuudesta oppitunneilla ja hiihtoretkill\u00e4. On t\u00e4rke\u00e4\u00e4, ett\u00e4 sinulla on korkea vastuuntunto ja ett\u00e4 teet tarvittavat p\u00e4\u00e4t\u00f6kset kaikkien turvallisuuden varmistamiseksi.<\/li>\n<\/ul>\n\n<p><\/p>\n","protected":false},"excerpt":{"rendered":"<p>Miten tulla hiihto-opettajaksi? Seuraavassa on lueteltu yleiset vaiheet hiihto-opettajan ammattiin p\u00e4\u00e4semiseksi Ranskassa: Hiihto-opettajaksi ryhtyminen: on t\u00e4rke\u00e4\u00e4, ett\u00e4 sinulla on hyv\u00e4 hiihtotaito, mutta my\u00f6s muita t\u00e4rkeit\u00e4 ominaisuuksia ja taitoja on hankittava:<\/p>\n","protected":false},"author":1,"featured_media":0,"parent":0,"menu_order":0,"comment_status":"closed","ping_status":"closed","template":"","meta":{"footnotes":""},"class_list":["post-568","page","type-page","status-publish","hentry"],"yoast_head":"<!-- This site is optimized with the Yoast SEO plugin v27.3 - https:\/\/yoast.com\/product\/yoast-seo-wordpress\/ -->\n<title>Hiihto-opettajaksi ryhtyminen<\/title>\n<meta name=\"description\" content=\"Miten tulla hiihto-opettajaksi Ranskassa. Mitk\u00e4 ovat ne ominaisuudet ja taidot, joita tarvitaan menesty\u00e4kseen A-tutkijana?\" \/>\n<meta name=\"robots\" content=\"index, follow, max-snippet:-1, max-image-preview:large, max-video-preview:-1\" \/>\n<link rel=\"canonical\" href=\"https:\/\/test-technique-ski.fr\/fi\/tulla-alppihiihto-opettajaksi\/\" \/>\n<meta property=\"og:locale\" content=\"fi_FI\" \/>\n<meta property=\"og:type\" content=\"article\" \/>\n<meta property=\"og:title\" content=\"Hiihto-opettajaksi ryhtyminen\" \/>\n<meta property=\"og:description\" content=\"Miten tulla hiihto-opettajaksi Ranskassa. Mitk\u00e4 ovat ne ominaisuudet ja taidot, joita tarvitaan menesty\u00e4kseen A-tutkijana?\" \/>\n<meta property=\"og:url\" content=\"https:\/\/test-technique-ski.fr\/fi\/tulla-alppihiihto-opettajaksi\/\" \/>\n<meta property=\"og:site_name\" content=\"TEST TECHNIQUE SKI\" \/>\n<meta property=\"article:modified_time\" content=\"2025-08-29T12:14:45+00:00\" \/>\n<meta name=\"twitter:card\" content=\"summary_large_image\" \/>\n<meta name=\"twitter:label1\" content=\"Arvioitu lukuaika\" \/>\n\t<meta name=\"twitter:data1\" content=\"1 minuutti\" \/>\n<script type=\"application\/ld+json\" class=\"yoast-schema-graph\">{\"@context\":\"https:\\\/\\\/schema.org\",\"@graph\":[{\"@type\":\"WebPage\",\"@id\":\"https:\\\/\\\/test-technique-ski.fr\\\/fi\\\/tulla-alppihiihto-opettajaksi\\\/\",\"url\":\"https:\\\/\\\/test-technique-ski.fr\\\/fi\\\/tulla-alppihiihto-opettajaksi\\\/\",\"name\":\"Hiihto-opettajaksi ryhtyminen\",\"isPartOf\":{\"@id\":\"https:\\\/\\\/test-technique-ski.fr\\\/fi\\\/#website\"},\"datePublished\":\"2023-01-07T08:50:20+00:00\",\"dateModified\":\"2025-08-29T12:14:45+00:00\",\"description\":\"Miten tulla hiihto-opettajaksi Ranskassa. Mitk\u00e4 ovat ne ominaisuudet ja taidot, joita tarvitaan menesty\u00e4kseen A-tutkijana?\",\"inLanguage\":\"fi\",\"potentialAction\":[{\"@type\":\"ReadAction\",\"target\":[\"https:\\\/\\\/test-technique-ski.fr\\\/fi\\\/tulla-alppihiihto-opettajaksi\\\/\"]}]},{\"@type\":\"WebSite\",\"@id\":\"https:\\\/\\\/test-technique-ski.fr\\\/fi\\\/#website\",\"url\":\"https:\\\/\\\/test-technique-ski.fr\\\/fi\\\/\",\"name\":\"TEST TECHNIQUE SKI\",\"description\":\"\",\"potentialAction\":[{\"@type\":\"SearchAction\",\"target\":{\"@type\":\"EntryPoint\",\"urlTemplate\":\"https:\\\/\\\/test-technique-ski.fr\\\/fi\\\/?s={search_term_string}\"},\"query-input\":{\"@type\":\"PropertyValueSpecification\",\"valueRequired\":true,\"valueName\":\"search_term_string\"}}],\"inLanguage\":\"fi\"}]}<\/script>\n<!-- \/ Yoast SEO plugin. -->","yoast_head_json":{"title":"Hiihto-opettajaksi ryhtyminen","description":"Miten tulla hiihto-opettajaksi Ranskassa. Mitk\u00e4 ovat ne ominaisuudet ja taidot, joita tarvitaan menesty\u00e4kseen A-tutkijana?","robots":{"index":"index","follow":"follow","max-snippet":"max-snippet:-1","max-image-preview":"max-image-preview:large","max-video-preview":"max-video-preview:-1"},"canonical":"https:\/\/test-technique-ski.fr\/fi\/tulla-alppihiihto-opettajaksi\/","og_locale":"fi_FI","og_type":"article","og_title":"Hiihto-opettajaksi ryhtyminen","og_description":"Miten tulla hiihto-opettajaksi Ranskassa. Mitk\u00e4 ovat ne ominaisuudet ja taidot, joita tarvitaan menesty\u00e4kseen A-tutkijana?","og_url":"https:\/\/test-technique-ski.fr\/fi\/tulla-alppihiihto-opettajaksi\/","og_site_name":"TEST TECHNIQUE SKI","article_modified_time":"2025-08-29T12:14:45+00:00","twitter_card":"summary_large_image","twitter_misc":{"Arvioitu lukuaika":"1 minuutti"},"schema":{"@context":"https:\/\/schema.org","@graph":[{"@type":"WebPage","@id":"https:\/\/test-technique-ski.fr\/fi\/tulla-alppihiihto-opettajaksi\/","url":"https:\/\/test-technique-ski.fr\/fi\/tulla-alppihiihto-opettajaksi\/","name":"Hiihto-opettajaksi ryhtyminen","isPartOf":{"@id":"https:\/\/test-technique-ski.fr\/fi\/#website"},"datePublished":"2023-01-07T08:50:20+00:00","dateModified":"2025-08-29T12:14:45+00:00","description":"Miten tulla hiihto-opettajaksi Ranskassa. Mitk\u00e4 ovat ne ominaisuudet ja taidot, joita tarvitaan menesty\u00e4kseen A-tutkijana?","inLanguage":"fi","potentialAction":[{"@type":"ReadAction","target":["https:\/\/test-technique-ski.fr\/fi\/tulla-alppihiihto-opettajaksi\/"]}]},{"@type":"WebSite","@id":"https:\/\/test-technique-ski.fr\/fi\/#website","url":"https:\/\/test-technique-ski.fr\/fi\/","name":"TEST TECHNIQUE SKI","description":"","potentialAction":[{"@type":"SearchAction","target":{"@type":"EntryPoint","urlTemplate":"https:\/\/test-technique-ski.fr\/fi\/?s={search_term_string}"},"query-input":{"@type":"PropertyValueSpecification","valueRequired":true,"valueName":"search_term_string"}}],"inLanguage":"fi"}]}},"_links":{"self":[{"href":"https:\/\/test-technique-ski.fr\/fi\/wp-json\/wp\/v2\/pages\/568","targetHints":{"allow":["GET"]}}],"collection":[{"href":"https:\/\/test-technique-ski.fr\/fi\/wp-json\/wp\/v2\/pages"}],"about":[{"href":"https:\/\/test-technique-ski.fr\/fi\/wp-json\/wp\/v2\/types\/page"}],"author":[{"embeddable":true,"href":"https:\/\/test-technique-ski.fr\/fi\/wp-json\/wp\/v2\/users\/1"}],"replies":[{"embeddable":true,"href":"https:\/\/test-technique-ski.fr\/fi\/wp-json\/wp\/v2\/comments?post=568"}],"version-history":[{"count":0,"href":"https:\/\/test-technique-ski.fr\/fi\/wp-json\/wp\/v2\/pages\/568\/revisions"}],"wp:attachment":[{"href":"https:\/\/test-technique-ski.fr\/fi\/wp-json\/wp\/v2\/media?parent=568"}],"curies":[{"name":"wp","href":"https:\/\/api.w.org\/{rel}","templated":true}]}}