{"id":772,"date":"2023-01-13T12:41:48","date_gmt":"2023-01-13T12:41:48","guid":{"rendered":"https:\/\/test-technique-ski.fr\/gepafo-montagne\/"},"modified":"2023-01-13T12:57:04","modified_gmt":"2023-01-13T12:57:04","slug":"gepafo-montagne","status":"publish","type":"page","link":"https:\/\/test-technique-ski.fr\/fi\/gepafo-montagne\/","title":{"rendered":"GEPAFO Montagne | valvontakoulutus A"},"content":{"rendered":"\n<h1 class=\"wp-block-heading\">GEPAFO Montagne hiihto-opettajakoulutusta varten<\/h1>\n\n<h2 class=\"wp-block-heading\">Mik\u00e4 on GEPAFO?<\/h2>\n\n<p><strong>GEPAFO on lyhenne sanoista GEstion des PArcours de FOrmation<\/strong>. Kyseess\u00e4 on verkkoalusta, jonka avulla Ranskan urheiluministeri\u00f6 voi valvoa koulutuskurssien hallinnointia.<\/p>\n\n<h2 class=\"wp-block-heading\">Miten GEPAFO-sivustolle voi rekister\u00f6ity\u00e4?<\/h2>\n\n<p>GEPAFO Montagne -alustalle p\u00e4\u00e4see osoitteessa www.gepafom.fr.  <\/p>\n\n<h2 class=\"wp-block-heading\">Mik\u00e4 on GEPAFO-verkkoalustan tarkoitus?<\/h2>\n\n<p>GEPAFO-alustan avulla jokainen hiihto-opettajan tutkintoa hakeva voi rekister\u00f6ity\u00e4 kokeisiin ja seurata koulutustaan koko hiihto-opettajan ammatin oppimisprosessin ajan.<\/p>\n\n<p>Koulutuksen ensimm\u00e4inen vaihe on <a href=\"https:\/\/test-technique-ski.fr\/fi\/\">tekninen hiihtokoe<\/a>. T\u00e4m\u00e4 ensimm\u00e4inen testi vahvistaa hakijan hiihtotaidon tason. <a href=\"https:\/\/test-technique-ski.fr\/fi\/suksien-teknisen-kokeen-rekisterointi\/\">Teknisen hiihtokokeen ilmoittautuminen<\/a> tapahtuu kokonaan verkossa gepafom.fr-sivustolla.<\/p>\n\n<p> <\/p>\n","protected":false},"excerpt":{"rendered":"<p>GEPAFO Montagne hiihto-opettajakoulutusta varten Mik\u00e4 on GEPAFO? GEPAFO on lyhenne sanoista GEstion des PArcours de FOrmation. Kyseess\u00e4 on verkkoalusta, jonka avulla Ranskan urheiluministeri\u00f6 voi valvoa koulutuskurssien hallinnointia. Miten GEPAFO-sivustolle voi rekister\u00f6ity\u00e4? GEPAFO Montagne -alustalle p\u00e4\u00e4see osoitteessa www.gepafom.fr. Mik\u00e4 on GEPAFO-verkkoalustan tarkoitus? GEPAFO-alustan avulla jokainen hiihto-opettajan tutkintoa hakeva voi rekister\u00f6ity\u00e4 kokeisiin ja seurata koulutustaan koko hiihto-opettajan [&hellip;]<\/p>\n","protected":false},"author":1,"featured_media":0,"parent":0,"menu_order":0,"comment_status":"closed","ping_status":"closed","template":"","meta":{"footnotes":""},"class_list":["post-772","page","type-page","status-publish","hentry"],"yoast_head":"<!-- This site is optimized with the Yoast SEO plugin v27.3 - https:\/\/yoast.com\/product\/yoast-seo-wordpress\/ -->\n<title>GEPAFO Montagne | valvontakoulutus A<\/title>\n<meta name=\"description\" content=\"GEPAFO Montagne, Ranskan urheiluministeri\u00f6n koulutuspolkujen hallintaj\u00e4rjestelm\u00e4.\" \/>\n<meta name=\"robots\" content=\"index, follow, max-snippet:-1, max-image-preview:large, max-video-preview:-1\" \/>\n<link rel=\"canonical\" href=\"https:\/\/test-technique-ski.fr\/fi\/gepafo-montagne\/\" \/>\n<meta property=\"og:locale\" content=\"fi_FI\" \/>\n<meta property=\"og:type\" content=\"article\" \/>\n<meta property=\"og:title\" content=\"GEPAFO Montagne | valvontakoulutus A\" \/>\n<meta property=\"og:description\" content=\"GEPAFO Montagne, Ranskan urheiluministeri\u00f6n koulutuspolkujen hallintaj\u00e4rjestelm\u00e4.\" \/>\n<meta property=\"og:url\" content=\"https:\/\/test-technique-ski.fr\/fi\/gepafo-montagne\/\" \/>\n<meta property=\"og:site_name\" content=\"TEST TECHNIQUE SKI\" \/>\n<meta property=\"article:modified_time\" content=\"2023-01-13T12:57:04+00:00\" \/>\n<meta name=\"twitter:card\" content=\"summary_large_image\" \/>\n<script type=\"application\/ld+json\" class=\"yoast-schema-graph\">{\"@context\":\"https:\\\/\\\/schema.org\",\"@graph\":[{\"@type\":\"WebPage\",\"@id\":\"https:\\\/\\\/test-technique-ski.fr\\\/fi\\\/gepafo-montagne\\\/\",\"url\":\"https:\\\/\\\/test-technique-ski.fr\\\/fi\\\/gepafo-montagne\\\/\",\"name\":\"GEPAFO Montagne | valvontakoulutus A\",\"isPartOf\":{\"@id\":\"https:\\\/\\\/test-technique-ski.fr\\\/fi\\\/#website\"},\"datePublished\":\"2023-01-13T12:41:48+00:00\",\"dateModified\":\"2023-01-13T12:57:04+00:00\",\"description\":\"GEPAFO Montagne, Ranskan urheiluministeri\u00f6n koulutuspolkujen hallintaj\u00e4rjestelm\u00e4.\",\"inLanguage\":\"fi\",\"potentialAction\":[{\"@type\":\"ReadAction\",\"target\":[\"https:\\\/\\\/test-technique-ski.fr\\\/fi\\\/gepafo-montagne\\\/\"]}]},{\"@type\":\"WebSite\",\"@id\":\"https:\\\/\\\/test-technique-ski.fr\\\/fi\\\/#website\",\"url\":\"https:\\\/\\\/test-technique-ski.fr\\\/fi\\\/\",\"name\":\"TEST TECHNIQUE SKI\",\"description\":\"\",\"potentialAction\":[{\"@type\":\"SearchAction\",\"target\":{\"@type\":\"EntryPoint\",\"urlTemplate\":\"https:\\\/\\\/test-technique-ski.fr\\\/fi\\\/?s={search_term_string}\"},\"query-input\":{\"@type\":\"PropertyValueSpecification\",\"valueRequired\":true,\"valueName\":\"search_term_string\"}}],\"inLanguage\":\"fi\"}]}<\/script>\n<!-- \/ Yoast SEO plugin. -->","yoast_head_json":{"title":"GEPAFO Montagne | valvontakoulutus A","description":"GEPAFO Montagne, Ranskan urheiluministeri\u00f6n koulutuspolkujen hallintaj\u00e4rjestelm\u00e4.","robots":{"index":"index","follow":"follow","max-snippet":"max-snippet:-1","max-image-preview":"max-image-preview:large","max-video-preview":"max-video-preview:-1"},"canonical":"https:\/\/test-technique-ski.fr\/fi\/gepafo-montagne\/","og_locale":"fi_FI","og_type":"article","og_title":"GEPAFO Montagne | valvontakoulutus A","og_description":"GEPAFO Montagne, Ranskan urheiluministeri\u00f6n koulutuspolkujen hallintaj\u00e4rjestelm\u00e4.","og_url":"https:\/\/test-technique-ski.fr\/fi\/gepafo-montagne\/","og_site_name":"TEST TECHNIQUE SKI","article_modified_time":"2023-01-13T12:57:04+00:00","twitter_card":"summary_large_image","schema":{"@context":"https:\/\/schema.org","@graph":[{"@type":"WebPage","@id":"https:\/\/test-technique-ski.fr\/fi\/gepafo-montagne\/","url":"https:\/\/test-technique-ski.fr\/fi\/gepafo-montagne\/","name":"GEPAFO Montagne | valvontakoulutus A","isPartOf":{"@id":"https:\/\/test-technique-ski.fr\/fi\/#website"},"datePublished":"2023-01-13T12:41:48+00:00","dateModified":"2023-01-13T12:57:04+00:00","description":"GEPAFO Montagne, Ranskan urheiluministeri\u00f6n koulutuspolkujen hallintaj\u00e4rjestelm\u00e4.","inLanguage":"fi","potentialAction":[{"@type":"ReadAction","target":["https:\/\/test-technique-ski.fr\/fi\/gepafo-montagne\/"]}]},{"@type":"WebSite","@id":"https:\/\/test-technique-ski.fr\/fi\/#website","url":"https:\/\/test-technique-ski.fr\/fi\/","name":"TEST TECHNIQUE SKI","description":"","potentialAction":[{"@type":"SearchAction","target":{"@type":"EntryPoint","urlTemplate":"https:\/\/test-technique-ski.fr\/fi\/?s={search_term_string}"},"query-input":{"@type":"PropertyValueSpecification","valueRequired":true,"valueName":"search_term_string"}}],"inLanguage":"fi"}]}},"_links":{"self":[{"href":"https:\/\/test-technique-ski.fr\/fi\/wp-json\/wp\/v2\/pages\/772","targetHints":{"allow":["GET"]}}],"collection":[{"href":"https:\/\/test-technique-ski.fr\/fi\/wp-json\/wp\/v2\/pages"}],"about":[{"href":"https:\/\/test-technique-ski.fr\/fi\/wp-json\/wp\/v2\/types\/page"}],"author":[{"embeddable":true,"href":"https:\/\/test-technique-ski.fr\/fi\/wp-json\/wp\/v2\/users\/1"}],"replies":[{"embeddable":true,"href":"https:\/\/test-technique-ski.fr\/fi\/wp-json\/wp\/v2\/comments?post=772"}],"version-history":[{"count":0,"href":"https:\/\/test-technique-ski.fr\/fi\/wp-json\/wp\/v2\/pages\/772\/revisions"}],"wp:attachment":[{"href":"https:\/\/test-technique-ski.fr\/fi\/wp-json\/wp\/v2\/media?parent=772"}],"curies":[{"name":"wp","href":"https:\/\/api.w.org\/{rel}","templated":true}]}}