{"id":2535,"date":"2025-03-31T14:35:08","date_gmt":"2025-03-31T13:35:08","guid":{"rendered":"https:\/\/test-technique-ski.fr\/stage-ski-slalom-automne\/"},"modified":"2026-01-05T20:11:12","modified_gmt":"2026-01-05T20:11:12","slug":"stage-ski-slalom-automne","status":"publish","type":"page","link":"https:\/\/test-technique-ski.fr\/it\/stage-ski-slalom-automne\/","title":{"rendered":"Corso di slalom autunnale"},"content":{"rendered":"\n<h1 class=\"wp-block-heading\">Corso di formazione sulle gare di sci ad Ognissanti<\/h1>\n\n<h2 class=\"wp-block-heading\">Corso di sci alpino autunnale a SnowWorld d&#8217;Amn\u00e9ville<\/h2>\n\n<p>Partecipa ai nostri <a href=\"https:\/\/test-technique-ski.fr\/it\/stage-ski-slalom-amneville\/\">corsi di sci slalom ad Amn\u00e9ville<\/a>. I nostri corsi intensivi di sci da corsa sono organizzati presso il centro indoor SnowWorld di Amn\u00e9ville, in Francia. Proprio come i nostri <a href=\"https:\/\/test-technique-ski.fr\/it\/stage-ski-slalom-ete\/\">corsi di slalom estivi a Tignes<\/a>, questi corsi sono un&#8217;ottima preparazione per la stagione invernale. Permettono agli sciatori di lavorare sulla propria tecnica in condizioni ottimali nel mese di ottobre, quando le stazioni sciistiche non sono ancora aperte.<\/p>\n\n<h2 class=\"wp-block-heading\">Perch\u00e9 scegliere un corso di sci ad Amn\u00e9ville a Ognissanti?<\/h2>\n\n<p>La cupola indoor <a href=\"https:\/\/www.snowworld.com\/amneville\/fr\">SnowWorld di Amn\u00e9ville<\/a> offre condizioni perfette, con piste innevate tutto l&#8217;anno. Riserviamo e priviamo le corsie appositamente per le nostre sessioni di allenamento di slalom, garantendo un ambiente ideale per progredire efficacemente.<\/p>\n\n<p><strong>Contatto per il corso di sci dell&#8217;autunno 2026<\/strong>: Nicolas allo <a href=\"tel:0033625690113\">06 25 69 01 13<\/a><\/p>\n\n<div style=\"height:30px\" aria-hidden=\"true\" class=\"wp-block-spacer\"><\/div>\n\n<figure class=\"wp-block-image size-large\"><img fetchpriority=\"high\" decoding=\"async\" width=\"1024\" height=\"865\" src=\"https:\/\/test-technique-ski.fr\/wp-content\/uploads\/2025\/03\/IMG_1992-1024x865.jpg\" alt=\"\" class=\"wp-image-2667\" srcset=\"https:\/\/test-technique-ski.fr\/wp-content\/uploads\/2025\/03\/IMG_1992-1024x865.jpg 1024w, https:\/\/test-technique-ski.fr\/wp-content\/uploads\/2025\/03\/IMG_1992-300x253.jpg 300w, https:\/\/test-technique-ski.fr\/wp-content\/uploads\/2025\/03\/IMG_1992-768x649.jpg 768w, https:\/\/test-technique-ski.fr\/wp-content\/uploads\/2025\/03\/IMG_1992.jpg 1290w\" sizes=\"(max-width: 1024px) 100vw, 1024px\" \/><figcaption class=\"wp-element-caption\">corso di slalom indoor a ottobre ad Amn\u00e9ville<\/figcaption><\/figure>\n\n<h2 class=\"wp-block-heading\">Un programma intensivo e completo<\/h2>\n\n<p>I nostri corsi prevedono diverse ore di sci di slalom al giorno, seguite da sessioni di preparazione fisica approfondita per garantire i massimi progressi:<\/p>\n\n<ul class=\"wp-block-list\">\n<li><strong>Allenamento intensivo di slalom<\/strong>: lavoro tecnico preciso su corsie private, esercizi mirati e a tempo.<\/li>\n\n\n\n<li><strong>Preparazione fisica<\/strong>: allenamento specifico per la gara, rafforzamento muscolare, pliometria, lavoro di resistenza ed esercizi di coordinazione.<\/li>\n\n\n\n<li><strong>Analisi video <\/strong>: debriefing personalizzati per identificare rapidamente le aree di miglioramento.<\/li>\n<\/ul>\n\n<div style=\"height:20px\" aria-hidden=\"true\" class=\"wp-block-spacer\"><\/div>\n\n<h2 class=\"wp-block-heading\">Date e prezzi dei nostri corsi autunnali ad Amn\u00e9ville<\/h2>\n\n<ul class=\"wp-block-list\">\n<li><strong>Dal 18 ottobre al 22 ottobre 2026<\/strong>: 4 giorni \/ \u20ac790 tutto incluso (escluso il trasporto in autobus*)<\/li>\n\n\n\n<li><strong>Dal 22 ottobre al 26 ottobre 2026<\/strong>: 4 giorni \/ \u20ac790 tutto incluso (escluso il trasporto in autobus*)<\/li>\n<\/ul>\n\n<div style=\"height:10px\" aria-hidden=\"true\" class=\"wp-block-spacer\"><\/div>\n\n<p><strong>Questi prezzi includono alloggio, pasti, skipass e supervisione professionale.<\/strong><\/p>\n\n<div style=\"height:20px\" aria-hidden=\"true\" class=\"wp-block-spacer\"><\/div>\n\n<h2 class=\"wp-block-heading\">Supervisione da parte di professionisti riconosciuti<\/h2>\n\n<p>Il nostro team di allenatori professionisti, provenienti da competizioni nazionali e dalla <a href=\"https:\/\/www.esf-lesmenuires.fr\/les-menuires\/\">FSE di Menuires<\/a>, ti fornir\u00e0 un supporto tecnico personalizzato per tutta la durata del corso. La loro esperienza e i loro consigli ti aiuteranno ad acquisire sicurezza e ad essere pronto per le competizioni invernali.<\/p>\n\n<h2 class=\"wp-block-heading\">Prenota subito il tuo corso di preparazione all&#8217;autunno ad Amn\u00e9ville!<\/h2>\n\n<p>I posti sono limitati per garantire la qualit\u00e0 del nostro coaching, quindi non aspettare oltre per prenotare il tuo posto e ottimizzare la tua preparazione per la stagione agonistica invernale.<\/p>\n\n<p><strong>Contatto per il corso di sci dell&#8217;autunno 2026<\/strong>: Nicolas allo <a href=\"tel:0033625690113\">06 25 69 01 13<\/a><\/p>\n","protected":false},"excerpt":{"rendered":"<p>Corso di formazione sulle gare di sci ad Ognissanti Corso di sci alpino autunnale a SnowWorld d&#8217;Amn\u00e9ville Partecipa ai nostri corsi di sci slalom ad Amn\u00e9ville. I nostri corsi intensivi di sci da corsa sono organizzati presso il centro indoor SnowWorld di Amn\u00e9ville, in Francia. Proprio come i nostri corsi di slalom estivi a Tignes, [&hellip;]<\/p>\n","protected":false},"author":1,"featured_media":0,"parent":0,"menu_order":0,"comment_status":"closed","ping_status":"closed","template":"","meta":{"footnotes":""},"class_list":["post-2535","page","type-page","status-publish","hentry"],"yoast_head":"<!-- This site is optimized with the Yoast SEO plugin v27.3 - https:\/\/yoast.com\/product\/yoast-seo-wordpress\/ -->\n<title>Corso di slalom autunnale - TEST TECHNIQUE SKI<\/title>\n<meta name=\"description\" content=\"Partecipa ai nostri corsi di sci autunnali ad Amn\u00e9ville per prepararti alla stagione invernale. Corsi di slalom per giovani e adulti\" \/>\n<meta name=\"robots\" content=\"index, follow, max-snippet:-1, max-image-preview:large, max-video-preview:-1\" \/>\n<link rel=\"canonical\" href=\"https:\/\/test-technique-ski.fr\/it\/stage-ski-slalom-automne\/\" \/>\n<meta property=\"og:locale\" content=\"it_IT\" \/>\n<meta property=\"og:type\" content=\"article\" \/>\n<meta property=\"og:title\" content=\"Corso di slalom autunnale - TEST TECHNIQUE SKI\" \/>\n<meta property=\"og:description\" content=\"Partecipa ai nostri corsi di sci autunnali ad Amn\u00e9ville per prepararti alla stagione invernale. Corsi di slalom per giovani e adulti\" \/>\n<meta property=\"og:url\" content=\"https:\/\/test-technique-ski.fr\/it\/stage-ski-slalom-automne\/\" \/>\n<meta property=\"og:site_name\" content=\"TEST TECHNIQUE SKI\" \/>\n<meta property=\"article:modified_time\" content=\"2026-01-05T20:11:12+00:00\" \/>\n<meta property=\"og:image\" content=\"https:\/\/test-technique-ski.fr\/wp-content\/uploads\/2025\/03\/IMG_1992.jpg\" \/>\n\t<meta property=\"og:image:width\" content=\"1290\" \/>\n\t<meta property=\"og:image:height\" content=\"1090\" \/>\n\t<meta property=\"og:image:type\" content=\"image\/jpeg\" \/>\n<meta name=\"twitter:card\" content=\"summary_large_image\" \/>\n<meta name=\"twitter:label1\" content=\"Tempo di lettura stimato\" \/>\n\t<meta name=\"twitter:data1\" content=\"2 minuti\" \/>\n<script type=\"application\/ld+json\" class=\"yoast-schema-graph\">{\"@context\":\"https:\\\/\\\/schema.org\",\"@graph\":[{\"@type\":\"WebPage\",\"@id\":\"https:\\\/\\\/test-technique-ski.fr\\\/it\\\/stage-ski-slalom-automne\\\/\",\"url\":\"https:\\\/\\\/test-technique-ski.fr\\\/it\\\/stage-ski-slalom-automne\\\/\",\"name\":\"Corso di slalom autunnale - TEST TECHNIQUE SKI\",\"isPartOf\":{\"@id\":\"https:\\\/\\\/test-technique-ski.fr\\\/it\\\/#website\"},\"primaryImageOfPage\":{\"@id\":\"https:\\\/\\\/test-technique-ski.fr\\\/it\\\/stage-ski-slalom-automne\\\/#primaryimage\"},\"image\":{\"@id\":\"https:\\\/\\\/test-technique-ski.fr\\\/it\\\/stage-ski-slalom-automne\\\/#primaryimage\"},\"thumbnailUrl\":\"https:\\\/\\\/test-technique-ski.fr\\\/wp-content\\\/uploads\\\/2025\\\/03\\\/IMG_1992-1024x865.jpg\",\"datePublished\":\"2025-03-31T13:35:08+00:00\",\"dateModified\":\"2026-01-05T20:11:12+00:00\",\"description\":\"Partecipa ai nostri corsi di sci autunnali ad Amn\u00e9ville per prepararti alla stagione invernale. Corsi di slalom per giovani e adulti\",\"inLanguage\":\"it-IT\",\"potentialAction\":[{\"@type\":\"ReadAction\",\"target\":[\"https:\\\/\\\/test-technique-ski.fr\\\/it\\\/stage-ski-slalom-automne\\\/\"]}]},{\"@type\":\"ImageObject\",\"inLanguage\":\"it-IT\",\"@id\":\"https:\\\/\\\/test-technique-ski.fr\\\/it\\\/stage-ski-slalom-automne\\\/#primaryimage\",\"url\":\"https:\\\/\\\/test-technique-ski.fr\\\/wp-content\\\/uploads\\\/2025\\\/03\\\/IMG_1992-1024x865.jpg\",\"contentUrl\":\"https:\\\/\\\/test-technique-ski.fr\\\/wp-content\\\/uploads\\\/2025\\\/03\\\/IMG_1992-1024x865.jpg\"},{\"@type\":\"WebSite\",\"@id\":\"https:\\\/\\\/test-technique-ski.fr\\\/it\\\/#website\",\"url\":\"https:\\\/\\\/test-technique-ski.fr\\\/it\\\/\",\"name\":\"TEST TECHNIQUE SKI\",\"description\":\"\",\"potentialAction\":[{\"@type\":\"SearchAction\",\"target\":{\"@type\":\"EntryPoint\",\"urlTemplate\":\"https:\\\/\\\/test-technique-ski.fr\\\/it\\\/?s={search_term_string}\"},\"query-input\":{\"@type\":\"PropertyValueSpecification\",\"valueRequired\":true,\"valueName\":\"search_term_string\"}}],\"inLanguage\":\"it-IT\"}]}<\/script>\n<!-- \/ Yoast SEO plugin. -->","yoast_head_json":{"title":"Corso di slalom autunnale - TEST TECHNIQUE SKI","description":"Partecipa ai nostri corsi di sci autunnali ad Amn\u00e9ville per prepararti alla stagione invernale. Corsi di slalom per giovani e adulti","robots":{"index":"index","follow":"follow","max-snippet":"max-snippet:-1","max-image-preview":"max-image-preview:large","max-video-preview":"max-video-preview:-1"},"canonical":"https:\/\/test-technique-ski.fr\/it\/stage-ski-slalom-automne\/","og_locale":"it_IT","og_type":"article","og_title":"Corso di slalom autunnale - TEST TECHNIQUE SKI","og_description":"Partecipa ai nostri corsi di sci autunnali ad Amn\u00e9ville per prepararti alla stagione invernale. Corsi di slalom per giovani e adulti","og_url":"https:\/\/test-technique-ski.fr\/it\/stage-ski-slalom-automne\/","og_site_name":"TEST TECHNIQUE SKI","article_modified_time":"2026-01-05T20:11:12+00:00","og_image":[{"width":1290,"height":1090,"url":"https:\/\/test-technique-ski.fr\/wp-content\/uploads\/2025\/03\/IMG_1992.jpg","type":"image\/jpeg"}],"twitter_card":"summary_large_image","twitter_misc":{"Tempo di lettura stimato":"2 minuti"},"schema":{"@context":"https:\/\/schema.org","@graph":[{"@type":"WebPage","@id":"https:\/\/test-technique-ski.fr\/it\/stage-ski-slalom-automne\/","url":"https:\/\/test-technique-ski.fr\/it\/stage-ski-slalom-automne\/","name":"Corso di slalom autunnale - TEST TECHNIQUE SKI","isPartOf":{"@id":"https:\/\/test-technique-ski.fr\/it\/#website"},"primaryImageOfPage":{"@id":"https:\/\/test-technique-ski.fr\/it\/stage-ski-slalom-automne\/#primaryimage"},"image":{"@id":"https:\/\/test-technique-ski.fr\/it\/stage-ski-slalom-automne\/#primaryimage"},"thumbnailUrl":"https:\/\/test-technique-ski.fr\/wp-content\/uploads\/2025\/03\/IMG_1992-1024x865.jpg","datePublished":"2025-03-31T13:35:08+00:00","dateModified":"2026-01-05T20:11:12+00:00","description":"Partecipa ai nostri corsi di sci autunnali ad Amn\u00e9ville per prepararti alla stagione invernale. Corsi di slalom per giovani e adulti","inLanguage":"it-IT","potentialAction":[{"@type":"ReadAction","target":["https:\/\/test-technique-ski.fr\/it\/stage-ski-slalom-automne\/"]}]},{"@type":"ImageObject","inLanguage":"it-IT","@id":"https:\/\/test-technique-ski.fr\/it\/stage-ski-slalom-automne\/#primaryimage","url":"https:\/\/test-technique-ski.fr\/wp-content\/uploads\/2025\/03\/IMG_1992-1024x865.jpg","contentUrl":"https:\/\/test-technique-ski.fr\/wp-content\/uploads\/2025\/03\/IMG_1992-1024x865.jpg"},{"@type":"WebSite","@id":"https:\/\/test-technique-ski.fr\/it\/#website","url":"https:\/\/test-technique-ski.fr\/it\/","name":"TEST TECHNIQUE SKI","description":"","potentialAction":[{"@type":"SearchAction","target":{"@type":"EntryPoint","urlTemplate":"https:\/\/test-technique-ski.fr\/it\/?s={search_term_string}"},"query-input":{"@type":"PropertyValueSpecification","valueRequired":true,"valueName":"search_term_string"}}],"inLanguage":"it-IT"}]}},"_links":{"self":[{"href":"https:\/\/test-technique-ski.fr\/it\/wp-json\/wp\/v2\/pages\/2535","targetHints":{"allow":["GET"]}}],"collection":[{"href":"https:\/\/test-technique-ski.fr\/it\/wp-json\/wp\/v2\/pages"}],"about":[{"href":"https:\/\/test-technique-ski.fr\/it\/wp-json\/wp\/v2\/types\/page"}],"author":[{"embeddable":true,"href":"https:\/\/test-technique-ski.fr\/it\/wp-json\/wp\/v2\/users\/1"}],"replies":[{"embeddable":true,"href":"https:\/\/test-technique-ski.fr\/it\/wp-json\/wp\/v2\/comments?post=2535"}],"version-history":[{"count":4,"href":"https:\/\/test-technique-ski.fr\/it\/wp-json\/wp\/v2\/pages\/2535\/revisions"}],"predecessor-version":[{"id":3615,"href":"https:\/\/test-technique-ski.fr\/it\/wp-json\/wp\/v2\/pages\/2535\/revisions\/3615"}],"wp:attachment":[{"href":"https:\/\/test-technique-ski.fr\/it\/wp-json\/wp\/v2\/media?parent=2535"}],"curies":[{"name":"wp","href":"https:\/\/api.w.org\/{rel}","templated":true}]}}