{"id":2825,"date":"2025-08-29T12:49:59","date_gmt":"2025-08-29T11:49:59","guid":{"rendered":"https:\/\/test-technique-ski.fr\/formation-moniteur-de-ski-alpin\/"},"modified":"2025-08-29T13:10:50","modified_gmt":"2025-08-29T12:10:50","slug":"formation-moniteur-de-ski-alpin","status":"publish","type":"page","link":"https:\/\/test-technique-ski.fr\/it\/formation-moniteur-de-ski-alpin\/","title":{"rendered":"Formazione in alternanza per il Dipl\u00f4me d&#8217;\u00c9tat Moniteur National de Ski Alpin (Diploma Nazionale di Maestro di Sci Alpino)"},"content":{"rendered":"\n<h1 class=\"wp-block-heading\">Formazione per l&#8217;ottenimento del Dipl\u00f4me d&#8217;Etat de moniteur de ski alpin in Francia<\/h1>\n\n<p>La formazione in alternanza per ottenere il <strong>Dipl\u00f4me d&#8217;Etat de Moniteur National de Ski Alpin (DE Ski Alpin)<\/strong> ti permette di acquisire competenze tecniche, didattiche e professionali mentre lavori sul campo. Per avere successo in questo corso impegnativo, \u00e8 fondamentale sapere quali <strong>organizzazioni e scuole di sci contattare per<\/strong> prepararsi adeguatamente agli esami, ai moduli e ai periodi di studio. <\/p>\n\n<h2 class=\"wp-block-heading\">Perch\u00e9 scegliere un corso sandwich per la DE Ski Alpin?<\/h2>\n\n<ul class=\"wp-block-list\">\n<li>Esperienza lavorativa immediata: lavorare in una scuola di sci parallelamente al corso.<\/li>\n\n\n\n<li>Finanziamento e retribuzione: una parte dei costi pu\u00f2 essere coperta e la formazione in alternanza offre un reddito.<\/li>\n\n\n\n<li>Supervisione da parte di professionisti esperti: immersione nella gestione quotidiana di un FSE, di un club o di un&#8217;organizzazione approvata.<\/li>\n\n\n\n<li>Integrazione diretta nella rete di maestri di sci francesi e internazionali.<\/li>\n<\/ul>\n\n<div style=\"height:10px\" aria-hidden=\"true\" class=\"wp-block-spacer\"><\/div>\n\n<h2 class=\"wp-block-heading\">Partner privilegiato: ESF Les Menuires<\/h2>\n\n<p>La scuola di sci francese di Les Menuires \u00e8 uno dei principali attori nella formazione dei futuri maestri di sci. Offre un ambiente ideale per combinare la pratica, l&#8217;insegnamento e la preparazione alle unit\u00e0 di formazione per lo sci alpino DE. <\/p>\n\n<p><strong>Contatto principale:<\/strong><br\/>\ud83d\udc64 Nicolas Flage<br\/>\ud83d\udcf1 Cellulare: 06 25 69 01 13<br\/>\ud83d\udccd Les Menuires &#8211; Domaine skiable des 3 Vall\u00e9es<\/p>\n\n<p><a href=\"https:\/\/www.esf-lesmenuires.fr\/produits-saison\/devenir-moniteur\/\">L&#8217;ESF Les Menuires<\/a> ti accoglie come corso sandwich e ti guida attraverso le varie fasi per <a href=\"https:\/\/test-technique-ski.fr\/it\/diventare-istruttore-di-sci-alpino\/\">diventare maestro di sci alpino<\/a>.<\/p>\n\n<h2 class=\"wp-block-heading\">Come funziona il corso sandwich?<\/h2>\n\n<p>Il corso sandwich per il Dipl\u00f4me d&#8217;Etat Moniteur National de Ski Alpin alterna periodi di lezioni teoriche e pratiche presso l&#8217;<a href=\"http:\/\/ensm.sports.gouv.fr\">ENSA Chamonix<\/a> a periodi di insegnamento in una scuola di sci, come l&#8217;ESF Les Menuires. Gli studenti lavorano come dipendenti o tirocinanti in un&#8217;organizzazione partner, dando loro l&#8217;opportunit\u00e0 di mettere subito in pratica le competenze acquisite durante le unit\u00e0 di formazione (UF). Il corso sandwich \u00e8 progressivo: inizialmente incentrato sul perfezionamento della tecnica e delle competenze didattiche di base, si evolve verso la totale autonomia nella supervisione di gruppi di tutti i livelli.  <\/p>\n\n<h2 class=\"wp-block-heading\">Quanto dura il corso?<\/h2>\n\n<p>La durata varia a seconda del background e del livello di partenza del candidato. In media, ci vogliono tra i 4 e i 7 anni per ottenere un diploma completo, con un massimo previsto dalla legge di 10 anni. Alcuni sportivi di alto livello o titolari di diplomi affini (BEES, DE in altre discipline) possono beneficiare di periodi pi\u00f9 brevi. La formazione in alternanza spesso accelera il processo di professionalizzazione, in quanto combina la formazione accademica con l&#8217;esperienza sul campo retribuita.   <\/p>\n\n<h2 class=\"wp-block-heading\">Quando si svolge la formazione?<\/h2>\n\n<p>La formazione si articola su pi\u00f9 stagioni invernali, generalmente da dicembre ad aprile, durante le quali il futuro istruttore lavora in una FSE partner, come la <a href=\"https:\/\/www.esf-lesmenuires.fr\/\">FSE Les Menuires<\/a>. Le unit\u00e0 di formazione organizzate dall&#8217;ENSA si svolgono in sessioni programmate durante l&#8217;anno, spesso tra una stagione e l&#8217;altra (primavera e autunno), per consentire ai tirocinanti di lavorare sul campo durante l&#8217;inverno. Questo ritmo permette di immergersi completamente nella vita professionale di un maestro di sci, convalidando al contempo le fasi regolamentari del diploma.  <\/p>\n\n<h2 class=\"wp-block-heading\">Le principali organizzazioni da contattare<\/h2>\n\n<h3 class=\"wp-block-heading\">Scuola Nazionale di Sci e Alpinismo (ENSA \/ ENSM)<\/h3>\n\n<ul class=\"wp-block-list\">\n<li>Indirizzo: 35 route du Bouchet, 74400 Chamonix-Mont-Blanc<\/li>\n\n\n\n<li>Tel. reception: 04 50 55 30 30<\/li>\n\n\n\n<li>Email : ensa.accueil@ensm.sports.gouv.fr<\/li>\n\n\n\n<li>Contatti per moduli di formazione (UF): UF1, UF2, Eurotest, corsi di aggiornamento, SHN, ecc.<\/li>\n\n\n\n<li>Sito web ufficiale: <a href=\"http:\/\/ensm.sports.gouv.fr\">ensm.sports.gouv.fr<\/a><\/li>\n<\/ul>\n\n<div style=\"height:10px\" aria-hidden=\"true\" class=\"wp-block-spacer\"><\/div>\n\n<h3 class=\"wp-block-heading\">Federazione Francese di Sci (FFS)<\/h3>\n\n<p>La FFS supervisiona i moduli di pratica agonistica, in particolare per gli atleti di alto livello. Sito web: <a href=\"https:\/\/ffs.fr\/\">ffs.fr<\/a> <\/p>\n\n<h3 class=\"wp-block-heading\">Sindacato Nazionale dei Maestri di Sci Francesi (SNMSF)<\/h3>\n\n<p>\u00c8 la struttura sindacale degli istruttori FSE e coordina la rete nazionale. Il suo sito web \u00e8 <a href=\"https:\/\/www.esf.net\/\">esf.net<\/a>. <\/p>\n\n<h2 class=\"wp-block-heading\">Inizia subito la tua formazione<\/h2>\n\n<p>Il corso sandwich \u00e8 il modo migliore per completare con successo il <strong>Diploma Nazionale di Maestro di Sci Alpino<\/strong>: immersione diretta, esperienza supervisionata e preparazione completa.<\/p>\n\n<p>Per un supporto pratico e personalizzato, <strong>contatta direttamente l&#8217;ESF di Les Menuires e Nicolas Flage (06 25 69 01 13)<\/strong> per iniziare al meglio il tuo corso.<\/p>\n\n<p><\/p>\n","protected":false},"excerpt":{"rendered":"<p>Formazione per l&#8217;ottenimento del Dipl\u00f4me d&#8217;Etat de moniteur de ski alpin in Francia La formazione in alternanza per ottenere il Dipl\u00f4me d&#8217;Etat de Moniteur National de Ski Alpin (DE Ski Alpin) ti permette di acquisire competenze tecniche, didattiche e professionali mentre lavori sul campo. Per avere successo in questo corso impegnativo, \u00e8 fondamentale sapere quali [&hellip;]<\/p>\n","protected":false},"author":1,"featured_media":0,"parent":0,"menu_order":0,"comment_status":"closed","ping_status":"closed","template":"","meta":{"footnotes":""},"class_list":["post-2825","page","type-page","status-publish","hentry"],"yoast_head":"<!-- This site is optimized with the Yoast SEO plugin v27.3 - https:\/\/yoast.com\/product\/yoast-seo-wordpress\/ -->\n<title>Formazione in alternanza per il Dipl\u00f4me d&#039;\u00c9tat Moniteur National de Ski Alpin (Diploma Nazionale di Maestro di Sci Alpino) - TEST TECHNIQUE SKI<\/title>\n<meta name=\"description\" content=\"Contatti utili per la formazione in alternanza per il DE Moniteur National Ski Alpin: ENSA, ESF Les Menuires, SNMSF, FFS.\" \/>\n<meta name=\"robots\" content=\"index, follow, max-snippet:-1, max-image-preview:large, max-video-preview:-1\" \/>\n<link rel=\"canonical\" href=\"https:\/\/test-technique-ski.fr\/it\/formation-moniteur-de-ski-alpin\/\" \/>\n<meta property=\"og:locale\" content=\"it_IT\" \/>\n<meta property=\"og:type\" content=\"article\" \/>\n<meta property=\"og:title\" content=\"Formazione in alternanza per il Dipl\u00f4me d&#039;\u00c9tat Moniteur National de Ski Alpin (Diploma Nazionale di Maestro di Sci Alpino) - TEST TECHNIQUE SKI\" \/>\n<meta property=\"og:description\" content=\"Contatti utili per la formazione in alternanza per il DE Moniteur National Ski Alpin: ENSA, ESF Les Menuires, SNMSF, FFS.\" \/>\n<meta property=\"og:url\" content=\"https:\/\/test-technique-ski.fr\/it\/formation-moniteur-de-ski-alpin\/\" \/>\n<meta property=\"og:site_name\" content=\"TEST TECHNIQUE SKI\" \/>\n<meta property=\"article:modified_time\" content=\"2025-08-29T12:10:50+00:00\" \/>\n<meta name=\"twitter:card\" content=\"summary_large_image\" \/>\n<meta name=\"twitter:label1\" content=\"Tempo di lettura stimato\" \/>\n\t<meta name=\"twitter:data1\" content=\"3 minuti\" \/>\n<script type=\"application\/ld+json\" class=\"yoast-schema-graph\">{\"@context\":\"https:\\\/\\\/schema.org\",\"@graph\":[{\"@type\":\"WebPage\",\"@id\":\"https:\\\/\\\/test-technique-ski.fr\\\/it\\\/formation-moniteur-de-ski-alpin\\\/\",\"url\":\"https:\\\/\\\/test-technique-ski.fr\\\/it\\\/formation-moniteur-de-ski-alpin\\\/\",\"name\":\"Formazione in alternanza per il Dipl\u00f4me d'\u00c9tat Moniteur National de Ski Alpin (Diploma Nazionale di Maestro di Sci Alpino) - TEST TECHNIQUE SKI\",\"isPartOf\":{\"@id\":\"https:\\\/\\\/test-technique-ski.fr\\\/it\\\/#website\"},\"datePublished\":\"2025-08-29T11:49:59+00:00\",\"dateModified\":\"2025-08-29T12:10:50+00:00\",\"description\":\"Contatti utili per la formazione in alternanza per il DE Moniteur National Ski Alpin: ENSA, ESF Les Menuires, SNMSF, FFS.\",\"inLanguage\":\"it-IT\",\"potentialAction\":[{\"@type\":\"ReadAction\",\"target\":[\"https:\\\/\\\/test-technique-ski.fr\\\/it\\\/formation-moniteur-de-ski-alpin\\\/\"]}]},{\"@type\":\"WebSite\",\"@id\":\"https:\\\/\\\/test-technique-ski.fr\\\/it\\\/#website\",\"url\":\"https:\\\/\\\/test-technique-ski.fr\\\/it\\\/\",\"name\":\"TEST TECHNIQUE SKI\",\"description\":\"\",\"potentialAction\":[{\"@type\":\"SearchAction\",\"target\":{\"@type\":\"EntryPoint\",\"urlTemplate\":\"https:\\\/\\\/test-technique-ski.fr\\\/it\\\/?s={search_term_string}\"},\"query-input\":{\"@type\":\"PropertyValueSpecification\",\"valueRequired\":true,\"valueName\":\"search_term_string\"}}],\"inLanguage\":\"it-IT\"}]}<\/script>\n<!-- \/ Yoast SEO plugin. -->","yoast_head_json":{"title":"Formazione in alternanza per il Dipl\u00f4me d'\u00c9tat Moniteur National de Ski Alpin (Diploma Nazionale di Maestro di Sci Alpino) - TEST TECHNIQUE SKI","description":"Contatti utili per la formazione in alternanza per il DE Moniteur National Ski Alpin: ENSA, ESF Les Menuires, SNMSF, FFS.","robots":{"index":"index","follow":"follow","max-snippet":"max-snippet:-1","max-image-preview":"max-image-preview:large","max-video-preview":"max-video-preview:-1"},"canonical":"https:\/\/test-technique-ski.fr\/it\/formation-moniteur-de-ski-alpin\/","og_locale":"it_IT","og_type":"article","og_title":"Formazione in alternanza per il Dipl\u00f4me d'\u00c9tat Moniteur National de Ski Alpin (Diploma Nazionale di Maestro di Sci Alpino) - TEST TECHNIQUE SKI","og_description":"Contatti utili per la formazione in alternanza per il DE Moniteur National Ski Alpin: ENSA, ESF Les Menuires, SNMSF, FFS.","og_url":"https:\/\/test-technique-ski.fr\/it\/formation-moniteur-de-ski-alpin\/","og_site_name":"TEST TECHNIQUE SKI","article_modified_time":"2025-08-29T12:10:50+00:00","twitter_card":"summary_large_image","twitter_misc":{"Tempo di lettura stimato":"3 minuti"},"schema":{"@context":"https:\/\/schema.org","@graph":[{"@type":"WebPage","@id":"https:\/\/test-technique-ski.fr\/it\/formation-moniteur-de-ski-alpin\/","url":"https:\/\/test-technique-ski.fr\/it\/formation-moniteur-de-ski-alpin\/","name":"Formazione in alternanza per il Dipl\u00f4me d'\u00c9tat Moniteur National de Ski Alpin (Diploma Nazionale di Maestro di Sci Alpino) - TEST TECHNIQUE SKI","isPartOf":{"@id":"https:\/\/test-technique-ski.fr\/it\/#website"},"datePublished":"2025-08-29T11:49:59+00:00","dateModified":"2025-08-29T12:10:50+00:00","description":"Contatti utili per la formazione in alternanza per il DE Moniteur National Ski Alpin: ENSA, ESF Les Menuires, SNMSF, FFS.","inLanguage":"it-IT","potentialAction":[{"@type":"ReadAction","target":["https:\/\/test-technique-ski.fr\/it\/formation-moniteur-de-ski-alpin\/"]}]},{"@type":"WebSite","@id":"https:\/\/test-technique-ski.fr\/it\/#website","url":"https:\/\/test-technique-ski.fr\/it\/","name":"TEST TECHNIQUE SKI","description":"","potentialAction":[{"@type":"SearchAction","target":{"@type":"EntryPoint","urlTemplate":"https:\/\/test-technique-ski.fr\/it\/?s={search_term_string}"},"query-input":{"@type":"PropertyValueSpecification","valueRequired":true,"valueName":"search_term_string"}}],"inLanguage":"it-IT"}]}},"_links":{"self":[{"href":"https:\/\/test-technique-ski.fr\/it\/wp-json\/wp\/v2\/pages\/2825","targetHints":{"allow":["GET"]}}],"collection":[{"href":"https:\/\/test-technique-ski.fr\/it\/wp-json\/wp\/v2\/pages"}],"about":[{"href":"https:\/\/test-technique-ski.fr\/it\/wp-json\/wp\/v2\/types\/page"}],"author":[{"embeddable":true,"href":"https:\/\/test-technique-ski.fr\/it\/wp-json\/wp\/v2\/users\/1"}],"replies":[{"embeddable":true,"href":"https:\/\/test-technique-ski.fr\/it\/wp-json\/wp\/v2\/comments?post=2825"}],"version-history":[{"count":0,"href":"https:\/\/test-technique-ski.fr\/it\/wp-json\/wp\/v2\/pages\/2825\/revisions"}],"wp:attachment":[{"href":"https:\/\/test-technique-ski.fr\/it\/wp-json\/wp\/v2\/media?parent=2825"}],"curies":[{"name":"wp","href":"https:\/\/api.w.org\/{rel}","templated":true}]}}