{"id":3449,"date":"2025-10-24T14:46:06","date_gmt":"2025-10-24T13:46:06","guid":{"rendered":"https:\/\/test-technique-ski.fr\/stage-ski-slalom-amneville\/"},"modified":"2025-10-24T18:30:00","modified_gmt":"2025-10-24T17:30:00","slug":"stage-ski-slalom-amneville","status":"publish","type":"page","link":"https:\/\/test-technique-ski.fr\/it\/stage-ski-slalom-amneville\/","title":{"rendered":"Corso di slalom sugli sci ad Amn\u00e9ville"},"content":{"rendered":"\n<h1 class=\"wp-block-heading\"><strong>Campo da slalom di Amn\u00e9ville | Giovani concorrenti e prova tecnica<\/strong><\/h1>\n\n<p>Questo corso offre un allenamento intensivo e strutturato di slalom sulla pista indoor di Amn\u00e9ville-les-Thermes.<br\/>\u00c8 rivolto ai <strong>giovani concorrenti<\/strong> e agli <strong>adulti<\/strong> che si preparano per la <a href=\"https:\/\/test-technique-ski.fr\/it\/\">prova tecnica di sci alpino<\/a>.<\/p>\n\n<p>L&#8217;obiettivo \u00e8 quello di migliorare la precisione della traiettoria, la qualit\u00e0 dell&#8217;appoggio e la gestione del ritmo attraverso un elevato volume di passaggi, reso possibile dalle condizioni stabili della pista indoor.<\/p>\n\n<p><strong>Contatto per il corso di slalom ad Amn\u00e9ville<\/strong>: Nicolas allo <a href=\"tel:0033625690113\">06 25 69 01 13<\/a><\/p>\n\n<div style=\"height:10px\" aria-hidden=\"true\" class=\"wp-block-spacer\"><\/div>\n\n<h2 class=\"wp-block-heading\">Perch\u00e9 un campo da slalom ad Amn\u00e9ville?<\/h2>\n\n<p>La pista indoor di Amn\u00e9ville offre condizioni particolarmente adatte al lavoro tecnico:<\/p>\n\n<ul class=\"wp-block-list\">\n<li><strong>Aperto tutto l&#8217;anno<\/strong>, per allenamenti pre-stagionali o in assenza di neve.<\/li>\n\n\n\n<li><strong>Corridoio riservato allo slalom<\/strong>, che offre un percorso stabile e indisturbato.<\/li>\n\n\n\n<li>La <strong>neve si mantiene a circa -8\u00b0C<\/strong>, producendo una superficie dura, regolare e costante, ideale per lavorare sul piede.<\/li>\n\n\n\n<li><strong>Ambiente interno<\/strong>, che elimina le variazioni climatiche e garantisce la continuit\u00e0 della sessione.<\/li>\n\n\n\n<li><strong>Visite da parte di comitati e club<\/strong>, che confermano l&#8217;idoneit\u00e0 del sito per la formazione tecnica specialistica.<\/li>\n<\/ul>\n\n<p>Questi elementi permettono di aumentare il numero di passaggi, analizzare con precisione i movimenti e adattare la tecnica in modo progressivo e misurabile.<\/p>\n\n<figure class=\"wp-block-image size-large\"><img fetchpriority=\"high\" decoding=\"async\" width=\"1024\" height=\"865\" src=\"https:\/\/test-technique-ski.fr\/wp-content\/uploads\/2025\/03\/IMG_1992-1024x865.jpg\" alt=\"Corso di slalom di Amn&#xE9;ville  \" class=\"wp-image-2667\" srcset=\"https:\/\/test-technique-ski.fr\/wp-content\/uploads\/2025\/03\/IMG_1992-1024x865.jpg 1024w, https:\/\/test-technique-ski.fr\/wp-content\/uploads\/2025\/03\/IMG_1992-300x253.jpg 300w, https:\/\/test-technique-ski.fr\/wp-content\/uploads\/2025\/03\/IMG_1992-768x649.jpg 768w, https:\/\/test-technique-ski.fr\/wp-content\/uploads\/2025\/03\/IMG_1992.jpg 1290w\" sizes=\"(max-width: 1024px) 100vw, 1024px\" \/><figcaption class=\"wp-element-caption\">Corso di sci di slalom a Amn\u00e9ville snowworld<\/figcaption><\/figure>\n\n<h2 class=\"wp-block-heading\">Gestione e risorse<\/h2>\n\n<h3 class=\"wp-block-heading\"><strong>Coordinatore e contatto del corso: Nicolas Flage<\/strong> &#8211; <a href=\"tel:0033625690113\">06 25 69 01 13<\/a><\/h3>\n\n<ul class=\"wp-block-list\">\n<li>Ex sportivo di alto livello<\/li>\n\n\n\n<li><strong>Titolare del Brevet d&#8217;Etat di Sci Alpino<\/strong><\/li>\n\n\n\n<li>Ex corridore <strong>FIS<\/strong> (miglior valore: <strong>28 punti FIS<\/strong>)<\/li>\n\n\n\n<li><strong>8 finali della Challenge des Moniteurs<\/strong> (2006 \u2192 2018)<\/li>\n\n\n\n<li><strong>Membro dell&#8217;Accademia ESF &#8211; ESF Les Menuires<\/strong><\/li>\n\n\n\n<li>Formazione in <strong>Shiatsu<\/strong> (scuola Ioka\u00ef)<\/li>\n\n\n\n<li>Formato in <strong>psicoterapia<\/strong> (\u00c9cole du soin, dal 2011) e istruttore in questo campo<\/li>\n\n\n\n<li>Coinvolti anche nella <strong>preparazione mentale<\/strong><\/li>\n<\/ul>\n\n<p>Il suo approccio combina <strong>alti standard tecnici<\/strong>, comprensione del <strong>movimento<\/strong> e lavoro sulla <strong>gestione interna<\/strong> (respirazione, concentrazione, impegno).<\/p>\n\n<h3 class=\"wp-block-heading\"><strong>Supporto aggiuntivo<\/strong><\/h3>\n\n<p>Nicolas Flage \u00e8 assistito da<strong>allenatori specializzati in slalom<\/strong> dell&#8217;<strong>Accademia ESF di Les Menuires<\/strong>, tutti in possesso delle necessarie qualifiche didattiche e con esperienza nella formazione di atleti giovani e adulti.<\/p>\n\n<p>Il <strong>coaching si svolge in piccoli gruppi<\/strong>, consentendo :<\/p>\n\n<ul class=\"wp-block-list\">\n<li><strong>osservazione precisa delle<\/strong> traiettorie,<\/li>\n\n\n\n<li><strong>correzioni individuali<\/strong> per ogni corsa,<\/li>\n\n\n\n<li><strong>un supporto tecnico costante<\/strong> per tutta la durata del corso.<\/li>\n<\/ul>\n\n<h2 class=\"wp-block-heading\"><strong>Incluso nel corso<\/strong><\/h2>\n\n<ul class=\"wp-block-list\">\n<li>Accesso alla pista <a href=\"https:\/\/www.snowworld.com\/amneville\/fr\">Snowworld<\/a> per l&#8217;intero corso (skipass incluso)<\/li>\n\n\n\n<li>Supervisione tecnica e attrezzatura per lo slalom<\/li>\n\n\n\n<li>Alloggio e ristorazione  <\/li>\n<\/ul>\n\n<p><strong>Prezzi dei nostri corsi di slalom ad Amn\u00e9ville: 4 giorni \/ \u20ac790 tutto incluso (escluso il trasporto in autobus*)<\/strong><\/p>\n\n<p>Il prezzo include alloggio, pasti, skipass e supervisione professionale.<\/p>\n\n<p><\/p>\n","protected":false},"excerpt":{"rendered":"<p>Campo da slalom di Amn\u00e9ville | Giovani concorrenti e prova tecnica Questo corso offre un allenamento intensivo e strutturato di slalom sulla pista indoor di Amn\u00e9ville-les-Thermes.\u00c8 rivolto ai giovani concorrenti e agli adulti che si preparano per la prova tecnica di sci alpino. L&#8217;obiettivo \u00e8 quello di migliorare la precisione della traiettoria, la qualit\u00e0 dell&#8217;appoggio [&hellip;]<\/p>\n","protected":false},"author":1,"featured_media":0,"parent":0,"menu_order":0,"comment_status":"closed","ping_status":"closed","template":"","meta":{"footnotes":""},"class_list":["post-3449","page","type-page","status-publish","hentry"],"yoast_head":"<!-- This site is optimized with the Yoast SEO plugin v27.3 - https:\/\/yoast.com\/product\/yoast-seo-wordpress\/ -->\n<title>Corso di slalom sugli sci ad Amn\u00e9ville - TEST TECHNIQUE SKI<\/title>\n<meta name=\"description\" content=\"Corso di slalom ad Amn\u00e9ville: 4 giorni di allenamento intensivo, coaching personalizzato, analisi video, progressi rapidi.\" \/>\n<meta name=\"robots\" content=\"index, follow, max-snippet:-1, max-image-preview:large, max-video-preview:-1\" \/>\n<link rel=\"canonical\" href=\"https:\/\/test-technique-ski.fr\/it\/stage-ski-slalom-amneville\/\" \/>\n<meta property=\"og:locale\" content=\"it_IT\" \/>\n<meta property=\"og:type\" content=\"article\" \/>\n<meta property=\"og:title\" content=\"Corso di slalom sugli sci ad Amn\u00e9ville - TEST TECHNIQUE SKI\" \/>\n<meta property=\"og:description\" content=\"Corso di slalom ad Amn\u00e9ville: 4 giorni di allenamento intensivo, coaching personalizzato, analisi video, progressi rapidi.\" \/>\n<meta property=\"og:url\" content=\"https:\/\/test-technique-ski.fr\/it\/stage-ski-slalom-amneville\/\" \/>\n<meta property=\"og:site_name\" content=\"TEST TECHNIQUE SKI\" \/>\n<meta property=\"article:modified_time\" content=\"2025-10-24T17:30:00+00:00\" \/>\n<meta property=\"og:image\" content=\"https:\/\/test-technique-ski.fr\/wp-content\/uploads\/2025\/03\/IMG_1992.jpg\" \/>\n\t<meta property=\"og:image:width\" content=\"1290\" \/>\n\t<meta property=\"og:image:height\" content=\"1090\" \/>\n\t<meta property=\"og:image:type\" content=\"image\/jpeg\" \/>\n<meta name=\"twitter:card\" content=\"summary_large_image\" \/>\n<meta name=\"twitter:label1\" content=\"Tempo di lettura stimato\" \/>\n\t<meta name=\"twitter:data1\" content=\"2 minuti\" \/>\n<script type=\"application\/ld+json\" class=\"yoast-schema-graph\">{\"@context\":\"https:\\\/\\\/schema.org\",\"@graph\":[{\"@type\":\"WebPage\",\"@id\":\"https:\\\/\\\/test-technique-ski.fr\\\/it\\\/stage-ski-slalom-amneville\\\/\",\"url\":\"https:\\\/\\\/test-technique-ski.fr\\\/it\\\/stage-ski-slalom-amneville\\\/\",\"name\":\"Corso di slalom sugli sci ad Amn\u00e9ville - TEST TECHNIQUE SKI\",\"isPartOf\":{\"@id\":\"https:\\\/\\\/test-technique-ski.fr\\\/it\\\/#website\"},\"primaryImageOfPage\":{\"@id\":\"https:\\\/\\\/test-technique-ski.fr\\\/it\\\/stage-ski-slalom-amneville\\\/#primaryimage\"},\"image\":{\"@id\":\"https:\\\/\\\/test-technique-ski.fr\\\/it\\\/stage-ski-slalom-amneville\\\/#primaryimage\"},\"thumbnailUrl\":\"https:\\\/\\\/test-technique-ski.fr\\\/wp-content\\\/uploads\\\/2025\\\/03\\\/IMG_1992-1024x865.jpg\",\"datePublished\":\"2025-10-24T13:46:06+00:00\",\"dateModified\":\"2025-10-24T17:30:00+00:00\",\"description\":\"Corso di slalom ad Amn\u00e9ville: 4 giorni di allenamento intensivo, coaching personalizzato, analisi video, progressi rapidi.\",\"inLanguage\":\"it-IT\",\"potentialAction\":[{\"@type\":\"ReadAction\",\"target\":[\"https:\\\/\\\/test-technique-ski.fr\\\/it\\\/stage-ski-slalom-amneville\\\/\"]}]},{\"@type\":\"ImageObject\",\"inLanguage\":\"it-IT\",\"@id\":\"https:\\\/\\\/test-technique-ski.fr\\\/it\\\/stage-ski-slalom-amneville\\\/#primaryimage\",\"url\":\"https:\\\/\\\/test-technique-ski.fr\\\/wp-content\\\/uploads\\\/2025\\\/03\\\/IMG_1992-1024x865.jpg\",\"contentUrl\":\"https:\\\/\\\/test-technique-ski.fr\\\/wp-content\\\/uploads\\\/2025\\\/03\\\/IMG_1992-1024x865.jpg\"},{\"@type\":\"WebSite\",\"@id\":\"https:\\\/\\\/test-technique-ski.fr\\\/it\\\/#website\",\"url\":\"https:\\\/\\\/test-technique-ski.fr\\\/it\\\/\",\"name\":\"TEST TECHNIQUE SKI\",\"description\":\"\",\"potentialAction\":[{\"@type\":\"SearchAction\",\"target\":{\"@type\":\"EntryPoint\",\"urlTemplate\":\"https:\\\/\\\/test-technique-ski.fr\\\/it\\\/?s={search_term_string}\"},\"query-input\":{\"@type\":\"PropertyValueSpecification\",\"valueRequired\":true,\"valueName\":\"search_term_string\"}}],\"inLanguage\":\"it-IT\"}]}<\/script>\n<!-- \/ Yoast SEO plugin. -->","yoast_head_json":{"title":"Corso di slalom sugli sci ad Amn\u00e9ville - TEST TECHNIQUE SKI","description":"Corso di slalom ad Amn\u00e9ville: 4 giorni di allenamento intensivo, coaching personalizzato, analisi video, progressi rapidi.","robots":{"index":"index","follow":"follow","max-snippet":"max-snippet:-1","max-image-preview":"max-image-preview:large","max-video-preview":"max-video-preview:-1"},"canonical":"https:\/\/test-technique-ski.fr\/it\/stage-ski-slalom-amneville\/","og_locale":"it_IT","og_type":"article","og_title":"Corso di slalom sugli sci ad Amn\u00e9ville - TEST TECHNIQUE SKI","og_description":"Corso di slalom ad Amn\u00e9ville: 4 giorni di allenamento intensivo, coaching personalizzato, analisi video, progressi rapidi.","og_url":"https:\/\/test-technique-ski.fr\/it\/stage-ski-slalom-amneville\/","og_site_name":"TEST TECHNIQUE SKI","article_modified_time":"2025-10-24T17:30:00+00:00","og_image":[{"width":1290,"height":1090,"url":"https:\/\/test-technique-ski.fr\/wp-content\/uploads\/2025\/03\/IMG_1992.jpg","type":"image\/jpeg"}],"twitter_card":"summary_large_image","twitter_misc":{"Tempo di lettura stimato":"2 minuti"},"schema":{"@context":"https:\/\/schema.org","@graph":[{"@type":"WebPage","@id":"https:\/\/test-technique-ski.fr\/it\/stage-ski-slalom-amneville\/","url":"https:\/\/test-technique-ski.fr\/it\/stage-ski-slalom-amneville\/","name":"Corso di slalom sugli sci ad Amn\u00e9ville - TEST TECHNIQUE SKI","isPartOf":{"@id":"https:\/\/test-technique-ski.fr\/it\/#website"},"primaryImageOfPage":{"@id":"https:\/\/test-technique-ski.fr\/it\/stage-ski-slalom-amneville\/#primaryimage"},"image":{"@id":"https:\/\/test-technique-ski.fr\/it\/stage-ski-slalom-amneville\/#primaryimage"},"thumbnailUrl":"https:\/\/test-technique-ski.fr\/wp-content\/uploads\/2025\/03\/IMG_1992-1024x865.jpg","datePublished":"2025-10-24T13:46:06+00:00","dateModified":"2025-10-24T17:30:00+00:00","description":"Corso di slalom ad Amn\u00e9ville: 4 giorni di allenamento intensivo, coaching personalizzato, analisi video, progressi rapidi.","inLanguage":"it-IT","potentialAction":[{"@type":"ReadAction","target":["https:\/\/test-technique-ski.fr\/it\/stage-ski-slalom-amneville\/"]}]},{"@type":"ImageObject","inLanguage":"it-IT","@id":"https:\/\/test-technique-ski.fr\/it\/stage-ski-slalom-amneville\/#primaryimage","url":"https:\/\/test-technique-ski.fr\/wp-content\/uploads\/2025\/03\/IMG_1992-1024x865.jpg","contentUrl":"https:\/\/test-technique-ski.fr\/wp-content\/uploads\/2025\/03\/IMG_1992-1024x865.jpg"},{"@type":"WebSite","@id":"https:\/\/test-technique-ski.fr\/it\/#website","url":"https:\/\/test-technique-ski.fr\/it\/","name":"TEST TECHNIQUE SKI","description":"","potentialAction":[{"@type":"SearchAction","target":{"@type":"EntryPoint","urlTemplate":"https:\/\/test-technique-ski.fr\/it\/?s={search_term_string}"},"query-input":{"@type":"PropertyValueSpecification","valueRequired":true,"valueName":"search_term_string"}}],"inLanguage":"it-IT"}]}},"_links":{"self":[{"href":"https:\/\/test-technique-ski.fr\/it\/wp-json\/wp\/v2\/pages\/3449","targetHints":{"allow":["GET"]}}],"collection":[{"href":"https:\/\/test-technique-ski.fr\/it\/wp-json\/wp\/v2\/pages"}],"about":[{"href":"https:\/\/test-technique-ski.fr\/it\/wp-json\/wp\/v2\/types\/page"}],"author":[{"embeddable":true,"href":"https:\/\/test-technique-ski.fr\/it\/wp-json\/wp\/v2\/users\/1"}],"replies":[{"embeddable":true,"href":"https:\/\/test-technique-ski.fr\/it\/wp-json\/wp\/v2\/comments?post=3449"}],"version-history":[{"count":7,"href":"https:\/\/test-technique-ski.fr\/it\/wp-json\/wp\/v2\/pages\/3449\/revisions"}],"predecessor-version":[{"id":3523,"href":"https:\/\/test-technique-ski.fr\/it\/wp-json\/wp\/v2\/pages\/3449\/revisions\/3523"}],"wp:attachment":[{"href":"https:\/\/test-technique-ski.fr\/it\/wp-json\/wp\/v2\/media?parent=3449"}],"curies":[{"name":"wp","href":"https:\/\/api.w.org\/{rel}","templated":true}]}}