{"id":490,"date":"2023-01-05T13:50:17","date_gmt":"2023-01-05T13:50:17","guid":{"rendered":"https:\/\/test-technique-ski.fr\/prova-tecnica-di-ski-alpin\/"},"modified":"2025-10-24T18:33:11","modified_gmt":"2025-10-24T17:33:11","slug":"prova-tecnica-di-ski-alpin","status":"publish","type":"page","link":"https:\/\/test-technique-ski.fr\/it\/","title":{"rendered":"Prova tecnica di sci alpino"},"content":{"rendered":"\n<h1 class=\"wp-block-heading\">Test tecnico di sci per diventare istruttore<\/h1>\n\n<p>Scopri tutte le informazioni che devi sapere sul Test Tecnico di Sci per iniziare la <a href=\"https:\/\/test-technique-ski.fr\/it\/formation-moniteur-de-ski-alpin\/\">formazione per diventare maestro di sci<\/a> in Francia.<\/p>\n\n<div style=\"height:10px\" aria-hidden=\"true\" class=\"wp-block-spacer\"><\/div>\n\n<h2 class=\"wp-block-heading\">Cos&#8217;\u00e8 la prova tecnica di sci alpino<\/h2>\n\n<p>Il test tecnico di sci \u00e8 la prima fase della <a href=\"https:\/\/test-technique-ski.fr\/it\/formation-moniteur-de-ski-alpin\/\">formazione dei maestri di sci in Francia<\/a>. Si tratta di una prova cronometrata di sci alpino che convalida il livello di sci di una persona che desidera diventare maestro di sci. La Prova Tecnica \u00e8 uno slalom speciale con un tempo di qualificazione.<\/p>\n\n<p>Il candidato che vuole <a href=\"https:\/\/test-technique-ski.fr\/it\/diventare-istruttore-di-sci-alpino\/\">diventare maestro di sci<\/a> deve raggiungere un tempo massimo per superare il test tecnico. Il tempo di qualificazione per la prova tecnica \u00e8 calcolato in relazione al tempo dell&#8217;apripista come segue:  <\/p>\n\n<ul class=\"wp-block-list\">\n<li>Per i candidati maschi nella prova tecnica: il tempo nello slalom cronometrato deve essere inferiore al tempo ottenuto dall&#8217;apripista + 20%;<\/li>\n\n\n\n<li>Per i candidati di sesso femminile nella prova tecnica: il tempo nello slalom cronometrato deve essere inferiore al tempo ottenuto dall&#8217;apripista + 25%.<\/li>\n<\/ul>\n\n<p>Una volta superato il test tecnico, il candidato pu\u00f2 iniziare il suo corso di formazione per maestri di sci presso la Scuola nazionale di sci e alpinismo.<\/p>\n\n<div style=\"height:10px\" aria-hidden=\"true\" class=\"wp-block-spacer\"><\/div>\n\n<h2 class=\"wp-block-heading\">Come iscriversi al test tecnico di sci?<\/h2>\n\n<p>L&#8217;<a href=\"https:\/\/test-technique-ski.fr\/it\/iscrizione-test-tecnico-sci\/\">iscrizione alla prova tecnica di sci alpino<\/a> avviene in pi\u00f9 fasi. Per iscriversi \u00e8 necessario creare un account sulla piattaforma <a href=\"https:\/\/test-technique-ski.fr\/it\/gepafo-montagne\/\">GEPAFO<\/a> del Ministero dello Sport francese. Vi spiegheremo la procedura in dettaglio.  <\/p>\n\n<h2 class=\"wp-block-heading\">Prepararsi per il test tecnico di sci al di fuori della stagione invernale<\/h2>\n\n<p>La stagione invernale \u00e8 breve, quindi \u00e8 fondamentale prepararsi per la prova tecnica di sci al di fuori della stagione invernale. Per mantenere il tuo allenamento nello slalom e migliorare la tua sciata al di fuori della stagione invernale, offriamo corsi di slalom durante tutto l&#8217;anno: <\/p>\n\n<ul class=\"wp-block-list\">\n<li><a href=\"https:\/\/test-technique-ski.fr\/it\/stage-ski-slalom-ete\/\">Corso di sci di slalom a luglio a Tignes<\/a><\/li>\n\n\n\n<li><a href=\"https:\/\/test-technique-ski.fr\/it\/stage-ski-slalom-automne\/\">Corso di slalom indoor a ottobre<\/a><\/li>\n\n\n\n<li><a href=\"https:\/\/test-technique-ski.fr\/it\/stage-ski-slalom-amneville\/\">Corso di sci di slalom ad Amn\u00e9ville<\/a><\/li>\n<\/ul>\n\n<div style=\"height:10px\" aria-hidden=\"true\" class=\"wp-block-spacer\"><\/div>\n\n<h2 class=\"wp-block-heading\">Quando posso sostenere la prova tecnica di sci alpino nel 2025-2026?<\/h2>\n\n<p>Ogni anno vengono organizzate 2 sessioni di test tecnici in Francia:<\/p>\n\n<ul class=\"wp-block-list\">\n<li>La prima sessione di test va da dicembre a febbraio;<\/li>\n\n\n\n<li>La seconda tornata di test si svolge a marzo e aprile.<\/li>\n<\/ul>\n\n<div style=\"height:10px\" aria-hidden=\"true\" class=\"wp-block-spacer\"><\/div>\n\n<p>Clicca qui per conoscere le <a href=\"https:\/\/test-technique-ski.fr\/it\/data-della-prova-tecnica-di-sci-alpino\/\">date del Test Tecnico<\/a>. Presta molta attenzione alle date di apertura e chiusura delle iscrizioni.<\/p>\n\n<p><strong>La prima sessione del Test Tecnico di Sci Alpino 2026 si svolger\u00e0 nel dicembre 2025<\/strong>. Le iscrizioni saranno possibili a partire dal 13 ottobre 2025. <\/p>\n\n<div style=\"height:10px\" aria-hidden=\"true\" class=\"wp-block-spacer\"><\/div>\n\n<h2 class=\"wp-block-heading\">Chi pu\u00f2 partecipare al test tecnico?<\/h2>\n\n<p>La prova tecnica \u00e8 aperta a chiunque abbia pi\u00f9 di 17 anni. Ogni candidato pu\u00f2 iscriversi una sola volta per ogni sessione. Pertanto, il candidato pu\u00f2 tentare la prova tecnica solo due volte all&#8217;anno.<\/p>\n\n<div style=\"height:10px\" aria-hidden=\"true\" class=\"wp-block-spacer\"><\/div>\n\n<h2 class=\"wp-block-heading\">Qual \u00e8 il prezzo del Test tecnico?<\/h2>\n\n<p>La quota di iscrizione alla prova tecnica \u00e8 di 80\u20ac. Questo prezzo comprende solo l&#8217;iscrizione allo slalom cronometrato. Tutte le spese di viaggio e di alloggio sono a carico del candidato. La quota di iscrizione non viene rimborsata se il candidato non supera la prova tecnica.<\/p>\n\n<div style=\"height:10px\" aria-hidden=\"true\" class=\"wp-block-spacer\"><\/div>\n\n<h2 class=\"wp-block-heading\">Foto di un allenatore al test tecnico di sci<\/h2>\n\n<figure class=\"wp-block-image size-large\" id=\"Slalom-chronom&#xE9;tr&#xE9;-du-test-technique\"><img fetchpriority=\"high\" decoding=\"async\" width=\"1024\" height=\"747\" src=\"https:\/\/test-technique-ski.fr\/wp-content\/uploads\/2023\/01\/Ski-Test-Technique-1-1024x747.jpg\" alt=\"Foto della prova tecnica di sci alpino\" class=\"wp-image-297\" title=\"Prova tecnica di gara di sci\" srcset=\"https:\/\/test-technique-ski.fr\/wp-content\/uploads\/2023\/01\/Ski-Test-Technique-1-1024x747.jpg 1024w, https:\/\/test-technique-ski.fr\/wp-content\/uploads\/2023\/01\/Ski-Test-Technique-1-300x219.jpg 300w, https:\/\/test-technique-ski.fr\/wp-content\/uploads\/2023\/01\/Ski-Test-Technique-1-768x560.jpg 768w, https:\/\/test-technique-ski.fr\/wp-content\/uploads\/2023\/01\/Ski-Test-Technique-1-1536x1121.jpg 1536w, https:\/\/test-technique-ski.fr\/wp-content\/uploads\/2023\/01\/Ski-Test-Technique-1-2048x1494.jpg 2048w\" sizes=\"(max-width: 1024px) 100vw, 1024px\" \/><figcaption class=\"wp-element-caption\">Slalom cronometrato del test tecnico di sci per diventare istruttore  <\/figcaption><\/figure>\n\n<div style=\"height:10px\" aria-hidden=\"true\" class=\"wp-block-spacer\"><\/div>\n\n<h2 class=\"wp-block-heading\">Come si ottengono i risultati del test tecnico di sci?<\/h2>\n\n<p>I risultati sono disponibili direttamente su Internet. Clicca su <a href=\"https:\/\/test-technique-ski.fr\/it\/risultati-dei-test-di-tecnica-sciistica\/\">Risultati dello Ski Test<\/a> per scoprire come ottenere i risultati dello Ski Test 2026.<\/p>\n\n<p><\/p>\n","protected":false},"excerpt":{"rendered":"<p>Test tecnico di sci per diventare istruttore Scopri tutte le informazioni che devi sapere sul Test Tecnico di Sci per iniziare la formazione per diventare maestro di sci in Francia. Cos&#8217;\u00e8 la prova tecnica di sci alpino Il test tecnico di sci \u00e8 la prima fase della formazione dei maestri di sci in Francia. Si [&hellip;]<\/p>\n","protected":false},"author":1,"featured_media":0,"parent":0,"menu_order":0,"comment_status":"closed","ping_status":"closed","template":"","meta":{"footnotes":""},"class_list":["post-490","page","type-page","status-publish","hentry"],"yoast_head":"<!-- This site is optimized with the Yoast SEO plugin v27.3 - https:\/\/yoast.com\/product\/yoast-seo-wordpress\/ -->\n<title>Prova tecnica di sci alpino<\/title>\n<meta name=\"description\" content=\"Il test tecnico di sci alpino \u00e8 il punto di partenza della formazione per diventare maestro di sci in Francia. Iscrizione online al test tecnico\" \/>\n<meta name=\"robots\" content=\"index, follow, max-snippet:-1, max-image-preview:large, max-video-preview:-1\" \/>\n<link rel=\"canonical\" href=\"https:\/\/test-technique-ski.fr\/it\/\" \/>\n<meta property=\"og:locale\" content=\"it_IT\" \/>\n<meta property=\"og:type\" content=\"article\" \/>\n<meta property=\"og:title\" content=\"Prova tecnica di sci alpino\" \/>\n<meta property=\"og:description\" content=\"Il test tecnico di sci alpino \u00e8 il punto di partenza della formazione per diventare maestro di sci in Francia. Iscrizione online al test tecnico\" \/>\n<meta property=\"og:url\" content=\"https:\/\/test-technique-ski.fr\/it\/\" \/>\n<meta property=\"og:site_name\" content=\"TEST TECHNIQUE SKI\" \/>\n<meta property=\"article:modified_time\" content=\"2025-10-24T17:33:11+00:00\" \/>\n<meta property=\"og:image\" content=\"https:\/\/test-technique-ski.fr\/wp-content\/uploads\/2023\/01\/Ski-Test-Technique-1-scaled.jpg\" \/>\n\t<meta property=\"og:image:width\" content=\"2560\" \/>\n\t<meta property=\"og:image:height\" content=\"1868\" \/>\n\t<meta property=\"og:image:type\" content=\"image\/jpeg\" \/>\n<meta name=\"twitter:card\" content=\"summary_large_image\" \/>\n<meta name=\"twitter:label1\" content=\"Tempo di lettura stimato\" \/>\n\t<meta name=\"twitter:data1\" content=\"3 minuti\" \/>\n<script type=\"application\/ld+json\" class=\"yoast-schema-graph\">{\"@context\":\"https:\\\/\\\/schema.org\",\"@graph\":[{\"@type\":\"WebPage\",\"@id\":\"https:\\\/\\\/test-technique-ski.fr\\\/it\\\/\",\"url\":\"https:\\\/\\\/test-technique-ski.fr\\\/it\\\/\",\"name\":\"Prova tecnica di sci alpino\",\"isPartOf\":{\"@id\":\"https:\\\/\\\/test-technique-ski.fr\\\/it\\\/#website\"},\"primaryImageOfPage\":{\"@id\":\"https:\\\/\\\/test-technique-ski.fr\\\/it\\\/#primaryimage\"},\"image\":{\"@id\":\"https:\\\/\\\/test-technique-ski.fr\\\/it\\\/#primaryimage\"},\"thumbnailUrl\":\"https:\\\/\\\/test-technique-ski.fr\\\/wp-content\\\/uploads\\\/2023\\\/01\\\/Ski-Test-Technique-1-1024x747.jpg\",\"datePublished\":\"2023-01-05T13:50:17+00:00\",\"dateModified\":\"2025-10-24T17:33:11+00:00\",\"description\":\"Il test tecnico di sci alpino \u00e8 il punto di partenza della formazione per diventare maestro di sci in Francia. Iscrizione online al test tecnico\",\"inLanguage\":\"it-IT\",\"potentialAction\":[{\"@type\":\"ReadAction\",\"target\":[\"https:\\\/\\\/test-technique-ski.fr\\\/it\\\/\"]}]},{\"@type\":\"ImageObject\",\"inLanguage\":\"it-IT\",\"@id\":\"https:\\\/\\\/test-technique-ski.fr\\\/it\\\/#primaryimage\",\"url\":\"https:\\\/\\\/test-technique-ski.fr\\\/wp-content\\\/uploads\\\/2023\\\/01\\\/Ski-Test-Technique-1-1024x747.jpg\",\"contentUrl\":\"https:\\\/\\\/test-technique-ski.fr\\\/wp-content\\\/uploads\\\/2023\\\/01\\\/Ski-Test-Technique-1-1024x747.jpg\"},{\"@type\":\"WebSite\",\"@id\":\"https:\\\/\\\/test-technique-ski.fr\\\/it\\\/#website\",\"url\":\"https:\\\/\\\/test-technique-ski.fr\\\/it\\\/\",\"name\":\"TEST TECHNIQUE SKI\",\"description\":\"\",\"potentialAction\":[{\"@type\":\"SearchAction\",\"target\":{\"@type\":\"EntryPoint\",\"urlTemplate\":\"https:\\\/\\\/test-technique-ski.fr\\\/it\\\/?s={search_term_string}\"},\"query-input\":{\"@type\":\"PropertyValueSpecification\",\"valueRequired\":true,\"valueName\":\"search_term_string\"}}],\"inLanguage\":\"it-IT\"}]}<\/script>\n<!-- \/ Yoast SEO plugin. -->","yoast_head_json":{"title":"Prova tecnica di sci alpino","description":"Il test tecnico di sci alpino \u00e8 il punto di partenza della formazione per diventare maestro di sci in Francia. Iscrizione online al test tecnico","robots":{"index":"index","follow":"follow","max-snippet":"max-snippet:-1","max-image-preview":"max-image-preview:large","max-video-preview":"max-video-preview:-1"},"canonical":"https:\/\/test-technique-ski.fr\/it\/","og_locale":"it_IT","og_type":"article","og_title":"Prova tecnica di sci alpino","og_description":"Il test tecnico di sci alpino \u00e8 il punto di partenza della formazione per diventare maestro di sci in Francia. Iscrizione online al test tecnico","og_url":"https:\/\/test-technique-ski.fr\/it\/","og_site_name":"TEST TECHNIQUE SKI","article_modified_time":"2025-10-24T17:33:11+00:00","og_image":[{"width":2560,"height":1868,"url":"https:\/\/test-technique-ski.fr\/wp-content\/uploads\/2023\/01\/Ski-Test-Technique-1-scaled.jpg","type":"image\/jpeg"}],"twitter_card":"summary_large_image","twitter_misc":{"Tempo di lettura stimato":"3 minuti"},"schema":{"@context":"https:\/\/schema.org","@graph":[{"@type":"WebPage","@id":"https:\/\/test-technique-ski.fr\/it\/","url":"https:\/\/test-technique-ski.fr\/it\/","name":"Prova tecnica di sci alpino","isPartOf":{"@id":"https:\/\/test-technique-ski.fr\/it\/#website"},"primaryImageOfPage":{"@id":"https:\/\/test-technique-ski.fr\/it\/#primaryimage"},"image":{"@id":"https:\/\/test-technique-ski.fr\/it\/#primaryimage"},"thumbnailUrl":"https:\/\/test-technique-ski.fr\/wp-content\/uploads\/2023\/01\/Ski-Test-Technique-1-1024x747.jpg","datePublished":"2023-01-05T13:50:17+00:00","dateModified":"2025-10-24T17:33:11+00:00","description":"Il test tecnico di sci alpino \u00e8 il punto di partenza della formazione per diventare maestro di sci in Francia. Iscrizione online al test tecnico","inLanguage":"it-IT","potentialAction":[{"@type":"ReadAction","target":["https:\/\/test-technique-ski.fr\/it\/"]}]},{"@type":"ImageObject","inLanguage":"it-IT","@id":"https:\/\/test-technique-ski.fr\/it\/#primaryimage","url":"https:\/\/test-technique-ski.fr\/wp-content\/uploads\/2023\/01\/Ski-Test-Technique-1-1024x747.jpg","contentUrl":"https:\/\/test-technique-ski.fr\/wp-content\/uploads\/2023\/01\/Ski-Test-Technique-1-1024x747.jpg"},{"@type":"WebSite","@id":"https:\/\/test-technique-ski.fr\/it\/#website","url":"https:\/\/test-technique-ski.fr\/it\/","name":"TEST TECHNIQUE SKI","description":"","potentialAction":[{"@type":"SearchAction","target":{"@type":"EntryPoint","urlTemplate":"https:\/\/test-technique-ski.fr\/it\/?s={search_term_string}"},"query-input":{"@type":"PropertyValueSpecification","valueRequired":true,"valueName":"search_term_string"}}],"inLanguage":"it-IT"}]}},"_links":{"self":[{"href":"https:\/\/test-technique-ski.fr\/it\/wp-json\/wp\/v2\/pages\/490","targetHints":{"allow":["GET"]}}],"collection":[{"href":"https:\/\/test-technique-ski.fr\/it\/wp-json\/wp\/v2\/pages"}],"about":[{"href":"https:\/\/test-technique-ski.fr\/it\/wp-json\/wp\/v2\/types\/page"}],"author":[{"embeddable":true,"href":"https:\/\/test-technique-ski.fr\/it\/wp-json\/wp\/v2\/users\/1"}],"replies":[{"embeddable":true,"href":"https:\/\/test-technique-ski.fr\/it\/wp-json\/wp\/v2\/comments?post=490"}],"version-history":[{"count":3,"href":"https:\/\/test-technique-ski.fr\/it\/wp-json\/wp\/v2\/pages\/490\/revisions"}],"predecessor-version":[{"id":3537,"href":"https:\/\/test-technique-ski.fr\/it\/wp-json\/wp\/v2\/pages\/490\/revisions\/3537"}],"wp:attachment":[{"href":"https:\/\/test-technique-ski.fr\/it\/wp-json\/wp\/v2\/media?parent=490"}],"curies":[{"name":"wp","href":"https:\/\/api.w.org\/{rel}","templated":true}]}}