{"id":575,"date":"2023-01-07T08:50:20","date_gmt":"2023-01-07T08:50:20","guid":{"rendered":"https:\/\/test-technique-ski.fr\/diventare-istruttore-di-sci-alpino\/"},"modified":"2025-08-29T13:14:45","modified_gmt":"2025-08-29T12:14:45","slug":"diventare-istruttore-di-sci-alpino","status":"publish","type":"page","link":"https:\/\/test-technique-ski.fr\/it\/diventare-istruttore-di-sci-alpino\/","title":{"rendered":"Diventare maestro di sci"},"content":{"rendered":"\n<h1 class=\"wp-block-heading\">Come diventare maestro di sci?<\/h1>\n\n<p>Ecco i passi generali da seguire per diventare maestro di sci in Francia:<\/p>\n\n<ol class=\"wp-block-list\">\n<li>Assicuratevi di soddisfare i requisiti di base: per diventare maestri di sci dovete avere almeno 18 anni e la patente di guida. \u00c8 inoltre necessario essere in buone condizioni fisiche ed essere in grado di sciare a un livello avanzato.<\/li>\n\n\n\n<li>Segui un corso: in Francia ci sono diverse scuole di sci che offrono <a href=\"https:\/\/test-technique-ski.fr\/it\/formation-moniteur-de-ski-alpin\/\">corsi di formazione per diventare maestri di sci<\/a>. Potete scegliere un corso sandwich, che vi permette di lavorare e studiare allo stesso tempo, o un corso a blocchi, che si svolge in un periodo di tempo concentrato. La formazione comprende corsi teorici e pratici sulla tecnica dello sci, sull&#8217;insegnamento dello sci, sulla sicurezza in montagna e altro ancora.<\/li>\n\n\n\n<li>Ottenere un diploma: per diventare un maestro di sci qualificato, devi superare un esame finale organizzato dall <a href=\"http:\/\/ensm.sports.gouv.fr\">&#8216;\u00c9cole Nationale de Ski et d&#8217;Alpinisme<\/a> (ENSA). L&#8217;esame comprende una prova pratica di sci e una prova teorica sulle conoscenze necessarie per diventare maestro di sci.<\/li>\n<\/ol>\n\n<div style=\"height:10px\" aria-hidden=\"true\" class=\"wp-block-spacer\"><\/div>\n\n<p><strong>Per diventare maestro di sci<\/strong>: \u00e8 importante avere un buon livello di sci, ma ci sono anche altre importanti qualit\u00e0 e competenze da acquisire:<\/p>\n\n<ul class=\"wp-block-list\">\n<li>Ottime capacit\u00e0 di comunicazione: dovete essere in grado di trasmettere le vostre istruzioni in modo chiaro e di comunicare con gli studenti in modo efficace.<\/li>\n\n\n\n<li>Buone condizioni fisiche: come maestri di sci sarete spesso in montagna tutto il giorno, quindi \u00e8 importante essere in buone condizioni fisiche per tenere il ritmo.<\/li>\n\n\n\n<li>Capacit\u00e0 organizzative: sarete responsabili dell&#8217;organizzazione di lezioni e gite sugli sci per i vostri studenti, quindi \u00e8 importante avere buone capacit\u00e0 organizzative.<\/li>\n\n\n\n<li>Buona presentazione: come rappresentante della scuola di sci o del comprensorio, \u00e8 importante avere una buona presentazione personale e rappresentare bene la propria azienda.<\/li>\n\n\n\n<li>Senso di responsabilit\u00e0: come maestro di sci, sarete responsabili della sicurezza dei vostri allievi durante le lezioni e le escursioni sugli sci. \u00c8 importante avere un alto senso di responsabilit\u00e0 e prendere le decisioni necessarie per garantire la sicurezza di tutti.<\/li>\n<\/ul>\n\n<p><\/p>\n","protected":false},"excerpt":{"rendered":"<p>Come diventare maestro di sci? Ecco i passi generali da seguire per diventare maestro di sci in Francia: Per diventare maestro di sci: \u00e8 importante avere un buon livello di sci, ma ci sono anche altre importanti qualit\u00e0 e competenze da acquisire:<\/p>\n","protected":false},"author":1,"featured_media":0,"parent":0,"menu_order":0,"comment_status":"closed","ping_status":"closed","template":"","meta":{"footnotes":""},"class_list":["post-575","page","type-page","status-publish","hentry"],"yoast_head":"<!-- This site is optimized with the Yoast SEO plugin v27.3 - https:\/\/yoast.com\/product\/yoast-seo-wordpress\/ -->\n<title>Diventare maestro di sci<\/title>\n<meta name=\"description\" content=\"Come diventare maestro di sci in Francia. Quali sono le qualit\u00e0 e le competenze necessarie per avere successo come A\" \/>\n<meta name=\"robots\" content=\"index, follow, max-snippet:-1, max-image-preview:large, max-video-preview:-1\" \/>\n<link rel=\"canonical\" href=\"https:\/\/test-technique-ski.fr\/it\/diventare-istruttore-di-sci-alpino\/\" \/>\n<meta property=\"og:locale\" content=\"it_IT\" \/>\n<meta property=\"og:type\" content=\"article\" \/>\n<meta property=\"og:title\" content=\"Diventare maestro di sci\" \/>\n<meta property=\"og:description\" content=\"Come diventare maestro di sci in Francia. Quali sono le qualit\u00e0 e le competenze necessarie per avere successo come A\" \/>\n<meta property=\"og:url\" content=\"https:\/\/test-technique-ski.fr\/it\/diventare-istruttore-di-sci-alpino\/\" \/>\n<meta property=\"og:site_name\" content=\"TEST TECHNIQUE SKI\" \/>\n<meta property=\"article:modified_time\" content=\"2025-08-29T12:14:45+00:00\" \/>\n<meta name=\"twitter:card\" content=\"summary_large_image\" \/>\n<meta name=\"twitter:label1\" content=\"Tempo di lettura stimato\" \/>\n\t<meta name=\"twitter:data1\" content=\"2 minuti\" \/>\n<script type=\"application\/ld+json\" class=\"yoast-schema-graph\">{\"@context\":\"https:\\\/\\\/schema.org\",\"@graph\":[{\"@type\":\"WebPage\",\"@id\":\"https:\\\/\\\/test-technique-ski.fr\\\/it\\\/diventare-istruttore-di-sci-alpino\\\/\",\"url\":\"https:\\\/\\\/test-technique-ski.fr\\\/it\\\/diventare-istruttore-di-sci-alpino\\\/\",\"name\":\"Diventare maestro di sci\",\"isPartOf\":{\"@id\":\"https:\\\/\\\/test-technique-ski.fr\\\/it\\\/#website\"},\"datePublished\":\"2023-01-07T08:50:20+00:00\",\"dateModified\":\"2025-08-29T12:14:45+00:00\",\"description\":\"Come diventare maestro di sci in Francia. Quali sono le qualit\u00e0 e le competenze necessarie per avere successo come A\",\"inLanguage\":\"it-IT\",\"potentialAction\":[{\"@type\":\"ReadAction\",\"target\":[\"https:\\\/\\\/test-technique-ski.fr\\\/it\\\/diventare-istruttore-di-sci-alpino\\\/\"]}]},{\"@type\":\"WebSite\",\"@id\":\"https:\\\/\\\/test-technique-ski.fr\\\/it\\\/#website\",\"url\":\"https:\\\/\\\/test-technique-ski.fr\\\/it\\\/\",\"name\":\"TEST TECHNIQUE SKI\",\"description\":\"\",\"potentialAction\":[{\"@type\":\"SearchAction\",\"target\":{\"@type\":\"EntryPoint\",\"urlTemplate\":\"https:\\\/\\\/test-technique-ski.fr\\\/it\\\/?s={search_term_string}\"},\"query-input\":{\"@type\":\"PropertyValueSpecification\",\"valueRequired\":true,\"valueName\":\"search_term_string\"}}],\"inLanguage\":\"it-IT\"}]}<\/script>\n<!-- \/ Yoast SEO plugin. -->","yoast_head_json":{"title":"Diventare maestro di sci","description":"Come diventare maestro di sci in Francia. Quali sono le qualit\u00e0 e le competenze necessarie per avere successo come A","robots":{"index":"index","follow":"follow","max-snippet":"max-snippet:-1","max-image-preview":"max-image-preview:large","max-video-preview":"max-video-preview:-1"},"canonical":"https:\/\/test-technique-ski.fr\/it\/diventare-istruttore-di-sci-alpino\/","og_locale":"it_IT","og_type":"article","og_title":"Diventare maestro di sci","og_description":"Come diventare maestro di sci in Francia. Quali sono le qualit\u00e0 e le competenze necessarie per avere successo come A","og_url":"https:\/\/test-technique-ski.fr\/it\/diventare-istruttore-di-sci-alpino\/","og_site_name":"TEST TECHNIQUE SKI","article_modified_time":"2025-08-29T12:14:45+00:00","twitter_card":"summary_large_image","twitter_misc":{"Tempo di lettura stimato":"2 minuti"},"schema":{"@context":"https:\/\/schema.org","@graph":[{"@type":"WebPage","@id":"https:\/\/test-technique-ski.fr\/it\/diventare-istruttore-di-sci-alpino\/","url":"https:\/\/test-technique-ski.fr\/it\/diventare-istruttore-di-sci-alpino\/","name":"Diventare maestro di sci","isPartOf":{"@id":"https:\/\/test-technique-ski.fr\/it\/#website"},"datePublished":"2023-01-07T08:50:20+00:00","dateModified":"2025-08-29T12:14:45+00:00","description":"Come diventare maestro di sci in Francia. Quali sono le qualit\u00e0 e le competenze necessarie per avere successo come A","inLanguage":"it-IT","potentialAction":[{"@type":"ReadAction","target":["https:\/\/test-technique-ski.fr\/it\/diventare-istruttore-di-sci-alpino\/"]}]},{"@type":"WebSite","@id":"https:\/\/test-technique-ski.fr\/it\/#website","url":"https:\/\/test-technique-ski.fr\/it\/","name":"TEST TECHNIQUE SKI","description":"","potentialAction":[{"@type":"SearchAction","target":{"@type":"EntryPoint","urlTemplate":"https:\/\/test-technique-ski.fr\/it\/?s={search_term_string}"},"query-input":{"@type":"PropertyValueSpecification","valueRequired":true,"valueName":"search_term_string"}}],"inLanguage":"it-IT"}]}},"_links":{"self":[{"href":"https:\/\/test-technique-ski.fr\/it\/wp-json\/wp\/v2\/pages\/575","targetHints":{"allow":["GET"]}}],"collection":[{"href":"https:\/\/test-technique-ski.fr\/it\/wp-json\/wp\/v2\/pages"}],"about":[{"href":"https:\/\/test-technique-ski.fr\/it\/wp-json\/wp\/v2\/types\/page"}],"author":[{"embeddable":true,"href":"https:\/\/test-technique-ski.fr\/it\/wp-json\/wp\/v2\/users\/1"}],"replies":[{"embeddable":true,"href":"https:\/\/test-technique-ski.fr\/it\/wp-json\/wp\/v2\/comments?post=575"}],"version-history":[{"count":0,"href":"https:\/\/test-technique-ski.fr\/it\/wp-json\/wp\/v2\/pages\/575\/revisions"}],"wp:attachment":[{"href":"https:\/\/test-technique-ski.fr\/it\/wp-json\/wp\/v2\/media?parent=575"}],"curies":[{"name":"wp","href":"https:\/\/api.w.org\/{rel}","templated":true}]}}