{"id":1908,"date":"2024-09-25T08:16:40","date_gmt":"2024-09-25T07:16:40","guid":{"rendered":"https:\/\/test-technique-ski.fr\/test-teknikk-ski-alpin-menuires\/"},"modified":"2026-01-29T11:54:36","modified_gmt":"2026-01-29T11:54:36","slug":"test-teknikk-ski-alpin-menuires","status":"publish","type":"page","link":"https:\/\/test-technique-ski.fr\/no\/test-teknikk-ski-alpin-menuires\/","title":{"rendered":"Teknisk test i Les M\u00e9nuires for utforkj\u00f8ring"},"content":{"rendered":"\n<h1 class=\"wp-block-heading\">Teknisk test av alpint i Les Menuires (73)<\/h1>\n\n<p>Hvert \u00e5r arrangerer Les Menuires en eller flere sesjoner av den tekniske pr\u00f8ven i alpint som en del av <a href=\"https:\/\/test-technique-ski.fr\/no\/formation-moniteur-de-ski-alpin\/\">oppl\u00e6ringsprogrammet for alpininstrukt\u00f8rer<\/a>.<\/p>\n\n<h2 class=\"wp-block-heading\">Datoer for den tekniske testen i alpint i Les Menuires<\/h2>\n\n<ul class=\"wp-block-list\">\n<li>Testene i Les Menuires for 1. sesjon av den tekniske testen fant sted fra 5. til 9. januar 2026;<\/li>\n\n\n\n<li>Testene i Les Menuires for 1. sesjon av CTT Technical Test fant sted fra 22. til 24. januar 2026.<\/li>\n<\/ul>\n\n<div style=\"height:10px\" aria-hidden=\"true\" class=\"wp-block-spacer\"><\/div>\n\n<h2 class=\"wp-block-heading\">Oppl\u00e6ringskurs i teknisk test i Les Menuires<\/h2>\n\n<p>ESF Academy i Les Menuires vil arrangere flere <a href=\"https:\/\/test-technique-ski.fr\/no\/alpint-teknisk-proveforberedende-kurs\/\">tekniske testkurs<\/a> p\u00e5 slal\u00e5mstadionet i Les M\u00e9nuires:<\/p>\n\n<ul class=\"wp-block-list\">\n<li>Teknisk testkurs f\u00f8r den tekniske testen i Les Menuires ;<\/li>\n\n\n\n<li>Forberedelseskurs til den tekniske CTT-pr\u00f8ven.<\/li>\n<\/ul>\n\n<div style=\"height:10px\" aria-hidden=\"true\" class=\"wp-block-spacer\"><\/div>\n\n<p>For \u00e5 delta p\u00e5 de forberedende kursene, <strong>ta kontakt med Nicolas Flage<\/strong> p\u00e5 <a href=\"tel:+33625690113\">06 25 69 01 13.<\/a><\/p>\n\n<div style=\"height:20px\" aria-hidden=\"true\" class=\"wp-block-spacer\"><\/div>\n\n<h2 class=\"wp-block-heading\">Hvordan melder jeg meg p\u00e5 Les Menuires Technical Test?<\/h2>\n\n<p>Hele <a href=\"https:\/\/test-technique-ski.fr\/no\/skiteknisk-proveregistrering\/\">p\u00e5meldingsprosedyren til den tekniske skitesten<\/a> foreg\u00e5r online p\u00e5 GEPAFOs offisielle nettside.<\/p>\n\n<h2 class=\"wp-block-heading\">P\u00e5meldingsfrist for den tekniske pr\u00f8ven i Les M\u00e9nuires<\/h2>\n\n<p>Her er p\u00e5meldingsfristene for den tekniske testen i Les Menuires:<\/p>\n\n<ul class=\"wp-block-list\">\n<li>P\u00e5meldingsfrist: 13\/10\/2025<\/li>\n\n\n\n<li>S\u00f8knadsfrist: 21\/11\/2025<\/li>\n<\/ul>\n\n<p>For CTT var siste frist for registrering 21\/12\/2025.<\/p>\n","protected":false},"excerpt":{"rendered":"<p>Teknisk test av alpint i Les Menuires (73) Hvert \u00e5r arrangerer Les Menuires en eller flere sesjoner av den tekniske pr\u00f8ven i alpint som en del av oppl\u00e6ringsprogrammet for alpininstrukt\u00f8rer. Datoer for den tekniske testen i alpint i Les Menuires Oppl\u00e6ringskurs i teknisk test i Les Menuires ESF Academy i Les Menuires vil arrangere flere [&hellip;]<\/p>\n","protected":false},"author":1,"featured_media":0,"parent":0,"menu_order":0,"comment_status":"closed","ping_status":"closed","template":"","meta":{"footnotes":""},"class_list":["post-1908","page","type-page","status-publish","hentry"],"yoast_head":"<!-- This site is optimized with the Yoast SEO plugin v27.3 - https:\/\/yoast.com\/product\/yoast-seo-wordpress\/ -->\n<title>Teknisk test i Les M\u00e9nuires for utforkj\u00f8ring - TEST TECHNIQUE SKI<\/title>\n<meta name=\"description\" content=\"En del av den tekniske testen i alpint foreg\u00e5r i Les Menuires. Delta p\u00e5 det forberedende kurset i Les Menuires\" \/>\n<meta name=\"robots\" content=\"index, follow, max-snippet:-1, max-image-preview:large, max-video-preview:-1\" \/>\n<link rel=\"canonical\" href=\"https:\/\/test-technique-ski.fr\/no\/test-teknikk-ski-alpin-menuires\/\" \/>\n<meta property=\"og:locale\" content=\"nb_NO\" \/>\n<meta property=\"og:type\" content=\"article\" \/>\n<meta property=\"og:title\" content=\"Teknisk test i Les M\u00e9nuires for utforkj\u00f8ring - TEST TECHNIQUE SKI\" \/>\n<meta property=\"og:description\" content=\"En del av den tekniske testen i alpint foreg\u00e5r i Les Menuires. Delta p\u00e5 det forberedende kurset i Les Menuires\" \/>\n<meta property=\"og:url\" content=\"https:\/\/test-technique-ski.fr\/no\/test-teknikk-ski-alpin-menuires\/\" \/>\n<meta property=\"og:site_name\" content=\"TEST TECHNIQUE SKI\" \/>\n<meta property=\"article:modified_time\" content=\"2026-01-29T11:54:36+00:00\" \/>\n<meta name=\"twitter:card\" content=\"summary_large_image\" \/>\n<meta name=\"twitter:label1\" content=\"Ansl. lesetid\" \/>\n\t<meta name=\"twitter:data1\" content=\"1 minutt\" \/>\n<script type=\"application\/ld+json\" class=\"yoast-schema-graph\">{\"@context\":\"https:\\\/\\\/schema.org\",\"@graph\":[{\"@type\":\"WebPage\",\"@id\":\"https:\\\/\\\/test-technique-ski.fr\\\/no\\\/test-teknikk-ski-alpin-menuires\\\/\",\"url\":\"https:\\\/\\\/test-technique-ski.fr\\\/no\\\/test-teknikk-ski-alpin-menuires\\\/\",\"name\":\"Teknisk test i Les M\u00e9nuires for utforkj\u00f8ring - TEST TECHNIQUE SKI\",\"isPartOf\":{\"@id\":\"https:\\\/\\\/test-technique-ski.fr\\\/no\\\/#website\"},\"datePublished\":\"2024-09-25T07:16:40+00:00\",\"dateModified\":\"2026-01-29T11:54:36+00:00\",\"description\":\"En del av den tekniske testen i alpint foreg\u00e5r i Les Menuires. Delta p\u00e5 det forberedende kurset i Les Menuires\",\"inLanguage\":\"nb-NO\",\"potentialAction\":[{\"@type\":\"ReadAction\",\"target\":[\"https:\\\/\\\/test-technique-ski.fr\\\/no\\\/test-teknikk-ski-alpin-menuires\\\/\"]}]},{\"@type\":\"WebSite\",\"@id\":\"https:\\\/\\\/test-technique-ski.fr\\\/no\\\/#website\",\"url\":\"https:\\\/\\\/test-technique-ski.fr\\\/no\\\/\",\"name\":\"TEST TECHNIQUE SKI\",\"description\":\"\",\"potentialAction\":[{\"@type\":\"SearchAction\",\"target\":{\"@type\":\"EntryPoint\",\"urlTemplate\":\"https:\\\/\\\/test-technique-ski.fr\\\/no\\\/?s={search_term_string}\"},\"query-input\":{\"@type\":\"PropertyValueSpecification\",\"valueRequired\":true,\"valueName\":\"search_term_string\"}}],\"inLanguage\":\"nb-NO\"}]}<\/script>\n<!-- \/ Yoast SEO plugin. -->","yoast_head_json":{"title":"Teknisk test i Les M\u00e9nuires for utforkj\u00f8ring - TEST TECHNIQUE SKI","description":"En del av den tekniske testen i alpint foreg\u00e5r i Les Menuires. Delta p\u00e5 det forberedende kurset i Les Menuires","robots":{"index":"index","follow":"follow","max-snippet":"max-snippet:-1","max-image-preview":"max-image-preview:large","max-video-preview":"max-video-preview:-1"},"canonical":"https:\/\/test-technique-ski.fr\/no\/test-teknikk-ski-alpin-menuires\/","og_locale":"nb_NO","og_type":"article","og_title":"Teknisk test i Les M\u00e9nuires for utforkj\u00f8ring - TEST TECHNIQUE SKI","og_description":"En del av den tekniske testen i alpint foreg\u00e5r i Les Menuires. Delta p\u00e5 det forberedende kurset i Les Menuires","og_url":"https:\/\/test-technique-ski.fr\/no\/test-teknikk-ski-alpin-menuires\/","og_site_name":"TEST TECHNIQUE SKI","article_modified_time":"2026-01-29T11:54:36+00:00","twitter_card":"summary_large_image","twitter_misc":{"Ansl. lesetid":"1 minutt"},"schema":{"@context":"https:\/\/schema.org","@graph":[{"@type":"WebPage","@id":"https:\/\/test-technique-ski.fr\/no\/test-teknikk-ski-alpin-menuires\/","url":"https:\/\/test-technique-ski.fr\/no\/test-teknikk-ski-alpin-menuires\/","name":"Teknisk test i Les M\u00e9nuires for utforkj\u00f8ring - TEST TECHNIQUE SKI","isPartOf":{"@id":"https:\/\/test-technique-ski.fr\/no\/#website"},"datePublished":"2024-09-25T07:16:40+00:00","dateModified":"2026-01-29T11:54:36+00:00","description":"En del av den tekniske testen i alpint foreg\u00e5r i Les Menuires. Delta p\u00e5 det forberedende kurset i Les Menuires","inLanguage":"nb-NO","potentialAction":[{"@type":"ReadAction","target":["https:\/\/test-technique-ski.fr\/no\/test-teknikk-ski-alpin-menuires\/"]}]},{"@type":"WebSite","@id":"https:\/\/test-technique-ski.fr\/no\/#website","url":"https:\/\/test-technique-ski.fr\/no\/","name":"TEST TECHNIQUE SKI","description":"","potentialAction":[{"@type":"SearchAction","target":{"@type":"EntryPoint","urlTemplate":"https:\/\/test-technique-ski.fr\/no\/?s={search_term_string}"},"query-input":{"@type":"PropertyValueSpecification","valueRequired":true,"valueName":"search_term_string"}}],"inLanguage":"nb-NO"}]}},"_links":{"self":[{"href":"https:\/\/test-technique-ski.fr\/no\/wp-json\/wp\/v2\/pages\/1908","targetHints":{"allow":["GET"]}}],"collection":[{"href":"https:\/\/test-technique-ski.fr\/no\/wp-json\/wp\/v2\/pages"}],"about":[{"href":"https:\/\/test-technique-ski.fr\/no\/wp-json\/wp\/v2\/types\/page"}],"author":[{"embeddable":true,"href":"https:\/\/test-technique-ski.fr\/no\/wp-json\/wp\/v2\/users\/1"}],"replies":[{"embeddable":true,"href":"https:\/\/test-technique-ski.fr\/no\/wp-json\/wp\/v2\/comments?post=1908"}],"version-history":[{"count":9,"href":"https:\/\/test-technique-ski.fr\/no\/wp-json\/wp\/v2\/pages\/1908\/revisions"}],"predecessor-version":[{"id":3752,"href":"https:\/\/test-technique-ski.fr\/no\/wp-json\/wp\/v2\/pages\/1908\/revisions\/3752"}],"wp:attachment":[{"href":"https:\/\/test-technique-ski.fr\/no\/wp-json\/wp\/v2\/media?parent=1908"}],"curies":[{"name":"wp","href":"https:\/\/api.w.org\/{rel}","templated":true}]}}