{"id":2421,"date":"2025-03-31T12:53:37","date_gmt":"2025-03-31T11:53:37","guid":{"rendered":"https:\/\/test-technique-ski.fr\/stage-ski-ete\/"},"modified":"2026-02-28T10:02:03","modified_gmt":"2026-02-28T10:02:03","slug":"stage-ski-slalom-ete","status":"publish","type":"page","link":"https:\/\/test-technique-ski.fr\/no\/stage-ski-slalom-ete\/","title":{"rendered":"Sommerkurs i skirenn"},"content":{"rendered":"\n<h1 class=\"wp-block-heading\">Slal\u00e5mkurs i sommer i Tignes<\/h1>\n\n<h2 class=\"wp-block-heading\">Oppdag den unike opplevelsen av et sommerkurs p\u00e5 Tignes-breen<\/h2>\n\n<p>Bli med p\u00e5 v\u00e5re spesialiserte slal\u00e5mkurs som arrangeres hver sommer p\u00e5 Tignes-breen i Frankrike. Disse kursene er rettet mot konkurransedyktige skil\u00f8pere som \u00f8nsker \u00e5 perfeksjonere teknikken sin under optimale forhold utenfor sesongen.  Deltakerne er b\u00e5de unge ut\u00f8vere mellom 12 og 18 \u00e5r og voksne som forbereder seg til tekniske pr\u00f8ver for \u00e5 bli skil\u00e6rere.<\/p>\n\n<p><strong>Kontakt for Tignes Summer 2026-kurset<\/strong>: Nicolas p\u00e5 <a href=\"tel:0033625690113\">06 25 69 01 13<\/a><\/p>\n\n<div style=\"height:30px\" aria-hidden=\"true\" class=\"wp-block-spacer\"><\/div>\n\n<h2 class=\"wp-block-heading\">Hvorfor velge slal\u00e5mkurs i Tignes om sommeren?<\/h2>\n\n<p>Tignes-breen, som ligger p\u00e5 over 3000 meters h\u00f8yde, byr p\u00e5 eksepsjonelle forhold gjennom hele sommeren, noe som garanterer sn\u00f8 av h\u00f8y kvalitet og en opplevelse uten sidestykke. V\u00e5re profesjonelle trenere jobber med hver enkelt deltaker for \u00e5 utvikle de tekniske og fysiske ferdighetene som er spesifikke for slal\u00e5m. <\/p>\n\n<h2 class=\"wp-block-heading\">Datoer for slal\u00e5mkursene i Tignes sommeren 2026<\/h2>\n\n<ul class=\"wp-block-list\">\n<li>Kurs fra <strong>29. juni (kl. 16.30) til 4. juli 2026 i Tignes<\/strong>: 5 dager \/ 870 euro alt inkludert<\/li>\n\n\n\n<li>Kurs fra <strong>4. til 9. juli 2026 i Tignes<\/strong>: 5 dager \/ 870 euro alt inkludert<\/li>\n<\/ul>\n\n<div style=\"height:20px\" aria-hidden=\"true\" class=\"wp-block-spacer\"><\/div>\n\n<p>Vi tilbyr ogs\u00e5 <a href=\"https:\/\/test-technique-ski.fr\/no\/stage-ski-slalom-automne\/\">slal\u00e5mkurs om h\u00f8sten<\/a> i Amn\u00e9ville f\u00f8r alpinanleggene \u00e5pner.<\/p>\n\n<h2 class=\"wp-block-heading\">Intensivt, individuelt tilpasset program<\/h2>\n\n<p>Sommerkursene v\u00e5re tilbyr intensiv oppl\u00e6ring med fokus p\u00e5 :<\/p>\n\n<ul class=\"wp-block-list\">\n<li><strong>Slal\u00e5mteknikk<\/strong>: forbedre baner, h\u00e5ndtere porter, akselerere i svinger.<\/li>\n\n\n\n<li><strong>Videoanalyse<\/strong>: personlig tilpasset daglig debriefing for \u00e5 identifisere forbedringsomr\u00e5der.<\/li>\n\n\n\n<li><strong>Fysiske forberedelser<\/strong>: spesifikke \u00f8velser for \u00e5 styrke musklene og forbedre den generelle formen.<\/li>\n\n\n\n<li><strong>Mental trening<\/strong>: utvikling av konsentrasjon, h\u00e5ndtering av stress i konkurranser og bedre selvtillit.<\/li>\n<\/ul>\n\n<div style=\"height:20px\" aria-hidden=\"true\" class=\"wp-block-spacer\"><\/div>\n\n<figure class=\"wp-block-image size-large\"><img fetchpriority=\"high\" decoding=\"async\" width=\"1024\" height=\"771\" src=\"https:\/\/test-technique-ski.fr\/wp-content\/uploads\/2025\/03\/ski-tignes-1024x771.jpeg\" alt=\"\" class=\"wp-image-2437\" srcset=\"https:\/\/test-technique-ski.fr\/wp-content\/uploads\/2025\/03\/ski-tignes-1024x771.jpeg 1024w, https:\/\/test-technique-ski.fr\/wp-content\/uploads\/2025\/03\/ski-tignes-300x226.jpeg 300w, https:\/\/test-technique-ski.fr\/wp-content\/uploads\/2025\/03\/ski-tignes-768x578.jpeg 768w, https:\/\/test-technique-ski.fr\/wp-content\/uploads\/2025\/03\/ski-tignes.jpeg 1108w\" sizes=\"(max-width: 1024px) 100vw, 1024px\" \/><figcaption class=\"wp-element-caption\">Utforkj\u00f8ring om sommeren p\u00e5 Tignes-breen<\/figcaption><\/figure>\n\n<h2 class=\"wp-block-heading\">Treningsprogram i eksepsjonelle omgivelser i Tignes<\/h2>\n\n<p>Tignes er en internasjonal referanse for sommerskikj\u00f8ring, med fantastisk panoramautsikt og toppmoderne fasiliteter.  <\/p>\n\n<ul class=\"wp-block-list\">\n<li><strong>Skikj\u00f8ring p\u00e5 Tignes-breen om morgenen<\/strong>: Grande Motte-breen gj\u00f8r det mulig for idrettsut\u00f8vere \u00e5 st\u00e5 p\u00e5 ski tidlig om morgenen under optimale sn\u00f8forhold.<\/li>\n\n\n\n<li><strong>Fysisk forberedelse p\u00e5 ettermiddagen<\/strong>: spesifikke \u00f8kter med muskelstyrking, balanse- og koordinasjonstrening, plyometriske \u00f8velser for eksplosivitet og kardiovaskul\u00e6r trening for \u00e5 forbedre utholdenheten som trengs for slal\u00e5mkonkurranser.<\/li>\n<\/ul>\n\n<div style=\"height:20px\" aria-hidden=\"true\" class=\"wp-block-spacer\"><\/div>\n\n<h2 class=\"wp-block-heading\">Et team av erfarne trenere<\/h2>\n\n<p>V\u00e5re trenere er alle erfarne konkurransetrenere ved <a href=\"https:\/\/www.esf-lesmenuires.fr\/les-menuires\/\">ESF des Menuires<\/a> i vintersesongen. De er lidenskapelige og profesjonelle, og de tar med seg sin ekspertise og anerkjente pedagogiske ferdigheter for \u00e5 veilede hver enkelt ut\u00f8ver mot suksess og personlige prestasjoner. <\/p>\n\n<h2 class=\"wp-block-heading\">Hvem er kursene v\u00e5re for?<\/h2>\n\n<p>Kursene v\u00e5re er rettet mot juniorer og voksne som \u00f8nsker \u00e5 optimalisere lavsesongen slik at de kan prestere godt i vinterens konkurranser. Vi tar ogs\u00e5 imot skil\u00f8pere med dokumenterte slal\u00e5mferdigheter som \u00f8nsker \u00e5 ta konkurranseferdighetene sine til neste niv\u00e5. <\/p>\n\n<ul class=\"wp-block-list\">\n<li>Ungdom i alderen 10 til 20 \u00e5r p\u00e5 konkurransekurs eller i en vintersportsklubb.<\/li>\n\n\n\n<li>Voksne over 18 \u00e5r som forbereder seg til den <a href=\"https:\/\/test-technique-ski.fr\/no\/\">alpine skitekniske<\/a> pr\u00f8ven eller <a href=\"https:\/\/test-technique-ski.fr\/no\/ctt-common-training-test-eurotest\/\">Eurotest<\/a>.<\/li>\n<\/ul>\n\n<div style=\"height:20px\" aria-hidden=\"true\" class=\"wp-block-spacer\"><\/div>\n\n<h2 class=\"wp-block-heading\">Bestill kurset ditt n\u00e5!<\/h2>\n\n<p>Vi har et begrenset antall plasser p\u00e5 sommerslal\u00e5mkursene v\u00e5re p\u00e5 Tignes-breen for \u00e5 sikre best mulig tilsyn.  <\/p>\n\n<p><strong>Kontakt Nicolas<\/strong> p\u00e5 <a href=\"tel:0033625690113\">06 25 69 01 13<\/a> i dag for \u00e5 bestille kurs og dra nytte av denne unike muligheten til \u00e5 forbedre prestasjonene dine i bakken.<\/p>\n","protected":false},"excerpt":{"rendered":"<p>Slal\u00e5mkurs i sommer i Tignes Oppdag den unike opplevelsen av et sommerkurs p\u00e5 Tignes-breen Bli med p\u00e5 v\u00e5re spesialiserte slal\u00e5mkurs som arrangeres hver sommer p\u00e5 Tignes-breen i Frankrike. Disse kursene er rettet mot konkurransedyktige skil\u00f8pere som \u00f8nsker \u00e5 perfeksjonere teknikken sin under optimale forhold utenfor sesongen. Deltakerne er b\u00e5de unge ut\u00f8vere mellom 12 og 18 [&hellip;]<\/p>\n","protected":false},"author":1,"featured_media":0,"parent":0,"menu_order":0,"comment_status":"closed","ping_status":"closed","template":"","meta":{"footnotes":""},"class_list":["post-2421","page","type-page","status-publish","hentry"],"yoast_head":"<!-- This site is optimized with the Yoast SEO plugin v27.3 - https:\/\/yoast.com\/product\/yoast-seo-wordpress\/ -->\n<title>Sommerkurs i skirenn - TEST TECHNIQUE SKI<\/title>\n<meta name=\"description\" content=\"Delta p\u00e5 sommerens slal\u00e5mkonkurransekurs for \u00e5 forberede deg til vintersesongen. Skikonkurranser for unge og voksne\" \/>\n<meta name=\"robots\" content=\"index, follow, max-snippet:-1, max-image-preview:large, max-video-preview:-1\" \/>\n<link rel=\"canonical\" href=\"https:\/\/test-technique-ski.fr\/no\/stage-ski-slalom-ete\/\" \/>\n<meta property=\"og:locale\" content=\"nb_NO\" \/>\n<meta property=\"og:type\" content=\"article\" \/>\n<meta property=\"og:title\" content=\"Sommerkurs i skirenn - TEST TECHNIQUE SKI\" \/>\n<meta property=\"og:description\" content=\"Delta p\u00e5 sommerens slal\u00e5mkonkurransekurs for \u00e5 forberede deg til vintersesongen. Skikonkurranser for unge og voksne\" \/>\n<meta property=\"og:url\" content=\"https:\/\/test-technique-ski.fr\/no\/stage-ski-slalom-ete\/\" \/>\n<meta property=\"og:site_name\" content=\"TEST TECHNIQUE SKI\" \/>\n<meta property=\"article:modified_time\" content=\"2026-02-28T10:02:03+00:00\" \/>\n<meta property=\"og:image\" content=\"https:\/\/test-technique-ski.fr\/wp-content\/uploads\/2025\/03\/ski-tignes.jpeg\" \/>\n\t<meta property=\"og:image:width\" content=\"1108\" \/>\n\t<meta property=\"og:image:height\" content=\"834\" \/>\n\t<meta property=\"og:image:type\" content=\"image\/jpeg\" \/>\n<meta name=\"twitter:card\" content=\"summary_large_image\" \/>\n<meta name=\"twitter:label1\" content=\"Ansl. lesetid\" \/>\n\t<meta name=\"twitter:data1\" content=\"2 minutter\" \/>\n<script type=\"application\/ld+json\" class=\"yoast-schema-graph\">{\"@context\":\"https:\\\/\\\/schema.org\",\"@graph\":[{\"@type\":\"WebPage\",\"@id\":\"https:\\\/\\\/test-technique-ski.fr\\\/no\\\/stage-ski-slalom-ete\\\/\",\"url\":\"https:\\\/\\\/test-technique-ski.fr\\\/no\\\/stage-ski-slalom-ete\\\/\",\"name\":\"Sommerkurs i skirenn - TEST TECHNIQUE SKI\",\"isPartOf\":{\"@id\":\"https:\\\/\\\/test-technique-ski.fr\\\/no\\\/#website\"},\"primaryImageOfPage\":{\"@id\":\"https:\\\/\\\/test-technique-ski.fr\\\/no\\\/stage-ski-slalom-ete\\\/#primaryimage\"},\"image\":{\"@id\":\"https:\\\/\\\/test-technique-ski.fr\\\/no\\\/stage-ski-slalom-ete\\\/#primaryimage\"},\"thumbnailUrl\":\"https:\\\/\\\/test-technique-ski.fr\\\/wp-content\\\/uploads\\\/2025\\\/03\\\/ski-tignes-1024x771.jpeg\",\"datePublished\":\"2025-03-31T11:53:37+00:00\",\"dateModified\":\"2026-02-28T10:02:03+00:00\",\"description\":\"Delta p\u00e5 sommerens slal\u00e5mkonkurransekurs for \u00e5 forberede deg til vintersesongen. Skikonkurranser for unge og voksne\",\"inLanguage\":\"nb-NO\",\"potentialAction\":[{\"@type\":\"ReadAction\",\"target\":[\"https:\\\/\\\/test-technique-ski.fr\\\/no\\\/stage-ski-slalom-ete\\\/\"]}]},{\"@type\":\"ImageObject\",\"inLanguage\":\"nb-NO\",\"@id\":\"https:\\\/\\\/test-technique-ski.fr\\\/no\\\/stage-ski-slalom-ete\\\/#primaryimage\",\"url\":\"https:\\\/\\\/test-technique-ski.fr\\\/wp-content\\\/uploads\\\/2025\\\/03\\\/ski-tignes-1024x771.jpeg\",\"contentUrl\":\"https:\\\/\\\/test-technique-ski.fr\\\/wp-content\\\/uploads\\\/2025\\\/03\\\/ski-tignes-1024x771.jpeg\"},{\"@type\":\"WebSite\",\"@id\":\"https:\\\/\\\/test-technique-ski.fr\\\/no\\\/#website\",\"url\":\"https:\\\/\\\/test-technique-ski.fr\\\/no\\\/\",\"name\":\"TEST TECHNIQUE SKI\",\"description\":\"\",\"potentialAction\":[{\"@type\":\"SearchAction\",\"target\":{\"@type\":\"EntryPoint\",\"urlTemplate\":\"https:\\\/\\\/test-technique-ski.fr\\\/no\\\/?s={search_term_string}\"},\"query-input\":{\"@type\":\"PropertyValueSpecification\",\"valueRequired\":true,\"valueName\":\"search_term_string\"}}],\"inLanguage\":\"nb-NO\"}]}<\/script>\n<!-- \/ Yoast SEO plugin. -->","yoast_head_json":{"title":"Sommerkurs i skirenn - TEST TECHNIQUE SKI","description":"Delta p\u00e5 sommerens slal\u00e5mkonkurransekurs for \u00e5 forberede deg til vintersesongen. Skikonkurranser for unge og voksne","robots":{"index":"index","follow":"follow","max-snippet":"max-snippet:-1","max-image-preview":"max-image-preview:large","max-video-preview":"max-video-preview:-1"},"canonical":"https:\/\/test-technique-ski.fr\/no\/stage-ski-slalom-ete\/","og_locale":"nb_NO","og_type":"article","og_title":"Sommerkurs i skirenn - TEST TECHNIQUE SKI","og_description":"Delta p\u00e5 sommerens slal\u00e5mkonkurransekurs for \u00e5 forberede deg til vintersesongen. Skikonkurranser for unge og voksne","og_url":"https:\/\/test-technique-ski.fr\/no\/stage-ski-slalom-ete\/","og_site_name":"TEST TECHNIQUE SKI","article_modified_time":"2026-02-28T10:02:03+00:00","og_image":[{"width":1108,"height":834,"url":"https:\/\/test-technique-ski.fr\/wp-content\/uploads\/2025\/03\/ski-tignes.jpeg","type":"image\/jpeg"}],"twitter_card":"summary_large_image","twitter_misc":{"Ansl. lesetid":"2 minutter"},"schema":{"@context":"https:\/\/schema.org","@graph":[{"@type":"WebPage","@id":"https:\/\/test-technique-ski.fr\/no\/stage-ski-slalom-ete\/","url":"https:\/\/test-technique-ski.fr\/no\/stage-ski-slalom-ete\/","name":"Sommerkurs i skirenn - TEST TECHNIQUE SKI","isPartOf":{"@id":"https:\/\/test-technique-ski.fr\/no\/#website"},"primaryImageOfPage":{"@id":"https:\/\/test-technique-ski.fr\/no\/stage-ski-slalom-ete\/#primaryimage"},"image":{"@id":"https:\/\/test-technique-ski.fr\/no\/stage-ski-slalom-ete\/#primaryimage"},"thumbnailUrl":"https:\/\/test-technique-ski.fr\/wp-content\/uploads\/2025\/03\/ski-tignes-1024x771.jpeg","datePublished":"2025-03-31T11:53:37+00:00","dateModified":"2026-02-28T10:02:03+00:00","description":"Delta p\u00e5 sommerens slal\u00e5mkonkurransekurs for \u00e5 forberede deg til vintersesongen. Skikonkurranser for unge og voksne","inLanguage":"nb-NO","potentialAction":[{"@type":"ReadAction","target":["https:\/\/test-technique-ski.fr\/no\/stage-ski-slalom-ete\/"]}]},{"@type":"ImageObject","inLanguage":"nb-NO","@id":"https:\/\/test-technique-ski.fr\/no\/stage-ski-slalom-ete\/#primaryimage","url":"https:\/\/test-technique-ski.fr\/wp-content\/uploads\/2025\/03\/ski-tignes-1024x771.jpeg","contentUrl":"https:\/\/test-technique-ski.fr\/wp-content\/uploads\/2025\/03\/ski-tignes-1024x771.jpeg"},{"@type":"WebSite","@id":"https:\/\/test-technique-ski.fr\/no\/#website","url":"https:\/\/test-technique-ski.fr\/no\/","name":"TEST TECHNIQUE SKI","description":"","potentialAction":[{"@type":"SearchAction","target":{"@type":"EntryPoint","urlTemplate":"https:\/\/test-technique-ski.fr\/no\/?s={search_term_string}"},"query-input":{"@type":"PropertyValueSpecification","valueRequired":true,"valueName":"search_term_string"}}],"inLanguage":"nb-NO"}]}},"_links":{"self":[{"href":"https:\/\/test-technique-ski.fr\/no\/wp-json\/wp\/v2\/pages\/2421","targetHints":{"allow":["GET"]}}],"collection":[{"href":"https:\/\/test-technique-ski.fr\/no\/wp-json\/wp\/v2\/pages"}],"about":[{"href":"https:\/\/test-technique-ski.fr\/no\/wp-json\/wp\/v2\/types\/page"}],"author":[{"embeddable":true,"href":"https:\/\/test-technique-ski.fr\/no\/wp-json\/wp\/v2\/users\/1"}],"replies":[{"embeddable":true,"href":"https:\/\/test-technique-ski.fr\/no\/wp-json\/wp\/v2\/comments?post=2421"}],"version-history":[{"count":3,"href":"https:\/\/test-technique-ski.fr\/no\/wp-json\/wp\/v2\/pages\/2421\/revisions"}],"predecessor-version":[{"id":3816,"href":"https:\/\/test-technique-ski.fr\/no\/wp-json\/wp\/v2\/pages\/2421\/revisions\/3816"}],"wp:attachment":[{"href":"https:\/\/test-technique-ski.fr\/no\/wp-json\/wp\/v2\/media?parent=2421"}],"curies":[{"name":"wp","href":"https:\/\/api.w.org\/{rel}","templated":true}]}}